{"id":596,"date":"2015-11-27T18:10:38","date_gmt":"2015-11-27T18:10:38","guid":{"rendered":"https:\/\/www.tgreguol.com.br\/blog\/?page_id=596"},"modified":"2020-05-14T22:19:10","modified_gmt":"2020-05-14T22:19:10","slug":"roteiros","status":"publish","type":"page","link":"https:\/\/www.tgreguol.com.br\/blog\/roteiros\/","title":{"rendered":"Roteiros"},"content":{"rendered":"<p style=\"text-align: justify;\">Como roteirista tenho tido a sorte de contribuir com projetos de outros artistas e, curiosamente, criar meus pr\u00f3prios trabalhos nessa \u00e1rea.<\/p>\n<p style=\"text-align: justify;\"><strong>Contribui\u00e7\u00f5es:<\/strong><br \/>\n<a href=\"https:\/\/www.youtube.com\/watch?v=JjM0QtmjP1U\" target=\"_blank\" rel=\"noopener noreferrer\">Bugigangue No Espa\u00e7o<\/a><br \/>\n<a href=\"https:\/\/www.tgreguol.com.br\/blog\/musica\/d-on-ice\/\">D. On Ice<\/a><\/p>\n<p style=\"text-align: justify;\"><strong>Pessoais:<\/strong><br \/>\n<a href=\"https:\/\/www.tgreguol.com.br\/blog\/os-fantoches-de-t-greguol\/\">Os Fantoches de T. Greguol<\/a><a href=\"https:\/\/www.youtube.com\/playlist?list=PLBo_fHJSdrvT0Fgu3qDZ-9RoPOZ3vb2JS\" target=\"_blank\" rel=\"noopener noreferrer\"><br \/>\n<\/a><a href=\"https:\/\/www.youtube.com\/watch?v=dmqLgZSoFls\" target=\"_blank\" rel=\"noopener noreferrer\">Bluesinho que era pra ser um jazz mas n\u00e3o foi, mesmo porque, era pra voc\u00ea e acabou n\u00e3o sendo<\/a><\/p>\n<p style=\"text-align: justify;\"><strong>Geral:<br \/>\n<\/strong><a href=\"http:\/\/www.imdb.com\/name\/nm4649760\/?ref_=fn_al_nm_6\" target=\"_blank\" rel=\"noopener noreferrer\">IMDB do T. Greguol<\/a><\/p>\n","protected":false},"excerpt":{"rendered":"<p>Como roteirista tenho tido a sorte de contribuir com projetos \u2026<\/p>\n<p class=\"continue-reading-button\"> <a class=\"continue-reading-link\" href=\"https:\/\/www.tgreguol.com.br\/blog\/roteiros\/\">Leia Mais<i class=\"crycon-right-dir\"><\/i><\/a><\/p>\n","protected":false},"author":1,"featured_media":0,"parent":0,"menu_order":0,"comment_status":"closed","ping_status":"closed","template":"","meta":{"nf_dc_page":"","_exactmetrics_skip_tracking":false,"_exactmetrics_sitenote_active":false,"_exactmetrics_sitenote_note":"","_exactmetrics_sitenote_category":0,"footnotes":""},"class_list":["post-596","page","type-page","status-publish","hentry"],"yoast_head":"<!-- This site is optimized with the Yoast SEO plugin v27.4 - https:\/\/yoast.com\/product\/yoast-seo-wordpress\/ -->\n<title>Roteiros - T. Greguol<\/title>\n<meta name=\"robots\" content=\"index, follow, max-snippet:-1, max-image-preview:large, max-video-preview:-1\" \/>\n<link rel=\"canonical\" href=\"https:\/\/www.tgreguol.com.br\/blog\/roteiros\/\" \/>\n<meta property=\"og:locale\" content=\"pt_BR\" \/>\n<meta property=\"og:type\" content=\"article\" \/>\n<meta property=\"og:title\" content=\"Roteiros - T. Greguol\" \/>\n<meta property=\"og:description\" content=\"Como roteirista tenho tido a sorte de contribuir com projetos de outros artistas e, curiosamente, criar meus pr\u00f3prios trabalhos nessa \u00e1rea.\" \/>\n<meta property=\"og:url\" content=\"https:\/\/www.tgreguol.com.br\/blog\/roteiros\/\" \/>\n<meta property=\"og:site_name\" content=\"T. Greguol\" \/>\n<meta property=\"article:publisher\" content=\"https:\/\/www.facebook.com\/tgreguol\" \/>\n<meta property=\"article:modified_time\" content=\"2020-05-14T22:19:10+00:00\" \/>\n<meta property=\"og:image\" content=\"https:\/\/i0.wp.com\/www.tgreguol.com.br\/blog\/wp-content\/uploads\/2015\/11\/300321_10150845314355324_317950027_n.jpg?fit=600%2C315\" \/>\n\t<meta property=\"og:image:width\" content=\"600\" \/>\n\t<meta property=\"og:image:height\" content=\"315\" \/>\n\t<meta property=\"og:image:type\" content=\"image\/jpeg\" \/>\n<meta name=\"twitter:card\" content=\"summary_large_image\" \/>\n<meta name=\"twitter:site\" content=\"@katarse\" \/>\n<script type=\"application\/ld+json\" class=\"yoast-schema-graph\">{\"@context\":\"https:\\\/\\\/schema.org\",\"@graph\":[{\"@type\":\"WebPage\",\"@id\":\"https:\\\/\\\/www.tgreguol.com.br\\\/blog\\\/roteiros\\\/\",\"url\":\"https:\\\/\\\/www.tgreguol.com.br\\\/blog\\\/roteiros\\\/\",\"name\":\"Roteiros - T. Greguol\",\"isPartOf\":{\"@id\":\"https:\\\/\\\/www.tgreguol.com.br\\\/blog\\\/#website\"},\"datePublished\":\"2015-11-27T18:10:38+00:00\",\"dateModified\":\"2020-05-14T22:19:10+00:00\",\"breadcrumb\":{\"@id\":\"https:\\\/\\\/www.tgreguol.com.br\\\/blog\\\/roteiros\\\/#breadcrumb\"},\"inLanguage\":\"pt-BR\",\"potentialAction\":[{\"@type\":\"ReadAction\",\"target\":[\"https:\\\/\\\/www.tgreguol.com.br\\\/blog\\\/roteiros\\\/\"]}]},{\"@type\":\"BreadcrumbList\",\"@id\":\"https:\\\/\\\/www.tgreguol.com.br\\\/blog\\\/roteiros\\\/#breadcrumb\",\"itemListElement\":[{\"@type\":\"ListItem\",\"position\":1,\"name\":\"In\u00edcio\",\"item\":\"https:\\\/\\\/www.tgreguol.com.br\\\/blog\\\/\"},{\"@type\":\"ListItem\",\"position\":2,\"name\":\"Roteiros\"}]},{\"@type\":\"WebSite\",\"@id\":\"https:\\\/\\\/www.tgreguol.com.br\\\/blog\\\/#website\",\"url\":\"https:\\\/\\\/www.tgreguol.com.br\\\/blog\\\/\",\"name\":\"T. Greguol\",\"description\":\"Imaginador\",\"potentialAction\":[{\"@type\":\"SearchAction\",\"target\":{\"@type\":\"EntryPoint\",\"urlTemplate\":\"https:\\\/\\\/www.tgreguol.com.br\\\/blog\\\/?s={search_term_string}\"},\"query-input\":{\"@type\":\"PropertyValueSpecification\",\"valueRequired\":true,\"valueName\":\"search_term_string\"}}],\"inLanguage\":\"pt-BR\"}]}<\/script>\n<!-- \/ Yoast SEO plugin. -->","yoast_head_json":{"title":"Roteiros - T. Greguol","robots":{"index":"index","follow":"follow","max-snippet":"max-snippet:-1","max-image-preview":"max-image-preview:large","max-video-preview":"max-video-preview:-1"},"canonical":"https:\/\/www.tgreguol.com.br\/blog\/roteiros\/","og_locale":"pt_BR","og_type":"article","og_title":"Roteiros - T. Greguol","og_description":"Como roteirista tenho tido a sorte de contribuir com projetos de outros artistas e, curiosamente, criar meus pr\u00f3prios trabalhos nessa \u00e1rea.","og_url":"https:\/\/www.tgreguol.com.br\/blog\/roteiros\/","og_site_name":"T. Greguol","article_publisher":"https:\/\/www.facebook.com\/tgreguol","article_modified_time":"2020-05-14T22:19:10+00:00","og_image":[{"width":600,"height":315,"url":"https:\/\/i0.wp.com\/www.tgreguol.com.br\/blog\/wp-content\/uploads\/2015\/11\/300321_10150845314355324_317950027_n.jpg?fit=600%2C315","type":"image\/jpeg"}],"twitter_card":"summary_large_image","twitter_site":"@katarse","schema":{"@context":"https:\/\/schema.org","@graph":[{"@type":"WebPage","@id":"https:\/\/www.tgreguol.com.br\/blog\/roteiros\/","url":"https:\/\/www.tgreguol.com.br\/blog\/roteiros\/","name":"Roteiros - T. Greguol","isPartOf":{"@id":"https:\/\/www.tgreguol.com.br\/blog\/#website"},"datePublished":"2015-11-27T18:10:38+00:00","dateModified":"2020-05-14T22:19:10+00:00","breadcrumb":{"@id":"https:\/\/www.tgreguol.com.br\/blog\/roteiros\/#breadcrumb"},"inLanguage":"pt-BR","potentialAction":[{"@type":"ReadAction","target":["https:\/\/www.tgreguol.com.br\/blog\/roteiros\/"]}]},{"@type":"BreadcrumbList","@id":"https:\/\/www.tgreguol.com.br\/blog\/roteiros\/#breadcrumb","itemListElement":[{"@type":"ListItem","position":1,"name":"In\u00edcio","item":"https:\/\/www.tgreguol.com.br\/blog\/"},{"@type":"ListItem","position":2,"name":"Roteiros"}]},{"@type":"WebSite","@id":"https:\/\/www.tgreguol.com.br\/blog\/#website","url":"https:\/\/www.tgreguol.com.br\/blog\/","name":"T. Greguol","description":"Imaginador","potentialAction":[{"@type":"SearchAction","target":{"@type":"EntryPoint","urlTemplate":"https:\/\/www.tgreguol.com.br\/blog\/?s={search_term_string}"},"query-input":{"@type":"PropertyValueSpecification","valueRequired":true,"valueName":"search_term_string"}}],"inLanguage":"pt-BR"}]}},"_links":{"self":[{"href":"https:\/\/www.tgreguol.com.br\/blog\/wp-json\/wp\/v2\/pages\/596","targetHints":{"allow":["GET"]}}],"collection":[{"href":"https:\/\/www.tgreguol.com.br\/blog\/wp-json\/wp\/v2\/pages"}],"about":[{"href":"https:\/\/www.tgreguol.com.br\/blog\/wp-json\/wp\/v2\/types\/page"}],"author":[{"embeddable":true,"href":"https:\/\/www.tgreguol.com.br\/blog\/wp-json\/wp\/v2\/users\/1"}],"replies":[{"embeddable":true,"href":"https:\/\/www.tgreguol.com.br\/blog\/wp-json\/wp\/v2\/comments?post=596"}],"version-history":[{"count":18,"href":"https:\/\/www.tgreguol.com.br\/blog\/wp-json\/wp\/v2\/pages\/596\/revisions"}],"predecessor-version":[{"id":2962,"href":"https:\/\/www.tgreguol.com.br\/blog\/wp-json\/wp\/v2\/pages\/596\/revisions\/2962"}],"wp:attachment":[{"href":"https:\/\/www.tgreguol.com.br\/blog\/wp-json\/wp\/v2\/media?parent=596"}],"curies":[{"name":"wp","href":"https:\/\/api.w.org\/{rel}","templated":true}]}}