{"id":594,"date":"2015-11-27T18:06:38","date_gmt":"2015-11-27T18:06:38","guid":{"rendered":"https:\/\/www.tgreguol.com.br\/blog\/?page_id=594"},"modified":"2020-04-01T16:15:49","modified_gmt":"2020-04-01T16:15:49","slug":"os-fantoches-de-t-greguol","status":"publish","type":"page","link":"https:\/\/www.tgreguol.com.br\/blog\/os-fantoches-de-t-greguol\/","title":{"rendered":"Os Fantoches de T. Greguol"},"content":{"rendered":"<p style=\"text-align: justify;\">Criei, manufaturei os bonecos, escrevi, filmei, dirigi, e fiz a trilha sonora nos curtas de\u00a0\u201c<a href=\"https:\/\/www.tgreguol.com.br\/blog\/ajude-os-fantoches-de-t-greguol\/\" target=\"_blank\" rel=\"noopener noreferrer\">Os Fantoches De T. Greguol<\/a>\u201d. Os pequenos filmes contam a hist\u00f3ria de quatro monstros que moram numa pequena casa no mundo real. Com personalidades absurdas e descaso por conven\u00e7\u00f5es como tempo e espa\u00e7o, eles passam os dias jogando cartas, pintando, ouvindo e tocando m\u00fasica, fazendo bolhas de sab\u00e3o, comendo insetos, rem\u00e9dios vencidos e bebendo pedra de aqu\u00e1rio. Ou seja, coisas de monstro.<\/p>\n<p><iframe loading=\"lazy\" title=\"Os Fantoches De T. Greguol\" width=\"900\" height=\"506\" src=\"https:\/\/www.youtube.com\/embed\/videoseries?list=PLBo_fHJSdrvT0Fgu3qDZ-9RoPOZ3vb2JS\" frameborder=\"0\" allow=\"accelerometer; autoplay; encrypted-media; gyroscope; picture-in-picture\" allowfullscreen><\/iframe><\/p>\n<p>Quer ver mais imagens divertidas e da feitura dos bonecos?: <a href=\"https:\/\/www.flickr.com\/photos\/107304083@N07\/albums\/72157660870484539\" target=\"_blank\" rel=\"noopener noreferrer\"><strong>CLIQUE AQUI<\/strong><\/a>!<\/p>\n","protected":false},"excerpt":{"rendered":"<p>Criei, manufaturei os bonecos, escrevi, filmei, dirigi, e fiz a \u2026<\/p>\n<p class=\"continue-reading-button\"> <a class=\"continue-reading-link\" href=\"https:\/\/www.tgreguol.com.br\/blog\/os-fantoches-de-t-greguol\/\">Leia Mais<i class=\"crycon-right-dir\"><\/i><\/a><\/p>\n","protected":false},"author":1,"featured_media":0,"parent":0,"menu_order":0,"comment_status":"closed","ping_status":"closed","template":"","meta":{"nf_dc_page":"","_exactmetrics_skip_tracking":false,"_exactmetrics_sitenote_active":false,"_exactmetrics_sitenote_note":"","_exactmetrics_sitenote_category":0,"footnotes":""},"class_list":["post-594","page","type-page","status-publish","hentry"],"yoast_head":"<!-- This site is optimized with the Yoast SEO plugin v27.5 - https:\/\/yoast.com\/product\/yoast-seo-wordpress\/ -->\n<title>OS FANTOCHES DE T.GREGUOL (web s\u00e9rie)<\/title>\n<meta name=\"robots\" content=\"index, follow, max-snippet:-1, max-image-preview:large, max-video-preview:-1\" \/>\n<link rel=\"canonical\" href=\"https:\/\/www.tgreguol.com.br\/blog\/os-fantoches-de-t-greguol\/\" \/>\n<meta property=\"og:locale\" content=\"pt_BR\" \/>\n<meta property=\"og:type\" content=\"article\" \/>\n<meta property=\"og:title\" content=\"OS FANTOCHES DE T. GREGUOL (web s\u00e9rie)\" \/>\n<meta property=\"og:description\" content=\"Quatro monstros moram numa pequena casa no mundo real. Com personalidades absurdas e descaso por conven\u00e7\u00f5es como tempo e espa\u00e7o, eles passam os dias jogando cartas, pintando, ouvindo e tocando m\u00fasica, fazendo bolhas de sab\u00e3o, comendo insetos, rem\u00e9dios vencidos e bebendo pedra de aqu\u00e1rio. Ou seja, coisas de monstro.\" \/>\n<meta property=\"og:url\" content=\"https:\/\/www.tgreguol.com.br\/blog\/os-fantoches-de-t-greguol\/\" \/>\n<meta property=\"og:site_name\" content=\"T. Greguol\" \/>\n<meta property=\"article:publisher\" content=\"https:\/\/www.facebook.com\/tgreguol\" \/>\n<meta property=\"article:modified_time\" content=\"2020-04-01T16:15:49+00:00\" \/>\n<meta property=\"og:image\" content=\"https:\/\/i0.wp.com\/www.tgreguol.com.br\/blog\/wp-content\/uploads\/2015\/11\/1.jpg?fit=1200%2C628\" \/>\n\t<meta property=\"og:image:width\" content=\"1200\" \/>\n\t<meta property=\"og:image:height\" content=\"628\" \/>\n\t<meta property=\"og:image:type\" content=\"image\/jpeg\" \/>\n<meta name=\"twitter:card\" content=\"summary_large_image\" \/>\n<meta name=\"twitter:site\" content=\"@katarse\" \/>\n<meta name=\"twitter:label1\" content=\"Est. tempo de leitura\" \/>\n\t<meta name=\"twitter:data1\" content=\"1 minuto\" \/>\n<script type=\"application\/ld+json\" class=\"yoast-schema-graph\">{\"@context\":\"https:\\\/\\\/schema.org\",\"@graph\":[{\"@type\":\"WebPage\",\"@id\":\"https:\\\/\\\/www.tgreguol.com.br\\\/blog\\\/os-fantoches-de-t-greguol\\\/\",\"url\":\"https:\\\/\\\/www.tgreguol.com.br\\\/blog\\\/os-fantoches-de-t-greguol\\\/\",\"name\":\"OS FANTOCHES DE T.GREGUOL (web s\u00e9rie)\",\"isPartOf\":{\"@id\":\"https:\\\/\\\/www.tgreguol.com.br\\\/blog\\\/#website\"},\"datePublished\":\"2015-11-27T18:06:38+00:00\",\"dateModified\":\"2020-04-01T16:15:49+00:00\",\"breadcrumb\":{\"@id\":\"https:\\\/\\\/www.tgreguol.com.br\\\/blog\\\/os-fantoches-de-t-greguol\\\/#breadcrumb\"},\"inLanguage\":\"pt-BR\",\"potentialAction\":[{\"@type\":\"ReadAction\",\"target\":[\"https:\\\/\\\/www.tgreguol.com.br\\\/blog\\\/os-fantoches-de-t-greguol\\\/\"]}]},{\"@type\":\"BreadcrumbList\",\"@id\":\"https:\\\/\\\/www.tgreguol.com.br\\\/blog\\\/os-fantoches-de-t-greguol\\\/#breadcrumb\",\"itemListElement\":[{\"@type\":\"ListItem\",\"position\":1,\"name\":\"In\u00edcio\",\"item\":\"https:\\\/\\\/www.tgreguol.com.br\\\/blog\\\/\"},{\"@type\":\"ListItem\",\"position\":2,\"name\":\"Os Fantoches de T. Greguol\"}]},{\"@type\":\"WebSite\",\"@id\":\"https:\\\/\\\/www.tgreguol.com.br\\\/blog\\\/#website\",\"url\":\"https:\\\/\\\/www.tgreguol.com.br\\\/blog\\\/\",\"name\":\"T. Greguol\",\"description\":\"Imaginador\",\"potentialAction\":[{\"@type\":\"SearchAction\",\"target\":{\"@type\":\"EntryPoint\",\"urlTemplate\":\"https:\\\/\\\/www.tgreguol.com.br\\\/blog\\\/?s={search_term_string}\"},\"query-input\":{\"@type\":\"PropertyValueSpecification\",\"valueRequired\":true,\"valueName\":\"search_term_string\"}}],\"inLanguage\":\"pt-BR\"}]}<\/script>\n<!-- \/ Yoast SEO plugin. -->","yoast_head_json":{"title":"OS FANTOCHES DE T.GREGUOL (web s\u00e9rie)","robots":{"index":"index","follow":"follow","max-snippet":"max-snippet:-1","max-image-preview":"max-image-preview:large","max-video-preview":"max-video-preview:-1"},"canonical":"https:\/\/www.tgreguol.com.br\/blog\/os-fantoches-de-t-greguol\/","og_locale":"pt_BR","og_type":"article","og_title":"OS FANTOCHES DE T. GREGUOL (web s\u00e9rie)","og_description":"Quatro monstros moram numa pequena casa no mundo real. Com personalidades absurdas e descaso por conven\u00e7\u00f5es como tempo e espa\u00e7o, eles passam os dias jogando cartas, pintando, ouvindo e tocando m\u00fasica, fazendo bolhas de sab\u00e3o, comendo insetos, rem\u00e9dios vencidos e bebendo pedra de aqu\u00e1rio. Ou seja, coisas de monstro.","og_url":"https:\/\/www.tgreguol.com.br\/blog\/os-fantoches-de-t-greguol\/","og_site_name":"T. Greguol","article_publisher":"https:\/\/www.facebook.com\/tgreguol","article_modified_time":"2020-04-01T16:15:49+00:00","og_image":[{"width":1200,"height":628,"url":"https:\/\/i0.wp.com\/www.tgreguol.com.br\/blog\/wp-content\/uploads\/2015\/11\/1.jpg?fit=1200%2C628","type":"image\/jpeg"}],"twitter_card":"summary_large_image","twitter_site":"@katarse","twitter_misc":{"Est. tempo de leitura":"1 minuto"},"schema":{"@context":"https:\/\/schema.org","@graph":[{"@type":"WebPage","@id":"https:\/\/www.tgreguol.com.br\/blog\/os-fantoches-de-t-greguol\/","url":"https:\/\/www.tgreguol.com.br\/blog\/os-fantoches-de-t-greguol\/","name":"OS FANTOCHES DE T.GREGUOL (web s\u00e9rie)","isPartOf":{"@id":"https:\/\/www.tgreguol.com.br\/blog\/#website"},"datePublished":"2015-11-27T18:06:38+00:00","dateModified":"2020-04-01T16:15:49+00:00","breadcrumb":{"@id":"https:\/\/www.tgreguol.com.br\/blog\/os-fantoches-de-t-greguol\/#breadcrumb"},"inLanguage":"pt-BR","potentialAction":[{"@type":"ReadAction","target":["https:\/\/www.tgreguol.com.br\/blog\/os-fantoches-de-t-greguol\/"]}]},{"@type":"BreadcrumbList","@id":"https:\/\/www.tgreguol.com.br\/blog\/os-fantoches-de-t-greguol\/#breadcrumb","itemListElement":[{"@type":"ListItem","position":1,"name":"In\u00edcio","item":"https:\/\/www.tgreguol.com.br\/blog\/"},{"@type":"ListItem","position":2,"name":"Os Fantoches de T. Greguol"}]},{"@type":"WebSite","@id":"https:\/\/www.tgreguol.com.br\/blog\/#website","url":"https:\/\/www.tgreguol.com.br\/blog\/","name":"T. Greguol","description":"Imaginador","potentialAction":[{"@type":"SearchAction","target":{"@type":"EntryPoint","urlTemplate":"https:\/\/www.tgreguol.com.br\/blog\/?s={search_term_string}"},"query-input":{"@type":"PropertyValueSpecification","valueRequired":true,"valueName":"search_term_string"}}],"inLanguage":"pt-BR"}]}},"_links":{"self":[{"href":"https:\/\/www.tgreguol.com.br\/blog\/wp-json\/wp\/v2\/pages\/594","targetHints":{"allow":["GET"]}}],"collection":[{"href":"https:\/\/www.tgreguol.com.br\/blog\/wp-json\/wp\/v2\/pages"}],"about":[{"href":"https:\/\/www.tgreguol.com.br\/blog\/wp-json\/wp\/v2\/types\/page"}],"author":[{"embeddable":true,"href":"https:\/\/www.tgreguol.com.br\/blog\/wp-json\/wp\/v2\/users\/1"}],"replies":[{"embeddable":true,"href":"https:\/\/www.tgreguol.com.br\/blog\/wp-json\/wp\/v2\/comments?post=594"}],"version-history":[{"count":22,"href":"https:\/\/www.tgreguol.com.br\/blog\/wp-json\/wp\/v2\/pages\/594\/revisions"}],"predecessor-version":[{"id":2947,"href":"https:\/\/www.tgreguol.com.br\/blog\/wp-json\/wp\/v2\/pages\/594\/revisions\/2947"}],"wp:attachment":[{"href":"https:\/\/www.tgreguol.com.br\/blog\/wp-json\/wp\/v2\/media?parent=594"}],"curies":[{"name":"wp","href":"https:\/\/api.w.org\/{rel}","templated":true}]}}