{"id":581,"date":"2015-11-26T17:27:16","date_gmt":"2015-11-26T17:27:16","guid":{"rendered":"https:\/\/www.tgreguol.com.br\/blog\/?page_id=581"},"modified":"2026-01-14T17:11:52","modified_gmt":"2026-01-14T17:11:52","slug":"catarse-2002","status":"publish","type":"page","link":"https:\/\/www.tgreguol.com.br\/blog\/literatura\/catarse-2002\/","title":{"rendered":"Catarse"},"content":{"rendered":"<p><img loading=\"lazy\" decoding=\"async\" class=\"wp-image-3290 size-thumbnail alignleft\" src=\"https:\/\/www.tgreguol.com.br\/blog\/wp-content\/uploads\/2021\/02\/efslse6cOmQcazzuoPSa.200-150x150.jpg\" alt=\"\" width=\"150\" height=\"150\" srcset=\"https:\/\/www.tgreguol.com.br\/blog\/wp-content\/uploads\/2021\/02\/efslse6cOmQcazzuoPSa.200-150x150.jpg 150w, https:\/\/www.tgreguol.com.br\/blog\/wp-content\/uploads\/2021\/02\/efslse6cOmQcazzuoPSa.200.jpg 200w\" sizes=\"auto, (max-width: 150px) 100vw, 150px\" \/><\/p>\n<p><strong>Catarse (2002)<\/strong><\/p>\n<p><strong><a href=\"https:\/\/sl.onerpm.com\/3394665534?_ga=2.97319067.543307969.1768409568-1360706576.1759442180\">OU\u00c7A<\/a><\/strong><\/p>\n<p><a href=\"https:\/\/www.tgreguol.com.br\/blog\/catarse-2002-letras\/\" target=\"_blank\" rel=\"noopener noreferrer\">LETRAS<\/a><\/p>\n<p>Meu primeiro livro de poesia, com 65 poemas.\u00a0Acompanha um CD encartado com 8 poemas musicados e interpretados, com a participa\u00e7\u00e3o de v\u00e1rios artistas.\u00a0No primeiro trabalho, fui parabenizado por Haroldo de Campos, gesto que se tornou um grande incentivo.\u00a0Editora Nativa. Dispon\u00edvel em todas as plataformas.<\/p>\n<p style=\"text-align: left;\"><strong>NOVO TALENTO DA POESIA LAN\u00c7A LIVRO NO S\u00c1BADO, 23\/02<\/strong><\/p>\n<p style=\"text-align: left;\"><em>T. Greguol celebra o ritmo das palavras em vers\u00e3o impressa e cantada do livro Catarse.<\/em><\/p>\n<p style=\"text-align: left;\">SP, 18\/02\/02 &#8211; Para alguns, a poesia \u00e9 um grande mist\u00e9rio. Como unir palavras em versos com &#8211; ou sem &#8211; rimas cheias de sentimento? Alguns poucos conseguem decifrar o segredo e passam a reproduzir suas emo\u00e7\u00f5es no papel, a exemplo dos seus \u00eddolos. Esse \u00e9 o caso de T. Greguol, 23, que desde pequeno usa sua veia po\u00e9tica para extravasar pensamentos e sensa\u00e7\u00f5es.<\/p>\n<p style=\"text-align: left;\">A fonte de inspira\u00e7\u00e3o \u00e9 vari\u00e1vel. &#8220;Costumo escrever quando algo dentro de mim est\u00e1 maior do que eu aguento guardar, n\u00e3o importa se \u00e9 bom ou ruim: ele precisa sair&#8221;, define o jovem poeta. Talvez a\u00ed resida a explica\u00e7\u00e3o para o seu primeiro livro: Catarse. Purifica\u00e7\u00e3o? Limpeza da alma? Provavelmente tudo reunido. Ou como o pr\u00f3prio T. define no poema que d\u00e1 t\u00edtulo ao livro:<\/p>\n<p style=\"text-align: left;\"><em>CATARSE<\/em><\/p>\n<p style=\"text-align: left;\"><em>Ideias que cultivei por coincid\u00eancia<\/em><br \/>\n<em>Coisa \u00e0 toa<\/em><br \/>\n<em>Desencargo de consci\u00eancia<\/em><\/p>\n<p style=\"text-align: left;\"><em>Meus pensamentos v\u00eam sempre a esmo<\/em><br \/>\n<em>Estavam me incomodando<\/em><br \/>\n<em>Ent\u00e3o, cuspi mesmo!<\/em><\/p>\n<p style=\"text-align: left;\">Suas poesias seguem um ritmo musical. Tanto que Catarse tamb\u00e9m se tornou um CD, que ser\u00e1 vendido em conjunto com o livro. &#8220;J\u00e1 escrevi pe\u00e7as de teatro, contos, cr\u00f4nicas, mas o que eu mais gosto \u00e9 de fazer poesia. Me lembram letras de m\u00fasica&#8230; Acho que sou um m\u00fasico frustrado que gosta de ler mais que a m\u00e9dia&#8221;.<\/p>\n<p style=\"text-align: left;\">Nesse ponto, T. segue \u00e0 risca a filosofia de um dos seus \u00eddolos, Arnaldo Antunes, um verdadeiro multim\u00eddia. &#8220;Eu admiro o Arnaldo Antunes por fazer v\u00eddeo, livro, m\u00fasica, trilha sonora. Ele n\u00e3o se prende numa s\u00f3 \u00e1rea, n\u00e3o se exp\u00f5e no &#8216;mundo-c\u00e3o&#8217; da TV e \u00e9 considerado pelo meio &#8216;culto&#8217;. Acho que n\u00e3o tem nada melhor do que atingir esse n\u00edvel&#8221;. O jovem poeta recebe influ\u00eancia de outras fontes, bem variadas: Andr\u00e9 Abujamra; Augusto dos Anjos; Machado de Assis e Nelson Cavaquinho.<\/p>\n<p style=\"text-align: left;\">Catarse \u00e9 resultado de um concurso da Editora Nativa para descobrir novos talentos. O pr\u00eamio foi a publica\u00e7\u00e3o da obra, o sonho de qualquer jovem autor. Por enquanto o livro pode ser comprado diretamente na editora ou com o jovem autor, em conjunto com o CD. &#8220;Penso em vender pela internet, mas esse \u00e9 um projeto futuro. A ideia por enquanto \u00e9 sentir a receptividade do p\u00fablico&#8221;, explica.<\/p>\n<p style=\"text-align: left;\">A noite de aut\u00f3grafos acontece no dia 23 de fevereiro, s\u00e1bado, a partir das 19h, no Aqui Ponto Com, cyber caf\u00e9. O livro ser\u00e1 vendido por R$15,00 e o CD, com oito faixas baseadas em poemas (quatro composi\u00e7\u00f5es e quatro declama\u00e7\u00f5es) por R$10,00 (limite de 50 unidades). O Aqui Ponto Com fica na Av. Faria Lima, 2931.<\/p>\n","protected":false},"excerpt":{"rendered":"<p>Catarse (2002) OU\u00c7A LETRAS Meu primeiro livro de poesia, com \u2026<\/p>\n<p class=\"continue-reading-button\"> <a class=\"continue-reading-link\" href=\"https:\/\/www.tgreguol.com.br\/blog\/literatura\/catarse-2002\/\">Leia Mais<i class=\"crycon-right-dir\"><\/i><\/a><\/p>\n","protected":false},"author":1,"featured_media":0,"parent":45,"menu_order":0,"comment_status":"closed","ping_status":"closed","template":"","meta":{"nf_dc_page":"","_exactmetrics_skip_tracking":false,"_exactmetrics_sitenote_active":false,"_exactmetrics_sitenote_note":"","_exactmetrics_sitenote_category":0,"footnotes":""},"class_list":["post-581","page","type-page","status-publish","hentry"],"yoast_head":"<!-- This site is optimized with the Yoast SEO plugin v27.5 - https:\/\/yoast.com\/product\/yoast-seo-wordpress\/ -->\n<title>Catarse - T. Greguol<\/title>\n<meta name=\"robots\" content=\"index, follow, max-snippet:-1, max-image-preview:large, max-video-preview:-1\" \/>\n<link rel=\"canonical\" href=\"https:\/\/www.tgreguol.com.br\/blog\/literatura\/catarse-2002\/\" \/>\n<meta property=\"og:locale\" content=\"pt_BR\" \/>\n<meta property=\"og:type\" content=\"article\" \/>\n<meta property=\"og:title\" content=\"CATARSE, poesia por T. Greguol\" \/>\n<meta property=\"og:description\" content=\"Meu primeiro livro de poesia, com 65 poemas. Vinha um CD encartado com 8 poemas musicados e interpretados.\" \/>\n<meta property=\"og:url\" content=\"https:\/\/www.tgreguol.com.br\/blog\/literatura\/catarse-2002\/\" \/>\n<meta property=\"og:site_name\" content=\"T. Greguol\" \/>\n<meta property=\"article:publisher\" content=\"https:\/\/www.facebook.com\/tgreguol\" \/>\n<meta property=\"article:modified_time\" content=\"2026-01-14T17:11:52+00:00\" \/>\n<meta property=\"og:image\" content=\"https:\/\/www.tgreguol.com.br\/blog\/wp-content\/uploads\/2015\/11\/hqdefault.jpg\" \/>\n\t<meta property=\"og:image:width\" content=\"1200\" \/>\n\t<meta property=\"og:image:height\" content=\"629\" \/>\n\t<meta property=\"og:image:type\" content=\"image\/jpeg\" \/>\n<meta name=\"twitter:card\" content=\"summary_large_image\" \/>\n<meta name=\"twitter:site\" content=\"@katarse\" \/>\n<meta name=\"twitter:label1\" content=\"Est. tempo de leitura\" \/>\n\t<meta name=\"twitter:data1\" content=\"3 minutos\" \/>\n<script type=\"application\/ld+json\" class=\"yoast-schema-graph\">{\"@context\":\"https:\\\/\\\/schema.org\",\"@graph\":[{\"@type\":\"WebPage\",\"@id\":\"https:\\\/\\\/www.tgreguol.com.br\\\/blog\\\/literatura\\\/catarse-2002\\\/\",\"url\":\"https:\\\/\\\/www.tgreguol.com.br\\\/blog\\\/literatura\\\/catarse-2002\\\/\",\"name\":\"Catarse - T. Greguol\",\"isPartOf\":{\"@id\":\"https:\\\/\\\/www.tgreguol.com.br\\\/blog\\\/#website\"},\"primaryImageOfPage\":{\"@id\":\"https:\\\/\\\/www.tgreguol.com.br\\\/blog\\\/literatura\\\/catarse-2002\\\/#primaryimage\"},\"image\":{\"@id\":\"https:\\\/\\\/www.tgreguol.com.br\\\/blog\\\/literatura\\\/catarse-2002\\\/#primaryimage\"},\"thumbnailUrl\":\"https:\\\/\\\/www.tgreguol.com.br\\\/blog\\\/wp-content\\\/uploads\\\/2021\\\/02\\\/efslse6cOmQcazzuoPSa.200-150x150.jpg\",\"datePublished\":\"2015-11-26T17:27:16+00:00\",\"dateModified\":\"2026-01-14T17:11:52+00:00\",\"breadcrumb\":{\"@id\":\"https:\\\/\\\/www.tgreguol.com.br\\\/blog\\\/literatura\\\/catarse-2002\\\/#breadcrumb\"},\"inLanguage\":\"pt-BR\",\"potentialAction\":[{\"@type\":\"ReadAction\",\"target\":[\"https:\\\/\\\/www.tgreguol.com.br\\\/blog\\\/literatura\\\/catarse-2002\\\/\"]}]},{\"@type\":\"ImageObject\",\"inLanguage\":\"pt-BR\",\"@id\":\"https:\\\/\\\/www.tgreguol.com.br\\\/blog\\\/literatura\\\/catarse-2002\\\/#primaryimage\",\"url\":\"https:\\\/\\\/www.tgreguol.com.br\\\/blog\\\/wp-content\\\/uploads\\\/2021\\\/02\\\/efslse6cOmQcazzuoPSa.200.jpg\",\"contentUrl\":\"https:\\\/\\\/www.tgreguol.com.br\\\/blog\\\/wp-content\\\/uploads\\\/2021\\\/02\\\/efslse6cOmQcazzuoPSa.200.jpg\",\"width\":200,\"height\":200},{\"@type\":\"BreadcrumbList\",\"@id\":\"https:\\\/\\\/www.tgreguol.com.br\\\/blog\\\/literatura\\\/catarse-2002\\\/#breadcrumb\",\"itemListElement\":[{\"@type\":\"ListItem\",\"position\":1,\"name\":\"In\u00edcio\",\"item\":\"https:\\\/\\\/www.tgreguol.com.br\\\/blog\\\/\"},{\"@type\":\"ListItem\",\"position\":2,\"name\":\"Literatura\",\"item\":\"https:\\\/\\\/www.tgreguol.com.br\\\/blog\\\/literatura\\\/\"},{\"@type\":\"ListItem\",\"position\":3,\"name\":\"Catarse\"}]},{\"@type\":\"WebSite\",\"@id\":\"https:\\\/\\\/www.tgreguol.com.br\\\/blog\\\/#website\",\"url\":\"https:\\\/\\\/www.tgreguol.com.br\\\/blog\\\/\",\"name\":\"T. Greguol\",\"description\":\"Imaginador\",\"potentialAction\":[{\"@type\":\"SearchAction\",\"target\":{\"@type\":\"EntryPoint\",\"urlTemplate\":\"https:\\\/\\\/www.tgreguol.com.br\\\/blog\\\/?s={search_term_string}\"},\"query-input\":{\"@type\":\"PropertyValueSpecification\",\"valueRequired\":true,\"valueName\":\"search_term_string\"}}],\"inLanguage\":\"pt-BR\"}]}<\/script>\n<!-- \/ Yoast SEO plugin. -->","yoast_head_json":{"title":"Catarse - T. Greguol","robots":{"index":"index","follow":"follow","max-snippet":"max-snippet:-1","max-image-preview":"max-image-preview:large","max-video-preview":"max-video-preview:-1"},"canonical":"https:\/\/www.tgreguol.com.br\/blog\/literatura\/catarse-2002\/","og_locale":"pt_BR","og_type":"article","og_title":"CATARSE, poesia por T. Greguol","og_description":"Meu primeiro livro de poesia, com 65 poemas. Vinha um CD encartado com 8 poemas musicados e interpretados.","og_url":"https:\/\/www.tgreguol.com.br\/blog\/literatura\/catarse-2002\/","og_site_name":"T. Greguol","article_publisher":"https:\/\/www.facebook.com\/tgreguol","article_modified_time":"2026-01-14T17:11:52+00:00","og_image":[{"width":1200,"height":629,"url":"https:\/\/www.tgreguol.com.br\/blog\/wp-content\/uploads\/2015\/11\/hqdefault.jpg","type":"image\/jpeg"}],"twitter_card":"summary_large_image","twitter_site":"@katarse","twitter_misc":{"Est. tempo de leitura":"3 minutos"},"schema":{"@context":"https:\/\/schema.org","@graph":[{"@type":"WebPage","@id":"https:\/\/www.tgreguol.com.br\/blog\/literatura\/catarse-2002\/","url":"https:\/\/www.tgreguol.com.br\/blog\/literatura\/catarse-2002\/","name":"Catarse - T. Greguol","isPartOf":{"@id":"https:\/\/www.tgreguol.com.br\/blog\/#website"},"primaryImageOfPage":{"@id":"https:\/\/www.tgreguol.com.br\/blog\/literatura\/catarse-2002\/#primaryimage"},"image":{"@id":"https:\/\/www.tgreguol.com.br\/blog\/literatura\/catarse-2002\/#primaryimage"},"thumbnailUrl":"https:\/\/www.tgreguol.com.br\/blog\/wp-content\/uploads\/2021\/02\/efslse6cOmQcazzuoPSa.200-150x150.jpg","datePublished":"2015-11-26T17:27:16+00:00","dateModified":"2026-01-14T17:11:52+00:00","breadcrumb":{"@id":"https:\/\/www.tgreguol.com.br\/blog\/literatura\/catarse-2002\/#breadcrumb"},"inLanguage":"pt-BR","potentialAction":[{"@type":"ReadAction","target":["https:\/\/www.tgreguol.com.br\/blog\/literatura\/catarse-2002\/"]}]},{"@type":"ImageObject","inLanguage":"pt-BR","@id":"https:\/\/www.tgreguol.com.br\/blog\/literatura\/catarse-2002\/#primaryimage","url":"https:\/\/www.tgreguol.com.br\/blog\/wp-content\/uploads\/2021\/02\/efslse6cOmQcazzuoPSa.200.jpg","contentUrl":"https:\/\/www.tgreguol.com.br\/blog\/wp-content\/uploads\/2021\/02\/efslse6cOmQcazzuoPSa.200.jpg","width":200,"height":200},{"@type":"BreadcrumbList","@id":"https:\/\/www.tgreguol.com.br\/blog\/literatura\/catarse-2002\/#breadcrumb","itemListElement":[{"@type":"ListItem","position":1,"name":"In\u00edcio","item":"https:\/\/www.tgreguol.com.br\/blog\/"},{"@type":"ListItem","position":2,"name":"Literatura","item":"https:\/\/www.tgreguol.com.br\/blog\/literatura\/"},{"@type":"ListItem","position":3,"name":"Catarse"}]},{"@type":"WebSite","@id":"https:\/\/www.tgreguol.com.br\/blog\/#website","url":"https:\/\/www.tgreguol.com.br\/blog\/","name":"T. Greguol","description":"Imaginador","potentialAction":[{"@type":"SearchAction","target":{"@type":"EntryPoint","urlTemplate":"https:\/\/www.tgreguol.com.br\/blog\/?s={search_term_string}"},"query-input":{"@type":"PropertyValueSpecification","valueRequired":true,"valueName":"search_term_string"}}],"inLanguage":"pt-BR"}]}},"_links":{"self":[{"href":"https:\/\/www.tgreguol.com.br\/blog\/wp-json\/wp\/v2\/pages\/581","targetHints":{"allow":["GET"]}}],"collection":[{"href":"https:\/\/www.tgreguol.com.br\/blog\/wp-json\/wp\/v2\/pages"}],"about":[{"href":"https:\/\/www.tgreguol.com.br\/blog\/wp-json\/wp\/v2\/types\/page"}],"author":[{"embeddable":true,"href":"https:\/\/www.tgreguol.com.br\/blog\/wp-json\/wp\/v2\/users\/1"}],"replies":[{"embeddable":true,"href":"https:\/\/www.tgreguol.com.br\/blog\/wp-json\/wp\/v2\/comments?post=581"}],"version-history":[{"count":30,"href":"https:\/\/www.tgreguol.com.br\/blog\/wp-json\/wp\/v2\/pages\/581\/revisions"}],"predecessor-version":[{"id":3800,"href":"https:\/\/www.tgreguol.com.br\/blog\/wp-json\/wp\/v2\/pages\/581\/revisions\/3800"}],"up":[{"embeddable":true,"href":"https:\/\/www.tgreguol.com.br\/blog\/wp-json\/wp\/v2\/pages\/45"}],"wp:attachment":[{"href":"https:\/\/www.tgreguol.com.br\/blog\/wp-json\/wp\/v2\/media?parent=581"}],"curies":[{"name":"wp","href":"https:\/\/api.w.org\/{rel}","templated":true}]}}