{"id":574,"date":"2015-11-26T12:46:59","date_gmt":"2015-11-26T12:46:59","guid":{"rendered":"https:\/\/www.tgreguol.com.br\/blog\/?page_id=574"},"modified":"2017-03-09T12:36:46","modified_gmt":"2017-03-09T12:36:46","slug":"tridimensionais","status":"publish","type":"page","link":"https:\/\/www.tgreguol.com.br\/blog\/artes-plasticas\/tridimensionais\/","title":{"rendered":"Tridimensionais"},"content":{"rendered":"<p style=\"text-align: justify;\">Representa\u00e7\u00f5es\u00a0tridimensionais de sentimentos, emo\u00e7\u00f5es, personalidades ou s\u00f3 um gracejo (transcendental).<\/p>\n<p style=\"text-align: justify;\">Veja os personaens do livro &#8220;Monstro e seus amigos monstros&#8221; em vers\u00e3o tridimensional, clicando <a href=\"https:\/\/www.tgreguol.com.br\/blog\/colecao-das-amizades-monstras\/\"><strong>AQUI!<\/strong><\/a><\/p>\n<p style=\"text-align: justify;\"><a href=\"https:\/\/www.tgreguol.com.br\/blog\/contato\/\">Encomende\u00a0um!<\/a><\/p>\n<p><iframe loading=\"lazy\" width=\"900\" height=\"506\" src=\"https:\/\/www.youtube.com\/embed\/videoseries?list=PLBo_fHJSdrvTrGGFnIc-Gin_KQJq-pkvy\" frameborder=\"0\" allowfullscreen><\/iframe><\/p>\n<p>Escolha um \u201cTridimensional\u201d para levar para casa, pronta entrega!:<\/p>\n<p>[slickr-flickr tag=&#8221;Tridimensionaisavenda&#8221;]<\/p>\n<p>Quer ver mais Tridimensionais? <strong><a href=\"https:\/\/www.flickr.com\/photos\/107304083@N07\/albums\/72157637300385873\" target=\"_blank\">Clique aqui!<\/a><\/strong><\/p>\n","protected":false},"excerpt":{"rendered":"<p>Representa\u00e7\u00f5es\u00a0tridimensionais de sentimentos, emo\u00e7\u00f5es, personalidades ou s\u00f3 um gracejo (transcendental). \u2026<\/p>\n<p class=\"continue-reading-button\"> <a class=\"continue-reading-link\" href=\"https:\/\/www.tgreguol.com.br\/blog\/artes-plasticas\/tridimensionais\/\">Leia Mais<i class=\"crycon-right-dir\"><\/i><\/a><\/p>\n","protected":false},"author":1,"featured_media":0,"parent":41,"menu_order":0,"comment_status":"closed","ping_status":"closed","template":"","meta":{"nf_dc_page":"","_exactmetrics_skip_tracking":false,"_exactmetrics_sitenote_active":false,"_exactmetrics_sitenote_note":"","_exactmetrics_sitenote_category":0,"footnotes":""},"class_list":["post-574","page","type-page","status-publish","hentry"],"yoast_head":"<!-- This site is optimized with the Yoast SEO plugin v27.5 - https:\/\/yoast.com\/product\/yoast-seo-wordpress\/ -->\n<title>Os TRIDIMENSIONAIS de T. Greguol<\/title>\n<meta name=\"robots\" content=\"index, follow, max-snippet:-1, max-image-preview:large, max-video-preview:-1\" \/>\n<link rel=\"canonical\" href=\"https:\/\/www.tgreguol.com.br\/blog\/artes-plasticas\/tridimensionais\/\" \/>\n<meta property=\"og:locale\" content=\"pt_BR\" \/>\n<meta property=\"og:type\" content=\"article\" \/>\n<meta property=\"og:title\" content=\"Os TRIDIMENSIONAIS de T. Greguol\" \/>\n<meta property=\"og:description\" content=\"Representa\u00e7\u00f5es tridimensionais de sentimentos, emo\u00e7\u00f5es, personalidades ou s\u00f3 um gracejo. Pe\u00e7as prontas ou feitas sob encomenda, personalizadas e \u00fanicas. Encomende trabalhos exclusivos. Assista a uma apresenta\u00e7\u00e3o dos trabalhos, veja fotos, etc.\" \/>\n<meta property=\"og:url\" content=\"https:\/\/www.tgreguol.com.br\/blog\/artes-plasticas\/tridimensionais\/\" \/>\n<meta property=\"og:site_name\" content=\"T. Greguol\" \/>\n<meta property=\"article:publisher\" content=\"https:\/\/www.facebook.com\/tgreguol\" \/>\n<meta property=\"article:modified_time\" content=\"2017-03-09T12:36:46+00:00\" \/>\n<meta property=\"og:image\" content=\"https:\/\/i0.wp.com\/www.tgreguol.com.br\/blog\/wp-content\/uploads\/2015\/11\/6.jpg?fit=984%2C628\" \/>\n\t<meta property=\"og:image:width\" content=\"984\" \/>\n\t<meta property=\"og:image:height\" content=\"628\" \/>\n\t<meta property=\"og:image:type\" content=\"image\/jpeg\" \/>\n<meta name=\"twitter:card\" content=\"summary_large_image\" \/>\n<meta name=\"twitter:site\" content=\"@katarse\" \/>\n<script type=\"application\/ld+json\" class=\"yoast-schema-graph\">{\"@context\":\"https:\\\/\\\/schema.org\",\"@graph\":[{\"@type\":\"WebPage\",\"@id\":\"https:\\\/\\\/www.tgreguol.com.br\\\/blog\\\/artes-plasticas\\\/tridimensionais\\\/\",\"url\":\"https:\\\/\\\/www.tgreguol.com.br\\\/blog\\\/artes-plasticas\\\/tridimensionais\\\/\",\"name\":\"Os TRIDIMENSIONAIS de T. Greguol\",\"isPartOf\":{\"@id\":\"https:\\\/\\\/www.tgreguol.com.br\\\/blog\\\/#website\"},\"datePublished\":\"2015-11-26T12:46:59+00:00\",\"dateModified\":\"2017-03-09T12:36:46+00:00\",\"breadcrumb\":{\"@id\":\"https:\\\/\\\/www.tgreguol.com.br\\\/blog\\\/artes-plasticas\\\/tridimensionais\\\/#breadcrumb\"},\"inLanguage\":\"pt-BR\",\"potentialAction\":[{\"@type\":\"ReadAction\",\"target\":[\"https:\\\/\\\/www.tgreguol.com.br\\\/blog\\\/artes-plasticas\\\/tridimensionais\\\/\"]}]},{\"@type\":\"BreadcrumbList\",\"@id\":\"https:\\\/\\\/www.tgreguol.com.br\\\/blog\\\/artes-plasticas\\\/tridimensionais\\\/#breadcrumb\",\"itemListElement\":[{\"@type\":\"ListItem\",\"position\":1,\"name\":\"In\u00edcio\",\"item\":\"https:\\\/\\\/www.tgreguol.com.br\\\/blog\\\/\"},{\"@type\":\"ListItem\",\"position\":2,\"name\":\"Artes Pl\u00e1sticas\",\"item\":\"https:\\\/\\\/www.tgreguol.com.br\\\/blog\\\/artes-plasticas\\\/\"},{\"@type\":\"ListItem\",\"position\":3,\"name\":\"Tridimensionais\"}]},{\"@type\":\"WebSite\",\"@id\":\"https:\\\/\\\/www.tgreguol.com.br\\\/blog\\\/#website\",\"url\":\"https:\\\/\\\/www.tgreguol.com.br\\\/blog\\\/\",\"name\":\"T. Greguol\",\"description\":\"Imaginador\",\"potentialAction\":[{\"@type\":\"SearchAction\",\"target\":{\"@type\":\"EntryPoint\",\"urlTemplate\":\"https:\\\/\\\/www.tgreguol.com.br\\\/blog\\\/?s={search_term_string}\"},\"query-input\":{\"@type\":\"PropertyValueSpecification\",\"valueRequired\":true,\"valueName\":\"search_term_string\"}}],\"inLanguage\":\"pt-BR\"}]}<\/script>\n<!-- \/ Yoast SEO plugin. -->","yoast_head_json":{"title":"Os TRIDIMENSIONAIS de T. Greguol","robots":{"index":"index","follow":"follow","max-snippet":"max-snippet:-1","max-image-preview":"max-image-preview:large","max-video-preview":"max-video-preview:-1"},"canonical":"https:\/\/www.tgreguol.com.br\/blog\/artes-plasticas\/tridimensionais\/","og_locale":"pt_BR","og_type":"article","og_title":"Os TRIDIMENSIONAIS de T. Greguol","og_description":"Representa\u00e7\u00f5es tridimensionais de sentimentos, emo\u00e7\u00f5es, personalidades ou s\u00f3 um gracejo. Pe\u00e7as prontas ou feitas sob encomenda, personalizadas e \u00fanicas. Encomende trabalhos exclusivos. Assista a uma apresenta\u00e7\u00e3o dos trabalhos, veja fotos, etc.","og_url":"https:\/\/www.tgreguol.com.br\/blog\/artes-plasticas\/tridimensionais\/","og_site_name":"T. Greguol","article_publisher":"https:\/\/www.facebook.com\/tgreguol","article_modified_time":"2017-03-09T12:36:46+00:00","og_image":[{"width":984,"height":628,"url":"https:\/\/i0.wp.com\/www.tgreguol.com.br\/blog\/wp-content\/uploads\/2015\/11\/6.jpg?fit=984%2C628","type":"image\/jpeg"}],"twitter_card":"summary_large_image","twitter_site":"@katarse","schema":{"@context":"https:\/\/schema.org","@graph":[{"@type":"WebPage","@id":"https:\/\/www.tgreguol.com.br\/blog\/artes-plasticas\/tridimensionais\/","url":"https:\/\/www.tgreguol.com.br\/blog\/artes-plasticas\/tridimensionais\/","name":"Os TRIDIMENSIONAIS de T. Greguol","isPartOf":{"@id":"https:\/\/www.tgreguol.com.br\/blog\/#website"},"datePublished":"2015-11-26T12:46:59+00:00","dateModified":"2017-03-09T12:36:46+00:00","breadcrumb":{"@id":"https:\/\/www.tgreguol.com.br\/blog\/artes-plasticas\/tridimensionais\/#breadcrumb"},"inLanguage":"pt-BR","potentialAction":[{"@type":"ReadAction","target":["https:\/\/www.tgreguol.com.br\/blog\/artes-plasticas\/tridimensionais\/"]}]},{"@type":"BreadcrumbList","@id":"https:\/\/www.tgreguol.com.br\/blog\/artes-plasticas\/tridimensionais\/#breadcrumb","itemListElement":[{"@type":"ListItem","position":1,"name":"In\u00edcio","item":"https:\/\/www.tgreguol.com.br\/blog\/"},{"@type":"ListItem","position":2,"name":"Artes Pl\u00e1sticas","item":"https:\/\/www.tgreguol.com.br\/blog\/artes-plasticas\/"},{"@type":"ListItem","position":3,"name":"Tridimensionais"}]},{"@type":"WebSite","@id":"https:\/\/www.tgreguol.com.br\/blog\/#website","url":"https:\/\/www.tgreguol.com.br\/blog\/","name":"T. Greguol","description":"Imaginador","potentialAction":[{"@type":"SearchAction","target":{"@type":"EntryPoint","urlTemplate":"https:\/\/www.tgreguol.com.br\/blog\/?s={search_term_string}"},"query-input":{"@type":"PropertyValueSpecification","valueRequired":true,"valueName":"search_term_string"}}],"inLanguage":"pt-BR"}]}},"_links":{"self":[{"href":"https:\/\/www.tgreguol.com.br\/blog\/wp-json\/wp\/v2\/pages\/574","targetHints":{"allow":["GET"]}}],"collection":[{"href":"https:\/\/www.tgreguol.com.br\/blog\/wp-json\/wp\/v2\/pages"}],"about":[{"href":"https:\/\/www.tgreguol.com.br\/blog\/wp-json\/wp\/v2\/types\/page"}],"author":[{"embeddable":true,"href":"https:\/\/www.tgreguol.com.br\/blog\/wp-json\/wp\/v2\/users\/1"}],"replies":[{"embeddable":true,"href":"https:\/\/www.tgreguol.com.br\/blog\/wp-json\/wp\/v2\/comments?post=574"}],"version-history":[{"count":26,"href":"https:\/\/www.tgreguol.com.br\/blog\/wp-json\/wp\/v2\/pages\/574\/revisions"}],"predecessor-version":[{"id":2104,"href":"https:\/\/www.tgreguol.com.br\/blog\/wp-json\/wp\/v2\/pages\/574\/revisions\/2104"}],"up":[{"embeddable":true,"href":"https:\/\/www.tgreguol.com.br\/blog\/wp-json\/wp\/v2\/pages\/41"}],"wp:attachment":[{"href":"https:\/\/www.tgreguol.com.br\/blog\/wp-json\/wp\/v2\/media?parent=574"}],"curies":[{"name":"wp","href":"https:\/\/api.w.org\/{rel}","templated":true}]}}