{"id":572,"date":"2015-11-26T12:45:34","date_gmt":"2015-11-26T12:45:34","guid":{"rendered":"https:\/\/www.tgreguol.com.br\/blog\/?page_id=572"},"modified":"2019-12-18T23:22:16","modified_gmt":"2019-12-18T23:22:16","slug":"telas","status":"publish","type":"page","link":"https:\/\/www.tgreguol.com.br\/blog\/artes-plasticas\/telas\/","title":{"rendered":"Telas"},"content":{"rendered":"\n<p>Pinturas sobre tela, usando tinta acr\u00edlica na maioria das vezes.<\/p>\n\n\n\n<figure class=\"wp-block-image\"><img loading=\"lazy\" decoding=\"async\" width=\"803\" height=\"1024\" src=\"https:\/\/www.tgreguol.com.br\/blog\/wp-content\/uploads\/2019\/12\/Br\u00f3derrud-1-803x1024.jpg\" alt=\"\" class=\"wp-image-2905\" srcset=\"https:\/\/www.tgreguol.com.br\/blog\/wp-content\/uploads\/2019\/12\/Br\u00f3derrud-1-803x1024.jpg 803w, https:\/\/www.tgreguol.com.br\/blog\/wp-content\/uploads\/2019\/12\/Br\u00f3derrud-1-235x300.jpg 235w, https:\/\/www.tgreguol.com.br\/blog\/wp-content\/uploads\/2019\/12\/Br\u00f3derrud-1-768x980.jpg 768w, https:\/\/www.tgreguol.com.br\/blog\/wp-content\/uploads\/2019\/12\/Br\u00f3derrud-1-118x150.jpg 118w, https:\/\/www.tgreguol.com.br\/blog\/wp-content\/uploads\/2019\/12\/Br\u00f3derrud-1.jpg 1568w\" sizes=\"auto, (max-width: 803px) 100vw, 803px\" \/><\/figure>\n\n\n\n<figure class=\"wp-block-image\"><img loading=\"lazy\" decoding=\"async\" width=\"1024\" height=\"731\" src=\"https:\/\/www.tgreguol.com.br\/blog\/wp-content\/uploads\/2019\/12\/Chuva-1-1024x731.jpg\" alt=\"\" class=\"wp-image-2904\" srcset=\"https:\/\/www.tgreguol.com.br\/blog\/wp-content\/uploads\/2019\/12\/Chuva-1-1024x731.jpg 1024w, https:\/\/www.tgreguol.com.br\/blog\/wp-content\/uploads\/2019\/12\/Chuva-1-300x214.jpg 300w, https:\/\/www.tgreguol.com.br\/blog\/wp-content\/uploads\/2019\/12\/Chuva-1-768x548.jpg 768w, https:\/\/www.tgreguol.com.br\/blog\/wp-content\/uploads\/2019\/12\/Chuva-1-150x107.jpg 150w, https:\/\/www.tgreguol.com.br\/blog\/wp-content\/uploads\/2019\/12\/Chuva-1.jpg 2000w\" sizes=\"auto, (max-width: 1024px) 100vw, 1024px\" \/><\/figure>\n\n\n\n<figure class=\"wp-block-image\"><img loading=\"lazy\" decoding=\"async\" width=\"799\" height=\"1024\" src=\"https:\/\/www.tgreguol.com.br\/blog\/wp-content\/uploads\/2019\/12\/\u00c9-de-l\u00e1-que-eu-vim-799x1024.jpg\" alt=\"\" class=\"wp-image-2889\" srcset=\"https:\/\/www.tgreguol.com.br\/blog\/wp-content\/uploads\/2019\/12\/\u00c9-de-l\u00e1-que-eu-vim-799x1024.jpg 799w, https:\/\/www.tgreguol.com.br\/blog\/wp-content\/uploads\/2019\/12\/\u00c9-de-l\u00e1-que-eu-vim-234x300.jpg 234w, https:\/\/www.tgreguol.com.br\/blog\/wp-content\/uploads\/2019\/12\/\u00c9-de-l\u00e1-que-eu-vim-768x984.jpg 768w, https:\/\/www.tgreguol.com.br\/blog\/wp-content\/uploads\/2019\/12\/\u00c9-de-l\u00e1-que-eu-vim-117x150.jpg 117w, https:\/\/www.tgreguol.com.br\/blog\/wp-content\/uploads\/2019\/12\/\u00c9-de-l\u00e1-que-eu-vim.jpg 1561w\" sizes=\"auto, (max-width: 799px) 100vw, 799px\" \/><\/figure>\n\n\n\n<figure class=\"wp-block-image\"><img loading=\"lazy\" decoding=\"async\" width=\"771\" height=\"1024\" src=\"https:\/\/www.tgreguol.com.br\/blog\/wp-content\/uploads\/2019\/12\/Eggplant-guy-771x1024.jpg\" alt=\"\" class=\"wp-image-2902\" srcset=\"https:\/\/www.tgreguol.com.br\/blog\/wp-content\/uploads\/2019\/12\/Eggplant-guy-771x1024.jpg 771w, https:\/\/www.tgreguol.com.br\/blog\/wp-content\/uploads\/2019\/12\/Eggplant-guy-226x300.jpg 226w, https:\/\/www.tgreguol.com.br\/blog\/wp-content\/uploads\/2019\/12\/Eggplant-guy-768x1020.jpg 768w, https:\/\/www.tgreguol.com.br\/blog\/wp-content\/uploads\/2019\/12\/Eggplant-guy-113x150.jpg 113w, https:\/\/www.tgreguol.com.br\/blog\/wp-content\/uploads\/2019\/12\/Eggplant-guy.jpg 1506w\" sizes=\"auto, (max-width: 771px) 100vw, 771px\" \/><\/figure>\n\n\n\n<figure class=\"wp-block-image\"><img loading=\"lazy\" decoding=\"async\" width=\"768\" height=\"1024\" src=\"https:\/\/www.tgreguol.com.br\/blog\/wp-content\/uploads\/2019\/12\/Grotesco-Arabesco-768x1024.jpg\" alt=\"\" class=\"wp-image-2884\" srcset=\"https:\/\/www.tgreguol.com.br\/blog\/wp-content\/uploads\/2019\/12\/Grotesco-Arabesco.jpg 768w, https:\/\/www.tgreguol.com.br\/blog\/wp-content\/uploads\/2019\/12\/Grotesco-Arabesco-225x300.jpg 225w, https:\/\/www.tgreguol.com.br\/blog\/wp-content\/uploads\/2019\/12\/Grotesco-Arabesco-113x150.jpg 113w\" sizes=\"auto, (max-width: 768px) 100vw, 768px\" \/><\/figure>\n\n\n\n<figure class=\"wp-block-image\"><img loading=\"lazy\" decoding=\"async\" width=\"1024\" height=\"618\" src=\"https:\/\/www.tgreguol.com.br\/blog\/wp-content\/uploads\/2019\/12\/Hipopotizar-1024x618.jpg\" alt=\"\" class=\"wp-image-2883\" srcset=\"https:\/\/www.tgreguol.com.br\/blog\/wp-content\/uploads\/2019\/12\/Hipopotizar.jpg 1024w, https:\/\/www.tgreguol.com.br\/blog\/wp-content\/uploads\/2019\/12\/Hipopotizar-300x181.jpg 300w, https:\/\/www.tgreguol.com.br\/blog\/wp-content\/uploads\/2019\/12\/Hipopotizar-768x464.jpg 768w, https:\/\/www.tgreguol.com.br\/blog\/wp-content\/uploads\/2019\/12\/Hipopotizar-250x150.jpg 250w, https:\/\/www.tgreguol.com.br\/blog\/wp-content\/uploads\/2019\/12\/Hipopotizar-150x91.jpg 150w\" sizes=\"auto, (max-width: 1024px) 100vw, 1024px\" \/><\/figure>\n\n\n\n<figure class=\"wp-block-image\"><img loading=\"lazy\" decoding=\"async\" width=\"733\" height=\"1024\" src=\"https:\/\/www.tgreguol.com.br\/blog\/wp-content\/uploads\/2019\/12\/I-will-never-ajust-733x1024.jpg\" alt=\"\" class=\"wp-image-2900\" srcset=\"https:\/\/www.tgreguol.com.br\/blog\/wp-content\/uploads\/2019\/12\/I-will-never-ajust-733x1024.jpg 733w, https:\/\/www.tgreguol.com.br\/blog\/wp-content\/uploads\/2019\/12\/I-will-never-ajust-215x300.jpg 215w, https:\/\/www.tgreguol.com.br\/blog\/wp-content\/uploads\/2019\/12\/I-will-never-ajust-768x1073.jpg 768w, https:\/\/www.tgreguol.com.br\/blog\/wp-content\/uploads\/2019\/12\/I-will-never-ajust-107x150.jpg 107w, https:\/\/www.tgreguol.com.br\/blog\/wp-content\/uploads\/2019\/12\/I-will-never-ajust.jpg 1432w\" sizes=\"auto, (max-width: 733px) 100vw, 733px\" \/><\/figure>\n\n\n\n<figure class=\"wp-block-image\"><img loading=\"lazy\" decoding=\"async\" width=\"799\" height=\"1024\" src=\"https:\/\/www.tgreguol.com.br\/blog\/wp-content\/uploads\/2019\/12\/Monstro-n\u00e3o-temem-domingos-799x1024.jpg\" alt=\"\" class=\"wp-image-2885\" srcset=\"https:\/\/www.tgreguol.com.br\/blog\/wp-content\/uploads\/2019\/12\/Monstro-n\u00e3o-temem-domingos-799x1024.jpg 799w, https:\/\/www.tgreguol.com.br\/blog\/wp-content\/uploads\/2019\/12\/Monstro-n\u00e3o-temem-domingos-234x300.jpg 234w, https:\/\/www.tgreguol.com.br\/blog\/wp-content\/uploads\/2019\/12\/Monstro-n\u00e3o-temem-domingos-768x985.jpg 768w, https:\/\/www.tgreguol.com.br\/blog\/wp-content\/uploads\/2019\/12\/Monstro-n\u00e3o-temem-domingos-117x150.jpg 117w, https:\/\/www.tgreguol.com.br\/blog\/wp-content\/uploads\/2019\/12\/Monstro-n\u00e3o-temem-domingos.jpg 1560w\" sizes=\"auto, (max-width: 799px) 100vw, 799px\" \/><\/figure>\n\n\n\n<figure class=\"wp-block-image\"><img loading=\"lazy\" decoding=\"async\" width=\"1024\" height=\"1022\" src=\"https:\/\/www.tgreguol.com.br\/blog\/wp-content\/uploads\/2019\/12\/Monstro-tri-cerebral-1024x1022.jpg\" alt=\"\" class=\"wp-image-2886\" srcset=\"https:\/\/www.tgreguol.com.br\/blog\/wp-content\/uploads\/2019\/12\/Monstro-tri-cerebral-1024x1022.jpg 1024w, https:\/\/www.tgreguol.com.br\/blog\/wp-content\/uploads\/2019\/12\/Monstro-tri-cerebral-150x150.jpg 150w, https:\/\/www.tgreguol.com.br\/blog\/wp-content\/uploads\/2019\/12\/Monstro-tri-cerebral-300x300.jpg 300w, https:\/\/www.tgreguol.com.br\/blog\/wp-content\/uploads\/2019\/12\/Monstro-tri-cerebral-768x766.jpg 768w, https:\/\/www.tgreguol.com.br\/blog\/wp-content\/uploads\/2019\/12\/Monstro-tri-cerebral.jpg 2000w\" sizes=\"auto, (max-width: 1024px) 100vw, 1024px\" \/><\/figure>\n\n\n\n<figure class=\"wp-block-image\"><img loading=\"lazy\" decoding=\"async\" width=\"1024\" height=\"737\" src=\"https:\/\/www.tgreguol.com.br\/blog\/wp-content\/uploads\/2019\/12\/N\u00e3o-h\u00e1-gravidade-para-sombras-1024x737.jpg\" alt=\"\" class=\"wp-image-2887\" srcset=\"https:\/\/www.tgreguol.com.br\/blog\/wp-content\/uploads\/2019\/12\/N\u00e3o-h\u00e1-gravidade-para-sombras-1024x737.jpg 1024w, https:\/\/www.tgreguol.com.br\/blog\/wp-content\/uploads\/2019\/12\/N\u00e3o-h\u00e1-gravidade-para-sombras-300x216.jpg 300w, https:\/\/www.tgreguol.com.br\/blog\/wp-content\/uploads\/2019\/12\/N\u00e3o-h\u00e1-gravidade-para-sombras-768x553.jpg 768w, https:\/\/www.tgreguol.com.br\/blog\/wp-content\/uploads\/2019\/12\/N\u00e3o-h\u00e1-gravidade-para-sombras-150x108.jpg 150w, https:\/\/www.tgreguol.com.br\/blog\/wp-content\/uploads\/2019\/12\/N\u00e3o-h\u00e1-gravidade-para-sombras.jpg 2000w\" sizes=\"auto, (max-width: 1024px) 100vw, 1024px\" \/><\/figure>\n\n\n\n<figure class=\"wp-block-image\"><img loading=\"lazy\" decoding=\"async\" width=\"734\" height=\"1024\" src=\"https:\/\/www.tgreguol.com.br\/blog\/wp-content\/uploads\/2019\/12\/Nem-que-fosse-s\u00f3-eu-734x1024.jpg\" alt=\"\" class=\"wp-image-2888\" srcset=\"https:\/\/www.tgreguol.com.br\/blog\/wp-content\/uploads\/2019\/12\/Nem-que-fosse-s\u00f3-eu-734x1024.jpg 734w, https:\/\/www.tgreguol.com.br\/blog\/wp-content\/uploads\/2019\/12\/Nem-que-fosse-s\u00f3-eu-215x300.jpg 215w, https:\/\/www.tgreguol.com.br\/blog\/wp-content\/uploads\/2019\/12\/Nem-que-fosse-s\u00f3-eu-768x1072.jpg 768w, https:\/\/www.tgreguol.com.br\/blog\/wp-content\/uploads\/2019\/12\/Nem-que-fosse-s\u00f3-eu-107x150.jpg 107w, https:\/\/www.tgreguol.com.br\/blog\/wp-content\/uploads\/2019\/12\/Nem-que-fosse-s\u00f3-eu.jpg 1433w\" sizes=\"auto, (max-width: 734px) 100vw, 734px\" \/><\/figure>\n\n\n\n<figure class=\"wp-block-image\"><img loading=\"lazy\" decoding=\"async\" width=\"1024\" height=\"839\" src=\"https:\/\/www.tgreguol.com.br\/blog\/wp-content\/uploads\/2019\/12\/Nem-sempre-1024x839.jpg\" alt=\"\" class=\"wp-image-2890\" srcset=\"https:\/\/www.tgreguol.com.br\/blog\/wp-content\/uploads\/2019\/12\/Nem-sempre-1024x839.jpg 1024w, https:\/\/www.tgreguol.com.br\/blog\/wp-content\/uploads\/2019\/12\/Nem-sempre-300x246.jpg 300w, https:\/\/www.tgreguol.com.br\/blog\/wp-content\/uploads\/2019\/12\/Nem-sempre-768x629.jpg 768w, https:\/\/www.tgreguol.com.br\/blog\/wp-content\/uploads\/2019\/12\/Nem-sempre-150x123.jpg 150w, https:\/\/www.tgreguol.com.br\/blog\/wp-content\/uploads\/2019\/12\/Nem-sempre.jpg 2000w\" sizes=\"auto, (max-width: 1024px) 100vw, 1024px\" \/><\/figure>\n\n\n\n<figure class=\"wp-block-image\"><img loading=\"lazy\" decoding=\"async\" width=\"1024\" height=\"823\" src=\"https:\/\/www.tgreguol.com.br\/blog\/wp-content\/uploads\/2019\/12\/O-que-1024x823.jpg\" alt=\"\" class=\"wp-image-2891\" srcset=\"https:\/\/www.tgreguol.com.br\/blog\/wp-content\/uploads\/2019\/12\/O-que-1024x823.jpg 1024w, https:\/\/www.tgreguol.com.br\/blog\/wp-content\/uploads\/2019\/12\/O-que-300x241.jpg 300w, https:\/\/www.tgreguol.com.br\/blog\/wp-content\/uploads\/2019\/12\/O-que-768x617.jpg 768w, https:\/\/www.tgreguol.com.br\/blog\/wp-content\/uploads\/2019\/12\/O-que-150x121.jpg 150w, https:\/\/www.tgreguol.com.br\/blog\/wp-content\/uploads\/2019\/12\/O-que.jpg 2000w\" sizes=\"auto, (max-width: 1024px) 100vw, 1024px\" \/><\/figure>\n\n\n\n<figure class=\"wp-block-image\"><img loading=\"lazy\" decoding=\"async\" width=\"1024\" height=\"795\" src=\"https:\/\/www.tgreguol.com.br\/blog\/wp-content\/uploads\/2019\/12\/Outro-dia-isso-me-veio-\u00e0-cabe\u00e7a-1024x795.jpg\" alt=\"\" class=\"wp-image-2892\" srcset=\"https:\/\/www.tgreguol.com.br\/blog\/wp-content\/uploads\/2019\/12\/Outro-dia-isso-me-veio-\u00e0-cabe\u00e7a-1024x795.jpg 1024w, https:\/\/www.tgreguol.com.br\/blog\/wp-content\/uploads\/2019\/12\/Outro-dia-isso-me-veio-\u00e0-cabe\u00e7a-300x233.jpg 300w, https:\/\/www.tgreguol.com.br\/blog\/wp-content\/uploads\/2019\/12\/Outro-dia-isso-me-veio-\u00e0-cabe\u00e7a-768x596.jpg 768w, https:\/\/www.tgreguol.com.br\/blog\/wp-content\/uploads\/2019\/12\/Outro-dia-isso-me-veio-\u00e0-cabe\u00e7a-150x116.jpg 150w, https:\/\/www.tgreguol.com.br\/blog\/wp-content\/uploads\/2019\/12\/Outro-dia-isso-me-veio-\u00e0-cabe\u00e7a.jpg 2000w\" sizes=\"auto, (max-width: 1024px) 100vw, 1024px\" \/><\/figure>\n\n\n\n<figure class=\"wp-block-image\"><img loading=\"lazy\" decoding=\"async\" width=\"1024\" height=\"992\" src=\"https:\/\/www.tgreguol.com.br\/blog\/wp-content\/uploads\/2019\/12\/Peter-Gabriel-1024x992.jpg\" alt=\"\" class=\"wp-image-2894\" srcset=\"https:\/\/www.tgreguol.com.br\/blog\/wp-content\/uploads\/2019\/12\/Peter-Gabriel-1024x992.jpg 1024w, https:\/\/www.tgreguol.com.br\/blog\/wp-content\/uploads\/2019\/12\/Peter-Gabriel-300x291.jpg 300w, https:\/\/www.tgreguol.com.br\/blog\/wp-content\/uploads\/2019\/12\/Peter-Gabriel-768x744.jpg 768w, https:\/\/www.tgreguol.com.br\/blog\/wp-content\/uploads\/2019\/12\/Peter-Gabriel-150x145.jpg 150w, https:\/\/www.tgreguol.com.br\/blog\/wp-content\/uploads\/2019\/12\/Peter-Gabriel.jpg 2000w\" sizes=\"auto, (max-width: 1024px) 100vw, 1024px\" \/><\/figure>\n\n\n\n<figure class=\"wp-block-image\"><img loading=\"lazy\" decoding=\"async\" width=\"1024\" height=\"702\" src=\"https:\/\/www.tgreguol.com.br\/blog\/wp-content\/uploads\/2019\/12\/Purlacemor-\u00e9-nosso-mestre-1024x702.jpg\" alt=\"\" class=\"wp-image-2893\" srcset=\"https:\/\/www.tgreguol.com.br\/blog\/wp-content\/uploads\/2019\/12\/Purlacemor-\u00e9-nosso-mestre-1024x702.jpg 1024w, https:\/\/www.tgreguol.com.br\/blog\/wp-content\/uploads\/2019\/12\/Purlacemor-\u00e9-nosso-mestre-300x206.jpg 300w, https:\/\/www.tgreguol.com.br\/blog\/wp-content\/uploads\/2019\/12\/Purlacemor-\u00e9-nosso-mestre-768x527.jpg 768w, https:\/\/www.tgreguol.com.br\/blog\/wp-content\/uploads\/2019\/12\/Purlacemor-\u00e9-nosso-mestre-150x103.jpg 150w, https:\/\/www.tgreguol.com.br\/blog\/wp-content\/uploads\/2019\/12\/Purlacemor-\u00e9-nosso-mestre.jpg 2000w\" sizes=\"auto, (max-width: 1024px) 100vw, 1024px\" \/><\/figure>\n\n\n\n<figure class=\"wp-block-image\"><img loading=\"lazy\" decoding=\"async\" width=\"727\" height=\"1024\" src=\"https:\/\/www.tgreguol.com.br\/blog\/wp-content\/uploads\/2019\/12\/Quando...-727x1024.jpg\" alt=\"\" class=\"wp-image-2895\" srcset=\"https:\/\/www.tgreguol.com.br\/blog\/wp-content\/uploads\/2019\/12\/Quando...-727x1024.jpg 727w, https:\/\/www.tgreguol.com.br\/blog\/wp-content\/uploads\/2019\/12\/Quando...-213x300.jpg 213w, https:\/\/www.tgreguol.com.br\/blog\/wp-content\/uploads\/2019\/12\/Quando...-768x1082.jpg 768w, https:\/\/www.tgreguol.com.br\/blog\/wp-content\/uploads\/2019\/12\/Quando...-107x150.jpg 107w, https:\/\/www.tgreguol.com.br\/blog\/wp-content\/uploads\/2019\/12\/Quando....jpg 1420w\" sizes=\"auto, (max-width: 727px) 100vw, 727px\" \/><\/figure>\n\n\n\n<figure class=\"wp-block-image\"><img loading=\"lazy\" decoding=\"async\" width=\"734\" height=\"1000\" src=\"https:\/\/www.tgreguol.com.br\/blog\/wp-content\/uploads\/2019\/12\/Qwert.jpg\" alt=\"\" class=\"wp-image-2896\" srcset=\"https:\/\/www.tgreguol.com.br\/blog\/wp-content\/uploads\/2019\/12\/Qwert.jpg 734w, https:\/\/www.tgreguol.com.br\/blog\/wp-content\/uploads\/2019\/12\/Qwert-220x300.jpg 220w, https:\/\/www.tgreguol.com.br\/blog\/wp-content\/uploads\/2019\/12\/Qwert-110x150.jpg 110w\" sizes=\"auto, (max-width: 734px) 100vw, 734px\" \/><\/figure>\n\n\n\n<figure class=\"wp-block-image\"><img loading=\"lazy\" decoding=\"async\" width=\"775\" height=\"1024\" src=\"https:\/\/www.tgreguol.com.br\/blog\/wp-content\/uploads\/2019\/12\/The-only-way-out-775x1024.jpg\" alt=\"\" class=\"wp-image-2897\" srcset=\"https:\/\/www.tgreguol.com.br\/blog\/wp-content\/uploads\/2019\/12\/The-only-way-out-775x1024.jpg 775w, https:\/\/www.tgreguol.com.br\/blog\/wp-content\/uploads\/2019\/12\/The-only-way-out-227x300.jpg 227w, https:\/\/www.tgreguol.com.br\/blog\/wp-content\/uploads\/2019\/12\/The-only-way-out-768x1015.jpg 768w, https:\/\/www.tgreguol.com.br\/blog\/wp-content\/uploads\/2019\/12\/The-only-way-out-114x150.jpg 114w, https:\/\/www.tgreguol.com.br\/blog\/wp-content\/uploads\/2019\/12\/The-only-way-out.jpg 1514w\" sizes=\"auto, (max-width: 775px) 100vw, 775px\" \/><\/figure>\n\n\n\n<figure class=\"wp-block-image\"><img loading=\"lazy\" decoding=\"async\" width=\"1024\" height=\"711\" src=\"https:\/\/www.tgreguol.com.br\/blog\/wp-content\/uploads\/2019\/12\/Tudo-junto-agora-1024x711.jpg\" alt=\"\" class=\"wp-image-2898\" srcset=\"https:\/\/www.tgreguol.com.br\/blog\/wp-content\/uploads\/2019\/12\/Tudo-junto-agora-1024x711.jpg 1024w, https:\/\/www.tgreguol.com.br\/blog\/wp-content\/uploads\/2019\/12\/Tudo-junto-agora-300x208.jpg 300w, https:\/\/www.tgreguol.com.br\/blog\/wp-content\/uploads\/2019\/12\/Tudo-junto-agora-768x533.jpg 768w, https:\/\/www.tgreguol.com.br\/blog\/wp-content\/uploads\/2019\/12\/Tudo-junto-agora-150x104.jpg 150w, https:\/\/www.tgreguol.com.br\/blog\/wp-content\/uploads\/2019\/12\/Tudo-junto-agora.jpg 2000w\" sizes=\"auto, (max-width: 1024px) 100vw, 1024px\" \/><\/figure>\n\n\n\n<figure class=\"wp-block-image\"><img loading=\"lazy\" decoding=\"async\" width=\"746\" height=\"1024\" src=\"https:\/\/www.tgreguol.com.br\/blog\/wp-content\/uploads\/2019\/12\/Vai-Mas-n\u00e3o-volte-746x1024.jpg\" alt=\"\" class=\"wp-image-2899\" srcset=\"https:\/\/www.tgreguol.com.br\/blog\/wp-content\/uploads\/2019\/12\/Vai-Mas-n\u00e3o-volte-746x1024.jpg 746w, https:\/\/www.tgreguol.com.br\/blog\/wp-content\/uploads\/2019\/12\/Vai-Mas-n\u00e3o-volte-219x300.jpg 219w, https:\/\/www.tgreguol.com.br\/blog\/wp-content\/uploads\/2019\/12\/Vai-Mas-n\u00e3o-volte-768x1054.jpg 768w, https:\/\/www.tgreguol.com.br\/blog\/wp-content\/uploads\/2019\/12\/Vai-Mas-n\u00e3o-volte-109x150.jpg 109w\" sizes=\"auto, (max-width: 746px) 100vw, 746px\" \/><\/figure>\n\n\n\n<figure class=\"wp-block-image\"><img loading=\"lazy\" decoding=\"async\" width=\"1024\" height=\"856\" src=\"https:\/\/www.tgreguol.com.br\/blog\/wp-content\/uploads\/2019\/12\/Voc\u00ea...-1024x856.jpg\" alt=\"\" class=\"wp-image-2903\" srcset=\"https:\/\/www.tgreguol.com.br\/blog\/wp-content\/uploads\/2019\/12\/Voc\u00ea...-1024x856.jpg 1024w, https:\/\/www.tgreguol.com.br\/blog\/wp-content\/uploads\/2019\/12\/Voc\u00ea...-300x251.jpg 300w, https:\/\/www.tgreguol.com.br\/blog\/wp-content\/uploads\/2019\/12\/Voc\u00ea...-768x642.jpg 768w, https:\/\/www.tgreguol.com.br\/blog\/wp-content\/uploads\/2019\/12\/Voc\u00ea...-150x125.jpg 150w, https:\/\/www.tgreguol.com.br\/blog\/wp-content\/uploads\/2019\/12\/Voc\u00ea....jpg 2000w\" sizes=\"auto, (max-width: 1024px) 100vw, 1024px\" \/><\/figure>\n\n\n\n<p><a href=\"https:\/\/www.tgreguol.com.br\/blog\/contato\/\">Encomende sua Tela<\/a><\/p>\n","protected":false},"excerpt":{"rendered":"<p>Pinturas sobre tela, usando tinta acr\u00edlica na maioria das vezes. \u2026<\/p>\n<p class=\"continue-reading-button\"> <a class=\"continue-reading-link\" href=\"https:\/\/www.tgreguol.com.br\/blog\/artes-plasticas\/telas\/\">Leia Mais<i class=\"crycon-right-dir\"><\/i><\/a><\/p>\n","protected":false},"author":1,"featured_media":0,"parent":41,"menu_order":0,"comment_status":"closed","ping_status":"closed","template":"","meta":{"nf_dc_page":"","_exactmetrics_skip_tracking":false,"_exactmetrics_sitenote_active":false,"_exactmetrics_sitenote_note":"","_exactmetrics_sitenote_category":0,"footnotes":""},"class_list":["post-572","page","type-page","status-publish","hentry"],"yoast_head":"<!-- This site is optimized with the Yoast SEO plugin v27.5 - https:\/\/yoast.com\/product\/yoast-seo-wordpress\/ -->\n<title>As TELAS de T. Greguol<\/title>\n<meta name=\"robots\" content=\"index, follow, max-snippet:-1, max-image-preview:large, max-video-preview:-1\" \/>\n<link rel=\"canonical\" href=\"https:\/\/www.tgreguol.com.br\/blog\/artes-plasticas\/telas\/\" \/>\n<meta property=\"og:locale\" content=\"pt_BR\" \/>\n<meta property=\"og:type\" content=\"article\" \/>\n<meta property=\"og:title\" content=\"As TELAS de T. Greguol\" \/>\n<meta property=\"og:description\" content=\"Pinturas sobre tela, usando tinta acr\u00edlica na maioria das vezes. Encomende sua Tela. Veja videos de exposi\u00e7\u00f5es que T. Greguol j\u00e1 participou.\" \/>\n<meta property=\"og:url\" content=\"https:\/\/www.tgreguol.com.br\/blog\/artes-plasticas\/telas\/\" \/>\n<meta property=\"og:site_name\" content=\"T. Greguol\" \/>\n<meta property=\"article:publisher\" content=\"https:\/\/www.facebook.com\/tgreguol\" \/>\n<meta property=\"article:modified_time\" content=\"2019-12-18T23:22:16+00:00\" \/>\n<meta property=\"og:image\" content=\"https:\/\/i0.wp.com\/www.tgreguol.com.br\/blog\/wp-content\/uploads\/2015\/11\/O-que-2011.jpg?fit=781%2C628\" \/>\n\t<meta property=\"og:image:width\" content=\"781\" \/>\n\t<meta property=\"og:image:height\" content=\"628\" \/>\n\t<meta property=\"og:image:type\" content=\"image\/jpeg\" \/>\n<meta name=\"twitter:card\" content=\"summary_large_image\" \/>\n<meta name=\"twitter:site\" content=\"@katarse\" \/>\n<script type=\"application\/ld+json\" class=\"yoast-schema-graph\">{\"@context\":\"https:\\\/\\\/schema.org\",\"@graph\":[{\"@type\":\"WebPage\",\"@id\":\"https:\\\/\\\/www.tgreguol.com.br\\\/blog\\\/artes-plasticas\\\/telas\\\/\",\"url\":\"https:\\\/\\\/www.tgreguol.com.br\\\/blog\\\/artes-plasticas\\\/telas\\\/\",\"name\":\"As TELAS de T. Greguol\",\"isPartOf\":{\"@id\":\"https:\\\/\\\/www.tgreguol.com.br\\\/blog\\\/#website\"},\"primaryImageOfPage\":{\"@id\":\"https:\\\/\\\/www.tgreguol.com.br\\\/blog\\\/artes-plasticas\\\/telas\\\/#primaryimage\"},\"image\":{\"@id\":\"https:\\\/\\\/www.tgreguol.com.br\\\/blog\\\/artes-plasticas\\\/telas\\\/#primaryimage\"},\"thumbnailUrl\":\"https:\\\/\\\/www.tgreguol.com.br\\\/blog\\\/wp-content\\\/uploads\\\/2019\\\/12\\\/Chuva-1-1024x731.jpg\",\"datePublished\":\"2015-11-26T12:45:34+00:00\",\"dateModified\":\"2019-12-18T23:22:16+00:00\",\"breadcrumb\":{\"@id\":\"https:\\\/\\\/www.tgreguol.com.br\\\/blog\\\/artes-plasticas\\\/telas\\\/#breadcrumb\"},\"inLanguage\":\"pt-BR\",\"potentialAction\":[{\"@type\":\"ReadAction\",\"target\":[\"https:\\\/\\\/www.tgreguol.com.br\\\/blog\\\/artes-plasticas\\\/telas\\\/\"]}]},{\"@type\":\"ImageObject\",\"inLanguage\":\"pt-BR\",\"@id\":\"https:\\\/\\\/www.tgreguol.com.br\\\/blog\\\/artes-plasticas\\\/telas\\\/#primaryimage\",\"url\":\"https:\\\/\\\/www.tgreguol.com.br\\\/blog\\\/wp-content\\\/uploads\\\/2019\\\/12\\\/Chuva-1.jpg\",\"contentUrl\":\"https:\\\/\\\/www.tgreguol.com.br\\\/blog\\\/wp-content\\\/uploads\\\/2019\\\/12\\\/Chuva-1.jpg\",\"width\":2000,\"height\":1427},{\"@type\":\"BreadcrumbList\",\"@id\":\"https:\\\/\\\/www.tgreguol.com.br\\\/blog\\\/artes-plasticas\\\/telas\\\/#breadcrumb\",\"itemListElement\":[{\"@type\":\"ListItem\",\"position\":1,\"name\":\"In\u00edcio\",\"item\":\"https:\\\/\\\/www.tgreguol.com.br\\\/blog\\\/\"},{\"@type\":\"ListItem\",\"position\":2,\"name\":\"Artes Pl\u00e1sticas\",\"item\":\"https:\\\/\\\/www.tgreguol.com.br\\\/blog\\\/artes-plasticas\\\/\"},{\"@type\":\"ListItem\",\"position\":3,\"name\":\"Telas\"}]},{\"@type\":\"WebSite\",\"@id\":\"https:\\\/\\\/www.tgreguol.com.br\\\/blog\\\/#website\",\"url\":\"https:\\\/\\\/www.tgreguol.com.br\\\/blog\\\/\",\"name\":\"T. Greguol\",\"description\":\"Imaginador\",\"potentialAction\":[{\"@type\":\"SearchAction\",\"target\":{\"@type\":\"EntryPoint\",\"urlTemplate\":\"https:\\\/\\\/www.tgreguol.com.br\\\/blog\\\/?s={search_term_string}\"},\"query-input\":{\"@type\":\"PropertyValueSpecification\",\"valueRequired\":true,\"valueName\":\"search_term_string\"}}],\"inLanguage\":\"pt-BR\"}]}<\/script>\n<!-- \/ Yoast SEO plugin. -->","yoast_head_json":{"title":"As TELAS de T. Greguol","robots":{"index":"index","follow":"follow","max-snippet":"max-snippet:-1","max-image-preview":"max-image-preview:large","max-video-preview":"max-video-preview:-1"},"canonical":"https:\/\/www.tgreguol.com.br\/blog\/artes-plasticas\/telas\/","og_locale":"pt_BR","og_type":"article","og_title":"As TELAS de T. Greguol","og_description":"Pinturas sobre tela, usando tinta acr\u00edlica na maioria das vezes. Encomende sua Tela. Veja videos de exposi\u00e7\u00f5es que T. Greguol j\u00e1 participou.","og_url":"https:\/\/www.tgreguol.com.br\/blog\/artes-plasticas\/telas\/","og_site_name":"T. Greguol","article_publisher":"https:\/\/www.facebook.com\/tgreguol","article_modified_time":"2019-12-18T23:22:16+00:00","og_image":[{"width":781,"height":628,"url":"https:\/\/i0.wp.com\/www.tgreguol.com.br\/blog\/wp-content\/uploads\/2015\/11\/O-que-2011.jpg?fit=781%2C628","type":"image\/jpeg"}],"twitter_card":"summary_large_image","twitter_site":"@katarse","schema":{"@context":"https:\/\/schema.org","@graph":[{"@type":"WebPage","@id":"https:\/\/www.tgreguol.com.br\/blog\/artes-plasticas\/telas\/","url":"https:\/\/www.tgreguol.com.br\/blog\/artes-plasticas\/telas\/","name":"As TELAS de T. Greguol","isPartOf":{"@id":"https:\/\/www.tgreguol.com.br\/blog\/#website"},"primaryImageOfPage":{"@id":"https:\/\/www.tgreguol.com.br\/blog\/artes-plasticas\/telas\/#primaryimage"},"image":{"@id":"https:\/\/www.tgreguol.com.br\/blog\/artes-plasticas\/telas\/#primaryimage"},"thumbnailUrl":"https:\/\/www.tgreguol.com.br\/blog\/wp-content\/uploads\/2019\/12\/Chuva-1-1024x731.jpg","datePublished":"2015-11-26T12:45:34+00:00","dateModified":"2019-12-18T23:22:16+00:00","breadcrumb":{"@id":"https:\/\/www.tgreguol.com.br\/blog\/artes-plasticas\/telas\/#breadcrumb"},"inLanguage":"pt-BR","potentialAction":[{"@type":"ReadAction","target":["https:\/\/www.tgreguol.com.br\/blog\/artes-plasticas\/telas\/"]}]},{"@type":"ImageObject","inLanguage":"pt-BR","@id":"https:\/\/www.tgreguol.com.br\/blog\/artes-plasticas\/telas\/#primaryimage","url":"https:\/\/www.tgreguol.com.br\/blog\/wp-content\/uploads\/2019\/12\/Chuva-1.jpg","contentUrl":"https:\/\/www.tgreguol.com.br\/blog\/wp-content\/uploads\/2019\/12\/Chuva-1.jpg","width":2000,"height":1427},{"@type":"BreadcrumbList","@id":"https:\/\/www.tgreguol.com.br\/blog\/artes-plasticas\/telas\/#breadcrumb","itemListElement":[{"@type":"ListItem","position":1,"name":"In\u00edcio","item":"https:\/\/www.tgreguol.com.br\/blog\/"},{"@type":"ListItem","position":2,"name":"Artes Pl\u00e1sticas","item":"https:\/\/www.tgreguol.com.br\/blog\/artes-plasticas\/"},{"@type":"ListItem","position":3,"name":"Telas"}]},{"@type":"WebSite","@id":"https:\/\/www.tgreguol.com.br\/blog\/#website","url":"https:\/\/www.tgreguol.com.br\/blog\/","name":"T. Greguol","description":"Imaginador","potentialAction":[{"@type":"SearchAction","target":{"@type":"EntryPoint","urlTemplate":"https:\/\/www.tgreguol.com.br\/blog\/?s={search_term_string}"},"query-input":{"@type":"PropertyValueSpecification","valueRequired":true,"valueName":"search_term_string"}}],"inLanguage":"pt-BR"}]}},"_links":{"self":[{"href":"https:\/\/www.tgreguol.com.br\/blog\/wp-json\/wp\/v2\/pages\/572","targetHints":{"allow":["GET"]}}],"collection":[{"href":"https:\/\/www.tgreguol.com.br\/blog\/wp-json\/wp\/v2\/pages"}],"about":[{"href":"https:\/\/www.tgreguol.com.br\/blog\/wp-json\/wp\/v2\/types\/page"}],"author":[{"embeddable":true,"href":"https:\/\/www.tgreguol.com.br\/blog\/wp-json\/wp\/v2\/users\/1"}],"replies":[{"embeddable":true,"href":"https:\/\/www.tgreguol.com.br\/blog\/wp-json\/wp\/v2\/comments?post=572"}],"version-history":[{"count":10,"href":"https:\/\/www.tgreguol.com.br\/blog\/wp-json\/wp\/v2\/pages\/572\/revisions"}],"predecessor-version":[{"id":2912,"href":"https:\/\/www.tgreguol.com.br\/blog\/wp-json\/wp\/v2\/pages\/572\/revisions\/2912"}],"up":[{"embeddable":true,"href":"https:\/\/www.tgreguol.com.br\/blog\/wp-json\/wp\/v2\/pages\/41"}],"wp:attachment":[{"href":"https:\/\/www.tgreguol.com.br\/blog\/wp-json\/wp\/v2\/media?parent=572"}],"curies":[{"name":"wp","href":"https:\/\/api.w.org\/{rel}","templated":true}]}}