{"id":510,"date":"2015-11-25T00:59:30","date_gmt":"2015-11-25T00:59:30","guid":{"rendered":"https:\/\/www.tgreguol.com.br\/blog\/?page_id=510"},"modified":"2020-05-14T22:24:52","modified_gmt":"2020-05-14T22:24:52","slug":"d-on-ice","status":"publish","type":"page","link":"https:\/\/www.tgreguol.com.br\/blog\/musica\/d-on-ice\/","title":{"rendered":"D. On Ice"},"content":{"rendered":"<p>Fui convidado por\u00a0<a href=\"http:\/\/www.imdb.com\/name\/nm1641305\/?ref_=tt_ov_dr\" target=\"_blank\" rel=\"noopener noreferrer\">Ale McHaddo<\/a> para escrever as letras de seu curta-metragem de anima\u00e7\u00e3o. Trata-se de um conto de fadas musical sobre o mundo real da anima\u00e7\u00e3o.<\/p>\n<p><a href=\"http:\/\/www.imdb.com\/title\/tt2016172\/?ref_=nm_flmg_wr_1\" target=\"_blank\" rel=\"noopener noreferrer\">Maiores informa\u00e7\u00f5es aqui no IMDB<\/a>.<\/p>\n","protected":false},"excerpt":{"rendered":"<p>Fui convidado por\u00a0Ale McHaddo para escrever as letras de seu \u2026<\/p>\n<p class=\"continue-reading-button\"> <a class=\"continue-reading-link\" href=\"https:\/\/www.tgreguol.com.br\/blog\/musica\/d-on-ice\/\">Leia Mais<i class=\"crycon-right-dir\"><\/i><\/a><\/p>\n","protected":false},"author":1,"featured_media":0,"parent":47,"menu_order":0,"comment_status":"closed","ping_status":"closed","template":"","meta":{"nf_dc_page":"","_exactmetrics_skip_tracking":false,"_exactmetrics_sitenote_active":false,"_exactmetrics_sitenote_note":"","_exactmetrics_sitenote_category":0,"footnotes":""},"class_list":["post-510","page","type-page","status-publish","hentry"],"yoast_head":"<!-- This site is optimized with the Yoast SEO plugin v27.5 - https:\/\/yoast.com\/product\/yoast-seo-wordpress\/ -->\n<title>D. On Ice - T. Greguol<\/title>\n<meta name=\"robots\" content=\"index, follow, max-snippet:-1, max-image-preview:large, max-video-preview:-1\" \/>\n<link rel=\"canonical\" href=\"https:\/\/www.tgreguol.com.br\/blog\/musica\/d-on-ice\/\" \/>\n<meta property=\"og:locale\" content=\"pt_BR\" \/>\n<meta property=\"og:type\" content=\"article\" \/>\n<meta property=\"og:title\" content=\"D. On Ice\" \/>\n<meta property=\"og:description\" content=\"Fui convidado por Ale McHaddo para escrever as letras de seu curta-metragem de anima\u00e7\u00e3o. Trata-se de um conto de fadas musical sobre o mundo real da anima\u00e7\u00e3o. E \u00e9 muito, muito, muito da hora!\" \/>\n<meta property=\"og:url\" content=\"https:\/\/www.tgreguol.com.br\/blog\/musica\/d-on-ice\/\" \/>\n<meta property=\"og:site_name\" content=\"T. Greguol\" \/>\n<meta property=\"article:publisher\" content=\"https:\/\/www.facebook.com\/tgreguol\" \/>\n<meta property=\"article:modified_time\" content=\"2020-05-14T22:24:52+00:00\" \/>\n<meta name=\"twitter:card\" content=\"summary_large_image\" \/>\n<meta name=\"twitter:title\" content=\"D. On Ice\" \/>\n<meta name=\"twitter:description\" content=\"Curta metragem musical que co-escrevi as letras!\" \/>\n<meta name=\"twitter:image\" content=\"https:\/\/www.tgreguol.com.br\/blog\/wp-content\/uploads\/2015\/11\/insta.jpg\" \/>\n<meta name=\"twitter:site\" content=\"@katarse\" \/>\n<script type=\"application\/ld+json\" class=\"yoast-schema-graph\">{\"@context\":\"https:\\\/\\\/schema.org\",\"@graph\":[{\"@type\":\"WebPage\",\"@id\":\"https:\\\/\\\/www.tgreguol.com.br\\\/blog\\\/musica\\\/d-on-ice\\\/\",\"url\":\"https:\\\/\\\/www.tgreguol.com.br\\\/blog\\\/musica\\\/d-on-ice\\\/\",\"name\":\"D. On Ice - T. Greguol\",\"isPartOf\":{\"@id\":\"https:\\\/\\\/www.tgreguol.com.br\\\/blog\\\/#website\"},\"datePublished\":\"2015-11-25T00:59:30+00:00\",\"dateModified\":\"2020-05-14T22:24:52+00:00\",\"breadcrumb\":{\"@id\":\"https:\\\/\\\/www.tgreguol.com.br\\\/blog\\\/musica\\\/d-on-ice\\\/#breadcrumb\"},\"inLanguage\":\"pt-BR\",\"potentialAction\":[{\"@type\":\"ReadAction\",\"target\":[\"https:\\\/\\\/www.tgreguol.com.br\\\/blog\\\/musica\\\/d-on-ice\\\/\"]}]},{\"@type\":\"BreadcrumbList\",\"@id\":\"https:\\\/\\\/www.tgreguol.com.br\\\/blog\\\/musica\\\/d-on-ice\\\/#breadcrumb\",\"itemListElement\":[{\"@type\":\"ListItem\",\"position\":1,\"name\":\"In\u00edcio\",\"item\":\"https:\\\/\\\/www.tgreguol.com.br\\\/blog\\\/\"},{\"@type\":\"ListItem\",\"position\":2,\"name\":\"M\u00fasica\",\"item\":\"https:\\\/\\\/www.tgreguol.com.br\\\/blog\\\/musica\\\/\"},{\"@type\":\"ListItem\",\"position\":3,\"name\":\"D. On Ice\"}]},{\"@type\":\"WebSite\",\"@id\":\"https:\\\/\\\/www.tgreguol.com.br\\\/blog\\\/#website\",\"url\":\"https:\\\/\\\/www.tgreguol.com.br\\\/blog\\\/\",\"name\":\"T. Greguol\",\"description\":\"Imaginador\",\"potentialAction\":[{\"@type\":\"SearchAction\",\"target\":{\"@type\":\"EntryPoint\",\"urlTemplate\":\"https:\\\/\\\/www.tgreguol.com.br\\\/blog\\\/?s={search_term_string}\"},\"query-input\":{\"@type\":\"PropertyValueSpecification\",\"valueRequired\":true,\"valueName\":\"search_term_string\"}}],\"inLanguage\":\"pt-BR\"}]}<\/script>\n<!-- \/ Yoast SEO plugin. -->","yoast_head_json":{"title":"D. On Ice - T. Greguol","robots":{"index":"index","follow":"follow","max-snippet":"max-snippet:-1","max-image-preview":"max-image-preview:large","max-video-preview":"max-video-preview:-1"},"canonical":"https:\/\/www.tgreguol.com.br\/blog\/musica\/d-on-ice\/","og_locale":"pt_BR","og_type":"article","og_title":"D. On Ice","og_description":"Fui convidado por Ale McHaddo para escrever as letras de seu curta-metragem de anima\u00e7\u00e3o. Trata-se de um conto de fadas musical sobre o mundo real da anima\u00e7\u00e3o. E \u00e9 muito, muito, muito da hora!","og_url":"https:\/\/www.tgreguol.com.br\/blog\/musica\/d-on-ice\/","og_site_name":"T. Greguol","article_publisher":"https:\/\/www.facebook.com\/tgreguol","article_modified_time":"2020-05-14T22:24:52+00:00","twitter_card":"summary_large_image","twitter_title":"D. On Ice","twitter_description":"Curta metragem musical que co-escrevi as letras!","twitter_image":"https:\/\/www.tgreguol.com.br\/blog\/wp-content\/uploads\/2015\/11\/insta.jpg","twitter_site":"@katarse","schema":{"@context":"https:\/\/schema.org","@graph":[{"@type":"WebPage","@id":"https:\/\/www.tgreguol.com.br\/blog\/musica\/d-on-ice\/","url":"https:\/\/www.tgreguol.com.br\/blog\/musica\/d-on-ice\/","name":"D. On Ice - T. Greguol","isPartOf":{"@id":"https:\/\/www.tgreguol.com.br\/blog\/#website"},"datePublished":"2015-11-25T00:59:30+00:00","dateModified":"2020-05-14T22:24:52+00:00","breadcrumb":{"@id":"https:\/\/www.tgreguol.com.br\/blog\/musica\/d-on-ice\/#breadcrumb"},"inLanguage":"pt-BR","potentialAction":[{"@type":"ReadAction","target":["https:\/\/www.tgreguol.com.br\/blog\/musica\/d-on-ice\/"]}]},{"@type":"BreadcrumbList","@id":"https:\/\/www.tgreguol.com.br\/blog\/musica\/d-on-ice\/#breadcrumb","itemListElement":[{"@type":"ListItem","position":1,"name":"In\u00edcio","item":"https:\/\/www.tgreguol.com.br\/blog\/"},{"@type":"ListItem","position":2,"name":"M\u00fasica","item":"https:\/\/www.tgreguol.com.br\/blog\/musica\/"},{"@type":"ListItem","position":3,"name":"D. On Ice"}]},{"@type":"WebSite","@id":"https:\/\/www.tgreguol.com.br\/blog\/#website","url":"https:\/\/www.tgreguol.com.br\/blog\/","name":"T. Greguol","description":"Imaginador","potentialAction":[{"@type":"SearchAction","target":{"@type":"EntryPoint","urlTemplate":"https:\/\/www.tgreguol.com.br\/blog\/?s={search_term_string}"},"query-input":{"@type":"PropertyValueSpecification","valueRequired":true,"valueName":"search_term_string"}}],"inLanguage":"pt-BR"}]}},"_links":{"self":[{"href":"https:\/\/www.tgreguol.com.br\/blog\/wp-json\/wp\/v2\/pages\/510","targetHints":{"allow":["GET"]}}],"collection":[{"href":"https:\/\/www.tgreguol.com.br\/blog\/wp-json\/wp\/v2\/pages"}],"about":[{"href":"https:\/\/www.tgreguol.com.br\/blog\/wp-json\/wp\/v2\/types\/page"}],"author":[{"embeddable":true,"href":"https:\/\/www.tgreguol.com.br\/blog\/wp-json\/wp\/v2\/users\/1"}],"replies":[{"embeddable":true,"href":"https:\/\/www.tgreguol.com.br\/blog\/wp-json\/wp\/v2\/comments?post=510"}],"version-history":[{"count":8,"href":"https:\/\/www.tgreguol.com.br\/blog\/wp-json\/wp\/v2\/pages\/510\/revisions"}],"predecessor-version":[{"id":2963,"href":"https:\/\/www.tgreguol.com.br\/blog\/wp-json\/wp\/v2\/pages\/510\/revisions\/2963"}],"up":[{"embeddable":true,"href":"https:\/\/www.tgreguol.com.br\/blog\/wp-json\/wp\/v2\/pages\/47"}],"wp:attachment":[{"href":"https:\/\/www.tgreguol.com.br\/blog\/wp-json\/wp\/v2\/media?parent=510"}],"curies":[{"name":"wp","href":"https:\/\/api.w.org\/{rel}","templated":true}]}}