{"id":480,"date":"2015-11-24T23:25:21","date_gmt":"2015-11-24T23:25:21","guid":{"rendered":"https:\/\/www.tgreguol.com.br\/blog\/?page_id=480"},"modified":"2020-05-14T22:26:41","modified_gmt":"2020-05-14T22:26:41","slug":"super-heroi-fora-de-serie","status":"publish","type":"page","link":"https:\/\/www.tgreguol.com.br\/blog\/musica\/super-heroi-fora-de-serie\/","title":{"rendered":"Super-Her\u00f3i Fora de S\u00e9rie"},"content":{"rendered":"<p style=\"text-align: justify;\">Com letra composta por T. Greguol, tocada e arranjada pela banda KATARSE, e clipe criado e dirigido pelo premiado diretor <a href=\"https:\/\/pt.wikipedia.org\/wiki\/Ale_McHaddo\" target=\"_blank\" rel=\"noopener noreferrer\">Ale McHaddo<\/a>, &#8220;<a href=\"https:\/\/www.youtube.com\/watch?v=RRtHLZqsWck\" target=\"_blank\" rel=\"noopener noreferrer\">Super-Her\u00f3i Fora de S\u00e9rie<\/a>&#8221; \u00e9 resultado de mais uma parceria entre o T. Greguol\u00a0e o diretor. McHaddo \u00e9 o respons\u00e1vel pelas ilustra\u00e7\u00f5es do encarte do \u00e1lbum, em parceria com T. Greguol. &#8220;Super-Her\u00f3i Fora de S\u00e9rie&#8221; \u00e9 a m\u00fasica tema do curta de Ale, lan\u00e7ado em 2006. No clipe, anima\u00e7\u00e3o e atores reais contam a hist\u00f3ria desse super-her\u00f3i t\u00e3o peculiar, marca do trabalha da KATARSE.<\/p>\n<p><a href=\"http:\/\/www.imdb.com\/title\/tt1529359\/?ref_=nm_flmg_msdp_1\" target=\"_blank\" rel=\"noopener noreferrer\">Maiores informa\u00e7\u00f5es aqui no IMDB<\/a>.<\/p>\n","protected":false},"excerpt":{"rendered":"<p>Com letra composta por T. Greguol, tocada e arranjada pela \u2026<\/p>\n<p class=\"continue-reading-button\"> <a class=\"continue-reading-link\" href=\"https:\/\/www.tgreguol.com.br\/blog\/musica\/super-heroi-fora-de-serie\/\">Leia Mais<i class=\"crycon-right-dir\"><\/i><\/a><\/p>\n","protected":false},"author":1,"featured_media":0,"parent":47,"menu_order":0,"comment_status":"closed","ping_status":"closed","template":"","meta":{"nf_dc_page":"","_exactmetrics_skip_tracking":false,"_exactmetrics_sitenote_active":false,"_exactmetrics_sitenote_note":"","_exactmetrics_sitenote_category":0,"footnotes":""},"class_list":["post-480","page","type-page","status-publish","hentry"],"yoast_head":"<!-- This site is optimized with the Yoast SEO plugin v27.5 - https:\/\/yoast.com\/product\/yoast-seo-wordpress\/ -->\n<title>Super-Her\u00f3i Fora de S\u00e9rie - T. Greguol<\/title>\n<meta name=\"robots\" content=\"index, follow, max-snippet:-1, max-image-preview:large, max-video-preview:-1\" \/>\n<link rel=\"canonical\" href=\"https:\/\/www.tgreguol.com.br\/blog\/musica\/super-heroi-fora-de-serie\/\" \/>\n<meta property=\"og:locale\" content=\"pt_BR\" \/>\n<meta property=\"og:type\" content=\"article\" \/>\n<meta property=\"og:title\" content=\"Super-Her\u00f3i Fora de S\u00e9rie - T. Greguol\" \/>\n<meta property=\"og:description\" content=\"Com letra composta por T. Greguol, tocada e arranjada pela banda KATARSE, e clipe criado e dirigido pelo premiado diretor Ale McHaddo, &quot;Super-Her\u00f3i Fora de S\u00e9rie&quot; \u00e9 resultado de mais uma parceria entre o T. Greguol e o diretor.\" \/>\n<meta property=\"og:url\" content=\"https:\/\/www.tgreguol.com.br\/blog\/musica\/super-heroi-fora-de-serie\/\" \/>\n<meta property=\"og:site_name\" content=\"T. Greguol\" \/>\n<meta property=\"article:publisher\" content=\"https:\/\/www.facebook.com\/tgreguol\" \/>\n<meta property=\"article:modified_time\" content=\"2020-05-14T22:26:41+00:00\" \/>\n<meta property=\"og:image\" content=\"https:\/\/i0.wp.com\/www.tgreguol.com.br\/blog\/wp-content\/uploads\/2015\/11\/Untitled-11.jpg?fit=1200%2C628\" \/>\n\t<meta property=\"og:image:width\" content=\"1200\" \/>\n\t<meta property=\"og:image:height\" content=\"628\" \/>\n\t<meta property=\"og:image:type\" content=\"image\/jpeg\" \/>\n<meta name=\"twitter:card\" content=\"summary_large_image\" \/>\n<meta name=\"twitter:site\" content=\"@katarse\" \/>\n<meta name=\"twitter:label1\" content=\"Est. tempo de leitura\" \/>\n\t<meta name=\"twitter:data1\" content=\"1 minuto\" \/>\n<script type=\"application\/ld+json\" class=\"yoast-schema-graph\">{\"@context\":\"https:\\\/\\\/schema.org\",\"@graph\":[{\"@type\":\"WebPage\",\"@id\":\"https:\\\/\\\/www.tgreguol.com.br\\\/blog\\\/musica\\\/super-heroi-fora-de-serie\\\/\",\"url\":\"https:\\\/\\\/www.tgreguol.com.br\\\/blog\\\/musica\\\/super-heroi-fora-de-serie\\\/\",\"name\":\"Super-Her\u00f3i Fora de S\u00e9rie - T. Greguol\",\"isPartOf\":{\"@id\":\"https:\\\/\\\/www.tgreguol.com.br\\\/blog\\\/#website\"},\"datePublished\":\"2015-11-24T23:25:21+00:00\",\"dateModified\":\"2020-05-14T22:26:41+00:00\",\"breadcrumb\":{\"@id\":\"https:\\\/\\\/www.tgreguol.com.br\\\/blog\\\/musica\\\/super-heroi-fora-de-serie\\\/#breadcrumb\"},\"inLanguage\":\"pt-BR\",\"potentialAction\":[{\"@type\":\"ReadAction\",\"target\":[\"https:\\\/\\\/www.tgreguol.com.br\\\/blog\\\/musica\\\/super-heroi-fora-de-serie\\\/\"]}]},{\"@type\":\"BreadcrumbList\",\"@id\":\"https:\\\/\\\/www.tgreguol.com.br\\\/blog\\\/musica\\\/super-heroi-fora-de-serie\\\/#breadcrumb\",\"itemListElement\":[{\"@type\":\"ListItem\",\"position\":1,\"name\":\"In\u00edcio\",\"item\":\"https:\\\/\\\/www.tgreguol.com.br\\\/blog\\\/\"},{\"@type\":\"ListItem\",\"position\":2,\"name\":\"M\u00fasica\",\"item\":\"https:\\\/\\\/www.tgreguol.com.br\\\/blog\\\/musica\\\/\"},{\"@type\":\"ListItem\",\"position\":3,\"name\":\"Super-Her\u00f3i Fora de S\u00e9rie\"}]},{\"@type\":\"WebSite\",\"@id\":\"https:\\\/\\\/www.tgreguol.com.br\\\/blog\\\/#website\",\"url\":\"https:\\\/\\\/www.tgreguol.com.br\\\/blog\\\/\",\"name\":\"T. Greguol\",\"description\":\"Imaginador\",\"potentialAction\":[{\"@type\":\"SearchAction\",\"target\":{\"@type\":\"EntryPoint\",\"urlTemplate\":\"https:\\\/\\\/www.tgreguol.com.br\\\/blog\\\/?s={search_term_string}\"},\"query-input\":{\"@type\":\"PropertyValueSpecification\",\"valueRequired\":true,\"valueName\":\"search_term_string\"}}],\"inLanguage\":\"pt-BR\"}]}<\/script>\n<!-- \/ Yoast SEO plugin. -->","yoast_head_json":{"title":"Super-Her\u00f3i Fora de S\u00e9rie - T. Greguol","robots":{"index":"index","follow":"follow","max-snippet":"max-snippet:-1","max-image-preview":"max-image-preview:large","max-video-preview":"max-video-preview:-1"},"canonical":"https:\/\/www.tgreguol.com.br\/blog\/musica\/super-heroi-fora-de-serie\/","og_locale":"pt_BR","og_type":"article","og_title":"Super-Her\u00f3i Fora de S\u00e9rie - T. Greguol","og_description":"Com letra composta por T. Greguol, tocada e arranjada pela banda KATARSE, e clipe criado e dirigido pelo premiado diretor Ale McHaddo, \"Super-Her\u00f3i Fora de S\u00e9rie\" \u00e9 resultado de mais uma parceria entre o T. Greguol e o diretor.","og_url":"https:\/\/www.tgreguol.com.br\/blog\/musica\/super-heroi-fora-de-serie\/","og_site_name":"T. Greguol","article_publisher":"https:\/\/www.facebook.com\/tgreguol","article_modified_time":"2020-05-14T22:26:41+00:00","og_image":[{"width":1200,"height":628,"url":"https:\/\/i0.wp.com\/www.tgreguol.com.br\/blog\/wp-content\/uploads\/2015\/11\/Untitled-11.jpg?fit=1200%2C628","type":"image\/jpeg"}],"twitter_card":"summary_large_image","twitter_site":"@katarse","twitter_misc":{"Est. tempo de leitura":"1 minuto"},"schema":{"@context":"https:\/\/schema.org","@graph":[{"@type":"WebPage","@id":"https:\/\/www.tgreguol.com.br\/blog\/musica\/super-heroi-fora-de-serie\/","url":"https:\/\/www.tgreguol.com.br\/blog\/musica\/super-heroi-fora-de-serie\/","name":"Super-Her\u00f3i Fora de S\u00e9rie - T. Greguol","isPartOf":{"@id":"https:\/\/www.tgreguol.com.br\/blog\/#website"},"datePublished":"2015-11-24T23:25:21+00:00","dateModified":"2020-05-14T22:26:41+00:00","breadcrumb":{"@id":"https:\/\/www.tgreguol.com.br\/blog\/musica\/super-heroi-fora-de-serie\/#breadcrumb"},"inLanguage":"pt-BR","potentialAction":[{"@type":"ReadAction","target":["https:\/\/www.tgreguol.com.br\/blog\/musica\/super-heroi-fora-de-serie\/"]}]},{"@type":"BreadcrumbList","@id":"https:\/\/www.tgreguol.com.br\/blog\/musica\/super-heroi-fora-de-serie\/#breadcrumb","itemListElement":[{"@type":"ListItem","position":1,"name":"In\u00edcio","item":"https:\/\/www.tgreguol.com.br\/blog\/"},{"@type":"ListItem","position":2,"name":"M\u00fasica","item":"https:\/\/www.tgreguol.com.br\/blog\/musica\/"},{"@type":"ListItem","position":3,"name":"Super-Her\u00f3i Fora de S\u00e9rie"}]},{"@type":"WebSite","@id":"https:\/\/www.tgreguol.com.br\/blog\/#website","url":"https:\/\/www.tgreguol.com.br\/blog\/","name":"T. Greguol","description":"Imaginador","potentialAction":[{"@type":"SearchAction","target":{"@type":"EntryPoint","urlTemplate":"https:\/\/www.tgreguol.com.br\/blog\/?s={search_term_string}"},"query-input":{"@type":"PropertyValueSpecification","valueRequired":true,"valueName":"search_term_string"}}],"inLanguage":"pt-BR"}]}},"_links":{"self":[{"href":"https:\/\/www.tgreguol.com.br\/blog\/wp-json\/wp\/v2\/pages\/480","targetHints":{"allow":["GET"]}}],"collection":[{"href":"https:\/\/www.tgreguol.com.br\/blog\/wp-json\/wp\/v2\/pages"}],"about":[{"href":"https:\/\/www.tgreguol.com.br\/blog\/wp-json\/wp\/v2\/types\/page"}],"author":[{"embeddable":true,"href":"https:\/\/www.tgreguol.com.br\/blog\/wp-json\/wp\/v2\/users\/1"}],"replies":[{"embeddable":true,"href":"https:\/\/www.tgreguol.com.br\/blog\/wp-json\/wp\/v2\/comments?post=480"}],"version-history":[{"count":12,"href":"https:\/\/www.tgreguol.com.br\/blog\/wp-json\/wp\/v2\/pages\/480\/revisions"}],"predecessor-version":[{"id":2964,"href":"https:\/\/www.tgreguol.com.br\/blog\/wp-json\/wp\/v2\/pages\/480\/revisions\/2964"}],"up":[{"embeddable":true,"href":"https:\/\/www.tgreguol.com.br\/blog\/wp-json\/wp\/v2\/pages\/47"}],"wp:attachment":[{"href":"https:\/\/www.tgreguol.com.br\/blog\/wp-json\/wp\/v2\/media?parent=480"}],"curies":[{"name":"wp","href":"https:\/\/api.w.org\/{rel}","templated":true}]}}