{"id":47,"date":"2015-11-19T23:17:11","date_gmt":"2015-11-19T23:17:11","guid":{"rendered":"https:\/\/www.tgreguol.com.br\/blog\/?page_id=47"},"modified":"2019-08-06T22:02:42","modified_gmt":"2019-08-06T22:02:42","slug":"musica","status":"publish","type":"page","link":"https:\/\/www.tgreguol.com.br\/blog\/musica\/","title":{"rendered":"M\u00fasica"},"content":{"rendered":"<p style=\"text-align: justify;\">M\u00fasica \u00e9 a\u00a0combina\u00e7\u00e3o harmoniosa e expressiva de sons, \u00e9\u00a0a arte de se exprimir por meio de sons, seguindo regras vari\u00e1veis conforme a \u00e9poca, a civiliza\u00e7\u00e3o etc (ou n\u00e3o). Como m\u00fasico tenho alguns trabalhos. &#8220;Toca&#8221; conferir&#8230;<\/p>\n<p style=\"text-align: justify;\"><strong>Trabalhos lan\u00e7ados<br \/>\n<\/strong><a href=\"https:\/\/www.tgreguol.com.br\/blog\/t-greguol-solo\/\">T. Greguol (<em>solo<\/em>)<\/a><br \/>\n<a href=\"https:\/\/www.tgreguol.com.br\/blog\/comequie-novo-album-de-rodrigo-eba-t-greguol\/\" target=\"_blank\" rel=\"noopener\">Rodrigo EBA! &amp; T. Greguol<\/a><br \/>\n<a href=\"https:\/\/www.tgreguol.com.br\/blog\/banda-katarse\/\" target=\"_blank\" rel=\"noopener\">Katarse<\/a><\/p>\n<p><strong>Trilha sonoras:<\/strong><br \/>\n<a href=\"https:\/\/www.tgreguol.com.br\/blog\/os-fantoches\/\" target=\"_blank\" rel=\"noopener\">Os Fantochs de T. Greguol<\/a><br \/>\n<a href=\"https:\/\/www.tgreguol.com.br\/blog\/musica\/d-on-ice\/\" target=\"_blank\" rel=\"noopener\">D. On Ice<\/a><br \/>\n<a href=\"https:\/\/www.tgreguol.com.br\/blog\/musica\/super-heroi-fora-de-serie\/\" target=\"_blank\" rel=\"noopener\">Super-Her\u00f3i Fora de S\u00e9rie<\/a><\/p>\n","protected":false},"excerpt":{"rendered":"<p>M\u00fasica \u00e9 a\u00a0combina\u00e7\u00e3o harmoniosa e expressiva de sons, \u00e9\u00a0a arte \u2026<\/p>\n<p class=\"continue-reading-button\"> <a class=\"continue-reading-link\" href=\"https:\/\/www.tgreguol.com.br\/blog\/musica\/\">Leia Mais<i class=\"crycon-right-dir\"><\/i><\/a><\/p>\n","protected":false},"author":1,"featured_media":0,"parent":0,"menu_order":4,"comment_status":"closed","ping_status":"closed","template":"","meta":{"nf_dc_page":"","_exactmetrics_skip_tracking":false,"_exactmetrics_sitenote_active":false,"_exactmetrics_sitenote_note":"","_exactmetrics_sitenote_category":0,"footnotes":""},"class_list":["post-47","page","type-page","status-publish","hentry"],"yoast_head":"<!-- This site is optimized with the Yoast SEO plugin v27.5 - https:\/\/yoast.com\/product\/yoast-seo-wordpress\/ -->\n<title>M\u00fasica - T. Greguol<\/title>\n<meta name=\"robots\" content=\"index, follow, max-snippet:-1, max-image-preview:large, max-video-preview:-1\" \/>\n<link rel=\"canonical\" href=\"https:\/\/www.tgreguol.com.br\/blog\/musica\/\" \/>\n<meta property=\"og:locale\" content=\"pt_BR\" \/>\n<meta property=\"og:type\" content=\"article\" \/>\n<meta property=\"og:title\" content=\"M\u00fasica - T. Greguol\" \/>\n<meta property=\"og:description\" content=\"M\u00fasica \u00e9 a\u00a0combina\u00e7\u00e3o harmoniosa e expressiva de sons, \u00e9\u00a0a arte \u2026 Leia Mais\" \/>\n<meta property=\"og:url\" content=\"https:\/\/www.tgreguol.com.br\/blog\/musica\/\" \/>\n<meta property=\"og:site_name\" content=\"T. Greguol\" \/>\n<meta property=\"article:publisher\" content=\"https:\/\/www.facebook.com\/tgreguol\" \/>\n<meta property=\"article:modified_time\" content=\"2019-08-06T22:02:42+00:00\" \/>\n<meta name=\"twitter:card\" content=\"summary_large_image\" \/>\n<meta name=\"twitter:site\" content=\"@katarse\" \/>\n<script type=\"application\/ld+json\" class=\"yoast-schema-graph\">{\"@context\":\"https:\\\/\\\/schema.org\",\"@graph\":[{\"@type\":\"WebPage\",\"@id\":\"https:\\\/\\\/www.tgreguol.com.br\\\/blog\\\/musica\\\/\",\"url\":\"https:\\\/\\\/www.tgreguol.com.br\\\/blog\\\/musica\\\/\",\"name\":\"M\u00fasica - T. Greguol\",\"isPartOf\":{\"@id\":\"https:\\\/\\\/www.tgreguol.com.br\\\/blog\\\/#website\"},\"datePublished\":\"2015-11-19T23:17:11+00:00\",\"dateModified\":\"2019-08-06T22:02:42+00:00\",\"breadcrumb\":{\"@id\":\"https:\\\/\\\/www.tgreguol.com.br\\\/blog\\\/musica\\\/#breadcrumb\"},\"inLanguage\":\"pt-BR\",\"potentialAction\":[{\"@type\":\"ReadAction\",\"target\":[\"https:\\\/\\\/www.tgreguol.com.br\\\/blog\\\/musica\\\/\"]}]},{\"@type\":\"BreadcrumbList\",\"@id\":\"https:\\\/\\\/www.tgreguol.com.br\\\/blog\\\/musica\\\/#breadcrumb\",\"itemListElement\":[{\"@type\":\"ListItem\",\"position\":1,\"name\":\"In\u00edcio\",\"item\":\"https:\\\/\\\/www.tgreguol.com.br\\\/blog\\\/\"},{\"@type\":\"ListItem\",\"position\":2,\"name\":\"M\u00fasica\"}]},{\"@type\":\"WebSite\",\"@id\":\"https:\\\/\\\/www.tgreguol.com.br\\\/blog\\\/#website\",\"url\":\"https:\\\/\\\/www.tgreguol.com.br\\\/blog\\\/\",\"name\":\"T. Greguol\",\"description\":\"Imaginador\",\"potentialAction\":[{\"@type\":\"SearchAction\",\"target\":{\"@type\":\"EntryPoint\",\"urlTemplate\":\"https:\\\/\\\/www.tgreguol.com.br\\\/blog\\\/?s={search_term_string}\"},\"query-input\":{\"@type\":\"PropertyValueSpecification\",\"valueRequired\":true,\"valueName\":\"search_term_string\"}}],\"inLanguage\":\"pt-BR\"}]}<\/script>\n<!-- \/ Yoast SEO plugin. -->","yoast_head_json":{"title":"M\u00fasica - T. Greguol","robots":{"index":"index","follow":"follow","max-snippet":"max-snippet:-1","max-image-preview":"max-image-preview:large","max-video-preview":"max-video-preview:-1"},"canonical":"https:\/\/www.tgreguol.com.br\/blog\/musica\/","og_locale":"pt_BR","og_type":"article","og_title":"M\u00fasica - T. Greguol","og_description":"M\u00fasica \u00e9 a\u00a0combina\u00e7\u00e3o harmoniosa e expressiva de sons, \u00e9\u00a0a arte \u2026 Leia Mais","og_url":"https:\/\/www.tgreguol.com.br\/blog\/musica\/","og_site_name":"T. Greguol","article_publisher":"https:\/\/www.facebook.com\/tgreguol","article_modified_time":"2019-08-06T22:02:42+00:00","twitter_card":"summary_large_image","twitter_site":"@katarse","schema":{"@context":"https:\/\/schema.org","@graph":[{"@type":"WebPage","@id":"https:\/\/www.tgreguol.com.br\/blog\/musica\/","url":"https:\/\/www.tgreguol.com.br\/blog\/musica\/","name":"M\u00fasica - T. Greguol","isPartOf":{"@id":"https:\/\/www.tgreguol.com.br\/blog\/#website"},"datePublished":"2015-11-19T23:17:11+00:00","dateModified":"2019-08-06T22:02:42+00:00","breadcrumb":{"@id":"https:\/\/www.tgreguol.com.br\/blog\/musica\/#breadcrumb"},"inLanguage":"pt-BR","potentialAction":[{"@type":"ReadAction","target":["https:\/\/www.tgreguol.com.br\/blog\/musica\/"]}]},{"@type":"BreadcrumbList","@id":"https:\/\/www.tgreguol.com.br\/blog\/musica\/#breadcrumb","itemListElement":[{"@type":"ListItem","position":1,"name":"In\u00edcio","item":"https:\/\/www.tgreguol.com.br\/blog\/"},{"@type":"ListItem","position":2,"name":"M\u00fasica"}]},{"@type":"WebSite","@id":"https:\/\/www.tgreguol.com.br\/blog\/#website","url":"https:\/\/www.tgreguol.com.br\/blog\/","name":"T. Greguol","description":"Imaginador","potentialAction":[{"@type":"SearchAction","target":{"@type":"EntryPoint","urlTemplate":"https:\/\/www.tgreguol.com.br\/blog\/?s={search_term_string}"},"query-input":{"@type":"PropertyValueSpecification","valueRequired":true,"valueName":"search_term_string"}}],"inLanguage":"pt-BR"}]}},"_links":{"self":[{"href":"https:\/\/www.tgreguol.com.br\/blog\/wp-json\/wp\/v2\/pages\/47","targetHints":{"allow":["GET"]}}],"collection":[{"href":"https:\/\/www.tgreguol.com.br\/blog\/wp-json\/wp\/v2\/pages"}],"about":[{"href":"https:\/\/www.tgreguol.com.br\/blog\/wp-json\/wp\/v2\/types\/page"}],"author":[{"embeddable":true,"href":"https:\/\/www.tgreguol.com.br\/blog\/wp-json\/wp\/v2\/users\/1"}],"replies":[{"embeddable":true,"href":"https:\/\/www.tgreguol.com.br\/blog\/wp-json\/wp\/v2\/comments?post=47"}],"version-history":[{"count":27,"href":"https:\/\/www.tgreguol.com.br\/blog\/wp-json\/wp\/v2\/pages\/47\/revisions"}],"predecessor-version":[{"id":2641,"href":"https:\/\/www.tgreguol.com.br\/blog\/wp-json\/wp\/v2\/pages\/47\/revisions\/2641"}],"wp:attachment":[{"href":"https:\/\/www.tgreguol.com.br\/blog\/wp-json\/wp\/v2\/media?parent=47"}],"curies":[{"name":"wp","href":"https:\/\/api.w.org\/{rel}","templated":true}]}}