{"id":45,"date":"2015-11-19T23:16:50","date_gmt":"2015-11-19T23:16:50","guid":{"rendered":"https:\/\/www.tgreguol.com.br\/blog\/?page_id=45"},"modified":"2020-11-03T19:51:09","modified_gmt":"2020-11-03T19:51:09","slug":"literatura","status":"publish","type":"page","link":"https:\/\/www.tgreguol.com.br\/blog\/literatura\/","title":{"rendered":"Literatura"},"content":{"rendered":"<p>Literatura \u00e9 o\u00a0uso est\u00e9tico da linguagem escrita. \u00c9 a arte liter\u00e1ria. Nesse g\u00eanero tenho alguns trabalhos e outros por vir ainda. D\u00e1 uma conferida:<\/p>\n<p><a href=\"https:\/\/www.tgreguol.com.br\/blog\/antes-de-saber-eu-tambem-nao-sabia-2020\/\" target=\"_blank\" rel=\"noopener noreferrer\">Antes de Saber Eu Tamb\u00e9m N\u00e3o Sabia (2020)<\/a><\/p>\n<p><a href=\"https:\/\/www.tgreguol.com.br\/blog\/t-rinhas\/\" target=\"_blank\" rel=\"noopener noreferrer\">T-Rinhas<\/a><\/p>\n<p><a href=\"https:\/\/www.tgreguol.com.br\/blog\/literatura\/monstro-e-seus-amigos-monstros-2016-previsto\/\">Monstro e Seus Amigos Monstros (2016)<\/a><\/p>\n<p><a href=\"https:\/\/www.tgreguol.com.br\/blog\/literatura\/contos\/\">Contos<\/a><\/p>\n<p style=\"text-align: justify;\"><a href=\"https:\/\/www.tgreguol.com.br\/blog\/viver-mata\/\">Viver Mata (2003)<\/a><\/p>\n<p><a href=\"https:\/\/www.tgreguol.com.br\/blog\/literatura\/catarse-2002\/\">Catarse (2002)<\/a><\/p>\n","protected":false},"excerpt":{"rendered":"<p>Literatura \u00e9 o\u00a0uso est\u00e9tico da linguagem escrita. \u00c9 a arte \u2026<\/p>\n<p class=\"continue-reading-button\"> <a class=\"continue-reading-link\" href=\"https:\/\/www.tgreguol.com.br\/blog\/literatura\/\">Leia Mais<i class=\"crycon-right-dir\"><\/i><\/a><\/p>\n","protected":false},"author":1,"featured_media":0,"parent":0,"menu_order":2,"comment_status":"closed","ping_status":"closed","template":"","meta":{"nf_dc_page":"","_exactmetrics_skip_tracking":false,"_exactmetrics_sitenote_active":false,"_exactmetrics_sitenote_note":"","_exactmetrics_sitenote_category":0,"footnotes":""},"class_list":["post-45","page","type-page","status-publish","hentry"],"yoast_head":"<!-- This site is optimized with the Yoast SEO plugin v27.5 - https:\/\/yoast.com\/product\/yoast-seo-wordpress\/ -->\n<title>Literatura - T. Greguol<\/title>\n<meta name=\"robots\" content=\"index, follow, max-snippet:-1, max-image-preview:large, max-video-preview:-1\" \/>\n<link rel=\"canonical\" href=\"https:\/\/www.tgreguol.com.br\/blog\/literatura\/\" \/>\n<meta property=\"og:locale\" content=\"pt_BR\" \/>\n<meta property=\"og:type\" content=\"article\" \/>\n<meta property=\"og:title\" content=\"Literatura - T. Greguol\" \/>\n<meta property=\"og:description\" content=\"Literatura \u00e9 o\u00a0uso est\u00e9tico da linguagem escrita. \u00c9 a arte \u2026 Leia Mais\" \/>\n<meta property=\"og:url\" content=\"https:\/\/www.tgreguol.com.br\/blog\/literatura\/\" \/>\n<meta property=\"og:site_name\" content=\"T. Greguol\" \/>\n<meta property=\"article:publisher\" content=\"https:\/\/www.facebook.com\/tgreguol\" \/>\n<meta property=\"article:modified_time\" content=\"2020-11-03T19:51:09+00:00\" \/>\n<meta name=\"twitter:card\" content=\"summary_large_image\" \/>\n<meta name=\"twitter:site\" content=\"@katarse\" \/>\n<script type=\"application\/ld+json\" class=\"yoast-schema-graph\">{\"@context\":\"https:\\\/\\\/schema.org\",\"@graph\":[{\"@type\":\"WebPage\",\"@id\":\"https:\\\/\\\/www.tgreguol.com.br\\\/blog\\\/literatura\\\/\",\"url\":\"https:\\\/\\\/www.tgreguol.com.br\\\/blog\\\/literatura\\\/\",\"name\":\"Literatura - T. Greguol\",\"isPartOf\":{\"@id\":\"https:\\\/\\\/www.tgreguol.com.br\\\/blog\\\/#website\"},\"datePublished\":\"2015-11-19T23:16:50+00:00\",\"dateModified\":\"2020-11-03T19:51:09+00:00\",\"breadcrumb\":{\"@id\":\"https:\\\/\\\/www.tgreguol.com.br\\\/blog\\\/literatura\\\/#breadcrumb\"},\"inLanguage\":\"pt-BR\",\"potentialAction\":[{\"@type\":\"ReadAction\",\"target\":[\"https:\\\/\\\/www.tgreguol.com.br\\\/blog\\\/literatura\\\/\"]}]},{\"@type\":\"BreadcrumbList\",\"@id\":\"https:\\\/\\\/www.tgreguol.com.br\\\/blog\\\/literatura\\\/#breadcrumb\",\"itemListElement\":[{\"@type\":\"ListItem\",\"position\":1,\"name\":\"In\u00edcio\",\"item\":\"https:\\\/\\\/www.tgreguol.com.br\\\/blog\\\/\"},{\"@type\":\"ListItem\",\"position\":2,\"name\":\"Literatura\"}]},{\"@type\":\"WebSite\",\"@id\":\"https:\\\/\\\/www.tgreguol.com.br\\\/blog\\\/#website\",\"url\":\"https:\\\/\\\/www.tgreguol.com.br\\\/blog\\\/\",\"name\":\"T. Greguol\",\"description\":\"Imaginador\",\"potentialAction\":[{\"@type\":\"SearchAction\",\"target\":{\"@type\":\"EntryPoint\",\"urlTemplate\":\"https:\\\/\\\/www.tgreguol.com.br\\\/blog\\\/?s={search_term_string}\"},\"query-input\":{\"@type\":\"PropertyValueSpecification\",\"valueRequired\":true,\"valueName\":\"search_term_string\"}}],\"inLanguage\":\"pt-BR\"}]}<\/script>\n<!-- \/ Yoast SEO plugin. -->","yoast_head_json":{"title":"Literatura - T. Greguol","robots":{"index":"index","follow":"follow","max-snippet":"max-snippet:-1","max-image-preview":"max-image-preview:large","max-video-preview":"max-video-preview:-1"},"canonical":"https:\/\/www.tgreguol.com.br\/blog\/literatura\/","og_locale":"pt_BR","og_type":"article","og_title":"Literatura - T. Greguol","og_description":"Literatura \u00e9 o\u00a0uso est\u00e9tico da linguagem escrita. \u00c9 a arte \u2026 Leia Mais","og_url":"https:\/\/www.tgreguol.com.br\/blog\/literatura\/","og_site_name":"T. Greguol","article_publisher":"https:\/\/www.facebook.com\/tgreguol","article_modified_time":"2020-11-03T19:51:09+00:00","twitter_card":"summary_large_image","twitter_site":"@katarse","schema":{"@context":"https:\/\/schema.org","@graph":[{"@type":"WebPage","@id":"https:\/\/www.tgreguol.com.br\/blog\/literatura\/","url":"https:\/\/www.tgreguol.com.br\/blog\/literatura\/","name":"Literatura - T. Greguol","isPartOf":{"@id":"https:\/\/www.tgreguol.com.br\/blog\/#website"},"datePublished":"2015-11-19T23:16:50+00:00","dateModified":"2020-11-03T19:51:09+00:00","breadcrumb":{"@id":"https:\/\/www.tgreguol.com.br\/blog\/literatura\/#breadcrumb"},"inLanguage":"pt-BR","potentialAction":[{"@type":"ReadAction","target":["https:\/\/www.tgreguol.com.br\/blog\/literatura\/"]}]},{"@type":"BreadcrumbList","@id":"https:\/\/www.tgreguol.com.br\/blog\/literatura\/#breadcrumb","itemListElement":[{"@type":"ListItem","position":1,"name":"In\u00edcio","item":"https:\/\/www.tgreguol.com.br\/blog\/"},{"@type":"ListItem","position":2,"name":"Literatura"}]},{"@type":"WebSite","@id":"https:\/\/www.tgreguol.com.br\/blog\/#website","url":"https:\/\/www.tgreguol.com.br\/blog\/","name":"T. Greguol","description":"Imaginador","potentialAction":[{"@type":"SearchAction","target":{"@type":"EntryPoint","urlTemplate":"https:\/\/www.tgreguol.com.br\/blog\/?s={search_term_string}"},"query-input":{"@type":"PropertyValueSpecification","valueRequired":true,"valueName":"search_term_string"}}],"inLanguage":"pt-BR"}]}},"_links":{"self":[{"href":"https:\/\/www.tgreguol.com.br\/blog\/wp-json\/wp\/v2\/pages\/45","targetHints":{"allow":["GET"]}}],"collection":[{"href":"https:\/\/www.tgreguol.com.br\/blog\/wp-json\/wp\/v2\/pages"}],"about":[{"href":"https:\/\/www.tgreguol.com.br\/blog\/wp-json\/wp\/v2\/types\/page"}],"author":[{"embeddable":true,"href":"https:\/\/www.tgreguol.com.br\/blog\/wp-json\/wp\/v2\/users\/1"}],"replies":[{"embeddable":true,"href":"https:\/\/www.tgreguol.com.br\/blog\/wp-json\/wp\/v2\/comments?post=45"}],"version-history":[{"count":11,"href":"https:\/\/www.tgreguol.com.br\/blog\/wp-json\/wp\/v2\/pages\/45\/revisions"}],"predecessor-version":[{"id":3125,"href":"https:\/\/www.tgreguol.com.br\/blog\/wp-json\/wp\/v2\/pages\/45\/revisions\/3125"}],"wp:attachment":[{"href":"https:\/\/www.tgreguol.com.br\/blog\/wp-json\/wp\/v2\/media?parent=45"}],"curies":[{"name":"wp","href":"https:\/\/api.w.org\/{rel}","templated":true}]}}