{"id":41,"date":"2015-11-19T23:15:54","date_gmt":"2015-11-19T23:15:54","guid":{"rendered":"https:\/\/www.tgreguol.com.br\/blog\/?page_id=41"},"modified":"2019-12-20T14:48:04","modified_gmt":"2019-12-20T14:48:04","slug":"artes-plasticas","status":"publish","type":"page","link":"https:\/\/www.tgreguol.com.br\/blog\/artes-plasticas\/","title":{"rendered":"Artes Pl\u00e1sticas"},"content":{"rendered":"<p style=\"text-align: justify;\">A pesquisa art\u00edstica de T. Greguol se baseia em obras figurativas e ideias abstratas. Tradu\u00e7\u00f5es de apar\u00eancias, conjecturas, especula\u00e7\u00f5es, hip\u00f3teses, humores, ritmos, sensa\u00e7\u00f5es, significados e suposi\u00e7\u00f5es a respeito da exist\u00eancia. Para entender com a nuca e n\u00e3o com a testa, onde ficam as rugas dos pensamentos complicados.<\/p>\n<p><a href=\"https:\/\/www.tgreguol.com.br\/blog\/sobre-t-greguol\/\">Hist\u00f3rico de Exposi\u00e7\u00f5es<\/a><\/p>\n<p>Formatos de Trabalhos:<br \/>\n<a href=\"https:\/\/www.tgreguol.com.br\/blog\/artes-plasticas\/caixas\/\">Caixas<\/a><br \/>\n<a href=\"https:\/\/www.tgreguol.com.br\/blog\/artes-plasticas\/telas\/\">Telas<\/a><br \/>\n<a href=\"https:\/\/www.tgreguol.com.br\/blog\/artes-plasticas\/tridimensionais\/\">Tridimensionais<\/a><\/p>\n","protected":false},"excerpt":{"rendered":"<p>A pesquisa art\u00edstica de T. Greguol se baseia em obras \u2026<\/p>\n<p class=\"continue-reading-button\"> <a class=\"continue-reading-link\" href=\"https:\/\/www.tgreguol.com.br\/blog\/artes-plasticas\/\">Leia Mais<i class=\"crycon-right-dir\"><\/i><\/a><\/p>\n","protected":false},"author":1,"featured_media":0,"parent":0,"menu_order":0,"comment_status":"closed","ping_status":"closed","template":"","meta":{"nf_dc_page":"","_exactmetrics_skip_tracking":false,"_exactmetrics_sitenote_active":false,"_exactmetrics_sitenote_note":"","_exactmetrics_sitenote_category":0,"footnotes":""},"class_list":["post-41","page","type-page","status-publish","hentry"],"yoast_head":"<!-- This site is optimized with the Yoast SEO plugin v27.5 - https:\/\/yoast.com\/product\/yoast-seo-wordpress\/ -->\n<title>Artes Pl\u00e1sticas - T. Greguol<\/title>\n<meta name=\"robots\" content=\"index, follow, max-snippet:-1, max-image-preview:large, max-video-preview:-1\" \/>\n<link rel=\"canonical\" href=\"https:\/\/www.tgreguol.com.br\/blog\/artes-plasticas\/\" \/>\n<meta property=\"og:locale\" content=\"pt_BR\" \/>\n<meta property=\"og:type\" content=\"article\" \/>\n<meta property=\"og:title\" content=\"Artes Pl\u00e1sticas - T. Greguol\" \/>\n<meta property=\"og:description\" content=\"Em meu trabalho tento passar estados n\u00e3o objetivos e n\u00e3o lineares. De prefer\u00eancia que seja compreendido, mas n\u00e3o entendido. Para entender com a nuca e n\u00e3o com a testa (onde geralmente ficam a rugas dos pensamentos complicados).\" \/>\n<meta property=\"og:url\" content=\"https:\/\/www.tgreguol.com.br\/blog\/artes-plasticas\/\" \/>\n<meta property=\"og:site_name\" content=\"T. Greguol\" \/>\n<meta property=\"article:publisher\" content=\"https:\/\/www.facebook.com\/tgreguol\" \/>\n<meta property=\"article:modified_time\" content=\"2019-12-20T14:48:04+00:00\" \/>\n<meta name=\"twitter:card\" content=\"summary_large_image\" \/>\n<meta name=\"twitter:site\" content=\"@katarse\" \/>\n<script type=\"application\/ld+json\" class=\"yoast-schema-graph\">{\"@context\":\"https:\\\/\\\/schema.org\",\"@graph\":[{\"@type\":\"WebPage\",\"@id\":\"https:\\\/\\\/www.tgreguol.com.br\\\/blog\\\/artes-plasticas\\\/\",\"url\":\"https:\\\/\\\/www.tgreguol.com.br\\\/blog\\\/artes-plasticas\\\/\",\"name\":\"Artes Pl\u00e1sticas - T. Greguol\",\"isPartOf\":{\"@id\":\"https:\\\/\\\/www.tgreguol.com.br\\\/blog\\\/#website\"},\"datePublished\":\"2015-11-19T23:15:54+00:00\",\"dateModified\":\"2019-12-20T14:48:04+00:00\",\"breadcrumb\":{\"@id\":\"https:\\\/\\\/www.tgreguol.com.br\\\/blog\\\/artes-plasticas\\\/#breadcrumb\"},\"inLanguage\":\"pt-BR\",\"potentialAction\":[{\"@type\":\"ReadAction\",\"target\":[\"https:\\\/\\\/www.tgreguol.com.br\\\/blog\\\/artes-plasticas\\\/\"]}]},{\"@type\":\"BreadcrumbList\",\"@id\":\"https:\\\/\\\/www.tgreguol.com.br\\\/blog\\\/artes-plasticas\\\/#breadcrumb\",\"itemListElement\":[{\"@type\":\"ListItem\",\"position\":1,\"name\":\"In\u00edcio\",\"item\":\"https:\\\/\\\/www.tgreguol.com.br\\\/blog\\\/\"},{\"@type\":\"ListItem\",\"position\":2,\"name\":\"Artes Pl\u00e1sticas\"}]},{\"@type\":\"WebSite\",\"@id\":\"https:\\\/\\\/www.tgreguol.com.br\\\/blog\\\/#website\",\"url\":\"https:\\\/\\\/www.tgreguol.com.br\\\/blog\\\/\",\"name\":\"T. Greguol\",\"description\":\"Imaginador\",\"potentialAction\":[{\"@type\":\"SearchAction\",\"target\":{\"@type\":\"EntryPoint\",\"urlTemplate\":\"https:\\\/\\\/www.tgreguol.com.br\\\/blog\\\/?s={search_term_string}\"},\"query-input\":{\"@type\":\"PropertyValueSpecification\",\"valueRequired\":true,\"valueName\":\"search_term_string\"}}],\"inLanguage\":\"pt-BR\"}]}<\/script>\n<!-- \/ Yoast SEO plugin. -->","yoast_head_json":{"title":"Artes Pl\u00e1sticas - T. Greguol","robots":{"index":"index","follow":"follow","max-snippet":"max-snippet:-1","max-image-preview":"max-image-preview:large","max-video-preview":"max-video-preview:-1"},"canonical":"https:\/\/www.tgreguol.com.br\/blog\/artes-plasticas\/","og_locale":"pt_BR","og_type":"article","og_title":"Artes Pl\u00e1sticas - T. Greguol","og_description":"Em meu trabalho tento passar estados n\u00e3o objetivos e n\u00e3o lineares. De prefer\u00eancia que seja compreendido, mas n\u00e3o entendido. Para entender com a nuca e n\u00e3o com a testa (onde geralmente ficam a rugas dos pensamentos complicados).","og_url":"https:\/\/www.tgreguol.com.br\/blog\/artes-plasticas\/","og_site_name":"T. Greguol","article_publisher":"https:\/\/www.facebook.com\/tgreguol","article_modified_time":"2019-12-20T14:48:04+00:00","twitter_card":"summary_large_image","twitter_site":"@katarse","schema":{"@context":"https:\/\/schema.org","@graph":[{"@type":"WebPage","@id":"https:\/\/www.tgreguol.com.br\/blog\/artes-plasticas\/","url":"https:\/\/www.tgreguol.com.br\/blog\/artes-plasticas\/","name":"Artes Pl\u00e1sticas - T. Greguol","isPartOf":{"@id":"https:\/\/www.tgreguol.com.br\/blog\/#website"},"datePublished":"2015-11-19T23:15:54+00:00","dateModified":"2019-12-20T14:48:04+00:00","breadcrumb":{"@id":"https:\/\/www.tgreguol.com.br\/blog\/artes-plasticas\/#breadcrumb"},"inLanguage":"pt-BR","potentialAction":[{"@type":"ReadAction","target":["https:\/\/www.tgreguol.com.br\/blog\/artes-plasticas\/"]}]},{"@type":"BreadcrumbList","@id":"https:\/\/www.tgreguol.com.br\/blog\/artes-plasticas\/#breadcrumb","itemListElement":[{"@type":"ListItem","position":1,"name":"In\u00edcio","item":"https:\/\/www.tgreguol.com.br\/blog\/"},{"@type":"ListItem","position":2,"name":"Artes Pl\u00e1sticas"}]},{"@type":"WebSite","@id":"https:\/\/www.tgreguol.com.br\/blog\/#website","url":"https:\/\/www.tgreguol.com.br\/blog\/","name":"T. Greguol","description":"Imaginador","potentialAction":[{"@type":"SearchAction","target":{"@type":"EntryPoint","urlTemplate":"https:\/\/www.tgreguol.com.br\/blog\/?s={search_term_string}"},"query-input":{"@type":"PropertyValueSpecification","valueRequired":true,"valueName":"search_term_string"}}],"inLanguage":"pt-BR"}]}},"_links":{"self":[{"href":"https:\/\/www.tgreguol.com.br\/blog\/wp-json\/wp\/v2\/pages\/41","targetHints":{"allow":["GET"]}}],"collection":[{"href":"https:\/\/www.tgreguol.com.br\/blog\/wp-json\/wp\/v2\/pages"}],"about":[{"href":"https:\/\/www.tgreguol.com.br\/blog\/wp-json\/wp\/v2\/types\/page"}],"author":[{"embeddable":true,"href":"https:\/\/www.tgreguol.com.br\/blog\/wp-json\/wp\/v2\/users\/1"}],"replies":[{"embeddable":true,"href":"https:\/\/www.tgreguol.com.br\/blog\/wp-json\/wp\/v2\/comments?post=41"}],"version-history":[{"count":29,"href":"https:\/\/www.tgreguol.com.br\/blog\/wp-json\/wp\/v2\/pages\/41\/revisions"}],"predecessor-version":[{"id":2922,"href":"https:\/\/www.tgreguol.com.br\/blog\/wp-json\/wp\/v2\/pages\/41\/revisions\/2922"}],"wp:attachment":[{"href":"https:\/\/www.tgreguol.com.br\/blog\/wp-json\/wp\/v2\/media?parent=41"}],"curies":[{"name":"wp","href":"https:\/\/api.w.org\/{rel}","templated":true}]}}