{"id":3832,"date":"2026-05-13T20:51:14","date_gmt":"2026-05-13T20:51:14","guid":{"rendered":"https:\/\/www.tgreguol.com.br\/blog\/?page_id=3832"},"modified":"2026-05-13T20:57:44","modified_gmt":"2026-05-13T20:57:44","slug":"reciclagem","status":"publish","type":"page","link":"https:\/\/www.tgreguol.com.br\/blog\/reciclagem\/","title":{"rendered":"RECICLAGEM"},"content":{"rendered":"\n<p class=\"\">Letra: T. Greguol \/ M\u00fasica: L. Netto<\/p>\n\n\n\n<p class=\"\">A flor, a pedra, o bicho<br>N\u00f3s todos temos um caminho<br>Quem ensinou o que somos?<br>\u00c9 curioso saber que a alface que como agora<br>Pode ter sido minha av\u00f3 e eu, um dia, uma sacola<br>Tudo que existe no universo \u00e9 macro e micro<br>Todos s\u00e3o iguais o sol, minha av\u00f3 e um piano<br>No final, meu amigo, tanto faz<br>No final, minha amiga, tanto faz<br>No final, tanto faz<\/p>\n\n\n\n<p class=\"\">Kal Venturi \u2026 contrabaixo<br>Leandro TG Mendes \u2026 guitarra<br>Rodrigo Eba! \u2026 percuss\u00e3o<br>T. Greguol \u2026 voz<br>Vivian Benford \u2026 percuss\u00e3o, vozes<\/p>\n","protected":false},"excerpt":{"rendered":"<p>Letra: T. Greguol \/ M\u00fasica: L. Netto A flor, a \u2026<\/p>\n<p class=\"continue-reading-button\"> <a class=\"continue-reading-link\" href=\"https:\/\/www.tgreguol.com.br\/blog\/reciclagem\/\">Leia Mais<i class=\"crycon-right-dir\"><\/i><\/a><\/p>\n","protected":false},"author":1,"featured_media":0,"parent":0,"menu_order":0,"comment_status":"closed","ping_status":"closed","template":"","meta":{"nf_dc_page":"","_exactmetrics_skip_tracking":false,"_exactmetrics_sitenote_active":false,"_exactmetrics_sitenote_note":"","_exactmetrics_sitenote_category":0,"footnotes":""},"class_list":["post-3832","page","type-page","status-publish","hentry"],"yoast_head":"<!-- This site is optimized with the Yoast SEO plugin v27.6 - https:\/\/yoast.com\/product\/yoast-seo-wordpress\/ -->\n<title>RECICLAGEM - T. Greguol<\/title>\n<meta name=\"robots\" content=\"index, follow, max-snippet:-1, max-image-preview:large, max-video-preview:-1\" \/>\n<link rel=\"canonical\" href=\"https:\/\/www.tgreguol.com.br\/blog\/reciclagem\/\" \/>\n<meta property=\"og:locale\" content=\"pt_BR\" \/>\n<meta property=\"og:type\" content=\"article\" \/>\n<meta property=\"og:title\" content=\"RECICLAGEM - T. Greguol\" \/>\n<meta property=\"og:description\" content=\"Letra: T. Greguol \/ M\u00fasica: L. Netto A flor, a \u2026 Leia Mais\" \/>\n<meta property=\"og:url\" content=\"https:\/\/www.tgreguol.com.br\/blog\/reciclagem\/\" \/>\n<meta property=\"og:site_name\" content=\"T. Greguol\" \/>\n<meta property=\"article:publisher\" content=\"https:\/\/www.facebook.com\/tgreguol\" \/>\n<meta property=\"article:modified_time\" content=\"2026-05-13T20:57:44+00:00\" \/>\n<meta name=\"twitter:card\" content=\"summary_large_image\" \/>\n<meta name=\"twitter:site\" content=\"@katarse\" \/>\n<meta name=\"twitter:label1\" content=\"Est. tempo de leitura\" \/>\n\t<meta name=\"twitter:data1\" content=\"1 minuto\" \/>\n<script type=\"application\/ld+json\" class=\"yoast-schema-graph\">{\"@context\":\"https:\\\/\\\/schema.org\",\"@graph\":[{\"@type\":\"WebPage\",\"@id\":\"https:\\\/\\\/www.tgreguol.com.br\\\/blog\\\/reciclagem\\\/\",\"url\":\"https:\\\/\\\/www.tgreguol.com.br\\\/blog\\\/reciclagem\\\/\",\"name\":\"RECICLAGEM - T. Greguol\",\"isPartOf\":{\"@id\":\"https:\\\/\\\/www.tgreguol.com.br\\\/blog\\\/#website\"},\"datePublished\":\"2026-05-13T20:51:14+00:00\",\"dateModified\":\"2026-05-13T20:57:44+00:00\",\"breadcrumb\":{\"@id\":\"https:\\\/\\\/www.tgreguol.com.br\\\/blog\\\/reciclagem\\\/#breadcrumb\"},\"inLanguage\":\"pt-BR\",\"potentialAction\":[{\"@type\":\"ReadAction\",\"target\":[\"https:\\\/\\\/www.tgreguol.com.br\\\/blog\\\/reciclagem\\\/\"]}]},{\"@type\":\"BreadcrumbList\",\"@id\":\"https:\\\/\\\/www.tgreguol.com.br\\\/blog\\\/reciclagem\\\/#breadcrumb\",\"itemListElement\":[{\"@type\":\"ListItem\",\"position\":1,\"name\":\"In\u00edcio\",\"item\":\"https:\\\/\\\/www.tgreguol.com.br\\\/blog\\\/\"},{\"@type\":\"ListItem\",\"position\":2,\"name\":\"RECICLAGEM\"}]},{\"@type\":\"WebSite\",\"@id\":\"https:\\\/\\\/www.tgreguol.com.br\\\/blog\\\/#website\",\"url\":\"https:\\\/\\\/www.tgreguol.com.br\\\/blog\\\/\",\"name\":\"T. Greguol\",\"description\":\"Imaginador\",\"potentialAction\":[{\"@type\":\"SearchAction\",\"target\":{\"@type\":\"EntryPoint\",\"urlTemplate\":\"https:\\\/\\\/www.tgreguol.com.br\\\/blog\\\/?s={search_term_string}\"},\"query-input\":{\"@type\":\"PropertyValueSpecification\",\"valueRequired\":true,\"valueName\":\"search_term_string\"}}],\"inLanguage\":\"pt-BR\"}]}<\/script>\n<!-- \/ Yoast SEO plugin. -->","yoast_head_json":{"title":"RECICLAGEM - T. Greguol","robots":{"index":"index","follow":"follow","max-snippet":"max-snippet:-1","max-image-preview":"max-image-preview:large","max-video-preview":"max-video-preview:-1"},"canonical":"https:\/\/www.tgreguol.com.br\/blog\/reciclagem\/","og_locale":"pt_BR","og_type":"article","og_title":"RECICLAGEM - T. Greguol","og_description":"Letra: T. Greguol \/ M\u00fasica: L. Netto A flor, a \u2026 Leia Mais","og_url":"https:\/\/www.tgreguol.com.br\/blog\/reciclagem\/","og_site_name":"T. Greguol","article_publisher":"https:\/\/www.facebook.com\/tgreguol","article_modified_time":"2026-05-13T20:57:44+00:00","twitter_card":"summary_large_image","twitter_site":"@katarse","twitter_misc":{"Est. tempo de leitura":"1 minuto"},"schema":{"@context":"https:\/\/schema.org","@graph":[{"@type":"WebPage","@id":"https:\/\/www.tgreguol.com.br\/blog\/reciclagem\/","url":"https:\/\/www.tgreguol.com.br\/blog\/reciclagem\/","name":"RECICLAGEM - T. Greguol","isPartOf":{"@id":"https:\/\/www.tgreguol.com.br\/blog\/#website"},"datePublished":"2026-05-13T20:51:14+00:00","dateModified":"2026-05-13T20:57:44+00:00","breadcrumb":{"@id":"https:\/\/www.tgreguol.com.br\/blog\/reciclagem\/#breadcrumb"},"inLanguage":"pt-BR","potentialAction":[{"@type":"ReadAction","target":["https:\/\/www.tgreguol.com.br\/blog\/reciclagem\/"]}]},{"@type":"BreadcrumbList","@id":"https:\/\/www.tgreguol.com.br\/blog\/reciclagem\/#breadcrumb","itemListElement":[{"@type":"ListItem","position":1,"name":"In\u00edcio","item":"https:\/\/www.tgreguol.com.br\/blog\/"},{"@type":"ListItem","position":2,"name":"RECICLAGEM"}]},{"@type":"WebSite","@id":"https:\/\/www.tgreguol.com.br\/blog\/#website","url":"https:\/\/www.tgreguol.com.br\/blog\/","name":"T. Greguol","description":"Imaginador","potentialAction":[{"@type":"SearchAction","target":{"@type":"EntryPoint","urlTemplate":"https:\/\/www.tgreguol.com.br\/blog\/?s={search_term_string}"},"query-input":{"@type":"PropertyValueSpecification","valueRequired":true,"valueName":"search_term_string"}}],"inLanguage":"pt-BR"}]}},"_links":{"self":[{"href":"https:\/\/www.tgreguol.com.br\/blog\/wp-json\/wp\/v2\/pages\/3832","targetHints":{"allow":["GET"]}}],"collection":[{"href":"https:\/\/www.tgreguol.com.br\/blog\/wp-json\/wp\/v2\/pages"}],"about":[{"href":"https:\/\/www.tgreguol.com.br\/blog\/wp-json\/wp\/v2\/types\/page"}],"author":[{"embeddable":true,"href":"https:\/\/www.tgreguol.com.br\/blog\/wp-json\/wp\/v2\/users\/1"}],"replies":[{"embeddable":true,"href":"https:\/\/www.tgreguol.com.br\/blog\/wp-json\/wp\/v2\/comments?post=3832"}],"version-history":[{"count":1,"href":"https:\/\/www.tgreguol.com.br\/blog\/wp-json\/wp\/v2\/pages\/3832\/revisions"}],"predecessor-version":[{"id":3833,"href":"https:\/\/www.tgreguol.com.br\/blog\/wp-json\/wp\/v2\/pages\/3832\/revisions\/3833"}],"wp:attachment":[{"href":"https:\/\/www.tgreguol.com.br\/blog\/wp-json\/wp\/v2\/media?parent=3832"}],"curies":[{"name":"wp","href":"https:\/\/api.w.org\/{rel}","templated":true}]}}