{"id":3815,"date":"2026-05-08T21:50:10","date_gmt":"2026-05-08T21:50:10","guid":{"rendered":"https:\/\/www.tgreguol.com.br\/blog\/?page_id=3815"},"modified":"2026-05-08T21:51:09","modified_gmt":"2026-05-08T21:51:09","slug":"e-so-greguol-e-so","status":"publish","type":"page","link":"https:\/\/www.tgreguol.com.br\/blog\/e-so-greguol-e-so\/","title":{"rendered":"\u00c9 s\u00f3 Greguol; e s\u00f3!"},"content":{"rendered":"\n<p class=\"\">A arte \u00e9 t\u00e3o irrespons\u00e1vel que \u00e9 capaz de comprimir as quest\u00f5es mais deflagradoras da humanidade em pequenas pinceladas. Assim, assuntos complexos ganham uma \u00f3tica quase infantil e n\u00e3o respondem quest\u00e3o alguma, mas abrem novas janelas de conceitos e possibilidades. O cientista tenta responder perguntas milenares; o fil\u00f3sofo reflete e busca solu\u00e7\u00f5es; j\u00e1 o artista \u2014 a este resta largar a bomba e sair de cena: explicando para confundir, confundindo para esclarecer, desorganizando para se organizar e organizando para desorganizar.<\/p>\n\n\n\n<p class=\"\">T. Greguol j\u00e1 nos defronta com um planeta Terra em car\u00e1ter estilizado e encapsula p\u00e1ginas e p\u00e1ginas de teses filosofais em can\u00e7\u00f5es que encontram no pop seu abrigo mais eficaz. Suas m\u00e3os s\u00e3o mais r\u00e1pidas que nossos olhos, e ele passa a nos confundir, esclarecer, organizar, desorganizar e fingir que \u00e9 dor a dor que deveras sente; e s\u00f3! Nada aqui importa \u2014 por isso tudo aqui \u00e9 importante: \u00e9 o holofote naquela sinapse descartada que continha p\u00e9rolas reflexivas raras, trazendo o inutens\u00edlio necess\u00e1rio para a manuten\u00e7\u00e3o da alma.<\/p>\n\n\n\n<p class=\"\">Quando nos pergunta \u201cQuem ensinou o que somos?\u201d, Greguol n\u00e3o responde: deixa voc\u00ea tentando co\u00e7ar essa pulga e o faz refletir sobre o quanto somos constru\u00e7\u00f5es sociais, e que talvez pouco ou nada do que voc\u00ea \u00e9 seja uma escolha sua. E, depois deste molde pronto do eu, s\u00f3 d\u00e1 para ser o que se \u00e9; pois o poeta atesta: n\u00e3o d\u00e1 para ser o que n\u00e3o se \u00e9, plantando uma miragem sint\u00e1tica pouco estabilizante. E n\u00e3o adianta suplicar por resposta: o artista j\u00e1 correu, deixando voc\u00ea com esse abacaxi existencial na m\u00e3o; e s\u00f3. \u2014 Mas, se o poeta chega a fingir a dor que de fato sente, ele pode ser o que n\u00e3o se \u00e9? \u2014 N\u00e3o h\u00e1 resposta; o poeta correu, lembra?<\/p>\n\n\n\n<p class=\"\">O \u00e1lbum E S\u00f3, d\u00e9cimo de Greguol, d\u00e1 mais patas a essas pulgas e camufla filosofia fina em palavras palat\u00e1veis, por\u00e9m escorregadias: como tratar uma reciclagem da vida invocando uma l\u00f3gica c\u00edclica c\u00e1rmica; falar de igualdade te\u00f3rica em contraposi\u00e7\u00e3o \u00e0 diferen\u00e7a pr\u00e1tica; abordar uma contemporaneidade que, movida a medo, passa a se arriscar menos, de maneira covarde e acr\u00edtica; expor o frenetismo obsessivo atual, em que pessoas se diluem pelo efeito pasteurizador da repeti\u00e7\u00e3o. \u00c9 complicado, mas est\u00e1 simples! Est\u00e1 confuso? J\u00e1 j\u00e1 explicamos: o que isso significa para voc\u00ea? Paft! O poeta sumiu! No final, meu amigo, tanto faz. O metro \u00e9 s\u00f3 uma medida: e s\u00f3.<\/p>\n\n\n\n<p class=\"\">O universo est\u00e1 condensado nesse \u00e1lbum de tiro r\u00e1pido e certeiro, concentrando o existencialismo em rajadas de poemas alinhavados pelas melodias pervasivas de Louren\u00e7o Netto. Quarenta e cinco artistas se perfilam e ajudam a rechear esse universo. A resposta que n\u00e3o teremos se transformar\u00e1 numa pergunta interna que ruminaremos, sem perceber que o percurso j\u00e1 \u00e9 mais enriquecedor que a resposta: e s\u00f3!<\/p>\n\n\n\n<p class=\"\"><a href=\"https:\/\/www.youtube.com\/channel\/UCesfixJPc9jTYQL378hmu8A\/featured\">Juscelino Filho<\/a><br>Cantor, compositor, escritor.<\/p>\n","protected":false},"excerpt":{"rendered":"<p>A arte \u00e9 t\u00e3o irrespons\u00e1vel que \u00e9 capaz de comprimir \u2026<\/p>\n<p class=\"continue-reading-button\"> <a class=\"continue-reading-link\" href=\"https:\/\/www.tgreguol.com.br\/blog\/e-so-greguol-e-so\/\">Leia Mais<i class=\"crycon-right-dir\"><\/i><\/a><\/p>\n","protected":false},"author":1,"featured_media":0,"parent":0,"menu_order":0,"comment_status":"closed","ping_status":"closed","template":"","meta":{"nf_dc_page":"","_exactmetrics_skip_tracking":false,"_exactmetrics_sitenote_active":false,"_exactmetrics_sitenote_note":"","_exactmetrics_sitenote_category":0,"footnotes":""},"class_list":["post-3815","page","type-page","status-publish","hentry"],"yoast_head":"<!-- This site is optimized with the Yoast SEO plugin v27.6 - https:\/\/yoast.com\/product\/yoast-seo-wordpress\/ -->\n<title>\u00c9 s\u00f3 Greguol; e s\u00f3! - T. Greguol<\/title>\n<meta name=\"robots\" content=\"index, follow, max-snippet:-1, max-image-preview:large, max-video-preview:-1\" \/>\n<link rel=\"canonical\" href=\"https:\/\/www.tgreguol.com.br\/blog\/e-so-greguol-e-so\/\" \/>\n<meta property=\"og:locale\" content=\"pt_BR\" \/>\n<meta property=\"og:type\" content=\"article\" \/>\n<meta property=\"og:title\" content=\"\u00c9 s\u00f3 Greguol; e s\u00f3! - T. Greguol\" \/>\n<meta property=\"og:description\" content=\"A arte \u00e9 t\u00e3o irrespons\u00e1vel que \u00e9 capaz de comprimir \u2026 Leia Mais\" \/>\n<meta property=\"og:url\" content=\"https:\/\/www.tgreguol.com.br\/blog\/e-so-greguol-e-so\/\" \/>\n<meta property=\"og:site_name\" content=\"T. Greguol\" \/>\n<meta property=\"article:publisher\" content=\"https:\/\/www.facebook.com\/tgreguol\" \/>\n<meta property=\"article:modified_time\" content=\"2026-05-08T21:51:09+00:00\" \/>\n<meta name=\"twitter:card\" content=\"summary_large_image\" \/>\n<meta name=\"twitter:site\" content=\"@katarse\" \/>\n<meta name=\"twitter:label1\" content=\"Est. tempo de leitura\" \/>\n\t<meta name=\"twitter:data1\" content=\"3 minutos\" \/>\n<script type=\"application\/ld+json\" class=\"yoast-schema-graph\">{\"@context\":\"https:\\\/\\\/schema.org\",\"@graph\":[{\"@type\":\"WebPage\",\"@id\":\"https:\\\/\\\/www.tgreguol.com.br\\\/blog\\\/e-so-greguol-e-so\\\/\",\"url\":\"https:\\\/\\\/www.tgreguol.com.br\\\/blog\\\/e-so-greguol-e-so\\\/\",\"name\":\"\u00c9 s\u00f3 Greguol; e s\u00f3! - T. Greguol\",\"isPartOf\":{\"@id\":\"https:\\\/\\\/www.tgreguol.com.br\\\/blog\\\/#website\"},\"datePublished\":\"2026-05-08T21:50:10+00:00\",\"dateModified\":\"2026-05-08T21:51:09+00:00\",\"breadcrumb\":{\"@id\":\"https:\\\/\\\/www.tgreguol.com.br\\\/blog\\\/e-so-greguol-e-so\\\/#breadcrumb\"},\"inLanguage\":\"pt-BR\",\"potentialAction\":[{\"@type\":\"ReadAction\",\"target\":[\"https:\\\/\\\/www.tgreguol.com.br\\\/blog\\\/e-so-greguol-e-so\\\/\"]}]},{\"@type\":\"BreadcrumbList\",\"@id\":\"https:\\\/\\\/www.tgreguol.com.br\\\/blog\\\/e-so-greguol-e-so\\\/#breadcrumb\",\"itemListElement\":[{\"@type\":\"ListItem\",\"position\":1,\"name\":\"In\u00edcio\",\"item\":\"https:\\\/\\\/www.tgreguol.com.br\\\/blog\\\/\"},{\"@type\":\"ListItem\",\"position\":2,\"name\":\"\u00c9 s\u00f3 Greguol; e s\u00f3!\"}]},{\"@type\":\"WebSite\",\"@id\":\"https:\\\/\\\/www.tgreguol.com.br\\\/blog\\\/#website\",\"url\":\"https:\\\/\\\/www.tgreguol.com.br\\\/blog\\\/\",\"name\":\"T. Greguol\",\"description\":\"Imaginador\",\"potentialAction\":[{\"@type\":\"SearchAction\",\"target\":{\"@type\":\"EntryPoint\",\"urlTemplate\":\"https:\\\/\\\/www.tgreguol.com.br\\\/blog\\\/?s={search_term_string}\"},\"query-input\":{\"@type\":\"PropertyValueSpecification\",\"valueRequired\":true,\"valueName\":\"search_term_string\"}}],\"inLanguage\":\"pt-BR\"}]}<\/script>\n<!-- \/ Yoast SEO plugin. -->","yoast_head_json":{"title":"\u00c9 s\u00f3 Greguol; e s\u00f3! - T. Greguol","robots":{"index":"index","follow":"follow","max-snippet":"max-snippet:-1","max-image-preview":"max-image-preview:large","max-video-preview":"max-video-preview:-1"},"canonical":"https:\/\/www.tgreguol.com.br\/blog\/e-so-greguol-e-so\/","og_locale":"pt_BR","og_type":"article","og_title":"\u00c9 s\u00f3 Greguol; e s\u00f3! - T. Greguol","og_description":"A arte \u00e9 t\u00e3o irrespons\u00e1vel que \u00e9 capaz de comprimir \u2026 Leia Mais","og_url":"https:\/\/www.tgreguol.com.br\/blog\/e-so-greguol-e-so\/","og_site_name":"T. Greguol","article_publisher":"https:\/\/www.facebook.com\/tgreguol","article_modified_time":"2026-05-08T21:51:09+00:00","twitter_card":"summary_large_image","twitter_site":"@katarse","twitter_misc":{"Est. tempo de leitura":"3 minutos"},"schema":{"@context":"https:\/\/schema.org","@graph":[{"@type":"WebPage","@id":"https:\/\/www.tgreguol.com.br\/blog\/e-so-greguol-e-so\/","url":"https:\/\/www.tgreguol.com.br\/blog\/e-so-greguol-e-so\/","name":"\u00c9 s\u00f3 Greguol; e s\u00f3! - T. Greguol","isPartOf":{"@id":"https:\/\/www.tgreguol.com.br\/blog\/#website"},"datePublished":"2026-05-08T21:50:10+00:00","dateModified":"2026-05-08T21:51:09+00:00","breadcrumb":{"@id":"https:\/\/www.tgreguol.com.br\/blog\/e-so-greguol-e-so\/#breadcrumb"},"inLanguage":"pt-BR","potentialAction":[{"@type":"ReadAction","target":["https:\/\/www.tgreguol.com.br\/blog\/e-so-greguol-e-so\/"]}]},{"@type":"BreadcrumbList","@id":"https:\/\/www.tgreguol.com.br\/blog\/e-so-greguol-e-so\/#breadcrumb","itemListElement":[{"@type":"ListItem","position":1,"name":"In\u00edcio","item":"https:\/\/www.tgreguol.com.br\/blog\/"},{"@type":"ListItem","position":2,"name":"\u00c9 s\u00f3 Greguol; e s\u00f3!"}]},{"@type":"WebSite","@id":"https:\/\/www.tgreguol.com.br\/blog\/#website","url":"https:\/\/www.tgreguol.com.br\/blog\/","name":"T. Greguol","description":"Imaginador","potentialAction":[{"@type":"SearchAction","target":{"@type":"EntryPoint","urlTemplate":"https:\/\/www.tgreguol.com.br\/blog\/?s={search_term_string}"},"query-input":{"@type":"PropertyValueSpecification","valueRequired":true,"valueName":"search_term_string"}}],"inLanguage":"pt-BR"}]}},"_links":{"self":[{"href":"https:\/\/www.tgreguol.com.br\/blog\/wp-json\/wp\/v2\/pages\/3815","targetHints":{"allow":["GET"]}}],"collection":[{"href":"https:\/\/www.tgreguol.com.br\/blog\/wp-json\/wp\/v2\/pages"}],"about":[{"href":"https:\/\/www.tgreguol.com.br\/blog\/wp-json\/wp\/v2\/types\/page"}],"author":[{"embeddable":true,"href":"https:\/\/www.tgreguol.com.br\/blog\/wp-json\/wp\/v2\/users\/1"}],"replies":[{"embeddable":true,"href":"https:\/\/www.tgreguol.com.br\/blog\/wp-json\/wp\/v2\/comments?post=3815"}],"version-history":[{"count":2,"href":"https:\/\/www.tgreguol.com.br\/blog\/wp-json\/wp\/v2\/pages\/3815\/revisions"}],"predecessor-version":[{"id":3817,"href":"https:\/\/www.tgreguol.com.br\/blog\/wp-json\/wp\/v2\/pages\/3815\/revisions\/3817"}],"wp:attachment":[{"href":"https:\/\/www.tgreguol.com.br\/blog\/wp-json\/wp\/v2\/media?parent=3815"}],"curies":[{"name":"wp","href":"https:\/\/api.w.org\/{rel}","templated":true}]}}