{"id":3778,"date":"2025-11-17T23:38:59","date_gmt":"2025-11-17T23:38:59","guid":{"rendered":"https:\/\/www.tgreguol.com.br\/blog\/?page_id=3778"},"modified":"2026-05-13T21:29:23","modified_gmt":"2026-05-13T21:29:23","slug":"e-so","status":"publish","type":"page","link":"https:\/\/www.tgreguol.com.br\/blog\/e-so\/","title":{"rendered":"E s\u00f3"},"content":{"rendered":"\n<figure class=\"is-style-default wp-block-image size-large is-resized\"><a href=\"https:\/\/www.tgreguol.com.br\/blog\/wp-content\/uploads\/2026\/05\/E-so-Foto-por-T.-Greguol-scaled.jpg\"><img loading=\"lazy\" decoding=\"async\" width=\"1024\" height=\"1024\" src=\"https:\/\/www.tgreguol.com.br\/blog\/wp-content\/uploads\/2026\/05\/E-so-Foto-por-T.-Greguol-1024x1024.jpg\" alt=\"\" class=\"wp-image-3811\" style=\"width:341px;height:auto\" srcset=\"https:\/\/www.tgreguol.com.br\/blog\/wp-content\/uploads\/2026\/05\/E-so-Foto-por-T.-Greguol-1024x1024.jpg 1024w, https:\/\/www.tgreguol.com.br\/blog\/wp-content\/uploads\/2026\/05\/E-so-Foto-por-T.-Greguol-300x300.jpg 300w, https:\/\/www.tgreguol.com.br\/blog\/wp-content\/uploads\/2026\/05\/E-so-Foto-por-T.-Greguol-150x150.jpg 150w, https:\/\/www.tgreguol.com.br\/blog\/wp-content\/uploads\/2026\/05\/E-so-Foto-por-T.-Greguol-768x768.jpg 768w, https:\/\/www.tgreguol.com.br\/blog\/wp-content\/uploads\/2026\/05\/E-so-Foto-por-T.-Greguol-1536x1536.jpg 1536w, https:\/\/www.tgreguol.com.br\/blog\/wp-content\/uploads\/2026\/05\/E-so-Foto-por-T.-Greguol-2048x2048.jpg 2048w\" sizes=\"auto, (max-width: 1024px) 100vw, 1024px\" \/><\/a><\/figure>\n\n\n\n<p class=\"\"><strong>Lan\u00e7amento:<\/strong>&nbsp;15\/05\/2026<\/p>\n\n\n\n<p class=\"\"><strong>OU\u00c7A J\u00c1 EM TODAS AS PLATAFORMAS!<\/strong><br>Amazon Music<br>Apple Music<br>Deezer<br>Qobuz<br>Spotify<br>YouTube<br><a href=\"https:\/\/www.tgreguol.com.br\/blog\/wp-content\/uploads\/2026\/05\/E-SO-T.-Greguol-2026.zip\">WAV<\/a><br>Partituras<\/p>\n\n\n\n<p class=\"\">Oito composi\u00e7\u00f5es novas. Meu d\u00e9cimo primeiro \u00e1lbum: E S\u00d3. H\u00e1 algum tempo, decidi abra\u00e7ar a criatividade que nasce do inesperado. Com esse esp\u00edrito, escolhi a capa e, inspirado por ela, sintetizei alguns temas. Louren\u00e7o Netto recebeu as letras sem restri\u00e7\u00f5es e criou melodias sens\u00edveis e inventivas. Can\u00e7\u00f5es simples sobre assuntos complicados. Acho interessante quando os participantes se guiam mais por suas pr\u00f3prias percep\u00e7\u00f5es. Cada faixa foi tocada por um conjunto diferente de m\u00fasicos, sem repeti\u00e7\u00e3o de participantes. Coletivo, org\u00e2nico e instigante. Este projeto s\u00f3 foi poss\u00edvel gra\u00e7as \u00e0 colabora\u00e7\u00e3o de 43 pessoas talentosas e generosas, a quem agrade\u00e7o muito: hoje, amanh\u00e3 e, a algumas, desde ontem. Os nomes est\u00e3o no encarte; n\u00e3o deixe de conferir. Que esta obra interesse, acrescente e divirta. Seu amigo, T. Greguol<\/p>\n\n\n\n<p class=\"\"><strong>RESENHAS:<\/strong><br><a href=\"https:\/\/www.tgreguol.com.br\/blog\/e-so-greguol-e-so\/\">Juscelino Filho<\/a><br><a href=\"https:\/\/www.tgreguol.com.br\/blog\/3819-2\/\">Christian Dunker<\/a><\/p>\n\n\n\n<p class=\"\"><strong>LETRAS, COMPOSITORES, INT\u00c9RPRETES:<\/strong><br><a href=\"https:\/\/www.tgreguol.com.br\/blog\/agora-e-a-hora\/\">1. AGORA \u00c9 A HORA<\/a><br><a href=\"https:\/\/www.tgreguol.com.br\/blog\/metro-100-cm\/\">2. METRO (100 CM)<\/a><br><a href=\"https:\/\/www.tgreguol.com.br\/blog\/reciclagem\/\">3. RECICLAGEM<\/a><br><a href=\"https:\/\/www.tgreguol.com.br\/blog\/xipiclix\/\">4. XIPICLIX<\/a><br><a href=\"https:\/\/www.tgreguol.com.br\/blog\/ser-ou-nao-ser\/\">5. SER OU N\u00c3O SER<\/a><br><a href=\"https:\/\/www.tgreguol.com.br\/blog\/pessoas\/\">6. PESSOAS<\/a><br><a href=\"https:\/\/www.tgreguol.com.br\/blog\/tchaptchura\/\">7. TCHAPTCHURA<\/a><br><a href=\"https:\/\/www.tgreguol.com.br\/blog\/e-so-2\/\">8. E S\u00d3<\/a><\/p>\n\n\n\n<p class=\"\"><a href=\"https:\/\/www.tgreguol.com.br\/blog\/ficha-tecnica-3\/\">FICHA T\u00c9CNICA<\/a><\/p>\n\n\n\n<p class=\"\"><a href=\"https:\/\/www.tgreguol.com.br\/blog\/wp-content\/uploads\/2026\/05\/ENCARTE-2026.pdf\">ENCARTE<\/a><\/p>\n\n\n\n<p class=\"\"><\/p>\n\n\n\n<p class=\"\"><\/p>\n","protected":false},"excerpt":{"rendered":"<p>Lan\u00e7amento:&nbsp;15\/05\/2026 OU\u00c7A J\u00c1 EM TODAS AS PLATAFORMAS!Amazon MusicApple MusicDeezerQobuzSpotifyYouTubeWAVPartituras Oito \u2026<\/p>\n<p class=\"continue-reading-button\"> <a class=\"continue-reading-link\" href=\"https:\/\/www.tgreguol.com.br\/blog\/e-so\/\">Leia Mais<i class=\"crycon-right-dir\"><\/i><\/a><\/p>\n","protected":false},"author":1,"featured_media":0,"parent":0,"menu_order":0,"comment_status":"closed","ping_status":"closed","template":"","meta":{"nf_dc_page":"","_exactmetrics_skip_tracking":false,"_exactmetrics_sitenote_active":false,"_exactmetrics_sitenote_note":"","_exactmetrics_sitenote_category":0,"footnotes":""},"class_list":["post-3778","page","type-page","status-publish","hentry"],"yoast_head":"<!-- This site is optimized with the Yoast SEO plugin v27.6 - https:\/\/yoast.com\/product\/yoast-seo-wordpress\/ -->\n<title>E s\u00f3 - T. Greguol<\/title>\n<meta name=\"robots\" content=\"index, follow, max-snippet:-1, max-image-preview:large, max-video-preview:-1\" \/>\n<link rel=\"canonical\" href=\"https:\/\/www.tgreguol.com.br\/blog\/e-so\/\" \/>\n<meta property=\"og:locale\" content=\"pt_BR\" \/>\n<meta property=\"og:type\" content=\"article\" \/>\n<meta property=\"og:title\" content=\"E s\u00f3 - T. Greguol\" \/>\n<meta property=\"og:description\" content=\"Lan\u00e7amento:&nbsp;15\/05\/2026 OU\u00c7A J\u00c1 EM TODAS AS PLATAFORMAS!Amazon MusicApple MusicDeezerQobuzSpotifyYouTubeWAVPartituras Oito \u2026 Leia Mais\" \/>\n<meta property=\"og:url\" content=\"https:\/\/www.tgreguol.com.br\/blog\/e-so\/\" \/>\n<meta property=\"og:site_name\" content=\"T. Greguol\" \/>\n<meta property=\"article:publisher\" content=\"https:\/\/www.facebook.com\/tgreguol\" \/>\n<meta property=\"article:modified_time\" content=\"2026-05-13T21:29:23+00:00\" \/>\n<meta property=\"og:image\" content=\"https:\/\/www.tgreguol.com.br\/blog\/wp-content\/uploads\/2026\/05\/E-so-Foto-por-T.-Greguol-scaled.jpg\" \/>\n\t<meta property=\"og:image:width\" content=\"2560\" \/>\n\t<meta property=\"og:image:height\" content=\"2560\" \/>\n\t<meta property=\"og:image:type\" content=\"image\/jpeg\" \/>\n<meta name=\"twitter:card\" content=\"summary_large_image\" \/>\n<meta name=\"twitter:site\" content=\"@katarse\" \/>\n<meta name=\"twitter:label1\" content=\"Est. tempo de leitura\" \/>\n\t<meta name=\"twitter:data1\" content=\"2 minutos\" \/>\n<script type=\"application\/ld+json\" class=\"yoast-schema-graph\">{\"@context\":\"https:\\\/\\\/schema.org\",\"@graph\":[{\"@type\":\"WebPage\",\"@id\":\"https:\\\/\\\/www.tgreguol.com.br\\\/blog\\\/e-so\\\/\",\"url\":\"https:\\\/\\\/www.tgreguol.com.br\\\/blog\\\/e-so\\\/\",\"name\":\"E s\u00f3 - T. Greguol\",\"isPartOf\":{\"@id\":\"https:\\\/\\\/www.tgreguol.com.br\\\/blog\\\/#website\"},\"primaryImageOfPage\":{\"@id\":\"https:\\\/\\\/www.tgreguol.com.br\\\/blog\\\/e-so\\\/#primaryimage\"},\"image\":{\"@id\":\"https:\\\/\\\/www.tgreguol.com.br\\\/blog\\\/e-so\\\/#primaryimage\"},\"thumbnailUrl\":\"https:\\\/\\\/www.tgreguol.com.br\\\/blog\\\/wp-content\\\/uploads\\\/2026\\\/05\\\/E-so-Foto-por-T.-Greguol-1024x1024.jpg\",\"datePublished\":\"2025-11-17T23:38:59+00:00\",\"dateModified\":\"2026-05-13T21:29:23+00:00\",\"breadcrumb\":{\"@id\":\"https:\\\/\\\/www.tgreguol.com.br\\\/blog\\\/e-so\\\/#breadcrumb\"},\"inLanguage\":\"pt-BR\",\"potentialAction\":[{\"@type\":\"ReadAction\",\"target\":[\"https:\\\/\\\/www.tgreguol.com.br\\\/blog\\\/e-so\\\/\"]}]},{\"@type\":\"ImageObject\",\"inLanguage\":\"pt-BR\",\"@id\":\"https:\\\/\\\/www.tgreguol.com.br\\\/blog\\\/e-so\\\/#primaryimage\",\"url\":\"https:\\\/\\\/www.tgreguol.com.br\\\/blog\\\/wp-content\\\/uploads\\\/2026\\\/05\\\/E-so-Foto-por-T.-Greguol-scaled.jpg\",\"contentUrl\":\"https:\\\/\\\/www.tgreguol.com.br\\\/blog\\\/wp-content\\\/uploads\\\/2026\\\/05\\\/E-so-Foto-por-T.-Greguol-scaled.jpg\",\"width\":2560,\"height\":2560},{\"@type\":\"BreadcrumbList\",\"@id\":\"https:\\\/\\\/www.tgreguol.com.br\\\/blog\\\/e-so\\\/#breadcrumb\",\"itemListElement\":[{\"@type\":\"ListItem\",\"position\":1,\"name\":\"In\u00edcio\",\"item\":\"https:\\\/\\\/www.tgreguol.com.br\\\/blog\\\/\"},{\"@type\":\"ListItem\",\"position\":2,\"name\":\"E s\u00f3\"}]},{\"@type\":\"WebSite\",\"@id\":\"https:\\\/\\\/www.tgreguol.com.br\\\/blog\\\/#website\",\"url\":\"https:\\\/\\\/www.tgreguol.com.br\\\/blog\\\/\",\"name\":\"T. Greguol\",\"description\":\"Imaginador\",\"potentialAction\":[{\"@type\":\"SearchAction\",\"target\":{\"@type\":\"EntryPoint\",\"urlTemplate\":\"https:\\\/\\\/www.tgreguol.com.br\\\/blog\\\/?s={search_term_string}\"},\"query-input\":{\"@type\":\"PropertyValueSpecification\",\"valueRequired\":true,\"valueName\":\"search_term_string\"}}],\"inLanguage\":\"pt-BR\"}]}<\/script>\n<!-- \/ Yoast SEO plugin. -->","yoast_head_json":{"title":"E s\u00f3 - T. Greguol","robots":{"index":"index","follow":"follow","max-snippet":"max-snippet:-1","max-image-preview":"max-image-preview:large","max-video-preview":"max-video-preview:-1"},"canonical":"https:\/\/www.tgreguol.com.br\/blog\/e-so\/","og_locale":"pt_BR","og_type":"article","og_title":"E s\u00f3 - T. Greguol","og_description":"Lan\u00e7amento:&nbsp;15\/05\/2026 OU\u00c7A J\u00c1 EM TODAS AS PLATAFORMAS!Amazon MusicApple MusicDeezerQobuzSpotifyYouTubeWAVPartituras Oito \u2026 Leia Mais","og_url":"https:\/\/www.tgreguol.com.br\/blog\/e-so\/","og_site_name":"T. Greguol","article_publisher":"https:\/\/www.facebook.com\/tgreguol","article_modified_time":"2026-05-13T21:29:23+00:00","og_image":[{"width":2560,"height":2560,"url":"https:\/\/www.tgreguol.com.br\/blog\/wp-content\/uploads\/2026\/05\/E-so-Foto-por-T.-Greguol-scaled.jpg","type":"image\/jpeg"}],"twitter_card":"summary_large_image","twitter_site":"@katarse","twitter_misc":{"Est. tempo de leitura":"2 minutos"},"schema":{"@context":"https:\/\/schema.org","@graph":[{"@type":"WebPage","@id":"https:\/\/www.tgreguol.com.br\/blog\/e-so\/","url":"https:\/\/www.tgreguol.com.br\/blog\/e-so\/","name":"E s\u00f3 - T. Greguol","isPartOf":{"@id":"https:\/\/www.tgreguol.com.br\/blog\/#website"},"primaryImageOfPage":{"@id":"https:\/\/www.tgreguol.com.br\/blog\/e-so\/#primaryimage"},"image":{"@id":"https:\/\/www.tgreguol.com.br\/blog\/e-so\/#primaryimage"},"thumbnailUrl":"https:\/\/www.tgreguol.com.br\/blog\/wp-content\/uploads\/2026\/05\/E-so-Foto-por-T.-Greguol-1024x1024.jpg","datePublished":"2025-11-17T23:38:59+00:00","dateModified":"2026-05-13T21:29:23+00:00","breadcrumb":{"@id":"https:\/\/www.tgreguol.com.br\/blog\/e-so\/#breadcrumb"},"inLanguage":"pt-BR","potentialAction":[{"@type":"ReadAction","target":["https:\/\/www.tgreguol.com.br\/blog\/e-so\/"]}]},{"@type":"ImageObject","inLanguage":"pt-BR","@id":"https:\/\/www.tgreguol.com.br\/blog\/e-so\/#primaryimage","url":"https:\/\/www.tgreguol.com.br\/blog\/wp-content\/uploads\/2026\/05\/E-so-Foto-por-T.-Greguol-scaled.jpg","contentUrl":"https:\/\/www.tgreguol.com.br\/blog\/wp-content\/uploads\/2026\/05\/E-so-Foto-por-T.-Greguol-scaled.jpg","width":2560,"height":2560},{"@type":"BreadcrumbList","@id":"https:\/\/www.tgreguol.com.br\/blog\/e-so\/#breadcrumb","itemListElement":[{"@type":"ListItem","position":1,"name":"In\u00edcio","item":"https:\/\/www.tgreguol.com.br\/blog\/"},{"@type":"ListItem","position":2,"name":"E s\u00f3"}]},{"@type":"WebSite","@id":"https:\/\/www.tgreguol.com.br\/blog\/#website","url":"https:\/\/www.tgreguol.com.br\/blog\/","name":"T. Greguol","description":"Imaginador","potentialAction":[{"@type":"SearchAction","target":{"@type":"EntryPoint","urlTemplate":"https:\/\/www.tgreguol.com.br\/blog\/?s={search_term_string}"},"query-input":{"@type":"PropertyValueSpecification","valueRequired":true,"valueName":"search_term_string"}}],"inLanguage":"pt-BR"}]}},"_links":{"self":[{"href":"https:\/\/www.tgreguol.com.br\/blog\/wp-json\/wp\/v2\/pages\/3778","targetHints":{"allow":["GET"]}}],"collection":[{"href":"https:\/\/www.tgreguol.com.br\/blog\/wp-json\/wp\/v2\/pages"}],"about":[{"href":"https:\/\/www.tgreguol.com.br\/blog\/wp-json\/wp\/v2\/types\/page"}],"author":[{"embeddable":true,"href":"https:\/\/www.tgreguol.com.br\/blog\/wp-json\/wp\/v2\/users\/1"}],"replies":[{"embeddable":true,"href":"https:\/\/www.tgreguol.com.br\/blog\/wp-json\/wp\/v2\/comments?post=3778"}],"version-history":[{"count":15,"href":"https:\/\/www.tgreguol.com.br\/blog\/wp-json\/wp\/v2\/pages\/3778\/revisions"}],"predecessor-version":[{"id":3860,"href":"https:\/\/www.tgreguol.com.br\/blog\/wp-json\/wp\/v2\/pages\/3778\/revisions\/3860"}],"wp:attachment":[{"href":"https:\/\/www.tgreguol.com.br\/blog\/wp-json\/wp\/v2\/media?parent=3778"}],"curies":[{"name":"wp","href":"https:\/\/api.w.org\/{rel}","templated":true}]}}