{"id":3689,"date":"2025-01-18T14:11:50","date_gmt":"2025-01-18T14:11:50","guid":{"rendered":"https:\/\/www.tgreguol.com.br\/blog\/?page_id=3689"},"modified":"2025-01-18T17:40:23","modified_gmt":"2025-01-18T17:40:23","slug":"coisa-wav","status":"publish","type":"page","link":"https:\/\/www.tgreguol.com.br\/blog\/coisa-wav\/","title":{"rendered":"COISA (mp3)"},"content":{"rendered":"\n<ol class=\"wp-block-list\">\n<li class=\"\"><a href=\"https:\/\/www.tgreguol.com.br\/blog\/wp-content\/uploads\/2025\/01\/1.-Coisa-T.-Greguol-2025.mp3\">Coisa (T. Greguol, 2025)<\/a><\/li>\n\n\n\n<li class=\"\"><a href=\"https:\/\/www.tgreguol.com.br\/blog\/wp-content\/uploads\/2025\/01\/2.-Apeieio-Amimi-Aioio-T.-Greguol-2025.mp3\">Apei\u00eaio Amim\u00ed Ai\u00f4io (T. Greguol, 2025)<\/a><\/li>\n\n\n\n<li class=\"\"><a href=\"https:\/\/www.tgreguol.com.br\/blog\/wp-content\/uploads\/2025\/01\/3.-Iva-Subiva-Caiva-T.-Greguol-2025.mp3\">Iva Subiva Ca\u00edva (T. Greguol, 2025)<\/a><\/li>\n\n\n\n<li class=\"\"><a href=\"https:\/\/www.tgreguol.com.br\/blog\/wp-content\/uploads\/2025\/01\/4.-Maloila-T.-Greguol-2025.mp3\">Mal\u00f3ila (T. Greguol, 2025)<\/a><\/li>\n\n\n\n<li class=\"\"><a href=\"https:\/\/www.tgreguol.com.br\/blog\/wp-content\/uploads\/2025\/01\/5.-Pexo-Mimi-T.-Greguol-2025.mp3\">Pex\u00f4 Mim\u00ed (T. Greguol, 2025)<\/a><\/li>\n<\/ol>\n\n\n\n<p class=\"\"><\/p>\n","protected":false},"excerpt":{"rendered":"<p class=\"continue-reading-button\"> <a class=\"continue-reading-link\" href=\"https:\/\/www.tgreguol.com.br\/blog\/coisa-wav\/\">Leia Mais<i class=\"crycon-right-dir\"><\/i><\/a><\/p>\n","protected":false},"author":1,"featured_media":0,"parent":0,"menu_order":0,"comment_status":"closed","ping_status":"closed","template":"","meta":{"nf_dc_page":"","_exactmetrics_skip_tracking":false,"_exactmetrics_sitenote_active":false,"_exactmetrics_sitenote_note":"","_exactmetrics_sitenote_category":0,"footnotes":""},"class_list":["post-3689","page","type-page","status-publish","hentry"],"yoast_head":"<!-- This site is optimized with the Yoast SEO plugin v27.5 - https:\/\/yoast.com\/product\/yoast-seo-wordpress\/ -->\n<title>COISA (mp3) - T. Greguol<\/title>\n<meta name=\"robots\" content=\"index, follow, max-snippet:-1, max-image-preview:large, max-video-preview:-1\" \/>\n<link rel=\"canonical\" href=\"https:\/\/www.tgreguol.com.br\/blog\/coisa-wav\/\" \/>\n<meta property=\"og:locale\" content=\"pt_BR\" \/>\n<meta property=\"og:type\" content=\"article\" \/>\n<meta property=\"og:title\" content=\"COISA (mp3) - T. Greguol\" \/>\n<meta property=\"og:description\" content=\"Leia Mais\" \/>\n<meta property=\"og:url\" content=\"https:\/\/www.tgreguol.com.br\/blog\/coisa-wav\/\" \/>\n<meta property=\"og:site_name\" content=\"T. Greguol\" \/>\n<meta property=\"article:publisher\" content=\"https:\/\/www.facebook.com\/tgreguol\" \/>\n<meta property=\"article:modified_time\" content=\"2025-01-18T17:40:23+00:00\" \/>\n<meta name=\"twitter:card\" content=\"summary_large_image\" \/>\n<meta name=\"twitter:site\" content=\"@katarse\" \/>\n<meta name=\"twitter:label1\" content=\"Est. tempo de leitura\" \/>\n\t<meta name=\"twitter:data1\" content=\"1 minuto\" \/>\n<script type=\"application\/ld+json\" class=\"yoast-schema-graph\">{\"@context\":\"https:\\\/\\\/schema.org\",\"@graph\":[{\"@type\":\"WebPage\",\"@id\":\"https:\\\/\\\/www.tgreguol.com.br\\\/blog\\\/coisa-wav\\\/\",\"url\":\"https:\\\/\\\/www.tgreguol.com.br\\\/blog\\\/coisa-wav\\\/\",\"name\":\"COISA (mp3) - T. Greguol\",\"isPartOf\":{\"@id\":\"https:\\\/\\\/www.tgreguol.com.br\\\/blog\\\/#website\"},\"datePublished\":\"2025-01-18T14:11:50+00:00\",\"dateModified\":\"2025-01-18T17:40:23+00:00\",\"breadcrumb\":{\"@id\":\"https:\\\/\\\/www.tgreguol.com.br\\\/blog\\\/coisa-wav\\\/#breadcrumb\"},\"inLanguage\":\"pt-BR\",\"potentialAction\":[{\"@type\":\"ReadAction\",\"target\":[\"https:\\\/\\\/www.tgreguol.com.br\\\/blog\\\/coisa-wav\\\/\"]}]},{\"@type\":\"BreadcrumbList\",\"@id\":\"https:\\\/\\\/www.tgreguol.com.br\\\/blog\\\/coisa-wav\\\/#breadcrumb\",\"itemListElement\":[{\"@type\":\"ListItem\",\"position\":1,\"name\":\"In\u00edcio\",\"item\":\"https:\\\/\\\/www.tgreguol.com.br\\\/blog\\\/\"},{\"@type\":\"ListItem\",\"position\":2,\"name\":\"COISA (mp3)\"}]},{\"@type\":\"WebSite\",\"@id\":\"https:\\\/\\\/www.tgreguol.com.br\\\/blog\\\/#website\",\"url\":\"https:\\\/\\\/www.tgreguol.com.br\\\/blog\\\/\",\"name\":\"T. Greguol\",\"description\":\"Imaginador\",\"potentialAction\":[{\"@type\":\"SearchAction\",\"target\":{\"@type\":\"EntryPoint\",\"urlTemplate\":\"https:\\\/\\\/www.tgreguol.com.br\\\/blog\\\/?s={search_term_string}\"},\"query-input\":{\"@type\":\"PropertyValueSpecification\",\"valueRequired\":true,\"valueName\":\"search_term_string\"}}],\"inLanguage\":\"pt-BR\"}]}<\/script>\n<!-- \/ Yoast SEO plugin. -->","yoast_head_json":{"title":"COISA (mp3) - T. Greguol","robots":{"index":"index","follow":"follow","max-snippet":"max-snippet:-1","max-image-preview":"max-image-preview:large","max-video-preview":"max-video-preview:-1"},"canonical":"https:\/\/www.tgreguol.com.br\/blog\/coisa-wav\/","og_locale":"pt_BR","og_type":"article","og_title":"COISA (mp3) - T. Greguol","og_description":"Leia Mais","og_url":"https:\/\/www.tgreguol.com.br\/blog\/coisa-wav\/","og_site_name":"T. Greguol","article_publisher":"https:\/\/www.facebook.com\/tgreguol","article_modified_time":"2025-01-18T17:40:23+00:00","twitter_card":"summary_large_image","twitter_site":"@katarse","twitter_misc":{"Est. tempo de leitura":"1 minuto"},"schema":{"@context":"https:\/\/schema.org","@graph":[{"@type":"WebPage","@id":"https:\/\/www.tgreguol.com.br\/blog\/coisa-wav\/","url":"https:\/\/www.tgreguol.com.br\/blog\/coisa-wav\/","name":"COISA (mp3) - T. Greguol","isPartOf":{"@id":"https:\/\/www.tgreguol.com.br\/blog\/#website"},"datePublished":"2025-01-18T14:11:50+00:00","dateModified":"2025-01-18T17:40:23+00:00","breadcrumb":{"@id":"https:\/\/www.tgreguol.com.br\/blog\/coisa-wav\/#breadcrumb"},"inLanguage":"pt-BR","potentialAction":[{"@type":"ReadAction","target":["https:\/\/www.tgreguol.com.br\/blog\/coisa-wav\/"]}]},{"@type":"BreadcrumbList","@id":"https:\/\/www.tgreguol.com.br\/blog\/coisa-wav\/#breadcrumb","itemListElement":[{"@type":"ListItem","position":1,"name":"In\u00edcio","item":"https:\/\/www.tgreguol.com.br\/blog\/"},{"@type":"ListItem","position":2,"name":"COISA (mp3)"}]},{"@type":"WebSite","@id":"https:\/\/www.tgreguol.com.br\/blog\/#website","url":"https:\/\/www.tgreguol.com.br\/blog\/","name":"T. Greguol","description":"Imaginador","potentialAction":[{"@type":"SearchAction","target":{"@type":"EntryPoint","urlTemplate":"https:\/\/www.tgreguol.com.br\/blog\/?s={search_term_string}"},"query-input":{"@type":"PropertyValueSpecification","valueRequired":true,"valueName":"search_term_string"}}],"inLanguage":"pt-BR"}]}},"_links":{"self":[{"href":"https:\/\/www.tgreguol.com.br\/blog\/wp-json\/wp\/v2\/pages\/3689","targetHints":{"allow":["GET"]}}],"collection":[{"href":"https:\/\/www.tgreguol.com.br\/blog\/wp-json\/wp\/v2\/pages"}],"about":[{"href":"https:\/\/www.tgreguol.com.br\/blog\/wp-json\/wp\/v2\/types\/page"}],"author":[{"embeddable":true,"href":"https:\/\/www.tgreguol.com.br\/blog\/wp-json\/wp\/v2\/users\/1"}],"replies":[{"embeddable":true,"href":"https:\/\/www.tgreguol.com.br\/blog\/wp-json\/wp\/v2\/comments?post=3689"}],"version-history":[{"count":4,"href":"https:\/\/www.tgreguol.com.br\/blog\/wp-json\/wp\/v2\/pages\/3689\/revisions"}],"predecessor-version":[{"id":3704,"href":"https:\/\/www.tgreguol.com.br\/blog\/wp-json\/wp\/v2\/pages\/3689\/revisions\/3704"}],"wp:attachment":[{"href":"https:\/\/www.tgreguol.com.br\/blog\/wp-json\/wp\/v2\/media?parent=3689"}],"curies":[{"name":"wp","href":"https:\/\/api.w.org\/{rel}","templated":true}]}}