{"id":3667,"date":"2025-01-06T14:27:27","date_gmt":"2025-01-06T14:27:27","guid":{"rendered":"https:\/\/www.tgreguol.com.br\/blog\/?page_id=3667"},"modified":"2025-04-02T14:38:31","modified_gmt":"2025-04-02T14:38:31","slug":"resenhas-2","status":"publish","type":"page","link":"https:\/\/www.tgreguol.com.br\/blog\/resenhas-2\/","title":{"rendered":"RESENHAS"},"content":{"rendered":"\n<p class=\"\">T. Greguol \u00e9 uma inc\u00f3gnita para mim. Conhe\u00e7o seu trabalho musical, mas s\u00f3 neste ano descobri que, al\u00e9m de escrever e agitar a cena com a\u00e7\u00f5es virtuais (como nas entrevistas do Perguntas do T.), ele tamb\u00e9m \u00e9 artista visual. Gostei de BUM, \u00e1lbum de 2024, que me fez repensar o termo math rock, j\u00e1 que ele usou um teorema matem\u00e1tico para compor as faixas. E, convenhamos, ali tem muito de rock, mesmo que soe mais jazz\u00edstico. Talvez por isso, quando me falou do COISA, pensei no maestro Moacir Santos, que tem um disco com v\u00e1rias \u201ccoisas\u201d sonoras. Dei o play na faixa t\u00edtulo com essa ideia, mas o som de Greguol e Moacir s\u00e3o diferentes. COISA tem mais de 10 minutos e mistura baixo, guitarra, bateria e sax com instrumentos n\u00e3o convencionais na percuss\u00e3o. O sax me remeteu a uma ideia que talvez tenha chegado a mim via John Zorn: toda nota ou barulho se acomoda e se encontra dentro de outras camadas sonoras. Essa \u00e9 a sensa\u00e7\u00e3o que COISA me passa, esse novo trabalho de Greguol, que, seja Thiago, Tim\u00f3teo ou qualquer outro \u201cT.\u201d, segue afinando muito bem ideias em sons. A vida \u00e9 um simulacro que se adequa ao tempo. Talvez Greguol e Moacir nem pensassem t\u00e3o diferente assim. Partiram do mesmo lugar, mas chegaram a coisas distintas. Uma coisa tem a ver com a outra, mesmo que n\u00e3o pare\u00e7a.<br><a href=\"https:\/\/www.hominiscanidae.org\/\"><strong>Diego Pessoa<\/strong>, <em>Hominis Canidae<\/em><\/a><\/p>\n\n\n\n<p class=\"\"><a href=\"https:\/\/br.nacaodamusica.com\/destaques\/lady-gaga-anitta-doechii-novidades\/113\/\">Na\u00e7\u00e3o da M\u00fasica<\/a>, por <a href=\"https:\/\/www.instagram.com\/marinamoia\/\">Marina Moia<\/a><\/p>\n\n\n\n<p class=\"\"><a href=\"https:\/\/popfantasma.com.br\/ouvimos-t-greguol-coisa\/\">Pop Fantasma<\/a>, por <a href=\"https:\/\/www.instagram.com\/ricardo.schott\/\">Ricardo Schott<\/a><\/p>\n","protected":false},"excerpt":{"rendered":"<p>T. Greguol \u00e9 uma inc\u00f3gnita para mim. Conhe\u00e7o seu trabalho \u2026<\/p>\n<p class=\"continue-reading-button\"> <a class=\"continue-reading-link\" href=\"https:\/\/www.tgreguol.com.br\/blog\/resenhas-2\/\">Leia Mais<i class=\"crycon-right-dir\"><\/i><\/a><\/p>\n","protected":false},"author":1,"featured_media":0,"parent":0,"menu_order":0,"comment_status":"closed","ping_status":"closed","template":"","meta":{"nf_dc_page":"","_exactmetrics_skip_tracking":false,"_exactmetrics_sitenote_active":false,"_exactmetrics_sitenote_note":"","_exactmetrics_sitenote_category":0,"footnotes":""},"class_list":["post-3667","page","type-page","status-publish","hentry"],"yoast_head":"<!-- This site is optimized with the Yoast SEO plugin v27.5 - https:\/\/yoast.com\/product\/yoast-seo-wordpress\/ -->\n<title>RESENHAS - T. Greguol<\/title>\n<meta name=\"robots\" content=\"index, follow, max-snippet:-1, max-image-preview:large, max-video-preview:-1\" \/>\n<link rel=\"canonical\" href=\"https:\/\/www.tgreguol.com.br\/blog\/resenhas-2\/\" \/>\n<meta property=\"og:locale\" content=\"pt_BR\" \/>\n<meta property=\"og:type\" content=\"article\" \/>\n<meta property=\"og:title\" content=\"RESENHAS - T. Greguol\" \/>\n<meta property=\"og:description\" content=\"T. Greguol \u00e9 uma inc\u00f3gnita para mim. Conhe\u00e7o seu trabalho \u2026 Leia Mais\" \/>\n<meta property=\"og:url\" content=\"https:\/\/www.tgreguol.com.br\/blog\/resenhas-2\/\" \/>\n<meta property=\"og:site_name\" content=\"T. Greguol\" \/>\n<meta property=\"article:publisher\" content=\"https:\/\/www.facebook.com\/tgreguol\" \/>\n<meta property=\"article:modified_time\" content=\"2025-04-02T14:38:31+00:00\" \/>\n<meta name=\"twitter:card\" content=\"summary_large_image\" \/>\n<meta name=\"twitter:site\" content=\"@katarse\" \/>\n<meta name=\"twitter:label1\" content=\"Est. tempo de leitura\" \/>\n\t<meta name=\"twitter:data1\" content=\"2 minutos\" \/>\n<script type=\"application\/ld+json\" class=\"yoast-schema-graph\">{\"@context\":\"https:\\\/\\\/schema.org\",\"@graph\":[{\"@type\":\"WebPage\",\"@id\":\"https:\\\/\\\/www.tgreguol.com.br\\\/blog\\\/resenhas-2\\\/\",\"url\":\"https:\\\/\\\/www.tgreguol.com.br\\\/blog\\\/resenhas-2\\\/\",\"name\":\"RESENHAS - T. Greguol\",\"isPartOf\":{\"@id\":\"https:\\\/\\\/www.tgreguol.com.br\\\/blog\\\/#website\"},\"datePublished\":\"2025-01-06T14:27:27+00:00\",\"dateModified\":\"2025-04-02T14:38:31+00:00\",\"breadcrumb\":{\"@id\":\"https:\\\/\\\/www.tgreguol.com.br\\\/blog\\\/resenhas-2\\\/#breadcrumb\"},\"inLanguage\":\"pt-BR\",\"potentialAction\":[{\"@type\":\"ReadAction\",\"target\":[\"https:\\\/\\\/www.tgreguol.com.br\\\/blog\\\/resenhas-2\\\/\"]}]},{\"@type\":\"BreadcrumbList\",\"@id\":\"https:\\\/\\\/www.tgreguol.com.br\\\/blog\\\/resenhas-2\\\/#breadcrumb\",\"itemListElement\":[{\"@type\":\"ListItem\",\"position\":1,\"name\":\"In\u00edcio\",\"item\":\"https:\\\/\\\/www.tgreguol.com.br\\\/blog\\\/\"},{\"@type\":\"ListItem\",\"position\":2,\"name\":\"RESENHAS\"}]},{\"@type\":\"WebSite\",\"@id\":\"https:\\\/\\\/www.tgreguol.com.br\\\/blog\\\/#website\",\"url\":\"https:\\\/\\\/www.tgreguol.com.br\\\/blog\\\/\",\"name\":\"T. Greguol\",\"description\":\"Imaginador\",\"potentialAction\":[{\"@type\":\"SearchAction\",\"target\":{\"@type\":\"EntryPoint\",\"urlTemplate\":\"https:\\\/\\\/www.tgreguol.com.br\\\/blog\\\/?s={search_term_string}\"},\"query-input\":{\"@type\":\"PropertyValueSpecification\",\"valueRequired\":true,\"valueName\":\"search_term_string\"}}],\"inLanguage\":\"pt-BR\"}]}<\/script>\n<!-- \/ Yoast SEO plugin. -->","yoast_head_json":{"title":"RESENHAS - T. Greguol","robots":{"index":"index","follow":"follow","max-snippet":"max-snippet:-1","max-image-preview":"max-image-preview:large","max-video-preview":"max-video-preview:-1"},"canonical":"https:\/\/www.tgreguol.com.br\/blog\/resenhas-2\/","og_locale":"pt_BR","og_type":"article","og_title":"RESENHAS - T. Greguol","og_description":"T. Greguol \u00e9 uma inc\u00f3gnita para mim. Conhe\u00e7o seu trabalho \u2026 Leia Mais","og_url":"https:\/\/www.tgreguol.com.br\/blog\/resenhas-2\/","og_site_name":"T. Greguol","article_publisher":"https:\/\/www.facebook.com\/tgreguol","article_modified_time":"2025-04-02T14:38:31+00:00","twitter_card":"summary_large_image","twitter_site":"@katarse","twitter_misc":{"Est. tempo de leitura":"2 minutos"},"schema":{"@context":"https:\/\/schema.org","@graph":[{"@type":"WebPage","@id":"https:\/\/www.tgreguol.com.br\/blog\/resenhas-2\/","url":"https:\/\/www.tgreguol.com.br\/blog\/resenhas-2\/","name":"RESENHAS - T. Greguol","isPartOf":{"@id":"https:\/\/www.tgreguol.com.br\/blog\/#website"},"datePublished":"2025-01-06T14:27:27+00:00","dateModified":"2025-04-02T14:38:31+00:00","breadcrumb":{"@id":"https:\/\/www.tgreguol.com.br\/blog\/resenhas-2\/#breadcrumb"},"inLanguage":"pt-BR","potentialAction":[{"@type":"ReadAction","target":["https:\/\/www.tgreguol.com.br\/blog\/resenhas-2\/"]}]},{"@type":"BreadcrumbList","@id":"https:\/\/www.tgreguol.com.br\/blog\/resenhas-2\/#breadcrumb","itemListElement":[{"@type":"ListItem","position":1,"name":"In\u00edcio","item":"https:\/\/www.tgreguol.com.br\/blog\/"},{"@type":"ListItem","position":2,"name":"RESENHAS"}]},{"@type":"WebSite","@id":"https:\/\/www.tgreguol.com.br\/blog\/#website","url":"https:\/\/www.tgreguol.com.br\/blog\/","name":"T. Greguol","description":"Imaginador","potentialAction":[{"@type":"SearchAction","target":{"@type":"EntryPoint","urlTemplate":"https:\/\/www.tgreguol.com.br\/blog\/?s={search_term_string}"},"query-input":{"@type":"PropertyValueSpecification","valueRequired":true,"valueName":"search_term_string"}}],"inLanguage":"pt-BR"}]}},"_links":{"self":[{"href":"https:\/\/www.tgreguol.com.br\/blog\/wp-json\/wp\/v2\/pages\/3667","targetHints":{"allow":["GET"]}}],"collection":[{"href":"https:\/\/www.tgreguol.com.br\/blog\/wp-json\/wp\/v2\/pages"}],"about":[{"href":"https:\/\/www.tgreguol.com.br\/blog\/wp-json\/wp\/v2\/types\/page"}],"author":[{"embeddable":true,"href":"https:\/\/www.tgreguol.com.br\/blog\/wp-json\/wp\/v2\/users\/1"}],"replies":[{"embeddable":true,"href":"https:\/\/www.tgreguol.com.br\/blog\/wp-json\/wp\/v2\/comments?post=3667"}],"version-history":[{"count":3,"href":"https:\/\/www.tgreguol.com.br\/blog\/wp-json\/wp\/v2\/pages\/3667\/revisions"}],"predecessor-version":[{"id":3752,"href":"https:\/\/www.tgreguol.com.br\/blog\/wp-json\/wp\/v2\/pages\/3667\/revisions\/3752"}],"wp:attachment":[{"href":"https:\/\/www.tgreguol.com.br\/blog\/wp-json\/wp\/v2\/media?parent=3667"}],"curies":[{"name":"wp","href":"https:\/\/api.w.org\/{rel}","templated":true}]}}