{"id":3664,"date":"2025-01-06T14:24:08","date_gmt":"2025-01-06T14:24:08","guid":{"rendered":"https:\/\/www.tgreguol.com.br\/blog\/?page_id=3664"},"modified":"2025-01-06T20:06:44","modified_gmt":"2025-01-06T20:06:44","slug":"ficha-tecnica-do-album-coisa-2024","status":"publish","type":"page","link":"https:\/\/www.tgreguol.com.br\/blog\/ficha-tecnica-do-album-coisa-2024\/","title":{"rendered":"Ficha T\u00e9cnica do \u00c1lbum COISA (2024)"},"content":{"rendered":"\n<p class=\"\"><strong>Capa:<\/strong><br><em>&#8220;<a href=\"https:\/\/www.tgreguol.com.br\/blog\/silencio-2023-2\/\">Sil\u00eancio 79<\/a>&#8220;<\/em> \u2013 T. Greguol<\/p>\n\n\n\n<p class=\"\"><strong>Cria\u00e7\u00e3o, Arranjo, Produ\u00e7\u00e3o, Foto e Diagrama\u00e7\u00e3o:<\/strong><br><a href=\"https:\/\/www.instagram.com\/tgreguol\/\">T. Greguol<\/a><\/p>\n\n\n\n<p class=\"\"><strong>Composi\u00e7\u00e3o e Grava\u00e7\u00e3o:<\/strong><br>Todos os m\u00fasicos envolvidos<\/p>\n\n\n\n<p class=\"\"><strong>Edi\u00e7\u00e3o de \u00c1udio:<\/strong><br><a href=\"https:\/\/www.instagram.com\/karenavila\/\">Karen \u00c1vila<\/a><\/p>\n\n\n\n<p class=\"\"><strong>Mixagem e Masteriza\u00e7\u00e3o:<\/strong><br><a href=\"https:\/\/www.instagram.com\/gu1v1e1ra\/\">biu<\/a><\/p>\n\n\n\n<p class=\"\"><strong>Adapta\u00e7\u00e3o e Arranjo para Partitura:<\/strong><br><a href=\"https:\/\/www.instagram.com\/hirsch.eric\/\">Eric Hirsch<\/a><\/p>\n\n\n\n<ul class=\"wp-block-list\">\n<li class=\"\"><strong>Percuss\u00e3o:<\/strong><br>T. Greguol e <a href=\"https:\/\/www.instagram.com\/bananasonora\/\">M. Banana<\/a><\/li>\n\n\n\n<li class=\"\"><strong>Contrabaixo:<\/strong><br><a href=\"https:\/\/www.instagram.com\/humanoinvisivel\/\">L. Netto<\/a>, <a href=\"https:\/\/www.instagram.com\/thommytannus\/\">T. Tannus<\/a>, <a href=\"https:\/\/www.instagram.com\/kalventuri\/\">K. Venturi<\/a> e <a href=\"https:\/\/www.instagram.com\/quilder_de_paula\/\">Q. de Paula<\/a><\/li>\n\n\n\n<li class=\"\"><strong>Guitarra:<\/strong><br><a href=\"https:\/\/www.instagram.com\/sergio_arara\/\">S. Arara<\/a>, <a href=\"https:\/\/www.instagram.com\/tcheloo34\/\">M. Morella<\/a>, <a href=\"https:\/\/www.instagram.com\/aduayer\/\">A. Duayer<\/a>, <a href=\"https:\/\/www.instagram.com\/chc.netto\/\">C. Netto<\/a>, <a href=\"https:\/\/www.facebook.com\/profile.php?id=100005180257625\">A. Macedo<\/a> e L. Netto<\/li>\n\n\n\n<li class=\"\"><strong>Saxofone:<\/strong><br>T. Greguol<\/li>\n<\/ul>\n","protected":false},"excerpt":{"rendered":"<p>Capa:&#8220;Sil\u00eancio 79&#8220; \u2013 T. Greguol Cria\u00e7\u00e3o, Arranjo, Produ\u00e7\u00e3o, Foto e \u2026<\/p>\n<p class=\"continue-reading-button\"> <a class=\"continue-reading-link\" href=\"https:\/\/www.tgreguol.com.br\/blog\/ficha-tecnica-do-album-coisa-2024\/\">Leia Mais<i class=\"crycon-right-dir\"><\/i><\/a><\/p>\n","protected":false},"author":1,"featured_media":0,"parent":0,"menu_order":0,"comment_status":"closed","ping_status":"closed","template":"","meta":{"nf_dc_page":"","_exactmetrics_skip_tracking":false,"_exactmetrics_sitenote_active":false,"_exactmetrics_sitenote_note":"","_exactmetrics_sitenote_category":0,"footnotes":""},"class_list":["post-3664","page","type-page","status-publish","hentry"],"yoast_head":"<!-- This site is optimized with the Yoast SEO plugin v27.5 - https:\/\/yoast.com\/product\/yoast-seo-wordpress\/ -->\n<title>Ficha T\u00e9cnica do \u00c1lbum COISA (2024) - T. Greguol<\/title>\n<meta name=\"robots\" content=\"index, follow, max-snippet:-1, max-image-preview:large, max-video-preview:-1\" \/>\n<link rel=\"canonical\" href=\"https:\/\/www.tgreguol.com.br\/blog\/ficha-tecnica-do-album-coisa-2024\/\" \/>\n<meta property=\"og:locale\" content=\"pt_BR\" \/>\n<meta property=\"og:type\" content=\"article\" \/>\n<meta property=\"og:title\" content=\"Ficha T\u00e9cnica do \u00c1lbum COISA (2024) - T. Greguol\" \/>\n<meta property=\"og:description\" content=\"Capa:&#8220;Sil\u00eancio 79&#8220; \u2013 T. Greguol Cria\u00e7\u00e3o, Arranjo, Produ\u00e7\u00e3o, Foto e \u2026 Leia Mais\" \/>\n<meta property=\"og:url\" content=\"https:\/\/www.tgreguol.com.br\/blog\/ficha-tecnica-do-album-coisa-2024\/\" \/>\n<meta property=\"og:site_name\" content=\"T. Greguol\" \/>\n<meta property=\"article:publisher\" content=\"https:\/\/www.facebook.com\/tgreguol\" \/>\n<meta property=\"article:modified_time\" content=\"2025-01-06T20:06:44+00:00\" \/>\n<meta name=\"twitter:card\" content=\"summary_large_image\" \/>\n<meta name=\"twitter:site\" content=\"@katarse\" \/>\n<meta name=\"twitter:label1\" content=\"Est. tempo de leitura\" \/>\n\t<meta name=\"twitter:data1\" content=\"1 minuto\" \/>\n<script type=\"application\/ld+json\" class=\"yoast-schema-graph\">{\"@context\":\"https:\\\/\\\/schema.org\",\"@graph\":[{\"@type\":\"WebPage\",\"@id\":\"https:\\\/\\\/www.tgreguol.com.br\\\/blog\\\/ficha-tecnica-do-album-coisa-2024\\\/\",\"url\":\"https:\\\/\\\/www.tgreguol.com.br\\\/blog\\\/ficha-tecnica-do-album-coisa-2024\\\/\",\"name\":\"Ficha T\u00e9cnica do \u00c1lbum COISA (2024) - T. Greguol\",\"isPartOf\":{\"@id\":\"https:\\\/\\\/www.tgreguol.com.br\\\/blog\\\/#website\"},\"datePublished\":\"2025-01-06T14:24:08+00:00\",\"dateModified\":\"2025-01-06T20:06:44+00:00\",\"breadcrumb\":{\"@id\":\"https:\\\/\\\/www.tgreguol.com.br\\\/blog\\\/ficha-tecnica-do-album-coisa-2024\\\/#breadcrumb\"},\"inLanguage\":\"pt-BR\",\"potentialAction\":[{\"@type\":\"ReadAction\",\"target\":[\"https:\\\/\\\/www.tgreguol.com.br\\\/blog\\\/ficha-tecnica-do-album-coisa-2024\\\/\"]}]},{\"@type\":\"BreadcrumbList\",\"@id\":\"https:\\\/\\\/www.tgreguol.com.br\\\/blog\\\/ficha-tecnica-do-album-coisa-2024\\\/#breadcrumb\",\"itemListElement\":[{\"@type\":\"ListItem\",\"position\":1,\"name\":\"In\u00edcio\",\"item\":\"https:\\\/\\\/www.tgreguol.com.br\\\/blog\\\/\"},{\"@type\":\"ListItem\",\"position\":2,\"name\":\"Ficha T\u00e9cnica do \u00c1lbum COISA (2024)\"}]},{\"@type\":\"WebSite\",\"@id\":\"https:\\\/\\\/www.tgreguol.com.br\\\/blog\\\/#website\",\"url\":\"https:\\\/\\\/www.tgreguol.com.br\\\/blog\\\/\",\"name\":\"T. Greguol\",\"description\":\"Imaginador\",\"potentialAction\":[{\"@type\":\"SearchAction\",\"target\":{\"@type\":\"EntryPoint\",\"urlTemplate\":\"https:\\\/\\\/www.tgreguol.com.br\\\/blog\\\/?s={search_term_string}\"},\"query-input\":{\"@type\":\"PropertyValueSpecification\",\"valueRequired\":true,\"valueName\":\"search_term_string\"}}],\"inLanguage\":\"pt-BR\"}]}<\/script>\n<!-- \/ Yoast SEO plugin. -->","yoast_head_json":{"title":"Ficha T\u00e9cnica do \u00c1lbum COISA (2024) - T. Greguol","robots":{"index":"index","follow":"follow","max-snippet":"max-snippet:-1","max-image-preview":"max-image-preview:large","max-video-preview":"max-video-preview:-1"},"canonical":"https:\/\/www.tgreguol.com.br\/blog\/ficha-tecnica-do-album-coisa-2024\/","og_locale":"pt_BR","og_type":"article","og_title":"Ficha T\u00e9cnica do \u00c1lbum COISA (2024) - T. Greguol","og_description":"Capa:&#8220;Sil\u00eancio 79&#8220; \u2013 T. Greguol Cria\u00e7\u00e3o, Arranjo, Produ\u00e7\u00e3o, Foto e \u2026 Leia Mais","og_url":"https:\/\/www.tgreguol.com.br\/blog\/ficha-tecnica-do-album-coisa-2024\/","og_site_name":"T. Greguol","article_publisher":"https:\/\/www.facebook.com\/tgreguol","article_modified_time":"2025-01-06T20:06:44+00:00","twitter_card":"summary_large_image","twitter_site":"@katarse","twitter_misc":{"Est. tempo de leitura":"1 minuto"},"schema":{"@context":"https:\/\/schema.org","@graph":[{"@type":"WebPage","@id":"https:\/\/www.tgreguol.com.br\/blog\/ficha-tecnica-do-album-coisa-2024\/","url":"https:\/\/www.tgreguol.com.br\/blog\/ficha-tecnica-do-album-coisa-2024\/","name":"Ficha T\u00e9cnica do \u00c1lbum COISA (2024) - T. Greguol","isPartOf":{"@id":"https:\/\/www.tgreguol.com.br\/blog\/#website"},"datePublished":"2025-01-06T14:24:08+00:00","dateModified":"2025-01-06T20:06:44+00:00","breadcrumb":{"@id":"https:\/\/www.tgreguol.com.br\/blog\/ficha-tecnica-do-album-coisa-2024\/#breadcrumb"},"inLanguage":"pt-BR","potentialAction":[{"@type":"ReadAction","target":["https:\/\/www.tgreguol.com.br\/blog\/ficha-tecnica-do-album-coisa-2024\/"]}]},{"@type":"BreadcrumbList","@id":"https:\/\/www.tgreguol.com.br\/blog\/ficha-tecnica-do-album-coisa-2024\/#breadcrumb","itemListElement":[{"@type":"ListItem","position":1,"name":"In\u00edcio","item":"https:\/\/www.tgreguol.com.br\/blog\/"},{"@type":"ListItem","position":2,"name":"Ficha T\u00e9cnica do \u00c1lbum COISA (2024)"}]},{"@type":"WebSite","@id":"https:\/\/www.tgreguol.com.br\/blog\/#website","url":"https:\/\/www.tgreguol.com.br\/blog\/","name":"T. Greguol","description":"Imaginador","potentialAction":[{"@type":"SearchAction","target":{"@type":"EntryPoint","urlTemplate":"https:\/\/www.tgreguol.com.br\/blog\/?s={search_term_string}"},"query-input":{"@type":"PropertyValueSpecification","valueRequired":true,"valueName":"search_term_string"}}],"inLanguage":"pt-BR"}]}},"_links":{"self":[{"href":"https:\/\/www.tgreguol.com.br\/blog\/wp-json\/wp\/v2\/pages\/3664","targetHints":{"allow":["GET"]}}],"collection":[{"href":"https:\/\/www.tgreguol.com.br\/blog\/wp-json\/wp\/v2\/pages"}],"about":[{"href":"https:\/\/www.tgreguol.com.br\/blog\/wp-json\/wp\/v2\/types\/page"}],"author":[{"embeddable":true,"href":"https:\/\/www.tgreguol.com.br\/blog\/wp-json\/wp\/v2\/users\/1"}],"replies":[{"embeddable":true,"href":"https:\/\/www.tgreguol.com.br\/blog\/wp-json\/wp\/v2\/comments?post=3664"}],"version-history":[{"count":4,"href":"https:\/\/www.tgreguol.com.br\/blog\/wp-json\/wp\/v2\/pages\/3664\/revisions"}],"predecessor-version":[{"id":3676,"href":"https:\/\/www.tgreguol.com.br\/blog\/wp-json\/wp\/v2\/pages\/3664\/revisions\/3676"}],"wp:attachment":[{"href":"https:\/\/www.tgreguol.com.br\/blog\/wp-json\/wp\/v2\/media?parent=3664"}],"curies":[{"name":"wp","href":"https:\/\/api.w.org\/{rel}","templated":true}]}}