{"id":3649,"date":"2024-12-12T21:17:57","date_gmt":"2024-12-12T21:17:57","guid":{"rendered":"https:\/\/www.tgreguol.com.br\/blog\/?page_id=3649"},"modified":"2025-02-05T13:38:44","modified_gmt":"2025-02-05T13:38:44","slug":"coisa","status":"publish","type":"page","link":"https:\/\/www.tgreguol.com.br\/blog\/coisa\/","title":{"rendered":"COISA"},"content":{"rendered":"\n<figure class=\"wp-block-image size-large is-resized\"><a href=\"https:\/\/www.tgreguol.com.br\/blog\/wp-content\/uploads\/2024\/12\/COISA-capa-scaled.jpg\"><img loading=\"lazy\" decoding=\"async\" width=\"1024\" height=\"1024\" src=\"https:\/\/www.tgreguol.com.br\/blog\/wp-content\/uploads\/2024\/12\/COISA-capa-1024x1024.jpg\" alt=\"\" class=\"wp-image-3650\" style=\"width:385px;height:auto\" srcset=\"https:\/\/www.tgreguol.com.br\/blog\/wp-content\/uploads\/2024\/12\/COISA-capa-1024x1024.jpg 1024w, https:\/\/www.tgreguol.com.br\/blog\/wp-content\/uploads\/2024\/12\/COISA-capa-300x300.jpg 300w, https:\/\/www.tgreguol.com.br\/blog\/wp-content\/uploads\/2024\/12\/COISA-capa-150x150.jpg 150w, https:\/\/www.tgreguol.com.br\/blog\/wp-content\/uploads\/2024\/12\/COISA-capa-768x768.jpg 768w, https:\/\/www.tgreguol.com.br\/blog\/wp-content\/uploads\/2024\/12\/COISA-capa-1536x1536.jpg 1536w, https:\/\/www.tgreguol.com.br\/blog\/wp-content\/uploads\/2024\/12\/COISA-capa-2048x2048.jpg 2048w\" sizes=\"auto, (max-width: 1024px) 100vw, 1024px\" \/><\/a><\/figure>\n\n\n\n<p class=\"\"><strong>OU\u00c7A J\u00c1!<\/strong><\/p>\n\n\n\n<p class=\"\"><a href=\"https:\/\/youtube.com\/playlist?list=PLBo_fHJSdrvQ88Km1l1Q_bZs41v_PtrNS&amp;si=AakCDDTQR5CHQqyy\">YouTube<\/a><br><a href=\"https:\/\/open.spotify.com\/intl-pt\/album\/6UdKSDiEJ7031EzUKqkx9E\">Spotify<\/a><br><a href=\"https:\/\/deezer.page.link\/DHh8pRpSdQJ8PK7h9\">Deezer<\/a><br><a href=\"https:\/\/music.apple.com\/us\/album\/coisa\/1794209945\">Apple Music<\/a><br><a href=\"https:\/\/music.amazon.com\/albums\/B0DVWGXGVR?marketplaceId=ART4WZ8MWBX2Y&amp;musicTerritory=BR&amp;ref=dm_sh_tgi8Zv6jfRD1k0RQXfWfRIGof\">Amazon Music<\/a><br><a href=\"https:\/\/www.tgreguol.com.br\/blog\/coisa-wav\/\">MP3<\/a><\/p>\n\n\n\n<p class=\"\"><\/p>\n\n\n\n<p class=\"\">Lan\u00e7amento: 3 de Fevereiro de 2025<\/p>\n\n\n\n<p class=\"\">Lasciate ogni aspettativa, voi ch\u2019entrate. Algo me diz pra n\u00e3o sair antes do fim do espet\u00e1culo e n\u00e3o vou me juntar a um culto; eu opto pelo absurdo. Certa noite, procurava algo espec\u00edfico para ouvir. Encontrei v\u00e1rias op\u00e7\u00f5es, mas nenhuma era o que eu precisava. Ent\u00e3o, criei esta COISA, porque ela n\u00e3o existia e, como artista, essa \u00e9 a minha fun\u00e7\u00e3o. Usei o Teorema de Bum, uma estrutura matem\u00e1tica que desenvolvi para compor BUM, meu trabalho anterior. Adorei esse processo de composi\u00e7\u00e3o, em que a m\u00fasica parece se criar sozinha. Mas, desta vez, quebrei algumas regras. Esse \u00e9 o esp\u00edrito da COISA. Pela primeira vez na vida, gravei percuss\u00e3o e saxofone. Na percuss\u00e3o, fui batucando pela casa, tentando acertar o ritmo. No saxofone, tentei errar tudo. Este projeto s\u00f3 foi poss\u00edvel gra\u00e7as \u00e0 colabora\u00e7\u00e3o de 14 artistas corajosos, essenciais e talentosos, aos quais sou imensamente grato, agora e sempre. Que esta COISA ressoe e conecte. Divirta-se. Seu amigo, T. Greguol<\/p>\n\n\n\n<p class=\"\"><\/p>\n\n\n\n<p class=\"\"><a href=\"https:\/\/www.tgreguol.com.br\/blog\/wp-content\/uploads\/2025\/01\/COISA-encarte-2025.pdf\">ENCARTE<\/a><\/p>\n\n\n\n<p class=\"\"><a href=\"https:\/\/www.tgreguol.com.br\/blog\/ficha-tecnica-do-album-coisa-2024\/\">FICHA T\u00c9CNICA<\/a><\/p>\n\n\n\n<p class=\"\"><a href=\"https:\/\/www.tgreguol.com.br\/blog\/wp-content\/uploads\/2025\/01\/COISA-Partitura-inteira.pdf\">PARTITURA<\/a><\/p>\n\n\n\n<p class=\"\"><a href=\"https:\/\/www.tgreguol.com.br\/blog\/resenhas-2\/\">RESENHAS<\/a><\/p>\n\n\n\n<p style=\"font-size:15px\" class=\"\"><\/p>\n","protected":false},"excerpt":{"rendered":"<p>OU\u00c7A J\u00c1! YouTubeSpotifyDeezerApple MusicAmazon MusicMP3 Lan\u00e7amento: 3 de Fevereiro de \u2026<\/p>\n<p class=\"continue-reading-button\"> <a class=\"continue-reading-link\" href=\"https:\/\/www.tgreguol.com.br\/blog\/coisa\/\">Leia Mais<i class=\"crycon-right-dir\"><\/i><\/a><\/p>\n","protected":false},"author":1,"featured_media":3650,"parent":0,"menu_order":0,"comment_status":"closed","ping_status":"closed","template":"","meta":{"nf_dc_page":"","_exactmetrics_skip_tracking":false,"_exactmetrics_sitenote_active":false,"_exactmetrics_sitenote_note":"","_exactmetrics_sitenote_category":0,"footnotes":""},"class_list":["post-3649","page","type-page","status-publish","has-post-thumbnail","hentry"],"yoast_head":"<!-- This site is optimized with the Yoast SEO plugin v27.5 - https:\/\/yoast.com\/product\/yoast-seo-wordpress\/ -->\n<title>COISA - T. Greguol<\/title>\n<meta name=\"robots\" content=\"index, follow, max-snippet:-1, max-image-preview:large, max-video-preview:-1\" \/>\n<link rel=\"canonical\" href=\"https:\/\/www.tgreguol.com.br\/blog\/coisa\/\" \/>\n<meta property=\"og:locale\" content=\"pt_BR\" \/>\n<meta property=\"og:type\" content=\"article\" \/>\n<meta property=\"og:title\" content=\"COISA - T. Greguol\" \/>\n<meta property=\"og:description\" content=\"OU\u00c7A J\u00c1! YouTubeSpotifyDeezerApple MusicAmazon MusicMP3 Lan\u00e7amento: 3 de Fevereiro de \u2026 Leia Mais\" \/>\n<meta property=\"og:url\" content=\"https:\/\/www.tgreguol.com.br\/blog\/coisa\/\" \/>\n<meta property=\"og:site_name\" content=\"T. Greguol\" \/>\n<meta property=\"article:publisher\" content=\"https:\/\/www.facebook.com\/tgreguol\" \/>\n<meta property=\"article:modified_time\" content=\"2025-02-05T13:38:44+00:00\" \/>\n<meta property=\"og:image\" content=\"https:\/\/i0.wp.com\/www.tgreguol.com.br\/blog\/wp-content\/uploads\/2024\/12\/COISA-capa-scaled.jpg?fit=2560%2C2560\" \/>\n\t<meta property=\"og:image:width\" content=\"2560\" \/>\n\t<meta property=\"og:image:height\" content=\"2560\" \/>\n\t<meta property=\"og:image:type\" content=\"image\/jpeg\" \/>\n<meta name=\"twitter:card\" content=\"summary_large_image\" \/>\n<meta name=\"twitter:site\" content=\"@katarse\" \/>\n<meta name=\"twitter:label1\" content=\"Est. tempo de leitura\" \/>\n\t<meta name=\"twitter:data1\" content=\"2 minutos\" \/>\n<script type=\"application\/ld+json\" class=\"yoast-schema-graph\">{\"@context\":\"https:\\\/\\\/schema.org\",\"@graph\":[{\"@type\":\"WebPage\",\"@id\":\"https:\\\/\\\/www.tgreguol.com.br\\\/blog\\\/coisa\\\/\",\"url\":\"https:\\\/\\\/www.tgreguol.com.br\\\/blog\\\/coisa\\\/\",\"name\":\"COISA - T. Greguol\",\"isPartOf\":{\"@id\":\"https:\\\/\\\/www.tgreguol.com.br\\\/blog\\\/#website\"},\"primaryImageOfPage\":{\"@id\":\"https:\\\/\\\/www.tgreguol.com.br\\\/blog\\\/coisa\\\/#primaryimage\"},\"image\":{\"@id\":\"https:\\\/\\\/www.tgreguol.com.br\\\/blog\\\/coisa\\\/#primaryimage\"},\"thumbnailUrl\":\"https:\\\/\\\/www.tgreguol.com.br\\\/blog\\\/wp-content\\\/uploads\\\/2024\\\/12\\\/COISA-capa-scaled.jpg\",\"datePublished\":\"2024-12-12T21:17:57+00:00\",\"dateModified\":\"2025-02-05T13:38:44+00:00\",\"breadcrumb\":{\"@id\":\"https:\\\/\\\/www.tgreguol.com.br\\\/blog\\\/coisa\\\/#breadcrumb\"},\"inLanguage\":\"pt-BR\",\"potentialAction\":[{\"@type\":\"ReadAction\",\"target\":[\"https:\\\/\\\/www.tgreguol.com.br\\\/blog\\\/coisa\\\/\"]}]},{\"@type\":\"ImageObject\",\"inLanguage\":\"pt-BR\",\"@id\":\"https:\\\/\\\/www.tgreguol.com.br\\\/blog\\\/coisa\\\/#primaryimage\",\"url\":\"https:\\\/\\\/www.tgreguol.com.br\\\/blog\\\/wp-content\\\/uploads\\\/2024\\\/12\\\/COISA-capa-scaled.jpg\",\"contentUrl\":\"https:\\\/\\\/www.tgreguol.com.br\\\/blog\\\/wp-content\\\/uploads\\\/2024\\\/12\\\/COISA-capa-scaled.jpg\",\"width\":2560,\"height\":2560},{\"@type\":\"BreadcrumbList\",\"@id\":\"https:\\\/\\\/www.tgreguol.com.br\\\/blog\\\/coisa\\\/#breadcrumb\",\"itemListElement\":[{\"@type\":\"ListItem\",\"position\":1,\"name\":\"In\u00edcio\",\"item\":\"https:\\\/\\\/www.tgreguol.com.br\\\/blog\\\/\"},{\"@type\":\"ListItem\",\"position\":2,\"name\":\"COISA\"}]},{\"@type\":\"WebSite\",\"@id\":\"https:\\\/\\\/www.tgreguol.com.br\\\/blog\\\/#website\",\"url\":\"https:\\\/\\\/www.tgreguol.com.br\\\/blog\\\/\",\"name\":\"T. Greguol\",\"description\":\"Imaginador\",\"potentialAction\":[{\"@type\":\"SearchAction\",\"target\":{\"@type\":\"EntryPoint\",\"urlTemplate\":\"https:\\\/\\\/www.tgreguol.com.br\\\/blog\\\/?s={search_term_string}\"},\"query-input\":{\"@type\":\"PropertyValueSpecification\",\"valueRequired\":true,\"valueName\":\"search_term_string\"}}],\"inLanguage\":\"pt-BR\"}]}<\/script>\n<!-- \/ Yoast SEO plugin. -->","yoast_head_json":{"title":"COISA - T. Greguol","robots":{"index":"index","follow":"follow","max-snippet":"max-snippet:-1","max-image-preview":"max-image-preview:large","max-video-preview":"max-video-preview:-1"},"canonical":"https:\/\/www.tgreguol.com.br\/blog\/coisa\/","og_locale":"pt_BR","og_type":"article","og_title":"COISA - T. Greguol","og_description":"OU\u00c7A J\u00c1! YouTubeSpotifyDeezerApple MusicAmazon MusicMP3 Lan\u00e7amento: 3 de Fevereiro de \u2026 Leia Mais","og_url":"https:\/\/www.tgreguol.com.br\/blog\/coisa\/","og_site_name":"T. Greguol","article_publisher":"https:\/\/www.facebook.com\/tgreguol","article_modified_time":"2025-02-05T13:38:44+00:00","og_image":[{"width":2560,"height":2560,"url":"https:\/\/i0.wp.com\/www.tgreguol.com.br\/blog\/wp-content\/uploads\/2024\/12\/COISA-capa-scaled.jpg?fit=2560%2C2560","type":"image\/jpeg"}],"twitter_card":"summary_large_image","twitter_site":"@katarse","twitter_misc":{"Est. tempo de leitura":"2 minutos"},"schema":{"@context":"https:\/\/schema.org","@graph":[{"@type":"WebPage","@id":"https:\/\/www.tgreguol.com.br\/blog\/coisa\/","url":"https:\/\/www.tgreguol.com.br\/blog\/coisa\/","name":"COISA - T. Greguol","isPartOf":{"@id":"https:\/\/www.tgreguol.com.br\/blog\/#website"},"primaryImageOfPage":{"@id":"https:\/\/www.tgreguol.com.br\/blog\/coisa\/#primaryimage"},"image":{"@id":"https:\/\/www.tgreguol.com.br\/blog\/coisa\/#primaryimage"},"thumbnailUrl":"https:\/\/www.tgreguol.com.br\/blog\/wp-content\/uploads\/2024\/12\/COISA-capa-scaled.jpg","datePublished":"2024-12-12T21:17:57+00:00","dateModified":"2025-02-05T13:38:44+00:00","breadcrumb":{"@id":"https:\/\/www.tgreguol.com.br\/blog\/coisa\/#breadcrumb"},"inLanguage":"pt-BR","potentialAction":[{"@type":"ReadAction","target":["https:\/\/www.tgreguol.com.br\/blog\/coisa\/"]}]},{"@type":"ImageObject","inLanguage":"pt-BR","@id":"https:\/\/www.tgreguol.com.br\/blog\/coisa\/#primaryimage","url":"https:\/\/www.tgreguol.com.br\/blog\/wp-content\/uploads\/2024\/12\/COISA-capa-scaled.jpg","contentUrl":"https:\/\/www.tgreguol.com.br\/blog\/wp-content\/uploads\/2024\/12\/COISA-capa-scaled.jpg","width":2560,"height":2560},{"@type":"BreadcrumbList","@id":"https:\/\/www.tgreguol.com.br\/blog\/coisa\/#breadcrumb","itemListElement":[{"@type":"ListItem","position":1,"name":"In\u00edcio","item":"https:\/\/www.tgreguol.com.br\/blog\/"},{"@type":"ListItem","position":2,"name":"COISA"}]},{"@type":"WebSite","@id":"https:\/\/www.tgreguol.com.br\/blog\/#website","url":"https:\/\/www.tgreguol.com.br\/blog\/","name":"T. Greguol","description":"Imaginador","potentialAction":[{"@type":"SearchAction","target":{"@type":"EntryPoint","urlTemplate":"https:\/\/www.tgreguol.com.br\/blog\/?s={search_term_string}"},"query-input":{"@type":"PropertyValueSpecification","valueRequired":true,"valueName":"search_term_string"}}],"inLanguage":"pt-BR"}]}},"_links":{"self":[{"href":"https:\/\/www.tgreguol.com.br\/blog\/wp-json\/wp\/v2\/pages\/3649","targetHints":{"allow":["GET"]}}],"collection":[{"href":"https:\/\/www.tgreguol.com.br\/blog\/wp-json\/wp\/v2\/pages"}],"about":[{"href":"https:\/\/www.tgreguol.com.br\/blog\/wp-json\/wp\/v2\/types\/page"}],"author":[{"embeddable":true,"href":"https:\/\/www.tgreguol.com.br\/blog\/wp-json\/wp\/v2\/users\/1"}],"replies":[{"embeddable":true,"href":"https:\/\/www.tgreguol.com.br\/blog\/wp-json\/wp\/v2\/comments?post=3649"}],"version-history":[{"count":33,"href":"https:\/\/www.tgreguol.com.br\/blog\/wp-json\/wp\/v2\/pages\/3649\/revisions"}],"predecessor-version":[{"id":3731,"href":"https:\/\/www.tgreguol.com.br\/blog\/wp-json\/wp\/v2\/pages\/3649\/revisions\/3731"}],"wp:featuredmedia":[{"embeddable":true,"href":"https:\/\/www.tgreguol.com.br\/blog\/wp-json\/wp\/v2\/media\/3650"}],"wp:attachment":[{"href":"https:\/\/www.tgreguol.com.br\/blog\/wp-json\/wp\/v2\/media?parent=3649"}],"curies":[{"name":"wp","href":"https:\/\/api.w.org\/{rel}","templated":true}]}}