{"id":3631,"date":"2024-08-21T20:00:03","date_gmt":"2024-08-21T20:00:03","guid":{"rendered":"https:\/\/www.tgreguol.com.br\/blog\/?page_id=3631"},"modified":"2024-08-21T20:02:06","modified_gmt":"2024-08-21T20:02:06","slug":"um-bum-de-ideias","status":"publish","type":"page","link":"https:\/\/www.tgreguol.com.br\/blog\/um-bum-de-ideias\/","title":{"rendered":"Um Bum de ideias"},"content":{"rendered":"\n<p class=\"\">Leonardo da Vinci \u00e9 o homem que melhor representa o Renascimento porque foi pintor, matem\u00e1tico, escultor, arquiteto, f\u00edsico, engenheiro, bot\u00e2nico e m\u00fasico. Tinha como caracter\u00edstica essencial a capacidade de projetar inova\u00e7\u00f5es. \u00c9 nessa esteira que T. Greguol lan\u00e7a o \u00e1lbum instrumental \u201cBUM\u201d, com m\u00fasicas criadas a partir de um teorema transcrito por David Cecchini, matem\u00e1tico especialista em ci\u00eancias de dados.<\/p>\n\n\n\n<p class=\"\">O projeto, com seis faixas, \u00e9 o resultado do trabalho conjunto de um grupo de 25 criadores. No processo, Greguol mandava as partes que criava para eles. O desafio era determinar os espa\u00e7os de tempo em que os instrumentos deveriam ou n\u00e3o entrar na m\u00fasica em fun\u00e7\u00e3o do teorema matem\u00e1tico proposto.<\/p>\n\n\n\n<p class=\"\">O resultado tem a densidade e a leveza de quem sabe que tanto a vida individual como o universo s\u00e3o compostos de mudan\u00e7as. As m\u00fasicas levaram cada artista a sair de si mesmo para mergulhar no sonho proposto, em uma caminhada que conduziu cada um ao retorno ao pr\u00f3prio centro.<\/p>\n\n\n\n<p class=\"\">O processo \u00e9 t\u00e3o ou mais importante do que o resultado. Tanto h\u00e1 marcas sonoras que induzem a pensar explos\u00f5es como campos floridos harmoniosos. Acima de tudo, a proposta traz uma recupera\u00e7\u00e3o daquilo que nos torna mais humanos: a maravilhosa fascina\u00e7\u00e3o da Renascen\u00e7a da capacidade interdisciplinar de criar.<\/p>\n\n\n\n<p class=\"\">Oscar D\u2019Ambrosio<br><a href=\"https:\/\/www.instagram.com\/oscardambrosioinsta\/\">@oscardambrosioinsta<\/a><br>P\u00f3s-Doutor e Doutor em Educa\u00e7\u00e3o, Arte e Hist\u00f3ria da Cultura, Mestre em Artes Visuais, jornalista, cr\u00edtico de arte e curador.<\/p>\n","protected":false},"excerpt":{"rendered":"<p>Leonardo da Vinci \u00e9 o homem que melhor representa o \u2026<\/p>\n<p class=\"continue-reading-button\"> <a class=\"continue-reading-link\" href=\"https:\/\/www.tgreguol.com.br\/blog\/um-bum-de-ideias\/\">Leia Mais<i class=\"crycon-right-dir\"><\/i><\/a><\/p>\n","protected":false},"author":1,"featured_media":0,"parent":0,"menu_order":0,"comment_status":"closed","ping_status":"closed","template":"","meta":{"nf_dc_page":"","_exactmetrics_skip_tracking":false,"_exactmetrics_sitenote_active":false,"_exactmetrics_sitenote_note":"","_exactmetrics_sitenote_category":0,"footnotes":""},"class_list":["post-3631","page","type-page","status-publish","hentry"],"yoast_head":"<!-- This site is optimized with the Yoast SEO plugin v27.5 - https:\/\/yoast.com\/product\/yoast-seo-wordpress\/ -->\n<title>Um Bum de ideias - T. Greguol<\/title>\n<meta name=\"robots\" content=\"index, follow, max-snippet:-1, max-image-preview:large, max-video-preview:-1\" \/>\n<link rel=\"canonical\" href=\"https:\/\/www.tgreguol.com.br\/blog\/um-bum-de-ideias\/\" \/>\n<meta property=\"og:locale\" content=\"pt_BR\" \/>\n<meta property=\"og:type\" content=\"article\" \/>\n<meta property=\"og:title\" content=\"Um Bum de ideias - T. Greguol\" \/>\n<meta property=\"og:description\" content=\"Leonardo da Vinci \u00e9 o homem que melhor representa o \u2026 Leia Mais\" \/>\n<meta property=\"og:url\" content=\"https:\/\/www.tgreguol.com.br\/blog\/um-bum-de-ideias\/\" \/>\n<meta property=\"og:site_name\" content=\"T. Greguol\" \/>\n<meta property=\"article:publisher\" content=\"https:\/\/www.facebook.com\/tgreguol\" \/>\n<meta property=\"article:modified_time\" content=\"2024-08-21T20:02:06+00:00\" \/>\n<meta name=\"twitter:card\" content=\"summary_large_image\" \/>\n<meta name=\"twitter:site\" content=\"@katarse\" \/>\n<meta name=\"twitter:label1\" content=\"Est. tempo de leitura\" \/>\n\t<meta name=\"twitter:data1\" content=\"2 minutos\" \/>\n<script type=\"application\/ld+json\" class=\"yoast-schema-graph\">{\"@context\":\"https:\\\/\\\/schema.org\",\"@graph\":[{\"@type\":\"WebPage\",\"@id\":\"https:\\\/\\\/www.tgreguol.com.br\\\/blog\\\/um-bum-de-ideias\\\/\",\"url\":\"https:\\\/\\\/www.tgreguol.com.br\\\/blog\\\/um-bum-de-ideias\\\/\",\"name\":\"Um Bum de ideias - T. Greguol\",\"isPartOf\":{\"@id\":\"https:\\\/\\\/www.tgreguol.com.br\\\/blog\\\/#website\"},\"datePublished\":\"2024-08-21T20:00:03+00:00\",\"dateModified\":\"2024-08-21T20:02:06+00:00\",\"breadcrumb\":{\"@id\":\"https:\\\/\\\/www.tgreguol.com.br\\\/blog\\\/um-bum-de-ideias\\\/#breadcrumb\"},\"inLanguage\":\"pt-BR\",\"potentialAction\":[{\"@type\":\"ReadAction\",\"target\":[\"https:\\\/\\\/www.tgreguol.com.br\\\/blog\\\/um-bum-de-ideias\\\/\"]}]},{\"@type\":\"BreadcrumbList\",\"@id\":\"https:\\\/\\\/www.tgreguol.com.br\\\/blog\\\/um-bum-de-ideias\\\/#breadcrumb\",\"itemListElement\":[{\"@type\":\"ListItem\",\"position\":1,\"name\":\"In\u00edcio\",\"item\":\"https:\\\/\\\/www.tgreguol.com.br\\\/blog\\\/\"},{\"@type\":\"ListItem\",\"position\":2,\"name\":\"Um Bum de ideias\"}]},{\"@type\":\"WebSite\",\"@id\":\"https:\\\/\\\/www.tgreguol.com.br\\\/blog\\\/#website\",\"url\":\"https:\\\/\\\/www.tgreguol.com.br\\\/blog\\\/\",\"name\":\"T. Greguol\",\"description\":\"Imaginador\",\"potentialAction\":[{\"@type\":\"SearchAction\",\"target\":{\"@type\":\"EntryPoint\",\"urlTemplate\":\"https:\\\/\\\/www.tgreguol.com.br\\\/blog\\\/?s={search_term_string}\"},\"query-input\":{\"@type\":\"PropertyValueSpecification\",\"valueRequired\":true,\"valueName\":\"search_term_string\"}}],\"inLanguage\":\"pt-BR\"}]}<\/script>\n<!-- \/ Yoast SEO plugin. -->","yoast_head_json":{"title":"Um Bum de ideias - T. Greguol","robots":{"index":"index","follow":"follow","max-snippet":"max-snippet:-1","max-image-preview":"max-image-preview:large","max-video-preview":"max-video-preview:-1"},"canonical":"https:\/\/www.tgreguol.com.br\/blog\/um-bum-de-ideias\/","og_locale":"pt_BR","og_type":"article","og_title":"Um Bum de ideias - T. Greguol","og_description":"Leonardo da Vinci \u00e9 o homem que melhor representa o \u2026 Leia Mais","og_url":"https:\/\/www.tgreguol.com.br\/blog\/um-bum-de-ideias\/","og_site_name":"T. Greguol","article_publisher":"https:\/\/www.facebook.com\/tgreguol","article_modified_time":"2024-08-21T20:02:06+00:00","twitter_card":"summary_large_image","twitter_site":"@katarse","twitter_misc":{"Est. tempo de leitura":"2 minutos"},"schema":{"@context":"https:\/\/schema.org","@graph":[{"@type":"WebPage","@id":"https:\/\/www.tgreguol.com.br\/blog\/um-bum-de-ideias\/","url":"https:\/\/www.tgreguol.com.br\/blog\/um-bum-de-ideias\/","name":"Um Bum de ideias - T. Greguol","isPartOf":{"@id":"https:\/\/www.tgreguol.com.br\/blog\/#website"},"datePublished":"2024-08-21T20:00:03+00:00","dateModified":"2024-08-21T20:02:06+00:00","breadcrumb":{"@id":"https:\/\/www.tgreguol.com.br\/blog\/um-bum-de-ideias\/#breadcrumb"},"inLanguage":"pt-BR","potentialAction":[{"@type":"ReadAction","target":["https:\/\/www.tgreguol.com.br\/blog\/um-bum-de-ideias\/"]}]},{"@type":"BreadcrumbList","@id":"https:\/\/www.tgreguol.com.br\/blog\/um-bum-de-ideias\/#breadcrumb","itemListElement":[{"@type":"ListItem","position":1,"name":"In\u00edcio","item":"https:\/\/www.tgreguol.com.br\/blog\/"},{"@type":"ListItem","position":2,"name":"Um Bum de ideias"}]},{"@type":"WebSite","@id":"https:\/\/www.tgreguol.com.br\/blog\/#website","url":"https:\/\/www.tgreguol.com.br\/blog\/","name":"T. Greguol","description":"Imaginador","potentialAction":[{"@type":"SearchAction","target":{"@type":"EntryPoint","urlTemplate":"https:\/\/www.tgreguol.com.br\/blog\/?s={search_term_string}"},"query-input":{"@type":"PropertyValueSpecification","valueRequired":true,"valueName":"search_term_string"}}],"inLanguage":"pt-BR"}]}},"_links":{"self":[{"href":"https:\/\/www.tgreguol.com.br\/blog\/wp-json\/wp\/v2\/pages\/3631","targetHints":{"allow":["GET"]}}],"collection":[{"href":"https:\/\/www.tgreguol.com.br\/blog\/wp-json\/wp\/v2\/pages"}],"about":[{"href":"https:\/\/www.tgreguol.com.br\/blog\/wp-json\/wp\/v2\/types\/page"}],"author":[{"embeddable":true,"href":"https:\/\/www.tgreguol.com.br\/blog\/wp-json\/wp\/v2\/users\/1"}],"replies":[{"embeddable":true,"href":"https:\/\/www.tgreguol.com.br\/blog\/wp-json\/wp\/v2\/comments?post=3631"}],"version-history":[{"count":2,"href":"https:\/\/www.tgreguol.com.br\/blog\/wp-json\/wp\/v2\/pages\/3631\/revisions"}],"predecessor-version":[{"id":3635,"href":"https:\/\/www.tgreguol.com.br\/blog\/wp-json\/wp\/v2\/pages\/3631\/revisions\/3635"}],"wp:attachment":[{"href":"https:\/\/www.tgreguol.com.br\/blog\/wp-json\/wp\/v2\/media?parent=3631"}],"curies":[{"name":"wp","href":"https:\/\/api.w.org\/{rel}","templated":true}]}}