{"id":3593,"date":"2024-06-22T23:41:18","date_gmt":"2024-06-22T23:41:18","guid":{"rendered":"https:\/\/www.tgreguol.com.br\/blog\/?page_id=3593"},"modified":"2024-06-22T23:41:19","modified_gmt":"2024-06-22T23:41:19","slug":"ficha-tecnica-2","status":"publish","type":"page","link":"https:\/\/www.tgreguol.com.br\/blog\/ficha-tecnica-2\/","title":{"rendered":"FICHA T\u00c9CNICA"},"content":{"rendered":"\n<p>Capa, Cria\u00e7\u00e3o e Produ\u00e7\u00e3o: <a href=\"https:\/\/www.instagram.com\/tgreguol\/\">T. Greguol<\/a><\/p>\n\n\n\n<p>Composi\u00e7\u00e3o: Coletiva<\/p>\n\n\n\n<p>Grava\u00e7\u00f5es: <a href=\"http:\/\/bananasonora.com.br\/\">Est\u00fadio Banana Sonora<\/a>, <a href=\"https:\/\/centromusicalmorumbi.com\/\">Est\u00fadio CMM<\/a>, <a href=\"https:\/\/www.viralataderaca.com\/\">Est\u00fadio Vira-lata de Ra\u00e7a<\/a> e os pr\u00f3prios participantes<\/p>\n\n\n\n<p>Mixagem e Masteriza\u00e7\u00e3o: <a href=\"https:\/\/ericyoshino.com\/\">\u00c9ric Yoshino<\/a><\/p>\n\n\n\n<p>Baixo: <a href=\"https:\/\/www.instagram.com\/fabiopelissioni\/\">F\u00e1bio Pelissioni<\/a>, <a href=\"https:\/\/www.instagram.com\/humanoinvisivel\/\">Louren\u00e7o Netto<\/a> e <a href=\"https:\/\/www.instagram.com\/ludguitar\/\">Ludmila Marolli<\/a><\/p>\n\n\n\n<p>Bateria: <a href=\"https:\/\/laurolellis.com.br\/\">Lauro Lellis<\/a> e <a href=\"https:\/\/www.instagram.com\/bananasonora\/\">Marcos Banana<\/a><\/p>\n\n\n\n<p>Bic\u00f3rdio Infinito: <a href=\"https:\/\/www.instagram.com\/nenflidio\/\">Paulo Nenflidio<\/a><\/p>\n\n\n\n<p>Clarinete: Danilo Greguol<\/p>\n\n\n\n<p>Guitarra: <a href=\"https:\/\/www.instagram.com\/aduayer\/?locale=fr_CA\">Alexandre Duayer<\/a>, <a href=\"https:\/\/www.instagram.com\/hirsch.eric\/\">Eric Hirsch<\/a>, <a href=\"https:\/\/www.instagram.com\/kalventuri\/\">Kal Venturi<\/a>, <a href=\"https:\/\/www.instagram.com\/tcheloo34\/\">Marcelo Morella<\/a>, <a href=\"https:\/\/www.instagram.com\/tata_aeroplano\/\">Tat\u00e1 Aeroplano<\/a>, <a href=\"https:\/\/www.instagram.com\/sergio_arara\/?hl=fr\">S\u00e9rgio Arara<\/a> e Vinicius Reale<\/p>\n\n\n\n<p>Piano: <a href=\"https:\/\/www.instagram.com\/gastaoguedes\/?hl=pt\">Gast\u00e3o Guedes<\/a>, <a href=\"https:\/\/www.instagram.com\/lubis_lovely\/\">Lubislava Beltcheva<\/a>, <a href=\"https:\/\/www.instagram.com\/quilder_de_paula\/\">Quilder de Paula<\/a>, <a href=\"https:\/\/www.instagram.com\/ropianista\/\">Roberta Chamilet<\/a> e <a href=\"https:\/\/www.instagram.com\/sidneyferraz.br?utm_source=ig_web_button_share_sheet&amp;igsh=ZDNlZDc0MzIxNw==\">Sidney Ferraz<\/a><\/p>\n\n\n\n<p>Saxofone: <a href=\"https:\/\/www.instagram.com\/chicomacedo\/\">Chico Macedo<\/a><\/p>\n\n\n\n<p>Sitar: <a href=\"https:\/\/kruciskhan.wixsite.com\/kruciskhan\">Krucis Khan<\/a><\/p>\n\n\n\n<p>Viola e violino: <a href=\"https:\/\/www.escavador.com\/sobre\/5825983\/mariana-renno-jelen\">Mariana Renn\u00f3 Jelen<\/a><\/p>\n\n\n\n<p>Voz: <a href=\"https:\/\/www.rodrigoeba.com.br\/\">Rodrigo EBA!<\/a><\/p>\n","protected":false},"excerpt":{"rendered":"<p>Capa, Cria\u00e7\u00e3o e Produ\u00e7\u00e3o: T. Greguol Composi\u00e7\u00e3o: Coletiva Grava\u00e7\u00f5es: Est\u00fadio \u2026<\/p>\n<p class=\"continue-reading-button\"> <a class=\"continue-reading-link\" href=\"https:\/\/www.tgreguol.com.br\/blog\/ficha-tecnica-2\/\">Leia Mais<i class=\"crycon-right-dir\"><\/i><\/a><\/p>\n","protected":false},"author":1,"featured_media":0,"parent":0,"menu_order":0,"comment_status":"closed","ping_status":"closed","template":"","meta":{"nf_dc_page":"","_exactmetrics_skip_tracking":false,"_exactmetrics_sitenote_active":false,"_exactmetrics_sitenote_note":"","_exactmetrics_sitenote_category":0,"footnotes":""},"class_list":["post-3593","page","type-page","status-publish","hentry"],"yoast_head":"<!-- This site is optimized with the Yoast SEO plugin v27.5 - https:\/\/yoast.com\/product\/yoast-seo-wordpress\/ -->\n<title>FICHA T\u00c9CNICA - T. Greguol<\/title>\n<meta name=\"robots\" content=\"index, follow, max-snippet:-1, max-image-preview:large, max-video-preview:-1\" \/>\n<link rel=\"canonical\" href=\"https:\/\/www.tgreguol.com.br\/blog\/ficha-tecnica-2\/\" \/>\n<meta property=\"og:locale\" content=\"pt_BR\" \/>\n<meta property=\"og:type\" content=\"article\" \/>\n<meta property=\"og:title\" content=\"FICHA T\u00c9CNICA - T. Greguol\" \/>\n<meta property=\"og:description\" content=\"Capa, Cria\u00e7\u00e3o e Produ\u00e7\u00e3o: T. Greguol Composi\u00e7\u00e3o: Coletiva Grava\u00e7\u00f5es: Est\u00fadio \u2026 Leia Mais\" \/>\n<meta property=\"og:url\" content=\"https:\/\/www.tgreguol.com.br\/blog\/ficha-tecnica-2\/\" \/>\n<meta property=\"og:site_name\" content=\"T. Greguol\" \/>\n<meta property=\"article:publisher\" content=\"https:\/\/www.facebook.com\/tgreguol\" \/>\n<meta property=\"article:modified_time\" content=\"2024-06-22T23:41:19+00:00\" \/>\n<meta name=\"twitter:card\" content=\"summary_large_image\" \/>\n<meta name=\"twitter:site\" content=\"@katarse\" \/>\n<meta name=\"twitter:label1\" content=\"Est. tempo de leitura\" \/>\n\t<meta name=\"twitter:data1\" content=\"1 minuto\" \/>\n<script type=\"application\/ld+json\" class=\"yoast-schema-graph\">{\"@context\":\"https:\\\/\\\/schema.org\",\"@graph\":[{\"@type\":\"WebPage\",\"@id\":\"https:\\\/\\\/www.tgreguol.com.br\\\/blog\\\/ficha-tecnica-2\\\/\",\"url\":\"https:\\\/\\\/www.tgreguol.com.br\\\/blog\\\/ficha-tecnica-2\\\/\",\"name\":\"FICHA T\u00c9CNICA - T. Greguol\",\"isPartOf\":{\"@id\":\"https:\\\/\\\/www.tgreguol.com.br\\\/blog\\\/#website\"},\"datePublished\":\"2024-06-22T23:41:18+00:00\",\"dateModified\":\"2024-06-22T23:41:19+00:00\",\"breadcrumb\":{\"@id\":\"https:\\\/\\\/www.tgreguol.com.br\\\/blog\\\/ficha-tecnica-2\\\/#breadcrumb\"},\"inLanguage\":\"pt-BR\",\"potentialAction\":[{\"@type\":\"ReadAction\",\"target\":[\"https:\\\/\\\/www.tgreguol.com.br\\\/blog\\\/ficha-tecnica-2\\\/\"]}]},{\"@type\":\"BreadcrumbList\",\"@id\":\"https:\\\/\\\/www.tgreguol.com.br\\\/blog\\\/ficha-tecnica-2\\\/#breadcrumb\",\"itemListElement\":[{\"@type\":\"ListItem\",\"position\":1,\"name\":\"In\u00edcio\",\"item\":\"https:\\\/\\\/www.tgreguol.com.br\\\/blog\\\/\"},{\"@type\":\"ListItem\",\"position\":2,\"name\":\"FICHA T\u00c9CNICA\"}]},{\"@type\":\"WebSite\",\"@id\":\"https:\\\/\\\/www.tgreguol.com.br\\\/blog\\\/#website\",\"url\":\"https:\\\/\\\/www.tgreguol.com.br\\\/blog\\\/\",\"name\":\"T. Greguol\",\"description\":\"Imaginador\",\"potentialAction\":[{\"@type\":\"SearchAction\",\"target\":{\"@type\":\"EntryPoint\",\"urlTemplate\":\"https:\\\/\\\/www.tgreguol.com.br\\\/blog\\\/?s={search_term_string}\"},\"query-input\":{\"@type\":\"PropertyValueSpecification\",\"valueRequired\":true,\"valueName\":\"search_term_string\"}}],\"inLanguage\":\"pt-BR\"}]}<\/script>\n<!-- \/ Yoast SEO plugin. -->","yoast_head_json":{"title":"FICHA T\u00c9CNICA - T. Greguol","robots":{"index":"index","follow":"follow","max-snippet":"max-snippet:-1","max-image-preview":"max-image-preview:large","max-video-preview":"max-video-preview:-1"},"canonical":"https:\/\/www.tgreguol.com.br\/blog\/ficha-tecnica-2\/","og_locale":"pt_BR","og_type":"article","og_title":"FICHA T\u00c9CNICA - T. Greguol","og_description":"Capa, Cria\u00e7\u00e3o e Produ\u00e7\u00e3o: T. Greguol Composi\u00e7\u00e3o: Coletiva Grava\u00e7\u00f5es: Est\u00fadio \u2026 Leia Mais","og_url":"https:\/\/www.tgreguol.com.br\/blog\/ficha-tecnica-2\/","og_site_name":"T. Greguol","article_publisher":"https:\/\/www.facebook.com\/tgreguol","article_modified_time":"2024-06-22T23:41:19+00:00","twitter_card":"summary_large_image","twitter_site":"@katarse","twitter_misc":{"Est. tempo de leitura":"1 minuto"},"schema":{"@context":"https:\/\/schema.org","@graph":[{"@type":"WebPage","@id":"https:\/\/www.tgreguol.com.br\/blog\/ficha-tecnica-2\/","url":"https:\/\/www.tgreguol.com.br\/blog\/ficha-tecnica-2\/","name":"FICHA T\u00c9CNICA - T. Greguol","isPartOf":{"@id":"https:\/\/www.tgreguol.com.br\/blog\/#website"},"datePublished":"2024-06-22T23:41:18+00:00","dateModified":"2024-06-22T23:41:19+00:00","breadcrumb":{"@id":"https:\/\/www.tgreguol.com.br\/blog\/ficha-tecnica-2\/#breadcrumb"},"inLanguage":"pt-BR","potentialAction":[{"@type":"ReadAction","target":["https:\/\/www.tgreguol.com.br\/blog\/ficha-tecnica-2\/"]}]},{"@type":"BreadcrumbList","@id":"https:\/\/www.tgreguol.com.br\/blog\/ficha-tecnica-2\/#breadcrumb","itemListElement":[{"@type":"ListItem","position":1,"name":"In\u00edcio","item":"https:\/\/www.tgreguol.com.br\/blog\/"},{"@type":"ListItem","position":2,"name":"FICHA T\u00c9CNICA"}]},{"@type":"WebSite","@id":"https:\/\/www.tgreguol.com.br\/blog\/#website","url":"https:\/\/www.tgreguol.com.br\/blog\/","name":"T. Greguol","description":"Imaginador","potentialAction":[{"@type":"SearchAction","target":{"@type":"EntryPoint","urlTemplate":"https:\/\/www.tgreguol.com.br\/blog\/?s={search_term_string}"},"query-input":{"@type":"PropertyValueSpecification","valueRequired":true,"valueName":"search_term_string"}}],"inLanguage":"pt-BR"}]}},"_links":{"self":[{"href":"https:\/\/www.tgreguol.com.br\/blog\/wp-json\/wp\/v2\/pages\/3593","targetHints":{"allow":["GET"]}}],"collection":[{"href":"https:\/\/www.tgreguol.com.br\/blog\/wp-json\/wp\/v2\/pages"}],"about":[{"href":"https:\/\/www.tgreguol.com.br\/blog\/wp-json\/wp\/v2\/types\/page"}],"author":[{"embeddable":true,"href":"https:\/\/www.tgreguol.com.br\/blog\/wp-json\/wp\/v2\/users\/1"}],"replies":[{"embeddable":true,"href":"https:\/\/www.tgreguol.com.br\/blog\/wp-json\/wp\/v2\/comments?post=3593"}],"version-history":[{"count":1,"href":"https:\/\/www.tgreguol.com.br\/blog\/wp-json\/wp\/v2\/pages\/3593\/revisions"}],"predecessor-version":[{"id":3594,"href":"https:\/\/www.tgreguol.com.br\/blog\/wp-json\/wp\/v2\/pages\/3593\/revisions\/3594"}],"wp:attachment":[{"href":"https:\/\/www.tgreguol.com.br\/blog\/wp-json\/wp\/v2\/media?parent=3593"}],"curies":[{"name":"wp","href":"https:\/\/api.w.org\/{rel}","templated":true}]}}