{"id":3588,"date":"2024-06-22T23:17:19","date_gmt":"2024-06-22T23:17:19","guid":{"rendered":"https:\/\/www.tgreguol.com.br\/blog\/?page_id=3588"},"modified":"2024-09-11T16:25:25","modified_gmt":"2024-09-11T16:25:25","slug":"resenhas","status":"publish","type":"page","link":"https:\/\/www.tgreguol.com.br\/blog\/resenhas\/","title":{"rendered":"RESENHAS"},"content":{"rendered":"\n<p class=\"\">.<\/p>\n\n\n\n<p class=\"\"><strong>\u201cBum! Aconteceu! Saiam de baixo\u2026\u201d<\/strong><br><strong><a href=\"https:\/\/pt.wikipedia.org\/wiki\/J%C3%BAlio_Medaglia\">Julio Medaglia<\/a><\/strong><br><em>Maestro, compositor e arranjador.<\/em><\/p>\n\n\n\n<p class=\"\"><\/p>\n\n\n\n<p class=\"\"><strong>\u201cPau quebrando! Muito bom de ouvir.\u201d<\/strong><br><strong><a href=\"https:\/\/pt.wikipedia.org\/wiki\/Pena_Schmidt\">Pena Schmidt<\/a><\/strong><br><em>Produtor musical, engenheiro de som e gestor cultural.<\/em><\/p>\n\n\n\n<p class=\"\"><\/p>\n\n\n\n<p class=\"\"><strong>\u201cPara a maior parte das pessoas, talento e l\u00f3gica s\u00e3o como lados opostos em um cubo m\u00e1gico, onde cada cor assume um lado naturalmente e h\u00e1 pouca interse\u00e7\u00e3o entre as cores quando o cubo est\u00e1 montado. No entanto, a frui\u00e7\u00e3o art\u00edstica e a t\u00e9cnica composicional n\u00e3o se estabelecem sozinhas, em absoluto. Assim como as cores se embaralham no cubo quando tentamos resolver o enigma, inspira\u00e7\u00e3o e t\u00e9cnica se misturam em um fluxo constante na cabe\u00e7a de quem escreve uma obra musical. Nada \u00e9 apenas raz\u00e3o, ou emo\u00e7\u00e3o, quando falamos de qualquer coisa, ainda menos na m\u00fasica. A proeza de T. Greguol em BUM \u00e9 a demonstra\u00e7\u00e3o n\u00edtida desse processo, uma vez que nos \u00e9 permitido observar cada aresta do objeto musical, bem como o que essas arestas criam quando aglutinadas. Na obra, n\u00f3s podemos ouvir, ou enxergar de forma sinest\u00e9sica, cada cor, cada lado e cada instrumento que est\u00e1 por tr\u00e1s da forma total do enigma. Por conseguinte, tal qual em um cubo m\u00e1gico \u201csonoro\u201d, T. Greguol e um excelente time de musicistas nos permitem ver cada cor, cada parte, cada movimento\u2026 tra\u00e7os que se interligam para entregar um trabalho amplo e profundo, que s\u00f3 est\u00e1 completo com a sua escuta e com a sua interpreta\u00e7\u00e3o. Uma explos\u00e3o sonora: BUM!\u201d<\/strong><\/p>\n\n\n\n<p class=\"\"><a href=\"https:\/\/www.radioguerrilha.com\/\"><strong>Guilherme Afonso<\/strong><\/a><br><em>Professor, produtor musical, compositor e militante comunista.<\/em><\/p>\n\n\n\n<p class=\"\"><\/p>\n\n\n\n<p class=\"\"><a href=\"https:\/\/www.tgreguol.com.br\/blog\/um-bum-de-ideias\/\"><strong>Oscar Dambrosio<\/strong><\/a><\/p>\n\n\n\n<p class=\"\"><strong><a href=\"https:\/\/br.nacaodamusica.com\/noticias\/t-greguol-album-bum-matematico\/\">Na\u00e7\u00e3o da M\u00fasica<\/a><\/strong><\/p>\n\n\n\n<p class=\"\"><strong><a href=\"https:\/\/x.com\/PolvoManco\/status\/1806762325694931027\">Polvo Manco<\/a><\/strong><\/p>\n\n\n\n<p class=\"\"><strong><a href=\"https:\/\/www.tgreguol.com.br\/blog\/estadao-caderno-2\/\">Estad\u00e3o (Caderno 2)<\/a><\/strong><\/p>\n\n\n\n<p class=\"\"><a href=\"https:\/\/www.terra.com.br\/diversao\/musica\/t-greguol-une-a-rigidez-da-matematica-com-a-liberdade-criativa-em-album-instrumental,d64de593e7f674e02ac4d46b6c4fe918dnym7veu.html\"><strong>Terra (entret\u00ea)<\/strong><\/a><\/p>\n\n\n\n<p class=\"\"><strong><a href=\"https:\/\/sintoniasp.blogspot.com\/2024\/07\/musica-tgreguol-lanca-disco-instrumento.html\">Sintonia SP<\/a><\/strong><\/p>\n\n\n\n<p class=\"\"><strong><a href=\"https:\/\/www.hominiscanidae.org\/2024\/08\/t-greguol-bum-2024.html\">Hominis Canidae<\/a><\/strong><\/p>\n\n\n\n<p class=\"\"><strong><a href=\"https:\/\/culturamusical.aescolalegal.com.br\/bum-teoremas-e-numeros-musicais\/\">Revista CultMus<\/a><\/strong><\/p>\n\n\n\n<p class=\"\"><strong><a href=\"https:\/\/popfantasma.com.br\/ouvimos-t-greguol-bum\/\">Pop Fantasma<\/a><\/strong><\/p>\n","protected":false},"excerpt":{"rendered":"<p>. \u201cBum! Aconteceu! Saiam de baixo\u2026\u201dJulio MedagliaMaestro, compositor e arranjador. \u2026<\/p>\n<p class=\"continue-reading-button\"> <a class=\"continue-reading-link\" href=\"https:\/\/www.tgreguol.com.br\/blog\/resenhas\/\">Leia Mais<i class=\"crycon-right-dir\"><\/i><\/a><\/p>\n","protected":false},"author":1,"featured_media":0,"parent":0,"menu_order":0,"comment_status":"closed","ping_status":"closed","template":"","meta":{"nf_dc_page":"","_exactmetrics_skip_tracking":false,"_exactmetrics_sitenote_active":false,"_exactmetrics_sitenote_note":"","_exactmetrics_sitenote_category":0,"footnotes":""},"class_list":["post-3588","page","type-page","status-publish","hentry"],"yoast_head":"<!-- This site is optimized with the Yoast SEO plugin v27.5 - https:\/\/yoast.com\/product\/yoast-seo-wordpress\/ -->\n<title>RESENHAS - T. Greguol<\/title>\n<meta name=\"robots\" content=\"index, follow, max-snippet:-1, max-image-preview:large, max-video-preview:-1\" \/>\n<link rel=\"canonical\" href=\"https:\/\/www.tgreguol.com.br\/blog\/resenhas\/\" \/>\n<meta property=\"og:locale\" content=\"pt_BR\" \/>\n<meta property=\"og:type\" content=\"article\" \/>\n<meta property=\"og:title\" content=\"RESENHAS - T. Greguol\" \/>\n<meta property=\"og:description\" content=\". \u201cBum! Aconteceu! Saiam de baixo\u2026\u201dJulio MedagliaMaestro, compositor e arranjador. \u2026 Leia Mais\" \/>\n<meta property=\"og:url\" content=\"https:\/\/www.tgreguol.com.br\/blog\/resenhas\/\" \/>\n<meta property=\"og:site_name\" content=\"T. Greguol\" \/>\n<meta property=\"article:publisher\" content=\"https:\/\/www.facebook.com\/tgreguol\" \/>\n<meta property=\"article:modified_time\" content=\"2024-09-11T16:25:25+00:00\" \/>\n<meta name=\"twitter:card\" content=\"summary_large_image\" \/>\n<meta name=\"twitter:site\" content=\"@katarse\" \/>\n<meta name=\"twitter:label1\" content=\"Est. tempo de leitura\" \/>\n\t<meta name=\"twitter:data1\" content=\"2 minutos\" \/>\n<script type=\"application\/ld+json\" class=\"yoast-schema-graph\">{\"@context\":\"https:\\\/\\\/schema.org\",\"@graph\":[{\"@type\":\"WebPage\",\"@id\":\"https:\\\/\\\/www.tgreguol.com.br\\\/blog\\\/resenhas\\\/\",\"url\":\"https:\\\/\\\/www.tgreguol.com.br\\\/blog\\\/resenhas\\\/\",\"name\":\"RESENHAS - T. Greguol\",\"isPartOf\":{\"@id\":\"https:\\\/\\\/www.tgreguol.com.br\\\/blog\\\/#website\"},\"datePublished\":\"2024-06-22T23:17:19+00:00\",\"dateModified\":\"2024-09-11T16:25:25+00:00\",\"breadcrumb\":{\"@id\":\"https:\\\/\\\/www.tgreguol.com.br\\\/blog\\\/resenhas\\\/#breadcrumb\"},\"inLanguage\":\"pt-BR\",\"potentialAction\":[{\"@type\":\"ReadAction\",\"target\":[\"https:\\\/\\\/www.tgreguol.com.br\\\/blog\\\/resenhas\\\/\"]}]},{\"@type\":\"BreadcrumbList\",\"@id\":\"https:\\\/\\\/www.tgreguol.com.br\\\/blog\\\/resenhas\\\/#breadcrumb\",\"itemListElement\":[{\"@type\":\"ListItem\",\"position\":1,\"name\":\"In\u00edcio\",\"item\":\"https:\\\/\\\/www.tgreguol.com.br\\\/blog\\\/\"},{\"@type\":\"ListItem\",\"position\":2,\"name\":\"RESENHAS\"}]},{\"@type\":\"WebSite\",\"@id\":\"https:\\\/\\\/www.tgreguol.com.br\\\/blog\\\/#website\",\"url\":\"https:\\\/\\\/www.tgreguol.com.br\\\/blog\\\/\",\"name\":\"T. Greguol\",\"description\":\"Imaginador\",\"potentialAction\":[{\"@type\":\"SearchAction\",\"target\":{\"@type\":\"EntryPoint\",\"urlTemplate\":\"https:\\\/\\\/www.tgreguol.com.br\\\/blog\\\/?s={search_term_string}\"},\"query-input\":{\"@type\":\"PropertyValueSpecification\",\"valueRequired\":true,\"valueName\":\"search_term_string\"}}],\"inLanguage\":\"pt-BR\"}]}<\/script>\n<!-- \/ Yoast SEO plugin. -->","yoast_head_json":{"title":"RESENHAS - T. Greguol","robots":{"index":"index","follow":"follow","max-snippet":"max-snippet:-1","max-image-preview":"max-image-preview:large","max-video-preview":"max-video-preview:-1"},"canonical":"https:\/\/www.tgreguol.com.br\/blog\/resenhas\/","og_locale":"pt_BR","og_type":"article","og_title":"RESENHAS - T. Greguol","og_description":". \u201cBum! Aconteceu! Saiam de baixo\u2026\u201dJulio MedagliaMaestro, compositor e arranjador. \u2026 Leia Mais","og_url":"https:\/\/www.tgreguol.com.br\/blog\/resenhas\/","og_site_name":"T. Greguol","article_publisher":"https:\/\/www.facebook.com\/tgreguol","article_modified_time":"2024-09-11T16:25:25+00:00","twitter_card":"summary_large_image","twitter_site":"@katarse","twitter_misc":{"Est. tempo de leitura":"2 minutos"},"schema":{"@context":"https:\/\/schema.org","@graph":[{"@type":"WebPage","@id":"https:\/\/www.tgreguol.com.br\/blog\/resenhas\/","url":"https:\/\/www.tgreguol.com.br\/blog\/resenhas\/","name":"RESENHAS - T. Greguol","isPartOf":{"@id":"https:\/\/www.tgreguol.com.br\/blog\/#website"},"datePublished":"2024-06-22T23:17:19+00:00","dateModified":"2024-09-11T16:25:25+00:00","breadcrumb":{"@id":"https:\/\/www.tgreguol.com.br\/blog\/resenhas\/#breadcrumb"},"inLanguage":"pt-BR","potentialAction":[{"@type":"ReadAction","target":["https:\/\/www.tgreguol.com.br\/blog\/resenhas\/"]}]},{"@type":"BreadcrumbList","@id":"https:\/\/www.tgreguol.com.br\/blog\/resenhas\/#breadcrumb","itemListElement":[{"@type":"ListItem","position":1,"name":"In\u00edcio","item":"https:\/\/www.tgreguol.com.br\/blog\/"},{"@type":"ListItem","position":2,"name":"RESENHAS"}]},{"@type":"WebSite","@id":"https:\/\/www.tgreguol.com.br\/blog\/#website","url":"https:\/\/www.tgreguol.com.br\/blog\/","name":"T. Greguol","description":"Imaginador","potentialAction":[{"@type":"SearchAction","target":{"@type":"EntryPoint","urlTemplate":"https:\/\/www.tgreguol.com.br\/blog\/?s={search_term_string}"},"query-input":{"@type":"PropertyValueSpecification","valueRequired":true,"valueName":"search_term_string"}}],"inLanguage":"pt-BR"}]}},"_links":{"self":[{"href":"https:\/\/www.tgreguol.com.br\/blog\/wp-json\/wp\/v2\/pages\/3588","targetHints":{"allow":["GET"]}}],"collection":[{"href":"https:\/\/www.tgreguol.com.br\/blog\/wp-json\/wp\/v2\/pages"}],"about":[{"href":"https:\/\/www.tgreguol.com.br\/blog\/wp-json\/wp\/v2\/types\/page"}],"author":[{"embeddable":true,"href":"https:\/\/www.tgreguol.com.br\/blog\/wp-json\/wp\/v2\/users\/1"}],"replies":[{"embeddable":true,"href":"https:\/\/www.tgreguol.com.br\/blog\/wp-json\/wp\/v2\/comments?post=3588"}],"version-history":[{"count":5,"href":"https:\/\/www.tgreguol.com.br\/blog\/wp-json\/wp\/v2\/pages\/3588\/revisions"}],"predecessor-version":[{"id":3640,"href":"https:\/\/www.tgreguol.com.br\/blog\/wp-json\/wp\/v2\/pages\/3588\/revisions\/3640"}],"wp:attachment":[{"href":"https:\/\/www.tgreguol.com.br\/blog\/wp-json\/wp\/v2\/media?parent=3588"}],"curies":[{"name":"wp","href":"https:\/\/api.w.org\/{rel}","templated":true}]}}