{"id":3561,"date":"2024-05-29T17:30:51","date_gmt":"2024-05-29T17:30:51","guid":{"rendered":"https:\/\/www.tgreguol.com.br\/blog\/?page_id=3561"},"modified":"2024-08-15T17:10:41","modified_gmt":"2024-08-15T17:10:41","slug":"bum","status":"publish","type":"page","link":"https:\/\/www.tgreguol.com.br\/blog\/bum\/","title":{"rendered":"BUM"},"content":{"rendered":"\n<div class=\"wp-block-media-text alignwide is-stacked-on-mobile\" style=\"grid-template-columns:41% auto\"><figure class=\"wp-block-media-text__media\"><a href=\"https:\/\/www.instagram.com\/stories\/highlights\/17989196279294760\/\"><img loading=\"lazy\" decoding=\"async\" width=\"1024\" height=\"1024\" src=\"https:\/\/www.tgreguol.com.br\/blog\/wp-content\/uploads\/2024\/06\/WhatsApp-Image-2024-06-04-at-19.38.17-1024x1024.jpeg\" alt=\"\" class=\"wp-image-3583 size-full\" srcset=\"https:\/\/www.tgreguol.com.br\/blog\/wp-content\/uploads\/2024\/06\/WhatsApp-Image-2024-06-04-at-19.38.17-1024x1024.jpeg 1024w, https:\/\/www.tgreguol.com.br\/blog\/wp-content\/uploads\/2024\/06\/WhatsApp-Image-2024-06-04-at-19.38.17-300x300.jpeg 300w, https:\/\/www.tgreguol.com.br\/blog\/wp-content\/uploads\/2024\/06\/WhatsApp-Image-2024-06-04-at-19.38.17-150x150.jpeg 150w, https:\/\/www.tgreguol.com.br\/blog\/wp-content\/uploads\/2024\/06\/WhatsApp-Image-2024-06-04-at-19.38.17-768x768.jpeg 768w, https:\/\/www.tgreguol.com.br\/blog\/wp-content\/uploads\/2024\/06\/WhatsApp-Image-2024-06-04-at-19.38.17-1536x1536.jpeg 1536w, https:\/\/www.tgreguol.com.br\/blog\/wp-content\/uploads\/2024\/06\/WhatsApp-Image-2024-06-04-at-19.38.17.jpeg 1600w\" sizes=\"auto, (max-width: 1024px) 100vw, 1024px\" \/><\/a><\/figure><div class=\"wp-block-media-text__content\">\n<p style=\"font-size:15px\" class=\"\"><strong>OU\u00c7A J\u00c1 EM TODAS AS PLATAFORMAS!<\/strong><\/p>\n\n\n\n<p style=\"font-size:18px\" class=\"\"><strong><a href=\"https:\/\/music.amazon.com\/albums\/B0D75KR784?marketplaceId=ART4WZ8MWBX2Y&amp;musicTerritory=BR&amp;ref=dm_sh_C1MYXcgBzDeOrWyJLWdG54XOs\">Amazon Music<\/a><\/strong><\/p>\n\n\n\n<p style=\"font-size:18px\" class=\"\"><strong><a href=\"https:\/\/music.apple.com\/br\/album\/bum\/1752202700\">Apple Music<\/a><\/strong><\/p>\n\n\n\n<p style=\"font-size:18px\" class=\"\"><strong><a href=\"https:\/\/deezer.page.link\/nnh99SeJdyLTM1fa6\">Deezer<\/a><\/strong><\/p>\n\n\n\n<p style=\"font-size:18px\" class=\"\"><strong><a href=\"https:\/\/open.spotify.com\/intl-pt\/album\/0eyjkT4VFoyBi5nkhA8w0g?si=ZbDkuhg5Q3GSexzlz6PHmg\">Spotify<\/a><\/strong><\/p>\n\n\n\n<p style=\"font-size:18px\" class=\"\"><strong><a href=\"https:\/\/youtube.com\/playlist?list=PLBo_fHJSdrvTTMrnZnvDr4hWEvfMg7u5o&amp;si=QXhrjA6ijB5EuQyq\">YouTube<\/a><\/strong><\/p>\n<\/div><\/div>\n\n\n\n<p style=\"font-size:18px\" class=\"\"><strong>Lan\u00e7amento:<\/strong> 26 de Junho de 2024<\/p>\n\n\n\n<p class=\"\">Existem ideias e existem ideias BUM. Essas chegam prontas, de uma s\u00f3 vez, como se fossem um manual de instru\u00e7\u00f5es do futuro. \u00c9 uma explos\u00e3o, e eu s\u00f3 obede\u00e7o. Uma homenagem e uma demonstra\u00e7\u00e3o pr\u00e1tica. Algo que nunca fiz, mas que fosse algo que eu faria. Criei um teorema que tem a finalidade de produzir uma composi\u00e7\u00e3o, minimizando a interfer\u00eancia de qualquer envolvido, inclusive a minha. Para isso, convidei 26 artistas excelentes. Todos. Muito obrigado pelo talento e confian\u00e7a. Voc\u00eas s\u00e3o cruciais. Contem comigo pra sempre. Mas eu n\u00e3o disse a ningu\u00e9m o que estava fazendo. \u00c9 importante que seja surpreendente para todos. Estava no manual. Divirta-se. Seu amigo, T. Greguol<\/p>\n\n\n\n<figure class=\"wp-block-image size-large is-resized\"><a href=\"https:\/\/www.tgreguol.com.br\/blog\/wp-content\/uploads\/2024\/05\/WhatsApp-Image-2024-05-19-at-23.45.35.jpeg\"><img loading=\"lazy\" decoding=\"async\" width=\"718\" height=\"1024\" src=\"https:\/\/www.tgreguol.com.br\/blog\/wp-content\/uploads\/2024\/05\/WhatsApp-Image-2024-05-19-at-23.45.35-718x1024.jpeg\" alt=\"\" class=\"wp-image-3564\" style=\"width:353px;height:auto\" srcset=\"https:\/\/www.tgreguol.com.br\/blog\/wp-content\/uploads\/2024\/05\/WhatsApp-Image-2024-05-19-at-23.45.35-718x1024.jpeg 718w, https:\/\/www.tgreguol.com.br\/blog\/wp-content\/uploads\/2024\/05\/WhatsApp-Image-2024-05-19-at-23.45.35-210x300.jpeg 210w, https:\/\/www.tgreguol.com.br\/blog\/wp-content\/uploads\/2024\/05\/WhatsApp-Image-2024-05-19-at-23.45.35-768x1095.jpeg 768w, https:\/\/www.tgreguol.com.br\/blog\/wp-content\/uploads\/2024\/05\/WhatsApp-Image-2024-05-19-at-23.45.35-1077x1536.jpeg 1077w, https:\/\/www.tgreguol.com.br\/blog\/wp-content\/uploads\/2024\/05\/WhatsApp-Image-2024-05-19-at-23.45.35-105x150.jpeg 105w, https:\/\/www.tgreguol.com.br\/blog\/wp-content\/uploads\/2024\/05\/WhatsApp-Image-2024-05-19-at-23.45.35.jpeg 1080w\" sizes=\"auto, (max-width: 718px) 100vw, 718px\" \/><\/a><\/figure>\n\n\n\n<p style=\"font-size:18px\" class=\"\"><a href=\"https:\/\/www.tgreguol.com.br\/blog\/wp-content\/uploads\/2024\/07\/ENCARTE-BUM-T.-Greguol.pdf\"><strong>ENCARTE<\/strong><\/a><\/p>\n\n\n\n<p style=\"font-size:18px\" class=\"\"><strong><a href=\"https:\/\/www.tgreguol.com.br\/blog\/ficha-tecnica-2\/\">FICHA T\u00c9CNICA<\/a><\/strong><\/p>\n\n\n\n<p style=\"font-size:18px\" class=\"\"><strong><a href=\"https:\/\/www.tgreguol.com.br\/blog\/wp-content\/uploads\/2024\/06\/1.-BUM-Quinteto.pdf\">PARTITURA<\/a><\/strong><\/p>\n\n\n\n<p style=\"font-size:18px\" class=\"\"><strong><a href=\"https:\/\/www.tgreguol.com.br\/blog\/resenhas\/\">RESENHAS<\/a><\/strong><\/p>\n","protected":false},"excerpt":{"rendered":"<p>OU\u00c7A J\u00c1 EM TODAS AS PLATAFORMAS! Amazon Music Apple Music \u2026<\/p>\n<p class=\"continue-reading-button\"> <a class=\"continue-reading-link\" href=\"https:\/\/www.tgreguol.com.br\/blog\/bum\/\">Leia Mais<i class=\"crycon-right-dir\"><\/i><\/a><\/p>\n","protected":false},"author":1,"featured_media":0,"parent":0,"menu_order":0,"comment_status":"closed","ping_status":"closed","template":"","meta":{"nf_dc_page":"","_exactmetrics_skip_tracking":false,"_exactmetrics_sitenote_active":false,"_exactmetrics_sitenote_note":"","_exactmetrics_sitenote_category":0,"footnotes":""},"class_list":["post-3561","page","type-page","status-publish","hentry"],"yoast_head":"<!-- This site is optimized with the Yoast SEO plugin v27.5 - https:\/\/yoast.com\/product\/yoast-seo-wordpress\/ -->\n<title>BUM - T. Greguol<\/title>\n<meta name=\"robots\" content=\"index, follow, max-snippet:-1, max-image-preview:large, max-video-preview:-1\" \/>\n<link rel=\"canonical\" href=\"https:\/\/www.tgreguol.com.br\/blog\/bum\/\" \/>\n<meta property=\"og:locale\" content=\"pt_BR\" \/>\n<meta property=\"og:type\" content=\"article\" \/>\n<meta property=\"og:title\" content=\"BUM - T. Greguol\" \/>\n<meta property=\"og:description\" content=\"OU\u00c7A J\u00c1 EM TODAS AS PLATAFORMAS! Amazon Music Apple Music \u2026 Leia Mais\" \/>\n<meta property=\"og:url\" content=\"https:\/\/www.tgreguol.com.br\/blog\/bum\/\" \/>\n<meta property=\"og:site_name\" content=\"T. Greguol\" \/>\n<meta property=\"article:publisher\" content=\"https:\/\/www.facebook.com\/tgreguol\" \/>\n<meta property=\"article:modified_time\" content=\"2024-08-15T17:10:41+00:00\" \/>\n<meta property=\"og:image\" content=\"https:\/\/www.tgreguol.com.br\/blog\/wp-content\/uploads\/2024\/06\/WhatsApp-Image-2024-06-04-at-19.38.17-1024x1024.jpeg\" \/>\n<meta name=\"twitter:card\" content=\"summary_large_image\" \/>\n<meta name=\"twitter:site\" content=\"@katarse\" \/>\n<meta name=\"twitter:label1\" content=\"Est. tempo de leitura\" \/>\n\t<meta name=\"twitter:data1\" content=\"2 minutos\" \/>\n<script type=\"application\/ld+json\" class=\"yoast-schema-graph\">{\"@context\":\"https:\\\/\\\/schema.org\",\"@graph\":[{\"@type\":\"WebPage\",\"@id\":\"https:\\\/\\\/www.tgreguol.com.br\\\/blog\\\/bum\\\/\",\"url\":\"https:\\\/\\\/www.tgreguol.com.br\\\/blog\\\/bum\\\/\",\"name\":\"BUM - T. Greguol\",\"isPartOf\":{\"@id\":\"https:\\\/\\\/www.tgreguol.com.br\\\/blog\\\/#website\"},\"primaryImageOfPage\":{\"@id\":\"https:\\\/\\\/www.tgreguol.com.br\\\/blog\\\/bum\\\/#primaryimage\"},\"image\":{\"@id\":\"https:\\\/\\\/www.tgreguol.com.br\\\/blog\\\/bum\\\/#primaryimage\"},\"thumbnailUrl\":\"https:\\\/\\\/www.tgreguol.com.br\\\/blog\\\/wp-content\\\/uploads\\\/2024\\\/06\\\/WhatsApp-Image-2024-06-04-at-19.38.17-1024x1024.jpeg\",\"datePublished\":\"2024-05-29T17:30:51+00:00\",\"dateModified\":\"2024-08-15T17:10:41+00:00\",\"breadcrumb\":{\"@id\":\"https:\\\/\\\/www.tgreguol.com.br\\\/blog\\\/bum\\\/#breadcrumb\"},\"inLanguage\":\"pt-BR\",\"potentialAction\":[{\"@type\":\"ReadAction\",\"target\":[\"https:\\\/\\\/www.tgreguol.com.br\\\/blog\\\/bum\\\/\"]}]},{\"@type\":\"ImageObject\",\"inLanguage\":\"pt-BR\",\"@id\":\"https:\\\/\\\/www.tgreguol.com.br\\\/blog\\\/bum\\\/#primaryimage\",\"url\":\"https:\\\/\\\/www.tgreguol.com.br\\\/blog\\\/wp-content\\\/uploads\\\/2024\\\/06\\\/WhatsApp-Image-2024-06-04-at-19.38.17.jpeg\",\"contentUrl\":\"https:\\\/\\\/www.tgreguol.com.br\\\/blog\\\/wp-content\\\/uploads\\\/2024\\\/06\\\/WhatsApp-Image-2024-06-04-at-19.38.17.jpeg\",\"width\":1600,\"height\":1600},{\"@type\":\"BreadcrumbList\",\"@id\":\"https:\\\/\\\/www.tgreguol.com.br\\\/blog\\\/bum\\\/#breadcrumb\",\"itemListElement\":[{\"@type\":\"ListItem\",\"position\":1,\"name\":\"In\u00edcio\",\"item\":\"https:\\\/\\\/www.tgreguol.com.br\\\/blog\\\/\"},{\"@type\":\"ListItem\",\"position\":2,\"name\":\"BUM\"}]},{\"@type\":\"WebSite\",\"@id\":\"https:\\\/\\\/www.tgreguol.com.br\\\/blog\\\/#website\",\"url\":\"https:\\\/\\\/www.tgreguol.com.br\\\/blog\\\/\",\"name\":\"T. Greguol\",\"description\":\"Imaginador\",\"potentialAction\":[{\"@type\":\"SearchAction\",\"target\":{\"@type\":\"EntryPoint\",\"urlTemplate\":\"https:\\\/\\\/www.tgreguol.com.br\\\/blog\\\/?s={search_term_string}\"},\"query-input\":{\"@type\":\"PropertyValueSpecification\",\"valueRequired\":true,\"valueName\":\"search_term_string\"}}],\"inLanguage\":\"pt-BR\"}]}<\/script>\n<!-- \/ Yoast SEO plugin. -->","yoast_head_json":{"title":"BUM - T. Greguol","robots":{"index":"index","follow":"follow","max-snippet":"max-snippet:-1","max-image-preview":"max-image-preview:large","max-video-preview":"max-video-preview:-1"},"canonical":"https:\/\/www.tgreguol.com.br\/blog\/bum\/","og_locale":"pt_BR","og_type":"article","og_title":"BUM - T. Greguol","og_description":"OU\u00c7A J\u00c1 EM TODAS AS PLATAFORMAS! Amazon Music Apple Music \u2026 Leia Mais","og_url":"https:\/\/www.tgreguol.com.br\/blog\/bum\/","og_site_name":"T. Greguol","article_publisher":"https:\/\/www.facebook.com\/tgreguol","article_modified_time":"2024-08-15T17:10:41+00:00","og_image":[{"url":"https:\/\/www.tgreguol.com.br\/blog\/wp-content\/uploads\/2024\/06\/WhatsApp-Image-2024-06-04-at-19.38.17-1024x1024.jpeg","type":"","width":"","height":""}],"twitter_card":"summary_large_image","twitter_site":"@katarse","twitter_misc":{"Est. tempo de leitura":"2 minutos"},"schema":{"@context":"https:\/\/schema.org","@graph":[{"@type":"WebPage","@id":"https:\/\/www.tgreguol.com.br\/blog\/bum\/","url":"https:\/\/www.tgreguol.com.br\/blog\/bum\/","name":"BUM - T. Greguol","isPartOf":{"@id":"https:\/\/www.tgreguol.com.br\/blog\/#website"},"primaryImageOfPage":{"@id":"https:\/\/www.tgreguol.com.br\/blog\/bum\/#primaryimage"},"image":{"@id":"https:\/\/www.tgreguol.com.br\/blog\/bum\/#primaryimage"},"thumbnailUrl":"https:\/\/www.tgreguol.com.br\/blog\/wp-content\/uploads\/2024\/06\/WhatsApp-Image-2024-06-04-at-19.38.17-1024x1024.jpeg","datePublished":"2024-05-29T17:30:51+00:00","dateModified":"2024-08-15T17:10:41+00:00","breadcrumb":{"@id":"https:\/\/www.tgreguol.com.br\/blog\/bum\/#breadcrumb"},"inLanguage":"pt-BR","potentialAction":[{"@type":"ReadAction","target":["https:\/\/www.tgreguol.com.br\/blog\/bum\/"]}]},{"@type":"ImageObject","inLanguage":"pt-BR","@id":"https:\/\/www.tgreguol.com.br\/blog\/bum\/#primaryimage","url":"https:\/\/www.tgreguol.com.br\/blog\/wp-content\/uploads\/2024\/06\/WhatsApp-Image-2024-06-04-at-19.38.17.jpeg","contentUrl":"https:\/\/www.tgreguol.com.br\/blog\/wp-content\/uploads\/2024\/06\/WhatsApp-Image-2024-06-04-at-19.38.17.jpeg","width":1600,"height":1600},{"@type":"BreadcrumbList","@id":"https:\/\/www.tgreguol.com.br\/blog\/bum\/#breadcrumb","itemListElement":[{"@type":"ListItem","position":1,"name":"In\u00edcio","item":"https:\/\/www.tgreguol.com.br\/blog\/"},{"@type":"ListItem","position":2,"name":"BUM"}]},{"@type":"WebSite","@id":"https:\/\/www.tgreguol.com.br\/blog\/#website","url":"https:\/\/www.tgreguol.com.br\/blog\/","name":"T. Greguol","description":"Imaginador","potentialAction":[{"@type":"SearchAction","target":{"@type":"EntryPoint","urlTemplate":"https:\/\/www.tgreguol.com.br\/blog\/?s={search_term_string}"},"query-input":{"@type":"PropertyValueSpecification","valueRequired":true,"valueName":"search_term_string"}}],"inLanguage":"pt-BR"}]}},"_links":{"self":[{"href":"https:\/\/www.tgreguol.com.br\/blog\/wp-json\/wp\/v2\/pages\/3561","targetHints":{"allow":["GET"]}}],"collection":[{"href":"https:\/\/www.tgreguol.com.br\/blog\/wp-json\/wp\/v2\/pages"}],"about":[{"href":"https:\/\/www.tgreguol.com.br\/blog\/wp-json\/wp\/v2\/types\/page"}],"author":[{"embeddable":true,"href":"https:\/\/www.tgreguol.com.br\/blog\/wp-json\/wp\/v2\/users\/1"}],"replies":[{"embeddable":true,"href":"https:\/\/www.tgreguol.com.br\/blog\/wp-json\/wp\/v2\/comments?post=3561"}],"version-history":[{"count":5,"href":"https:\/\/www.tgreguol.com.br\/blog\/wp-json\/wp\/v2\/pages\/3561\/revisions"}],"predecessor-version":[{"id":3629,"href":"https:\/\/www.tgreguol.com.br\/blog\/wp-json\/wp\/v2\/pages\/3561\/revisions\/3629"}],"wp:attachment":[{"href":"https:\/\/www.tgreguol.com.br\/blog\/wp-json\/wp\/v2\/media?parent=3561"}],"curies":[{"name":"wp","href":"https:\/\/api.w.org\/{rel}","templated":true}]}}