{"id":3502,"date":"2023-08-13T19:03:17","date_gmt":"2023-08-13T19:03:17","guid":{"rendered":"https:\/\/www.tgreguol.com.br\/blog\/?page_id=3502"},"modified":"2023-08-13T19:14:05","modified_gmt":"2023-08-13T19:14:05","slug":"silencio-2","status":"publish","type":"page","link":"https:\/\/www.tgreguol.com.br\/blog\/silencio-2\/","title":{"rendered":"Sil\u00eancio"},"content":{"rendered":"\n<p>\u00c9 preciso saber ouvir o grande sil\u00eancio, tornar-se o nobre sil\u00eancio, onde todos os sons e todas as formas se manifestam silenciosamente. A mente silenciosa \u00e9 capaz de ouvir, ouvir para entender. Ver os lamentos do mundo, atender as necessidades verdadeiras. Apenas no sil\u00eancio do eu se manifesta o n\u00e3o eu, a mente infinita de compaix\u00e3o e ternura, sabedoria e compaix\u00e3o insepar\u00e1veis. O que \u00e9 adequado a cada circunst\u00e2ncia? Silencie e ou\u00e7a seu cora\u00e7\u00e3o. Cora\u00e7\u00e3o \u00e9 o seu \u00edntimo mais \u00edntimo. Dif\u00edcil de acessar e ao mesmo tempo sempre presente. Sem passado e sem futuro, sem surgir e sem desaparecer. Sendo. Ser \u00e9 interser, completamente interligado a tudo e a todos. Somos a vida da terra, inseparavelmente misturados com todos os elementos b\u00e1sicos: \u00e1gua, terra, fogo, vento e ar. Cinco agregados: corpo f\u00edsico, sensa\u00e7\u00f5es, percep\u00e7\u00f5es, conex\u00f5es neurais e consci\u00eancias. A cada \u00f3rg\u00e3o dos sentidos corresponde uma consci\u00eancia. Existe a consci\u00eancia da consci\u00eancia e a consci\u00eancia armazenadora &#8211; onde tudo est\u00e1. Silencie e perceba. Voc\u00ea \u00e9 a vida da terra, voc\u00ea \u00e9 toda a ancestralidade, voc\u00ea \u00e9 todo o passado e o futuro manifestos no presente. Aprecie sua vida, aprecie silenciar, aprecie o som do sil\u00eancio. Al\u00e9m das dualidades a mente pensa, a mente n\u00e3o pensa e vai al\u00e9m do pensar e n\u00e3o pensar. Sil\u00eancio n\u00e3o se op\u00f5e ao som, ao ru\u00eddo: pausas, v\u00edrgulas, pontos, ponto e v\u00edrgula, par\u00e1grafo, outro cap\u00edtulo, p\u00e1gina em branco e tudo recome\u00e7a do sil\u00eancio ao sil\u00eancio, saltitando entre notas musicais.<\/p>\n\n\n\n<p>M\u00e3os em prece.<\/p>\n\n\n\n<p>Monja Coen<\/p>\n\n\n\n<p><a href=\"https:\/\/www.instagram.com\/monjacoen\/\">@monjacoen<\/a><\/p>\n\n\n\n<p>L\u00edder budista brasileira, disc\u00edpula de Thich Nhat Hanh. Promove medita\u00e7\u00e3o e ensinamentos sobre paz interior, destacando a import\u00e2ncia do sil\u00eancio para cultivar a serenidade mental.<\/p>\n","protected":false},"excerpt":{"rendered":"<p>\u00c9 preciso saber ouvir o grande sil\u00eancio, tornar-se o nobre \u2026<\/p>\n<p class=\"continue-reading-button\"> <a class=\"continue-reading-link\" href=\"https:\/\/www.tgreguol.com.br\/blog\/silencio-2\/\">Leia Mais<i class=\"crycon-right-dir\"><\/i><\/a><\/p>\n","protected":false},"author":1,"featured_media":0,"parent":0,"menu_order":0,"comment_status":"closed","ping_status":"closed","template":"","meta":{"nf_dc_page":"","_exactmetrics_skip_tracking":false,"_exactmetrics_sitenote_active":false,"_exactmetrics_sitenote_note":"","_exactmetrics_sitenote_category":0,"footnotes":""},"class_list":["post-3502","page","type-page","status-publish","hentry"],"yoast_head":"<!-- This site is optimized with the Yoast SEO plugin v27.5 - https:\/\/yoast.com\/product\/yoast-seo-wordpress\/ -->\n<title>Sil\u00eancio - T. Greguol<\/title>\n<meta name=\"robots\" content=\"index, follow, max-snippet:-1, max-image-preview:large, max-video-preview:-1\" \/>\n<link rel=\"canonical\" href=\"https:\/\/www.tgreguol.com.br\/blog\/silencio-2\/\" \/>\n<meta property=\"og:locale\" content=\"pt_BR\" \/>\n<meta property=\"og:type\" content=\"article\" \/>\n<meta property=\"og:title\" content=\"Sil\u00eancio - T. Greguol\" \/>\n<meta property=\"og:description\" content=\"\u00c9 preciso saber ouvir o grande sil\u00eancio, tornar-se o nobre \u2026 Leia Mais\" \/>\n<meta property=\"og:url\" content=\"https:\/\/www.tgreguol.com.br\/blog\/silencio-2\/\" \/>\n<meta property=\"og:site_name\" content=\"T. Greguol\" \/>\n<meta property=\"article:publisher\" content=\"https:\/\/www.facebook.com\/tgreguol\" \/>\n<meta property=\"article:modified_time\" content=\"2023-08-13T19:14:05+00:00\" \/>\n<meta name=\"twitter:card\" content=\"summary_large_image\" \/>\n<meta name=\"twitter:site\" content=\"@katarse\" \/>\n<meta name=\"twitter:label1\" content=\"Est. tempo de leitura\" \/>\n\t<meta name=\"twitter:data1\" content=\"2 minutos\" \/>\n<script type=\"application\/ld+json\" class=\"yoast-schema-graph\">{\"@context\":\"https:\\\/\\\/schema.org\",\"@graph\":[{\"@type\":\"WebPage\",\"@id\":\"https:\\\/\\\/www.tgreguol.com.br\\\/blog\\\/silencio-2\\\/\",\"url\":\"https:\\\/\\\/www.tgreguol.com.br\\\/blog\\\/silencio-2\\\/\",\"name\":\"Sil\u00eancio - T. Greguol\",\"isPartOf\":{\"@id\":\"https:\\\/\\\/www.tgreguol.com.br\\\/blog\\\/#website\"},\"datePublished\":\"2023-08-13T19:03:17+00:00\",\"dateModified\":\"2023-08-13T19:14:05+00:00\",\"breadcrumb\":{\"@id\":\"https:\\\/\\\/www.tgreguol.com.br\\\/blog\\\/silencio-2\\\/#breadcrumb\"},\"inLanguage\":\"pt-BR\",\"potentialAction\":[{\"@type\":\"ReadAction\",\"target\":[\"https:\\\/\\\/www.tgreguol.com.br\\\/blog\\\/silencio-2\\\/\"]}]},{\"@type\":\"BreadcrumbList\",\"@id\":\"https:\\\/\\\/www.tgreguol.com.br\\\/blog\\\/silencio-2\\\/#breadcrumb\",\"itemListElement\":[{\"@type\":\"ListItem\",\"position\":1,\"name\":\"In\u00edcio\",\"item\":\"https:\\\/\\\/www.tgreguol.com.br\\\/blog\\\/\"},{\"@type\":\"ListItem\",\"position\":2,\"name\":\"Sil\u00eancio\"}]},{\"@type\":\"WebSite\",\"@id\":\"https:\\\/\\\/www.tgreguol.com.br\\\/blog\\\/#website\",\"url\":\"https:\\\/\\\/www.tgreguol.com.br\\\/blog\\\/\",\"name\":\"T. Greguol\",\"description\":\"Imaginador\",\"potentialAction\":[{\"@type\":\"SearchAction\",\"target\":{\"@type\":\"EntryPoint\",\"urlTemplate\":\"https:\\\/\\\/www.tgreguol.com.br\\\/blog\\\/?s={search_term_string}\"},\"query-input\":{\"@type\":\"PropertyValueSpecification\",\"valueRequired\":true,\"valueName\":\"search_term_string\"}}],\"inLanguage\":\"pt-BR\"}]}<\/script>\n<!-- \/ Yoast SEO plugin. -->","yoast_head_json":{"title":"Sil\u00eancio - T. Greguol","robots":{"index":"index","follow":"follow","max-snippet":"max-snippet:-1","max-image-preview":"max-image-preview:large","max-video-preview":"max-video-preview:-1"},"canonical":"https:\/\/www.tgreguol.com.br\/blog\/silencio-2\/","og_locale":"pt_BR","og_type":"article","og_title":"Sil\u00eancio - T. Greguol","og_description":"\u00c9 preciso saber ouvir o grande sil\u00eancio, tornar-se o nobre \u2026 Leia Mais","og_url":"https:\/\/www.tgreguol.com.br\/blog\/silencio-2\/","og_site_name":"T. Greguol","article_publisher":"https:\/\/www.facebook.com\/tgreguol","article_modified_time":"2023-08-13T19:14:05+00:00","twitter_card":"summary_large_image","twitter_site":"@katarse","twitter_misc":{"Est. tempo de leitura":"2 minutos"},"schema":{"@context":"https:\/\/schema.org","@graph":[{"@type":"WebPage","@id":"https:\/\/www.tgreguol.com.br\/blog\/silencio-2\/","url":"https:\/\/www.tgreguol.com.br\/blog\/silencio-2\/","name":"Sil\u00eancio - T. Greguol","isPartOf":{"@id":"https:\/\/www.tgreguol.com.br\/blog\/#website"},"datePublished":"2023-08-13T19:03:17+00:00","dateModified":"2023-08-13T19:14:05+00:00","breadcrumb":{"@id":"https:\/\/www.tgreguol.com.br\/blog\/silencio-2\/#breadcrumb"},"inLanguage":"pt-BR","potentialAction":[{"@type":"ReadAction","target":["https:\/\/www.tgreguol.com.br\/blog\/silencio-2\/"]}]},{"@type":"BreadcrumbList","@id":"https:\/\/www.tgreguol.com.br\/blog\/silencio-2\/#breadcrumb","itemListElement":[{"@type":"ListItem","position":1,"name":"In\u00edcio","item":"https:\/\/www.tgreguol.com.br\/blog\/"},{"@type":"ListItem","position":2,"name":"Sil\u00eancio"}]},{"@type":"WebSite","@id":"https:\/\/www.tgreguol.com.br\/blog\/#website","url":"https:\/\/www.tgreguol.com.br\/blog\/","name":"T. Greguol","description":"Imaginador","potentialAction":[{"@type":"SearchAction","target":{"@type":"EntryPoint","urlTemplate":"https:\/\/www.tgreguol.com.br\/blog\/?s={search_term_string}"},"query-input":{"@type":"PropertyValueSpecification","valueRequired":true,"valueName":"search_term_string"}}],"inLanguage":"pt-BR"}]}},"_links":{"self":[{"href":"https:\/\/www.tgreguol.com.br\/blog\/wp-json\/wp\/v2\/pages\/3502","targetHints":{"allow":["GET"]}}],"collection":[{"href":"https:\/\/www.tgreguol.com.br\/blog\/wp-json\/wp\/v2\/pages"}],"about":[{"href":"https:\/\/www.tgreguol.com.br\/blog\/wp-json\/wp\/v2\/types\/page"}],"author":[{"embeddable":true,"href":"https:\/\/www.tgreguol.com.br\/blog\/wp-json\/wp\/v2\/users\/1"}],"replies":[{"embeddable":true,"href":"https:\/\/www.tgreguol.com.br\/blog\/wp-json\/wp\/v2\/comments?post=3502"}],"version-history":[{"count":2,"href":"https:\/\/www.tgreguol.com.br\/blog\/wp-json\/wp\/v2\/pages\/3502\/revisions"}],"predecessor-version":[{"id":3508,"href":"https:\/\/www.tgreguol.com.br\/blog\/wp-json\/wp\/v2\/pages\/3502\/revisions\/3508"}],"wp:attachment":[{"href":"https:\/\/www.tgreguol.com.br\/blog\/wp-json\/wp\/v2\/media?parent=3502"}],"curies":[{"name":"wp","href":"https:\/\/api.w.org\/{rel}","templated":true}]}}