{"id":3500,"date":"2023-08-13T18:58:09","date_gmt":"2023-08-13T18:58:09","guid":{"rendered":"https:\/\/www.tgreguol.com.br\/blog\/?page_id=3500"},"modified":"2023-08-13T18:58:10","modified_gmt":"2023-08-13T18:58:10","slug":"silencio","status":"publish","type":"page","link":"https:\/\/www.tgreguol.com.br\/blog\/silencio\/","title":{"rendered":"Sil\u00eancio"},"content":{"rendered":"\n<p class=\"has-text-align-left\">H\u00e1 obras de arte que podem ser ouvidas. Esse \u00e9 o caso do conjunto de imagens proposto pelo artista visual T. Greguol nesta exposi\u00e7\u00e3o. As suas cria\u00e7\u00f5es, caracterizadas pela intensidade do movimento e pela volumetria dos materiais, lidam com a intensidade de uma din\u00e2mica gestual que se completa no ato da observa\u00e7\u00e3o do p\u00fablico. Cada obra constr\u00f3i uma escrita visual plena de pausas. As imagens remetem a quest\u00f5es filos\u00f3ficas que envolvem as rela\u00e7\u00f5es entre o tempo e o espa\u00e7o. Isso n\u00e3o significa, por\u00e9m, sisudez. Inclui o l\u00fadico que leva o observador para um universo de ilus\u00f5es norteadas pelo processo de constru\u00e7\u00e3o. As pausas no caos levam assim ao sil\u00eancio que resulta em produ\u00e7\u00e3o. S\u00e3o instaurados, nesse processo, sons internos no p\u00fablico. As cria\u00e7\u00f5es reverberam em sentidos aleg\u00f3ricos. Eles se d\u00e3o no plano da racionalidade, pois passam por refer\u00eancias conscientes, e no da sensibilidade, no campo das mem\u00f3rias afetivas subjetivas. A arte \u00e9 instaurada nos intervalos e nos elos entre esses campos ativados pelos trabalhos do artista. Observar as obras torna-se uma experi\u00eancia perceptual intelectual e sens\u00edvel. Nessa jornada visual, cada imagem, ao mesmo tempo, constitui o in\u00edcio e o fim de um sil\u00eancio indagador que percorre os caminhos da arte e da vida, estimulando di\u00e1logos entre artista e p\u00fablico que perpassam camadas individuais e sociais, al\u00e9m de elos com a natureza e o universo.<\/p>\n\n\n\n<p>Oscar D&#8217;Ambrosio<\/p>\n\n\n\n<p><a href=\"https:\/\/www.instagram.com\/oscardambrosioinsta\/\">@oscardambrosioinsta<\/a><\/p>\n\n\n\n<p>P\u00f3s-Doutor e Doutor em Educa\u00e7\u00e3o, Arte e Hist\u00f3ria da Cultura, Mestre em Artes Visuais, jornalista, cr\u00edtico de arte e curador.<\/p>\n","protected":false},"excerpt":{"rendered":"<p>H\u00e1 obras de arte que podem ser ouvidas. Esse \u00e9 \u2026<\/p>\n<p class=\"continue-reading-button\"> <a class=\"continue-reading-link\" href=\"https:\/\/www.tgreguol.com.br\/blog\/silencio\/\">Leia Mais<i class=\"crycon-right-dir\"><\/i><\/a><\/p>\n","protected":false},"author":1,"featured_media":0,"parent":0,"menu_order":0,"comment_status":"closed","ping_status":"closed","template":"","meta":{"nf_dc_page":"","_exactmetrics_skip_tracking":false,"_exactmetrics_sitenote_active":false,"_exactmetrics_sitenote_note":"","_exactmetrics_sitenote_category":0,"footnotes":""},"class_list":["post-3500","page","type-page","status-publish","hentry"],"yoast_head":"<!-- This site is optimized with the Yoast SEO plugin v27.4 - https:\/\/yoast.com\/product\/yoast-seo-wordpress\/ -->\n<title>Sil\u00eancio - T. Greguol<\/title>\n<meta name=\"robots\" content=\"index, follow, max-snippet:-1, max-image-preview:large, max-video-preview:-1\" \/>\n<link rel=\"canonical\" href=\"https:\/\/www.tgreguol.com.br\/blog\/silencio\/\" \/>\n<meta property=\"og:locale\" content=\"pt_BR\" \/>\n<meta property=\"og:type\" content=\"article\" \/>\n<meta property=\"og:title\" content=\"Sil\u00eancio - T. Greguol\" \/>\n<meta property=\"og:description\" content=\"H\u00e1 obras de arte que podem ser ouvidas. Esse \u00e9 \u2026 Leia Mais\" \/>\n<meta property=\"og:url\" content=\"https:\/\/www.tgreguol.com.br\/blog\/silencio\/\" \/>\n<meta property=\"og:site_name\" content=\"T. Greguol\" \/>\n<meta property=\"article:publisher\" content=\"https:\/\/www.facebook.com\/tgreguol\" \/>\n<meta property=\"article:modified_time\" content=\"2023-08-13T18:58:10+00:00\" \/>\n<meta name=\"twitter:card\" content=\"summary_large_image\" \/>\n<meta name=\"twitter:site\" content=\"@katarse\" \/>\n<meta name=\"twitter:label1\" content=\"Est. tempo de leitura\" \/>\n\t<meta name=\"twitter:data1\" content=\"2 minutos\" \/>\n<script type=\"application\/ld+json\" class=\"yoast-schema-graph\">{\"@context\":\"https:\\\/\\\/schema.org\",\"@graph\":[{\"@type\":\"WebPage\",\"@id\":\"https:\\\/\\\/www.tgreguol.com.br\\\/blog\\\/silencio\\\/\",\"url\":\"https:\\\/\\\/www.tgreguol.com.br\\\/blog\\\/silencio\\\/\",\"name\":\"Sil\u00eancio - T. Greguol\",\"isPartOf\":{\"@id\":\"https:\\\/\\\/www.tgreguol.com.br\\\/blog\\\/#website\"},\"datePublished\":\"2023-08-13T18:58:09+00:00\",\"dateModified\":\"2023-08-13T18:58:10+00:00\",\"breadcrumb\":{\"@id\":\"https:\\\/\\\/www.tgreguol.com.br\\\/blog\\\/silencio\\\/#breadcrumb\"},\"inLanguage\":\"pt-BR\",\"potentialAction\":[{\"@type\":\"ReadAction\",\"target\":[\"https:\\\/\\\/www.tgreguol.com.br\\\/blog\\\/silencio\\\/\"]}]},{\"@type\":\"BreadcrumbList\",\"@id\":\"https:\\\/\\\/www.tgreguol.com.br\\\/blog\\\/silencio\\\/#breadcrumb\",\"itemListElement\":[{\"@type\":\"ListItem\",\"position\":1,\"name\":\"In\u00edcio\",\"item\":\"https:\\\/\\\/www.tgreguol.com.br\\\/blog\\\/\"},{\"@type\":\"ListItem\",\"position\":2,\"name\":\"Sil\u00eancio\"}]},{\"@type\":\"WebSite\",\"@id\":\"https:\\\/\\\/www.tgreguol.com.br\\\/blog\\\/#website\",\"url\":\"https:\\\/\\\/www.tgreguol.com.br\\\/blog\\\/\",\"name\":\"T. Greguol\",\"description\":\"Imaginador\",\"potentialAction\":[{\"@type\":\"SearchAction\",\"target\":{\"@type\":\"EntryPoint\",\"urlTemplate\":\"https:\\\/\\\/www.tgreguol.com.br\\\/blog\\\/?s={search_term_string}\"},\"query-input\":{\"@type\":\"PropertyValueSpecification\",\"valueRequired\":true,\"valueName\":\"search_term_string\"}}],\"inLanguage\":\"pt-BR\"}]}<\/script>\n<!-- \/ Yoast SEO plugin. -->","yoast_head_json":{"title":"Sil\u00eancio - T. Greguol","robots":{"index":"index","follow":"follow","max-snippet":"max-snippet:-1","max-image-preview":"max-image-preview:large","max-video-preview":"max-video-preview:-1"},"canonical":"https:\/\/www.tgreguol.com.br\/blog\/silencio\/","og_locale":"pt_BR","og_type":"article","og_title":"Sil\u00eancio - T. Greguol","og_description":"H\u00e1 obras de arte que podem ser ouvidas. Esse \u00e9 \u2026 Leia Mais","og_url":"https:\/\/www.tgreguol.com.br\/blog\/silencio\/","og_site_name":"T. Greguol","article_publisher":"https:\/\/www.facebook.com\/tgreguol","article_modified_time":"2023-08-13T18:58:10+00:00","twitter_card":"summary_large_image","twitter_site":"@katarse","twitter_misc":{"Est. tempo de leitura":"2 minutos"},"schema":{"@context":"https:\/\/schema.org","@graph":[{"@type":"WebPage","@id":"https:\/\/www.tgreguol.com.br\/blog\/silencio\/","url":"https:\/\/www.tgreguol.com.br\/blog\/silencio\/","name":"Sil\u00eancio - T. Greguol","isPartOf":{"@id":"https:\/\/www.tgreguol.com.br\/blog\/#website"},"datePublished":"2023-08-13T18:58:09+00:00","dateModified":"2023-08-13T18:58:10+00:00","breadcrumb":{"@id":"https:\/\/www.tgreguol.com.br\/blog\/silencio\/#breadcrumb"},"inLanguage":"pt-BR","potentialAction":[{"@type":"ReadAction","target":["https:\/\/www.tgreguol.com.br\/blog\/silencio\/"]}]},{"@type":"BreadcrumbList","@id":"https:\/\/www.tgreguol.com.br\/blog\/silencio\/#breadcrumb","itemListElement":[{"@type":"ListItem","position":1,"name":"In\u00edcio","item":"https:\/\/www.tgreguol.com.br\/blog\/"},{"@type":"ListItem","position":2,"name":"Sil\u00eancio"}]},{"@type":"WebSite","@id":"https:\/\/www.tgreguol.com.br\/blog\/#website","url":"https:\/\/www.tgreguol.com.br\/blog\/","name":"T. Greguol","description":"Imaginador","potentialAction":[{"@type":"SearchAction","target":{"@type":"EntryPoint","urlTemplate":"https:\/\/www.tgreguol.com.br\/blog\/?s={search_term_string}"},"query-input":{"@type":"PropertyValueSpecification","valueRequired":true,"valueName":"search_term_string"}}],"inLanguage":"pt-BR"}]}},"_links":{"self":[{"href":"https:\/\/www.tgreguol.com.br\/blog\/wp-json\/wp\/v2\/pages\/3500","targetHints":{"allow":["GET"]}}],"collection":[{"href":"https:\/\/www.tgreguol.com.br\/blog\/wp-json\/wp\/v2\/pages"}],"about":[{"href":"https:\/\/www.tgreguol.com.br\/blog\/wp-json\/wp\/v2\/types\/page"}],"author":[{"embeddable":true,"href":"https:\/\/www.tgreguol.com.br\/blog\/wp-json\/wp\/v2\/users\/1"}],"replies":[{"embeddable":true,"href":"https:\/\/www.tgreguol.com.br\/blog\/wp-json\/wp\/v2\/comments?post=3500"}],"version-history":[{"count":1,"href":"https:\/\/www.tgreguol.com.br\/blog\/wp-json\/wp\/v2\/pages\/3500\/revisions"}],"predecessor-version":[{"id":3501,"href":"https:\/\/www.tgreguol.com.br\/blog\/wp-json\/wp\/v2\/pages\/3500\/revisions\/3501"}],"wp:attachment":[{"href":"https:\/\/www.tgreguol.com.br\/blog\/wp-json\/wp\/v2\/media?parent=3500"}],"curies":[{"name":"wp","href":"https:\/\/api.w.org\/{rel}","templated":true}]}}