{"id":3483,"date":"2023-08-01T20:36:55","date_gmt":"2023-08-01T20:36:55","guid":{"rendered":"https:\/\/www.tgreguol.com.br\/blog\/?page_id=3483"},"modified":"2024-10-21T20:07:29","modified_gmt":"2024-10-21T20:07:29","slug":"silencio-2023-2","status":"publish","type":"page","link":"https:\/\/www.tgreguol.com.br\/blog\/silencio-2023-2\/","title":{"rendered":"Sil\u00eancio (2023)"},"content":{"rendered":"\n<p class=\"\">Sil\u00eancio n\u00e3o tem opini\u00e3o, \u00e9 diferente para cada um, potencializa, \u00e9 momento. Sil\u00eancio \u00e9 quando ningu\u00e9m est\u00e1 falando. Representa\u00e7\u00f5es do meu sil\u00eancio que precede o inicio de cada sess\u00e3o de pintura. Imagens que s\u00e3o nada, mas est\u00e3o l\u00e1, como o sil\u00eancio. Mantras visuais para um estado calado de pensamentos, envolto em cores, formas e texturas. Retratos contemplativos forenses topogr\u00e1ficos tridimensionais, feitos na horizontal, com coopera\u00e7\u00e3o do acaso sempre que necess\u00e1rio. T\u00e9cnica mista, materiais dur\u00e1veis. Resultado da pesquisa como praticante e entusiasta de arte e sil\u00eancio h\u00e1 d\u00e9cadas. Minha tem\u00e1tica \u00e9 o lado de dentro. Geralmente traduzo isso de forma figurativa, at\u00e9 usando texto em grande parte da minha produ\u00e7\u00e3o. Paralelamente preparo e ensaio, h\u00e1 algum tempo, abstra\u00e7\u00f5es que traduzam a contento minhas ideias sobre sil\u00eancio. Fui apresentado \u00e0 medita\u00e7\u00e3o na adolesc\u00eancia. Encanta-me o poder do \u201cnada\u201d. O universo todo, para fora e para dentro, segue suas rotinas barulhentas. Mesmo assim, encontramos algo no meio disso tudo e o identificamos como sil\u00eancio.<\/p>\n\n\n\n<p class=\"\"><strong>Textos curatoriais:<\/strong><br>&#8211; <a href=\"https:\/\/www.tgreguol.com.br\/blog\/silencio\/\">Oscar D&#8217;Ambrosio<\/a><br>&#8211; <a href=\"https:\/\/www.tgreguol.com.br\/blog\/silencio-2\/\">Monja Coen<\/a><\/p>\n\n\n\n<p class=\"\"><strong>Exposi\u00e7\u00e3o:<\/strong> <a href=\"https:\/\/www.tgreguol.com.br\/blog\/wp-content\/uploads\/2024\/10\/Silencio-abstratas.pdf\">Sil\u00eancio<\/a><br><strong>Data:<\/strong> 23 de Setembro de 2023<br><strong>Hor\u00e1rio:<\/strong> 14h \u00e0s 20h<br><strong>Local:<\/strong> <a href=\"https:\/\/www.instagram.com\/canteiro___\/\">Espa\u00e7o Canteiro, Rua Purpurina, 434<\/a><\/p>\n\n\n\n<figure class=\"wp-block-image size-large\"><a href=\"https:\/\/www.instagram.com\/stories\/highlights\/17874848777968753\/\"><img loading=\"lazy\" decoding=\"async\" width=\"1024\" height=\"740\" src=\"https:\/\/www.tgreguol.com.br\/blog\/wp-content\/uploads\/2023\/09\/flyer-3-1024x740.jpg\" alt=\"\" class=\"wp-image-3523\" srcset=\"https:\/\/www.tgreguol.com.br\/blog\/wp-content\/uploads\/2023\/09\/flyer-3-1024x740.jpg 1024w, https:\/\/www.tgreguol.com.br\/blog\/wp-content\/uploads\/2023\/09\/flyer-3-300x217.jpg 300w, https:\/\/www.tgreguol.com.br\/blog\/wp-content\/uploads\/2023\/09\/flyer-3-768x555.jpg 768w, https:\/\/www.tgreguol.com.br\/blog\/wp-content\/uploads\/2023\/09\/flyer-3-1536x1110.jpg 1536w, https:\/\/www.tgreguol.com.br\/blog\/wp-content\/uploads\/2023\/09\/flyer-3-150x108.jpg 150w, https:\/\/www.tgreguol.com.br\/blog\/wp-content\/uploads\/2023\/09\/flyer-3.jpg 1843w\" sizes=\"auto, (max-width: 1024px) 100vw, 1024px\" \/><\/a><\/figure>\n\n\n\n<p class=\"\"><\/p>\n","protected":false},"excerpt":{"rendered":"<p>Sil\u00eancio n\u00e3o tem opini\u00e3o, \u00e9 diferente para cada um, potencializa, \u2026<\/p>\n<p class=\"continue-reading-button\"> <a class=\"continue-reading-link\" href=\"https:\/\/www.tgreguol.com.br\/blog\/silencio-2023-2\/\">Leia Mais<i class=\"crycon-right-dir\"><\/i><\/a><\/p>\n","protected":false},"author":1,"featured_media":0,"parent":0,"menu_order":0,"comment_status":"closed","ping_status":"closed","template":"","meta":{"nf_dc_page":"","_exactmetrics_skip_tracking":false,"_exactmetrics_sitenote_active":false,"_exactmetrics_sitenote_note":"","_exactmetrics_sitenote_category":0,"footnotes":""},"class_list":["post-3483","page","type-page","status-publish","hentry"],"yoast_head":"<!-- This site is optimized with the Yoast SEO plugin v27.5 - https:\/\/yoast.com\/product\/yoast-seo-wordpress\/ -->\n<title>Sil\u00eancio (2023) - T. Greguol<\/title>\n<meta name=\"robots\" content=\"index, follow, max-snippet:-1, max-image-preview:large, max-video-preview:-1\" \/>\n<link rel=\"canonical\" href=\"https:\/\/www.tgreguol.com.br\/blog\/silencio-2023-2\/\" \/>\n<meta property=\"og:locale\" content=\"pt_BR\" \/>\n<meta property=\"og:type\" content=\"article\" \/>\n<meta property=\"og:title\" content=\"Sil\u00eancio (2023) - T. Greguol\" \/>\n<meta property=\"og:description\" content=\"Sil\u00eancio n\u00e3o tem opini\u00e3o, \u00e9 diferente para cada um, potencializa, \u2026 Leia Mais\" \/>\n<meta property=\"og:url\" content=\"https:\/\/www.tgreguol.com.br\/blog\/silencio-2023-2\/\" \/>\n<meta property=\"og:site_name\" content=\"T. Greguol\" \/>\n<meta property=\"article:publisher\" content=\"https:\/\/www.facebook.com\/tgreguol\" \/>\n<meta property=\"article:modified_time\" content=\"2024-10-21T20:07:29+00:00\" \/>\n<meta property=\"og:image\" content=\"https:\/\/www.tgreguol.com.br\/blog\/wp-content\/uploads\/2023\/09\/flyer-3-1024x740.jpg\" \/>\n<meta name=\"twitter:card\" content=\"summary_large_image\" \/>\n<meta name=\"twitter:site\" content=\"@katarse\" \/>\n<meta name=\"twitter:label1\" content=\"Est. tempo de leitura\" \/>\n\t<meta name=\"twitter:data1\" content=\"2 minutos\" \/>\n<script type=\"application\/ld+json\" class=\"yoast-schema-graph\">{\"@context\":\"https:\\\/\\\/schema.org\",\"@graph\":[{\"@type\":\"WebPage\",\"@id\":\"https:\\\/\\\/www.tgreguol.com.br\\\/blog\\\/silencio-2023-2\\\/\",\"url\":\"https:\\\/\\\/www.tgreguol.com.br\\\/blog\\\/silencio-2023-2\\\/\",\"name\":\"Sil\u00eancio (2023) - T. Greguol\",\"isPartOf\":{\"@id\":\"https:\\\/\\\/www.tgreguol.com.br\\\/blog\\\/#website\"},\"primaryImageOfPage\":{\"@id\":\"https:\\\/\\\/www.tgreguol.com.br\\\/blog\\\/silencio-2023-2\\\/#primaryimage\"},\"image\":{\"@id\":\"https:\\\/\\\/www.tgreguol.com.br\\\/blog\\\/silencio-2023-2\\\/#primaryimage\"},\"thumbnailUrl\":\"https:\\\/\\\/www.tgreguol.com.br\\\/blog\\\/wp-content\\\/uploads\\\/2023\\\/09\\\/flyer-3-1024x740.jpg\",\"datePublished\":\"2023-08-01T20:36:55+00:00\",\"dateModified\":\"2024-10-21T20:07:29+00:00\",\"breadcrumb\":{\"@id\":\"https:\\\/\\\/www.tgreguol.com.br\\\/blog\\\/silencio-2023-2\\\/#breadcrumb\"},\"inLanguage\":\"pt-BR\",\"potentialAction\":[{\"@type\":\"ReadAction\",\"target\":[\"https:\\\/\\\/www.tgreguol.com.br\\\/blog\\\/silencio-2023-2\\\/\"]}]},{\"@type\":\"ImageObject\",\"inLanguage\":\"pt-BR\",\"@id\":\"https:\\\/\\\/www.tgreguol.com.br\\\/blog\\\/silencio-2023-2\\\/#primaryimage\",\"url\":\"https:\\\/\\\/www.tgreguol.com.br\\\/blog\\\/wp-content\\\/uploads\\\/2023\\\/09\\\/flyer-3.jpg\",\"contentUrl\":\"https:\\\/\\\/www.tgreguol.com.br\\\/blog\\\/wp-content\\\/uploads\\\/2023\\\/09\\\/flyer-3.jpg\",\"width\":1843,\"height\":1332},{\"@type\":\"BreadcrumbList\",\"@id\":\"https:\\\/\\\/www.tgreguol.com.br\\\/blog\\\/silencio-2023-2\\\/#breadcrumb\",\"itemListElement\":[{\"@type\":\"ListItem\",\"position\":1,\"name\":\"In\u00edcio\",\"item\":\"https:\\\/\\\/www.tgreguol.com.br\\\/blog\\\/\"},{\"@type\":\"ListItem\",\"position\":2,\"name\":\"Sil\u00eancio (2023)\"}]},{\"@type\":\"WebSite\",\"@id\":\"https:\\\/\\\/www.tgreguol.com.br\\\/blog\\\/#website\",\"url\":\"https:\\\/\\\/www.tgreguol.com.br\\\/blog\\\/\",\"name\":\"T. Greguol\",\"description\":\"Imaginador\",\"potentialAction\":[{\"@type\":\"SearchAction\",\"target\":{\"@type\":\"EntryPoint\",\"urlTemplate\":\"https:\\\/\\\/www.tgreguol.com.br\\\/blog\\\/?s={search_term_string}\"},\"query-input\":{\"@type\":\"PropertyValueSpecification\",\"valueRequired\":true,\"valueName\":\"search_term_string\"}}],\"inLanguage\":\"pt-BR\"}]}<\/script>\n<!-- \/ Yoast SEO plugin. -->","yoast_head_json":{"title":"Sil\u00eancio (2023) - T. Greguol","robots":{"index":"index","follow":"follow","max-snippet":"max-snippet:-1","max-image-preview":"max-image-preview:large","max-video-preview":"max-video-preview:-1"},"canonical":"https:\/\/www.tgreguol.com.br\/blog\/silencio-2023-2\/","og_locale":"pt_BR","og_type":"article","og_title":"Sil\u00eancio (2023) - T. Greguol","og_description":"Sil\u00eancio n\u00e3o tem opini\u00e3o, \u00e9 diferente para cada um, potencializa, \u2026 Leia Mais","og_url":"https:\/\/www.tgreguol.com.br\/blog\/silencio-2023-2\/","og_site_name":"T. Greguol","article_publisher":"https:\/\/www.facebook.com\/tgreguol","article_modified_time":"2024-10-21T20:07:29+00:00","og_image":[{"url":"https:\/\/www.tgreguol.com.br\/blog\/wp-content\/uploads\/2023\/09\/flyer-3-1024x740.jpg","type":"","width":"","height":""}],"twitter_card":"summary_large_image","twitter_site":"@katarse","twitter_misc":{"Est. tempo de leitura":"2 minutos"},"schema":{"@context":"https:\/\/schema.org","@graph":[{"@type":"WebPage","@id":"https:\/\/www.tgreguol.com.br\/blog\/silencio-2023-2\/","url":"https:\/\/www.tgreguol.com.br\/blog\/silencio-2023-2\/","name":"Sil\u00eancio (2023) - T. Greguol","isPartOf":{"@id":"https:\/\/www.tgreguol.com.br\/blog\/#website"},"primaryImageOfPage":{"@id":"https:\/\/www.tgreguol.com.br\/blog\/silencio-2023-2\/#primaryimage"},"image":{"@id":"https:\/\/www.tgreguol.com.br\/blog\/silencio-2023-2\/#primaryimage"},"thumbnailUrl":"https:\/\/www.tgreguol.com.br\/blog\/wp-content\/uploads\/2023\/09\/flyer-3-1024x740.jpg","datePublished":"2023-08-01T20:36:55+00:00","dateModified":"2024-10-21T20:07:29+00:00","breadcrumb":{"@id":"https:\/\/www.tgreguol.com.br\/blog\/silencio-2023-2\/#breadcrumb"},"inLanguage":"pt-BR","potentialAction":[{"@type":"ReadAction","target":["https:\/\/www.tgreguol.com.br\/blog\/silencio-2023-2\/"]}]},{"@type":"ImageObject","inLanguage":"pt-BR","@id":"https:\/\/www.tgreguol.com.br\/blog\/silencio-2023-2\/#primaryimage","url":"https:\/\/www.tgreguol.com.br\/blog\/wp-content\/uploads\/2023\/09\/flyer-3.jpg","contentUrl":"https:\/\/www.tgreguol.com.br\/blog\/wp-content\/uploads\/2023\/09\/flyer-3.jpg","width":1843,"height":1332},{"@type":"BreadcrumbList","@id":"https:\/\/www.tgreguol.com.br\/blog\/silencio-2023-2\/#breadcrumb","itemListElement":[{"@type":"ListItem","position":1,"name":"In\u00edcio","item":"https:\/\/www.tgreguol.com.br\/blog\/"},{"@type":"ListItem","position":2,"name":"Sil\u00eancio (2023)"}]},{"@type":"WebSite","@id":"https:\/\/www.tgreguol.com.br\/blog\/#website","url":"https:\/\/www.tgreguol.com.br\/blog\/","name":"T. Greguol","description":"Imaginador","potentialAction":[{"@type":"SearchAction","target":{"@type":"EntryPoint","urlTemplate":"https:\/\/www.tgreguol.com.br\/blog\/?s={search_term_string}"},"query-input":{"@type":"PropertyValueSpecification","valueRequired":true,"valueName":"search_term_string"}}],"inLanguage":"pt-BR"}]}},"_links":{"self":[{"href":"https:\/\/www.tgreguol.com.br\/blog\/wp-json\/wp\/v2\/pages\/3483","targetHints":{"allow":["GET"]}}],"collection":[{"href":"https:\/\/www.tgreguol.com.br\/blog\/wp-json\/wp\/v2\/pages"}],"about":[{"href":"https:\/\/www.tgreguol.com.br\/blog\/wp-json\/wp\/v2\/types\/page"}],"author":[{"embeddable":true,"href":"https:\/\/www.tgreguol.com.br\/blog\/wp-json\/wp\/v2\/users\/1"}],"replies":[{"embeddable":true,"href":"https:\/\/www.tgreguol.com.br\/blog\/wp-json\/wp\/v2\/comments?post=3483"}],"version-history":[{"count":14,"href":"https:\/\/www.tgreguol.com.br\/blog\/wp-json\/wp\/v2\/pages\/3483\/revisions"}],"predecessor-version":[{"id":3645,"href":"https:\/\/www.tgreguol.com.br\/blog\/wp-json\/wp\/v2\/pages\/3483\/revisions\/3645"}],"wp:attachment":[{"href":"https:\/\/www.tgreguol.com.br\/blog\/wp-json\/wp\/v2\/media?parent=3483"}],"curies":[{"name":"wp","href":"https:\/\/api.w.org\/{rel}","templated":true}]}}