{"id":3383,"date":"2022-07-22T14:23:02","date_gmt":"2022-07-22T14:23:02","guid":{"rendered":"https:\/\/www.tgreguol.com.br\/blog\/?page_id=3383"},"modified":"2022-07-22T20:50:39","modified_gmt":"2022-07-22T20:50:39","slug":"nao-tem-nome","status":"publish","type":"page","link":"https:\/\/www.tgreguol.com.br\/blog\/nao-tem-nome\/","title":{"rendered":"N\u00c3O TEM NOME"},"content":{"rendered":"\n<p><strong>Letra<\/strong>: T. Greguol<br><strong>M\u00fasica<\/strong>: Louren\u00e7o Netto<\/p>\n\n\n\n<p><\/p>\n\n\n\n<p>E no futuro foi que chegaram<br>Aplicando a mudan\u00e7a interna<br>Tipo quando serra o osso<br>Para igualar a perna<br>Acontece num processo<br>Essa organiza\u00e7\u00e3o secular<br>Tipo balanceamento qu\u00edmico<br>Tipo transplante capilar<br>Nem deuses, nem et\u00eas<br>Nem nada que sinta fome<br>Muito obrigado assim mesmo<br>Incr\u00edvel coisa que n\u00e3o tem nome<\/p>\n\n\n\n<p><\/p>\n\n\n\n<p><a href=\"https:\/\/pt.wikipedia.org\/wiki\/Benjamim_Taubkin\">Benjamim Taubkin<\/a>: piano<br><strong>\u00c9ric F. Yoshino<\/strong>: guitarra e viol\u00e3o<br><strong>F\u00e1bio Pelissoni<\/strong>: baixo<br><strong>Louren\u00e7o Netto<\/strong>: viol\u00e3o<br><strong>Marcos Banana<\/strong>: bateria<br><strong>T. Greguol<\/strong>: voz<\/p>\n","protected":false},"excerpt":{"rendered":"<p>Letra: T. GreguolM\u00fasica: Louren\u00e7o Netto E no futuro foi que \u2026<\/p>\n<p class=\"continue-reading-button\"> <a class=\"continue-reading-link\" href=\"https:\/\/www.tgreguol.com.br\/blog\/nao-tem-nome\/\">Leia Mais<i class=\"crycon-right-dir\"><\/i><\/a><\/p>\n","protected":false},"author":1,"featured_media":0,"parent":0,"menu_order":0,"comment_status":"closed","ping_status":"closed","template":"","meta":{"nf_dc_page":"","_exactmetrics_skip_tracking":false,"_exactmetrics_sitenote_active":false,"_exactmetrics_sitenote_note":"","_exactmetrics_sitenote_category":0,"footnotes":""},"class_list":["post-3383","page","type-page","status-publish","hentry"],"yoast_head":"<!-- This site is optimized with the Yoast SEO plugin v27.5 - https:\/\/yoast.com\/product\/yoast-seo-wordpress\/ -->\n<title>N\u00c3O TEM NOME - T. Greguol<\/title>\n<meta name=\"robots\" content=\"index, follow, max-snippet:-1, max-image-preview:large, max-video-preview:-1\" \/>\n<link rel=\"canonical\" href=\"https:\/\/www.tgreguol.com.br\/blog\/nao-tem-nome\/\" \/>\n<meta property=\"og:locale\" content=\"pt_BR\" \/>\n<meta property=\"og:type\" content=\"article\" \/>\n<meta property=\"og:title\" content=\"N\u00c3O TEM NOME - T. Greguol\" \/>\n<meta property=\"og:description\" content=\"Letra: T. GreguolM\u00fasica: Louren\u00e7o Netto E no futuro foi que \u2026 Leia Mais\" \/>\n<meta property=\"og:url\" content=\"https:\/\/www.tgreguol.com.br\/blog\/nao-tem-nome\/\" \/>\n<meta property=\"og:site_name\" content=\"T. Greguol\" \/>\n<meta property=\"article:publisher\" content=\"https:\/\/www.facebook.com\/tgreguol\" \/>\n<meta property=\"article:modified_time\" content=\"2022-07-22T20:50:39+00:00\" \/>\n<meta name=\"twitter:card\" content=\"summary_large_image\" \/>\n<meta name=\"twitter:site\" content=\"@katarse\" \/>\n<meta name=\"twitter:label1\" content=\"Est. tempo de leitura\" \/>\n\t<meta name=\"twitter:data1\" content=\"1 minuto\" \/>\n<script type=\"application\/ld+json\" class=\"yoast-schema-graph\">{\"@context\":\"https:\\\/\\\/schema.org\",\"@graph\":[{\"@type\":\"WebPage\",\"@id\":\"https:\\\/\\\/www.tgreguol.com.br\\\/blog\\\/nao-tem-nome\\\/\",\"url\":\"https:\\\/\\\/www.tgreguol.com.br\\\/blog\\\/nao-tem-nome\\\/\",\"name\":\"N\u00c3O TEM NOME - T. Greguol\",\"isPartOf\":{\"@id\":\"https:\\\/\\\/www.tgreguol.com.br\\\/blog\\\/#website\"},\"datePublished\":\"2022-07-22T14:23:02+00:00\",\"dateModified\":\"2022-07-22T20:50:39+00:00\",\"breadcrumb\":{\"@id\":\"https:\\\/\\\/www.tgreguol.com.br\\\/blog\\\/nao-tem-nome\\\/#breadcrumb\"},\"inLanguage\":\"pt-BR\",\"potentialAction\":[{\"@type\":\"ReadAction\",\"target\":[\"https:\\\/\\\/www.tgreguol.com.br\\\/blog\\\/nao-tem-nome\\\/\"]}]},{\"@type\":\"BreadcrumbList\",\"@id\":\"https:\\\/\\\/www.tgreguol.com.br\\\/blog\\\/nao-tem-nome\\\/#breadcrumb\",\"itemListElement\":[{\"@type\":\"ListItem\",\"position\":1,\"name\":\"In\u00edcio\",\"item\":\"https:\\\/\\\/www.tgreguol.com.br\\\/blog\\\/\"},{\"@type\":\"ListItem\",\"position\":2,\"name\":\"N\u00c3O TEM NOME\"}]},{\"@type\":\"WebSite\",\"@id\":\"https:\\\/\\\/www.tgreguol.com.br\\\/blog\\\/#website\",\"url\":\"https:\\\/\\\/www.tgreguol.com.br\\\/blog\\\/\",\"name\":\"T. Greguol\",\"description\":\"Imaginador\",\"potentialAction\":[{\"@type\":\"SearchAction\",\"target\":{\"@type\":\"EntryPoint\",\"urlTemplate\":\"https:\\\/\\\/www.tgreguol.com.br\\\/blog\\\/?s={search_term_string}\"},\"query-input\":{\"@type\":\"PropertyValueSpecification\",\"valueRequired\":true,\"valueName\":\"search_term_string\"}}],\"inLanguage\":\"pt-BR\"}]}<\/script>\n<!-- \/ Yoast SEO plugin. -->","yoast_head_json":{"title":"N\u00c3O TEM NOME - T. Greguol","robots":{"index":"index","follow":"follow","max-snippet":"max-snippet:-1","max-image-preview":"max-image-preview:large","max-video-preview":"max-video-preview:-1"},"canonical":"https:\/\/www.tgreguol.com.br\/blog\/nao-tem-nome\/","og_locale":"pt_BR","og_type":"article","og_title":"N\u00c3O TEM NOME - T. Greguol","og_description":"Letra: T. GreguolM\u00fasica: Louren\u00e7o Netto E no futuro foi que \u2026 Leia Mais","og_url":"https:\/\/www.tgreguol.com.br\/blog\/nao-tem-nome\/","og_site_name":"T. Greguol","article_publisher":"https:\/\/www.facebook.com\/tgreguol","article_modified_time":"2022-07-22T20:50:39+00:00","twitter_card":"summary_large_image","twitter_site":"@katarse","twitter_misc":{"Est. tempo de leitura":"1 minuto"},"schema":{"@context":"https:\/\/schema.org","@graph":[{"@type":"WebPage","@id":"https:\/\/www.tgreguol.com.br\/blog\/nao-tem-nome\/","url":"https:\/\/www.tgreguol.com.br\/blog\/nao-tem-nome\/","name":"N\u00c3O TEM NOME - T. Greguol","isPartOf":{"@id":"https:\/\/www.tgreguol.com.br\/blog\/#website"},"datePublished":"2022-07-22T14:23:02+00:00","dateModified":"2022-07-22T20:50:39+00:00","breadcrumb":{"@id":"https:\/\/www.tgreguol.com.br\/blog\/nao-tem-nome\/#breadcrumb"},"inLanguage":"pt-BR","potentialAction":[{"@type":"ReadAction","target":["https:\/\/www.tgreguol.com.br\/blog\/nao-tem-nome\/"]}]},{"@type":"BreadcrumbList","@id":"https:\/\/www.tgreguol.com.br\/blog\/nao-tem-nome\/#breadcrumb","itemListElement":[{"@type":"ListItem","position":1,"name":"In\u00edcio","item":"https:\/\/www.tgreguol.com.br\/blog\/"},{"@type":"ListItem","position":2,"name":"N\u00c3O TEM NOME"}]},{"@type":"WebSite","@id":"https:\/\/www.tgreguol.com.br\/blog\/#website","url":"https:\/\/www.tgreguol.com.br\/blog\/","name":"T. Greguol","description":"Imaginador","potentialAction":[{"@type":"SearchAction","target":{"@type":"EntryPoint","urlTemplate":"https:\/\/www.tgreguol.com.br\/blog\/?s={search_term_string}"},"query-input":{"@type":"PropertyValueSpecification","valueRequired":true,"valueName":"search_term_string"}}],"inLanguage":"pt-BR"}]}},"_links":{"self":[{"href":"https:\/\/www.tgreguol.com.br\/blog\/wp-json\/wp\/v2\/pages\/3383","targetHints":{"allow":["GET"]}}],"collection":[{"href":"https:\/\/www.tgreguol.com.br\/blog\/wp-json\/wp\/v2\/pages"}],"about":[{"href":"https:\/\/www.tgreguol.com.br\/blog\/wp-json\/wp\/v2\/types\/page"}],"author":[{"embeddable":true,"href":"https:\/\/www.tgreguol.com.br\/blog\/wp-json\/wp\/v2\/users\/1"}],"replies":[{"embeddable":true,"href":"https:\/\/www.tgreguol.com.br\/blog\/wp-json\/wp\/v2\/comments?post=3383"}],"version-history":[{"count":3,"href":"https:\/\/www.tgreguol.com.br\/blog\/wp-json\/wp\/v2\/pages\/3383\/revisions"}],"predecessor-version":[{"id":3407,"href":"https:\/\/www.tgreguol.com.br\/blog\/wp-json\/wp\/v2\/pages\/3383\/revisions\/3407"}],"wp:attachment":[{"href":"https:\/\/www.tgreguol.com.br\/blog\/wp-json\/wp\/v2\/media?parent=3383"}],"curies":[{"name":"wp","href":"https:\/\/api.w.org\/{rel}","templated":true}]}}