{"id":3373,"date":"2022-07-22T14:18:05","date_gmt":"2022-07-22T14:18:05","guid":{"rendered":"https:\/\/www.tgreguol.com.br\/blog\/?page_id=3373"},"modified":"2022-07-22T20:53:13","modified_gmt":"2022-07-22T20:53:13","slug":"6-o-que-dizem-os-monstros","status":"publish","type":"page","link":"https:\/\/www.tgreguol.com.br\/blog\/6-o-que-dizem-os-monstros\/","title":{"rendered":"6. O QUE DIZEM OS MONSTROS?"},"content":{"rendered":"\n<p><strong>Letra<\/strong>: T. Greguol<br><strong>M\u00fasica<\/strong>: Eric Hirsch<\/p>\n\n\n\n<p><\/p>\n\n\n\n<p>Se voc\u00ea acha tudo chato e cinza<br>J\u00e1 est\u00e1 meio burro e ranzinza<br>N\u00e3o perca tempo choramingando<br>Os monstros est\u00e3o chamando<br>Se o t\u00e9dio te pegar<br>E a rotina te esmagar<br>N\u00e3o fique reclamando<br>Os monstros est\u00e3o falando<\/p>\n\n\n\n<p>&#8211; O que dizem os monstros? <\/p>\n\n\n\n<p><\/p>\n\n\n\n<p><strong>Eric Hirsch<\/strong>: baixo, cavaquinho, ukelele, viol\u00e3o e voz<br><strong>T. Greguol<\/strong>: voz<\/p>\n","protected":false},"excerpt":{"rendered":"<p>Letra: T. GreguolM\u00fasica: Eric Hirsch Se voc\u00ea acha tudo chato \u2026<\/p>\n<p class=\"continue-reading-button\"> <a class=\"continue-reading-link\" href=\"https:\/\/www.tgreguol.com.br\/blog\/6-o-que-dizem-os-monstros\/\">Leia Mais<i class=\"crycon-right-dir\"><\/i><\/a><\/p>\n","protected":false},"author":1,"featured_media":0,"parent":0,"menu_order":0,"comment_status":"closed","ping_status":"closed","template":"","meta":{"nf_dc_page":"","_exactmetrics_skip_tracking":false,"_exactmetrics_sitenote_active":false,"_exactmetrics_sitenote_note":"","_exactmetrics_sitenote_category":0,"footnotes":""},"class_list":["post-3373","page","type-page","status-publish","hentry"],"yoast_head":"<!-- This site is optimized with the Yoast SEO plugin v27.5 - https:\/\/yoast.com\/product\/yoast-seo-wordpress\/ -->\n<title>6. O QUE DIZEM OS MONSTROS? - T. Greguol<\/title>\n<meta name=\"robots\" content=\"index, follow, max-snippet:-1, max-image-preview:large, max-video-preview:-1\" \/>\n<link rel=\"canonical\" href=\"https:\/\/www.tgreguol.com.br\/blog\/6-o-que-dizem-os-monstros\/\" \/>\n<meta property=\"og:locale\" content=\"pt_BR\" \/>\n<meta property=\"og:type\" content=\"article\" \/>\n<meta property=\"og:title\" content=\"6. O QUE DIZEM OS MONSTROS? - T. Greguol\" \/>\n<meta property=\"og:description\" content=\"Letra: T. GreguolM\u00fasica: Eric Hirsch Se voc\u00ea acha tudo chato \u2026 Leia Mais\" \/>\n<meta property=\"og:url\" content=\"https:\/\/www.tgreguol.com.br\/blog\/6-o-que-dizem-os-monstros\/\" \/>\n<meta property=\"og:site_name\" content=\"T. Greguol\" \/>\n<meta property=\"article:publisher\" content=\"https:\/\/www.facebook.com\/tgreguol\" \/>\n<meta property=\"article:modified_time\" content=\"2022-07-22T20:53:13+00:00\" \/>\n<meta name=\"twitter:card\" content=\"summary_large_image\" \/>\n<meta name=\"twitter:site\" content=\"@katarse\" \/>\n<meta name=\"twitter:label1\" content=\"Est. tempo de leitura\" \/>\n\t<meta name=\"twitter:data1\" content=\"1 minuto\" \/>\n<script type=\"application\/ld+json\" class=\"yoast-schema-graph\">{\"@context\":\"https:\\\/\\\/schema.org\",\"@graph\":[{\"@type\":\"WebPage\",\"@id\":\"https:\\\/\\\/www.tgreguol.com.br\\\/blog\\\/6-o-que-dizem-os-monstros\\\/\",\"url\":\"https:\\\/\\\/www.tgreguol.com.br\\\/blog\\\/6-o-que-dizem-os-monstros\\\/\",\"name\":\"6. O QUE DIZEM OS MONSTROS? - T. Greguol\",\"isPartOf\":{\"@id\":\"https:\\\/\\\/www.tgreguol.com.br\\\/blog\\\/#website\"},\"datePublished\":\"2022-07-22T14:18:05+00:00\",\"dateModified\":\"2022-07-22T20:53:13+00:00\",\"breadcrumb\":{\"@id\":\"https:\\\/\\\/www.tgreguol.com.br\\\/blog\\\/6-o-que-dizem-os-monstros\\\/#breadcrumb\"},\"inLanguage\":\"pt-BR\",\"potentialAction\":[{\"@type\":\"ReadAction\",\"target\":[\"https:\\\/\\\/www.tgreguol.com.br\\\/blog\\\/6-o-que-dizem-os-monstros\\\/\"]}]},{\"@type\":\"BreadcrumbList\",\"@id\":\"https:\\\/\\\/www.tgreguol.com.br\\\/blog\\\/6-o-que-dizem-os-monstros\\\/#breadcrumb\",\"itemListElement\":[{\"@type\":\"ListItem\",\"position\":1,\"name\":\"In\u00edcio\",\"item\":\"https:\\\/\\\/www.tgreguol.com.br\\\/blog\\\/\"},{\"@type\":\"ListItem\",\"position\":2,\"name\":\"6. O QUE DIZEM OS MONSTROS?\"}]},{\"@type\":\"WebSite\",\"@id\":\"https:\\\/\\\/www.tgreguol.com.br\\\/blog\\\/#website\",\"url\":\"https:\\\/\\\/www.tgreguol.com.br\\\/blog\\\/\",\"name\":\"T. Greguol\",\"description\":\"Imaginador\",\"potentialAction\":[{\"@type\":\"SearchAction\",\"target\":{\"@type\":\"EntryPoint\",\"urlTemplate\":\"https:\\\/\\\/www.tgreguol.com.br\\\/blog\\\/?s={search_term_string}\"},\"query-input\":{\"@type\":\"PropertyValueSpecification\",\"valueRequired\":true,\"valueName\":\"search_term_string\"}}],\"inLanguage\":\"pt-BR\"}]}<\/script>\n<!-- \/ Yoast SEO plugin. -->","yoast_head_json":{"title":"6. O QUE DIZEM OS MONSTROS? - T. Greguol","robots":{"index":"index","follow":"follow","max-snippet":"max-snippet:-1","max-image-preview":"max-image-preview:large","max-video-preview":"max-video-preview:-1"},"canonical":"https:\/\/www.tgreguol.com.br\/blog\/6-o-que-dizem-os-monstros\/","og_locale":"pt_BR","og_type":"article","og_title":"6. O QUE DIZEM OS MONSTROS? - T. Greguol","og_description":"Letra: T. GreguolM\u00fasica: Eric Hirsch Se voc\u00ea acha tudo chato \u2026 Leia Mais","og_url":"https:\/\/www.tgreguol.com.br\/blog\/6-o-que-dizem-os-monstros\/","og_site_name":"T. Greguol","article_publisher":"https:\/\/www.facebook.com\/tgreguol","article_modified_time":"2022-07-22T20:53:13+00:00","twitter_card":"summary_large_image","twitter_site":"@katarse","twitter_misc":{"Est. tempo de leitura":"1 minuto"},"schema":{"@context":"https:\/\/schema.org","@graph":[{"@type":"WebPage","@id":"https:\/\/www.tgreguol.com.br\/blog\/6-o-que-dizem-os-monstros\/","url":"https:\/\/www.tgreguol.com.br\/blog\/6-o-que-dizem-os-monstros\/","name":"6. O QUE DIZEM OS MONSTROS? - T. Greguol","isPartOf":{"@id":"https:\/\/www.tgreguol.com.br\/blog\/#website"},"datePublished":"2022-07-22T14:18:05+00:00","dateModified":"2022-07-22T20:53:13+00:00","breadcrumb":{"@id":"https:\/\/www.tgreguol.com.br\/blog\/6-o-que-dizem-os-monstros\/#breadcrumb"},"inLanguage":"pt-BR","potentialAction":[{"@type":"ReadAction","target":["https:\/\/www.tgreguol.com.br\/blog\/6-o-que-dizem-os-monstros\/"]}]},{"@type":"BreadcrumbList","@id":"https:\/\/www.tgreguol.com.br\/blog\/6-o-que-dizem-os-monstros\/#breadcrumb","itemListElement":[{"@type":"ListItem","position":1,"name":"In\u00edcio","item":"https:\/\/www.tgreguol.com.br\/blog\/"},{"@type":"ListItem","position":2,"name":"6. O QUE DIZEM OS MONSTROS?"}]},{"@type":"WebSite","@id":"https:\/\/www.tgreguol.com.br\/blog\/#website","url":"https:\/\/www.tgreguol.com.br\/blog\/","name":"T. Greguol","description":"Imaginador","potentialAction":[{"@type":"SearchAction","target":{"@type":"EntryPoint","urlTemplate":"https:\/\/www.tgreguol.com.br\/blog\/?s={search_term_string}"},"query-input":{"@type":"PropertyValueSpecification","valueRequired":true,"valueName":"search_term_string"}}],"inLanguage":"pt-BR"}]}},"_links":{"self":[{"href":"https:\/\/www.tgreguol.com.br\/blog\/wp-json\/wp\/v2\/pages\/3373","targetHints":{"allow":["GET"]}}],"collection":[{"href":"https:\/\/www.tgreguol.com.br\/blog\/wp-json\/wp\/v2\/pages"}],"about":[{"href":"https:\/\/www.tgreguol.com.br\/blog\/wp-json\/wp\/v2\/types\/page"}],"author":[{"embeddable":true,"href":"https:\/\/www.tgreguol.com.br\/blog\/wp-json\/wp\/v2\/users\/1"}],"replies":[{"embeddable":true,"href":"https:\/\/www.tgreguol.com.br\/blog\/wp-json\/wp\/v2\/comments?post=3373"}],"version-history":[{"count":2,"href":"https:\/\/www.tgreguol.com.br\/blog\/wp-json\/wp\/v2\/pages\/3373\/revisions"}],"predecessor-version":[{"id":3410,"href":"https:\/\/www.tgreguol.com.br\/blog\/wp-json\/wp\/v2\/pages\/3373\/revisions\/3410"}],"wp:attachment":[{"href":"https:\/\/www.tgreguol.com.br\/blog\/wp-json\/wp\/v2\/media?parent=3373"}],"curies":[{"name":"wp","href":"https:\/\/api.w.org\/{rel}","templated":true}]}}