{"id":3361,"date":"2022-07-22T14:11:14","date_gmt":"2022-07-22T14:11:14","guid":{"rendered":"https:\/\/www.tgreguol.com.br\/blog\/?page_id=3361"},"modified":"2026-01-14T16:12:09","modified_gmt":"2026-01-14T16:12:09","slug":"3361-2","status":"publish","type":"page","link":"https:\/\/www.tgreguol.com.br\/blog\/3361-2\/","title":{"rendered":""},"content":{"rendered":"\n<p class=\"\"><strong>Arranjos:<\/strong> Participantes de cada faixa.<br><strong>Capa:<\/strong> Tainan Rocha<br><strong>Diagrama\u00e7\u00e3o:<\/strong> T. Greguol<br><strong>Edi\u00e7\u00e3o de \u00e1udio:<\/strong> Karen \u00c1vila<br><strong>Fotografia:<\/strong> Roberta Andrade Aparicio<br><strong>Grava\u00e7\u00f5es:<\/strong> Alexandre Duayer, \u00c9ric F. Yoshino, Est\u00fadio Banana Sonora, Est\u00fadio Vira-lata de Ra\u00e7a e os pr\u00f3prios participantes.<br><strong>Masteriza\u00e7\u00e3o:<\/strong> <a href=\"https:\/\/pt.wikipedia.org\/wiki\/Fernando_Sanches\">Fernando Sanches<\/a><br><strong>Mixagem:<\/strong> \u00c9ric F. Yoshino<br><strong>Produ\u00e7\u00e3o:<\/strong> T. Greguol e \u00c9ric F. Yoshino<br><strong>Revis\u00e3o textual<\/strong>: Bete Torii<\/p>\n\n\n\n<p class=\"\"><\/p>\n","protected":false},"excerpt":{"rendered":"<p>Arranjos: Participantes de cada faixa.Capa: Tainan RochaDiagrama\u00e7\u00e3o: T. GreguolEdi\u00e7\u00e3o de \u2026<\/p>\n<p class=\"continue-reading-button\"> <a class=\"continue-reading-link\" href=\"https:\/\/www.tgreguol.com.br\/blog\/3361-2\/\">Leia Mais<i class=\"crycon-right-dir\"><\/i><\/a><\/p>\n","protected":false},"author":1,"featured_media":0,"parent":0,"menu_order":0,"comment_status":"closed","ping_status":"closed","template":"","meta":{"nf_dc_page":"","_exactmetrics_skip_tracking":false,"_exactmetrics_sitenote_active":false,"_exactmetrics_sitenote_note":"","_exactmetrics_sitenote_category":0,"footnotes":""},"class_list":["post-3361","page","type-page","status-publish","hentry"],"yoast_head":"<!-- This site is optimized with the Yoast SEO plugin v27.5 - https:\/\/yoast.com\/product\/yoast-seo-wordpress\/ -->\n<title>- T. Greguol<\/title>\n<meta name=\"robots\" content=\"index, follow, max-snippet:-1, max-image-preview:large, max-video-preview:-1\" \/>\n<link rel=\"canonical\" href=\"https:\/\/www.tgreguol.com.br\/blog\/3361-2\/\" \/>\n<meta property=\"og:locale\" content=\"pt_BR\" \/>\n<meta property=\"og:type\" content=\"article\" \/>\n<meta property=\"og:title\" content=\"- T. Greguol\" \/>\n<meta property=\"og:description\" content=\"Arranjos: Participantes de cada faixa.Capa: Tainan RochaDiagrama\u00e7\u00e3o: T. GreguolEdi\u00e7\u00e3o de \u2026 Leia Mais\" \/>\n<meta property=\"og:url\" content=\"https:\/\/www.tgreguol.com.br\/blog\/3361-2\/\" \/>\n<meta property=\"og:site_name\" content=\"T. Greguol\" \/>\n<meta property=\"article:publisher\" content=\"https:\/\/www.facebook.com\/tgreguol\" \/>\n<meta property=\"article:modified_time\" content=\"2026-01-14T16:12:09+00:00\" \/>\n<meta name=\"twitter:card\" content=\"summary_large_image\" \/>\n<meta name=\"twitter:site\" content=\"@katarse\" \/>\n<meta name=\"twitter:label1\" content=\"Est. tempo de leitura\" \/>\n\t<meta name=\"twitter:data1\" content=\"1 minuto\" \/>\n<script type=\"application\/ld+json\" class=\"yoast-schema-graph\">{\"@context\":\"https:\\\/\\\/schema.org\",\"@graph\":[{\"@type\":\"WebPage\",\"@id\":\"https:\\\/\\\/www.tgreguol.com.br\\\/blog\\\/3361-2\\\/\",\"url\":\"https:\\\/\\\/www.tgreguol.com.br\\\/blog\\\/3361-2\\\/\",\"name\":\"- T. Greguol\",\"isPartOf\":{\"@id\":\"https:\\\/\\\/www.tgreguol.com.br\\\/blog\\\/#website\"},\"datePublished\":\"2022-07-22T14:11:14+00:00\",\"dateModified\":\"2026-01-14T16:12:09+00:00\",\"inLanguage\":\"pt-BR\",\"potentialAction\":[{\"@type\":\"ReadAction\",\"target\":[\"https:\\\/\\\/www.tgreguol.com.br\\\/blog\\\/3361-2\\\/\"]}]},{\"@type\":\"WebSite\",\"@id\":\"https:\\\/\\\/www.tgreguol.com.br\\\/blog\\\/#website\",\"url\":\"https:\\\/\\\/www.tgreguol.com.br\\\/blog\\\/\",\"name\":\"T. Greguol\",\"description\":\"Imaginador\",\"potentialAction\":[{\"@type\":\"SearchAction\",\"target\":{\"@type\":\"EntryPoint\",\"urlTemplate\":\"https:\\\/\\\/www.tgreguol.com.br\\\/blog\\\/?s={search_term_string}\"},\"query-input\":{\"@type\":\"PropertyValueSpecification\",\"valueRequired\":true,\"valueName\":\"search_term_string\"}}],\"inLanguage\":\"pt-BR\"}]}<\/script>\n<!-- \/ Yoast SEO plugin. -->","yoast_head_json":{"title":"- T. Greguol","robots":{"index":"index","follow":"follow","max-snippet":"max-snippet:-1","max-image-preview":"max-image-preview:large","max-video-preview":"max-video-preview:-1"},"canonical":"https:\/\/www.tgreguol.com.br\/blog\/3361-2\/","og_locale":"pt_BR","og_type":"article","og_title":"- T. Greguol","og_description":"Arranjos: Participantes de cada faixa.Capa: Tainan RochaDiagrama\u00e7\u00e3o: T. GreguolEdi\u00e7\u00e3o de \u2026 Leia Mais","og_url":"https:\/\/www.tgreguol.com.br\/blog\/3361-2\/","og_site_name":"T. Greguol","article_publisher":"https:\/\/www.facebook.com\/tgreguol","article_modified_time":"2026-01-14T16:12:09+00:00","twitter_card":"summary_large_image","twitter_site":"@katarse","twitter_misc":{"Est. tempo de leitura":"1 minuto"},"schema":{"@context":"https:\/\/schema.org","@graph":[{"@type":"WebPage","@id":"https:\/\/www.tgreguol.com.br\/blog\/3361-2\/","url":"https:\/\/www.tgreguol.com.br\/blog\/3361-2\/","name":"- T. Greguol","isPartOf":{"@id":"https:\/\/www.tgreguol.com.br\/blog\/#website"},"datePublished":"2022-07-22T14:11:14+00:00","dateModified":"2026-01-14T16:12:09+00:00","inLanguage":"pt-BR","potentialAction":[{"@type":"ReadAction","target":["https:\/\/www.tgreguol.com.br\/blog\/3361-2\/"]}]},{"@type":"WebSite","@id":"https:\/\/www.tgreguol.com.br\/blog\/#website","url":"https:\/\/www.tgreguol.com.br\/blog\/","name":"T. Greguol","description":"Imaginador","potentialAction":[{"@type":"SearchAction","target":{"@type":"EntryPoint","urlTemplate":"https:\/\/www.tgreguol.com.br\/blog\/?s={search_term_string}"},"query-input":{"@type":"PropertyValueSpecification","valueRequired":true,"valueName":"search_term_string"}}],"inLanguage":"pt-BR"}]}},"_links":{"self":[{"href":"https:\/\/www.tgreguol.com.br\/blog\/wp-json\/wp\/v2\/pages\/3361","targetHints":{"allow":["GET"]}}],"collection":[{"href":"https:\/\/www.tgreguol.com.br\/blog\/wp-json\/wp\/v2\/pages"}],"about":[{"href":"https:\/\/www.tgreguol.com.br\/blog\/wp-json\/wp\/v2\/types\/page"}],"author":[{"embeddable":true,"href":"https:\/\/www.tgreguol.com.br\/blog\/wp-json\/wp\/v2\/users\/1"}],"replies":[{"embeddable":true,"href":"https:\/\/www.tgreguol.com.br\/blog\/wp-json\/wp\/v2\/comments?post=3361"}],"version-history":[{"count":4,"href":"https:\/\/www.tgreguol.com.br\/blog\/wp-json\/wp\/v2\/pages\/3361\/revisions"}],"predecessor-version":[{"id":3787,"href":"https:\/\/www.tgreguol.com.br\/blog\/wp-json\/wp\/v2\/pages\/3361\/revisions\/3787"}],"wp:attachment":[{"href":"https:\/\/www.tgreguol.com.br\/blog\/wp-json\/wp\/v2\/media?parent=3361"}],"curies":[{"name":"wp","href":"https:\/\/api.w.org\/{rel}","templated":true}]}}