{"id":3352,"date":"2022-07-22T14:02:58","date_gmt":"2022-07-22T14:02:58","guid":{"rendered":"https:\/\/www.tgreguol.com.br\/blog\/?page_id=3352"},"modified":"2022-07-22T20:48:00","modified_gmt":"2022-07-22T20:48:00","slug":"1-a-musica","status":"publish","type":"page","link":"https:\/\/www.tgreguol.com.br\/blog\/1-a-musica\/","title":{"rendered":"1. A M\u00daSICA"},"content":{"rendered":"\n<p><strong>Letra<\/strong>: T. Greguol<br><strong>M\u00fasica<\/strong>: Julia Contreiras<\/p>\n\n\n\n<p>Eu acordo todo dia com o r\u00e1dio rel\u00f3gio<br>E fa\u00e7o caf\u00e9 ouvindo uma m\u00fasica qualquer<br>Pela rua assobio o que me vem \u00e0 mente<br>E at\u00e9 canto a letra se a letra eu souber<br>Mas tem a m\u00fasica na minha mem\u00f3ria<br>Que me dirige e faz o meu dia melhor<br>Pois essa m\u00fasica na minha cabe\u00e7a<br>Que talvez a letra at\u00e9 eu saiba de cor<br>A \u00fanica m\u00fasica a qual eu dan\u00e7o<br>Que aceita quando eu ofere\u00e7o<br>Que tem a letra que eu nunca esque\u00e7o<br>Essa \u00e9 a m\u00fasica mais bonita que eu conhe\u00e7o<\/p>\n\n\n\n<p><strong>F\u00e1bio Pelissioni:<\/strong> baixo e voz<br><strong>Marcos Banana:<\/strong> bateria e percuss\u00e3o\u2003<br><strong>Rodrigo EBA!:<\/strong> lalal\u00e1<br><strong>T. Greguol:<\/strong> voz<br><strong>Vinicius Reale:<\/strong> guitarra<br><strong>Vivian Benford:<\/strong> lalal\u00e1<\/p>\n","protected":false},"excerpt":{"rendered":"<p>Letra: T. GreguolM\u00fasica: Julia Contreiras Eu acordo todo dia com \u2026<\/p>\n<p class=\"continue-reading-button\"> <a class=\"continue-reading-link\" href=\"https:\/\/www.tgreguol.com.br\/blog\/1-a-musica\/\">Leia Mais<i class=\"crycon-right-dir\"><\/i><\/a><\/p>\n","protected":false},"author":1,"featured_media":0,"parent":0,"menu_order":0,"comment_status":"closed","ping_status":"closed","template":"","meta":{"nf_dc_page":"","_exactmetrics_skip_tracking":false,"_exactmetrics_sitenote_active":false,"_exactmetrics_sitenote_note":"","_exactmetrics_sitenote_category":0,"footnotes":""},"class_list":["post-3352","page","type-page","status-publish","hentry"],"yoast_head":"<!-- This site is optimized with the Yoast SEO plugin v27.5 - https:\/\/yoast.com\/product\/yoast-seo-wordpress\/ -->\n<title>1. A M\u00daSICA - T. Greguol<\/title>\n<meta name=\"robots\" content=\"index, follow, max-snippet:-1, max-image-preview:large, max-video-preview:-1\" \/>\n<link rel=\"canonical\" href=\"https:\/\/www.tgreguol.com.br\/blog\/1-a-musica\/\" \/>\n<meta property=\"og:locale\" content=\"pt_BR\" \/>\n<meta property=\"og:type\" content=\"article\" \/>\n<meta property=\"og:title\" content=\"1. A M\u00daSICA - T. Greguol\" \/>\n<meta property=\"og:description\" content=\"Letra: T. GreguolM\u00fasica: Julia Contreiras Eu acordo todo dia com \u2026 Leia Mais\" \/>\n<meta property=\"og:url\" content=\"https:\/\/www.tgreguol.com.br\/blog\/1-a-musica\/\" \/>\n<meta property=\"og:site_name\" content=\"T. Greguol\" \/>\n<meta property=\"article:publisher\" content=\"https:\/\/www.facebook.com\/tgreguol\" \/>\n<meta property=\"article:modified_time\" content=\"2022-07-22T20:48:00+00:00\" \/>\n<meta name=\"twitter:card\" content=\"summary_large_image\" \/>\n<meta name=\"twitter:site\" content=\"@katarse\" \/>\n<meta name=\"twitter:label1\" content=\"Est. tempo de leitura\" \/>\n\t<meta name=\"twitter:data1\" content=\"1 minuto\" \/>\n<script type=\"application\/ld+json\" class=\"yoast-schema-graph\">{\"@context\":\"https:\\\/\\\/schema.org\",\"@graph\":[{\"@type\":\"WebPage\",\"@id\":\"https:\\\/\\\/www.tgreguol.com.br\\\/blog\\\/1-a-musica\\\/\",\"url\":\"https:\\\/\\\/www.tgreguol.com.br\\\/blog\\\/1-a-musica\\\/\",\"name\":\"1. A M\u00daSICA - T. Greguol\",\"isPartOf\":{\"@id\":\"https:\\\/\\\/www.tgreguol.com.br\\\/blog\\\/#website\"},\"datePublished\":\"2022-07-22T14:02:58+00:00\",\"dateModified\":\"2022-07-22T20:48:00+00:00\",\"breadcrumb\":{\"@id\":\"https:\\\/\\\/www.tgreguol.com.br\\\/blog\\\/1-a-musica\\\/#breadcrumb\"},\"inLanguage\":\"pt-BR\",\"potentialAction\":[{\"@type\":\"ReadAction\",\"target\":[\"https:\\\/\\\/www.tgreguol.com.br\\\/blog\\\/1-a-musica\\\/\"]}]},{\"@type\":\"BreadcrumbList\",\"@id\":\"https:\\\/\\\/www.tgreguol.com.br\\\/blog\\\/1-a-musica\\\/#breadcrumb\",\"itemListElement\":[{\"@type\":\"ListItem\",\"position\":1,\"name\":\"In\u00edcio\",\"item\":\"https:\\\/\\\/www.tgreguol.com.br\\\/blog\\\/\"},{\"@type\":\"ListItem\",\"position\":2,\"name\":\"1. A M\u00daSICA\"}]},{\"@type\":\"WebSite\",\"@id\":\"https:\\\/\\\/www.tgreguol.com.br\\\/blog\\\/#website\",\"url\":\"https:\\\/\\\/www.tgreguol.com.br\\\/blog\\\/\",\"name\":\"T. Greguol\",\"description\":\"Imaginador\",\"potentialAction\":[{\"@type\":\"SearchAction\",\"target\":{\"@type\":\"EntryPoint\",\"urlTemplate\":\"https:\\\/\\\/www.tgreguol.com.br\\\/blog\\\/?s={search_term_string}\"},\"query-input\":{\"@type\":\"PropertyValueSpecification\",\"valueRequired\":true,\"valueName\":\"search_term_string\"}}],\"inLanguage\":\"pt-BR\"}]}<\/script>\n<!-- \/ Yoast SEO plugin. -->","yoast_head_json":{"title":"1. A M\u00daSICA - T. Greguol","robots":{"index":"index","follow":"follow","max-snippet":"max-snippet:-1","max-image-preview":"max-image-preview:large","max-video-preview":"max-video-preview:-1"},"canonical":"https:\/\/www.tgreguol.com.br\/blog\/1-a-musica\/","og_locale":"pt_BR","og_type":"article","og_title":"1. A M\u00daSICA - T. Greguol","og_description":"Letra: T. GreguolM\u00fasica: Julia Contreiras Eu acordo todo dia com \u2026 Leia Mais","og_url":"https:\/\/www.tgreguol.com.br\/blog\/1-a-musica\/","og_site_name":"T. Greguol","article_publisher":"https:\/\/www.facebook.com\/tgreguol","article_modified_time":"2022-07-22T20:48:00+00:00","twitter_card":"summary_large_image","twitter_site":"@katarse","twitter_misc":{"Est. tempo de leitura":"1 minuto"},"schema":{"@context":"https:\/\/schema.org","@graph":[{"@type":"WebPage","@id":"https:\/\/www.tgreguol.com.br\/blog\/1-a-musica\/","url":"https:\/\/www.tgreguol.com.br\/blog\/1-a-musica\/","name":"1. A M\u00daSICA - T. Greguol","isPartOf":{"@id":"https:\/\/www.tgreguol.com.br\/blog\/#website"},"datePublished":"2022-07-22T14:02:58+00:00","dateModified":"2022-07-22T20:48:00+00:00","breadcrumb":{"@id":"https:\/\/www.tgreguol.com.br\/blog\/1-a-musica\/#breadcrumb"},"inLanguage":"pt-BR","potentialAction":[{"@type":"ReadAction","target":["https:\/\/www.tgreguol.com.br\/blog\/1-a-musica\/"]}]},{"@type":"BreadcrumbList","@id":"https:\/\/www.tgreguol.com.br\/blog\/1-a-musica\/#breadcrumb","itemListElement":[{"@type":"ListItem","position":1,"name":"In\u00edcio","item":"https:\/\/www.tgreguol.com.br\/blog\/"},{"@type":"ListItem","position":2,"name":"1. A M\u00daSICA"}]},{"@type":"WebSite","@id":"https:\/\/www.tgreguol.com.br\/blog\/#website","url":"https:\/\/www.tgreguol.com.br\/blog\/","name":"T. Greguol","description":"Imaginador","potentialAction":[{"@type":"SearchAction","target":{"@type":"EntryPoint","urlTemplate":"https:\/\/www.tgreguol.com.br\/blog\/?s={search_term_string}"},"query-input":{"@type":"PropertyValueSpecification","valueRequired":true,"valueName":"search_term_string"}}],"inLanguage":"pt-BR"}]}},"_links":{"self":[{"href":"https:\/\/www.tgreguol.com.br\/blog\/wp-json\/wp\/v2\/pages\/3352","targetHints":{"allow":["GET"]}}],"collection":[{"href":"https:\/\/www.tgreguol.com.br\/blog\/wp-json\/wp\/v2\/pages"}],"about":[{"href":"https:\/\/www.tgreguol.com.br\/blog\/wp-json\/wp\/v2\/types\/page"}],"author":[{"embeddable":true,"href":"https:\/\/www.tgreguol.com.br\/blog\/wp-json\/wp\/v2\/users\/1"}],"replies":[{"embeddable":true,"href":"https:\/\/www.tgreguol.com.br\/blog\/wp-json\/wp\/v2\/comments?post=3352"}],"version-history":[{"count":2,"href":"https:\/\/www.tgreguol.com.br\/blog\/wp-json\/wp\/v2\/pages\/3352\/revisions"}],"predecessor-version":[{"id":3404,"href":"https:\/\/www.tgreguol.com.br\/blog\/wp-json\/wp\/v2\/pages\/3352\/revisions\/3404"}],"wp:attachment":[{"href":"https:\/\/www.tgreguol.com.br\/blog\/wp-json\/wp\/v2\/media?parent=3352"}],"curies":[{"name":"wp","href":"https:\/\/api.w.org\/{rel}","templated":true}]}}