{"id":3350,"date":"2022-07-22T14:00:35","date_gmt":"2022-07-22T14:00:35","guid":{"rendered":"https:\/\/www.tgreguol.com.br\/blog\/?page_id=3350"},"modified":"2022-07-24T17:43:06","modified_gmt":"2022-07-24T17:43:06","slug":"sidarta-ribeiro","status":"publish","type":"page","link":"https:\/\/www.tgreguol.com.br\/blog\/sidarta-ribeiro\/","title":{"rendered":"Sidarta Ribeiro"},"content":{"rendered":"\n<p>Dez, Nove, Oito, Sete e Seis<br>Prazer de estar com voc\u00eas, salve os er\u00eas. Esta resenha n\u00e3o tem senha, \u00e9 lenha que vale a pena, mais rica que a mega sena, mais livre que a Macarena. Vem bailar e escutar a m\u00fasica do menino dan\u00e7ando para os teus. T. e os seus, suas sues, seres eus. Escuta o som do canto do deus que mora na letra que n\u00e3o se esqueceu. Escuta o ateu, o Prometeu, o remexeu. Escuta o anjo e o zebedeu. No sil\u00eancio ensurdecedor do cinismo que n\u00e3o quer calar para ouvir a crian\u00e7a falar. Chhh\u2026 agora \u00e9 a hora de escutar. Reverberar, imaginar, deitar e rolar!<br>Cinco<br>O que vir\u00e1, soar\u00e1? A come\u00e7ar por celebrar a sorte de estar vivo e ser amado &#8211; e se amar. A sorte de navegar, depois de tantas e tantos que boiaram no ar. O acaso do acasalar, acaso do acaso do acaso e por acaso me caso, descaso ou recaso. Com homem ou mulher, n\u00e3o vem ao caso, o que quiser, o que ser\u00e1 ou \u00e9. O osso do p\u00e9. O esqueleto que sente e entende que \u00e9 gente, o cr\u00e2nio que pressente o dilema latente. Presente.<br>Quatro<br>Os monstros que de repente invadem o t\u00e9dio da mente. O inconsciente. O que se tolera \u00e9 o que se agradece, olha a\u00ed\u2026 \u00c0 frente. Carregando o peso todo de si, o peso pena e o pesado, o peso perdido e o achado. O monotema nascido S\u00edsifo, caiu Narciso e sifu. Fisso. A vida \u00e9 assim. Pisar na bola, parir. O recome\u00e7o de mim, o devir assim sem fim.<br>Tr\u00eas<br>Louvada seja a beleza da coisa que n\u00e3o tem nome, pois no mundo n\u00e3o h\u00e1 quem dome o sonho da natureza. E a sua prova? Esque\u00e7a. O Enem da vida \u00e9 incerteza. O que interessa \u00e9 seguir na Amornia. Em confian\u00e7a e clareza. Limpeza. Em dia.<br>Dois<br>Noite e dia na ressonharia do poeta. O resto se acerta, se ajeita, se fia. A vida organiza a treta. Desenroscou a carrapeta? Refaz o giro, a gira, a seta. Antes de saber eu tamb\u00e9m n\u00e3o sabia.<br>Um<br>Alegria!<\/p>\n\n\n\n<p><\/p>\n\n\n\n<p><a href=\"https:\/\/pt.wikipedia.org\/wiki\/Sidarta_Ribeiro\">Sidarta Ribeiro<\/a><\/p>\n","protected":false},"excerpt":{"rendered":"<p>Dez, Nove, Oito, Sete e SeisPrazer de estar com voc\u00eas, \u2026<\/p>\n<p class=\"continue-reading-button\"> <a class=\"continue-reading-link\" href=\"https:\/\/www.tgreguol.com.br\/blog\/sidarta-ribeiro\/\">Leia Mais<i class=\"crycon-right-dir\"><\/i><\/a><\/p>\n","protected":false},"author":1,"featured_media":0,"parent":0,"menu_order":0,"comment_status":"closed","ping_status":"closed","template":"","meta":{"nf_dc_page":"","_exactmetrics_skip_tracking":false,"_exactmetrics_sitenote_active":false,"_exactmetrics_sitenote_note":"","_exactmetrics_sitenote_category":0,"footnotes":""},"class_list":["post-3350","page","type-page","status-publish","hentry"],"yoast_head":"<!-- This site is optimized with the Yoast SEO plugin v27.5 - https:\/\/yoast.com\/product\/yoast-seo-wordpress\/ -->\n<title>Sidarta Ribeiro - T. Greguol<\/title>\n<meta name=\"robots\" content=\"index, follow, max-snippet:-1, max-image-preview:large, max-video-preview:-1\" \/>\n<link rel=\"canonical\" href=\"https:\/\/www.tgreguol.com.br\/blog\/sidarta-ribeiro\/\" \/>\n<meta property=\"og:locale\" content=\"pt_BR\" \/>\n<meta property=\"og:type\" content=\"article\" \/>\n<meta property=\"og:title\" content=\"Sidarta Ribeiro - T. Greguol\" \/>\n<meta property=\"og:description\" content=\"Dez, Nove, Oito, Sete e SeisPrazer de estar com voc\u00eas, \u2026 Leia Mais\" \/>\n<meta property=\"og:url\" content=\"https:\/\/www.tgreguol.com.br\/blog\/sidarta-ribeiro\/\" \/>\n<meta property=\"og:site_name\" content=\"T. Greguol\" \/>\n<meta property=\"article:publisher\" content=\"https:\/\/www.facebook.com\/tgreguol\" \/>\n<meta property=\"article:modified_time\" content=\"2022-07-24T17:43:06+00:00\" \/>\n<meta name=\"twitter:card\" content=\"summary_large_image\" \/>\n<meta name=\"twitter:site\" content=\"@katarse\" \/>\n<meta name=\"twitter:label1\" content=\"Est. tempo de leitura\" \/>\n\t<meta name=\"twitter:data1\" content=\"2 minutos\" \/>\n<script type=\"application\/ld+json\" class=\"yoast-schema-graph\">{\"@context\":\"https:\\\/\\\/schema.org\",\"@graph\":[{\"@type\":\"WebPage\",\"@id\":\"https:\\\/\\\/www.tgreguol.com.br\\\/blog\\\/sidarta-ribeiro\\\/\",\"url\":\"https:\\\/\\\/www.tgreguol.com.br\\\/blog\\\/sidarta-ribeiro\\\/\",\"name\":\"Sidarta Ribeiro - T. Greguol\",\"isPartOf\":{\"@id\":\"https:\\\/\\\/www.tgreguol.com.br\\\/blog\\\/#website\"},\"datePublished\":\"2022-07-22T14:00:35+00:00\",\"dateModified\":\"2022-07-24T17:43:06+00:00\",\"breadcrumb\":{\"@id\":\"https:\\\/\\\/www.tgreguol.com.br\\\/blog\\\/sidarta-ribeiro\\\/#breadcrumb\"},\"inLanguage\":\"pt-BR\",\"potentialAction\":[{\"@type\":\"ReadAction\",\"target\":[\"https:\\\/\\\/www.tgreguol.com.br\\\/blog\\\/sidarta-ribeiro\\\/\"]}]},{\"@type\":\"BreadcrumbList\",\"@id\":\"https:\\\/\\\/www.tgreguol.com.br\\\/blog\\\/sidarta-ribeiro\\\/#breadcrumb\",\"itemListElement\":[{\"@type\":\"ListItem\",\"position\":1,\"name\":\"In\u00edcio\",\"item\":\"https:\\\/\\\/www.tgreguol.com.br\\\/blog\\\/\"},{\"@type\":\"ListItem\",\"position\":2,\"name\":\"Sidarta Ribeiro\"}]},{\"@type\":\"WebSite\",\"@id\":\"https:\\\/\\\/www.tgreguol.com.br\\\/blog\\\/#website\",\"url\":\"https:\\\/\\\/www.tgreguol.com.br\\\/blog\\\/\",\"name\":\"T. Greguol\",\"description\":\"Imaginador\",\"potentialAction\":[{\"@type\":\"SearchAction\",\"target\":{\"@type\":\"EntryPoint\",\"urlTemplate\":\"https:\\\/\\\/www.tgreguol.com.br\\\/blog\\\/?s={search_term_string}\"},\"query-input\":{\"@type\":\"PropertyValueSpecification\",\"valueRequired\":true,\"valueName\":\"search_term_string\"}}],\"inLanguage\":\"pt-BR\"}]}<\/script>\n<!-- \/ Yoast SEO plugin. -->","yoast_head_json":{"title":"Sidarta Ribeiro - T. Greguol","robots":{"index":"index","follow":"follow","max-snippet":"max-snippet:-1","max-image-preview":"max-image-preview:large","max-video-preview":"max-video-preview:-1"},"canonical":"https:\/\/www.tgreguol.com.br\/blog\/sidarta-ribeiro\/","og_locale":"pt_BR","og_type":"article","og_title":"Sidarta Ribeiro - T. Greguol","og_description":"Dez, Nove, Oito, Sete e SeisPrazer de estar com voc\u00eas, \u2026 Leia Mais","og_url":"https:\/\/www.tgreguol.com.br\/blog\/sidarta-ribeiro\/","og_site_name":"T. Greguol","article_publisher":"https:\/\/www.facebook.com\/tgreguol","article_modified_time":"2022-07-24T17:43:06+00:00","twitter_card":"summary_large_image","twitter_site":"@katarse","twitter_misc":{"Est. tempo de leitura":"2 minutos"},"schema":{"@context":"https:\/\/schema.org","@graph":[{"@type":"WebPage","@id":"https:\/\/www.tgreguol.com.br\/blog\/sidarta-ribeiro\/","url":"https:\/\/www.tgreguol.com.br\/blog\/sidarta-ribeiro\/","name":"Sidarta Ribeiro - T. Greguol","isPartOf":{"@id":"https:\/\/www.tgreguol.com.br\/blog\/#website"},"datePublished":"2022-07-22T14:00:35+00:00","dateModified":"2022-07-24T17:43:06+00:00","breadcrumb":{"@id":"https:\/\/www.tgreguol.com.br\/blog\/sidarta-ribeiro\/#breadcrumb"},"inLanguage":"pt-BR","potentialAction":[{"@type":"ReadAction","target":["https:\/\/www.tgreguol.com.br\/blog\/sidarta-ribeiro\/"]}]},{"@type":"BreadcrumbList","@id":"https:\/\/www.tgreguol.com.br\/blog\/sidarta-ribeiro\/#breadcrumb","itemListElement":[{"@type":"ListItem","position":1,"name":"In\u00edcio","item":"https:\/\/www.tgreguol.com.br\/blog\/"},{"@type":"ListItem","position":2,"name":"Sidarta Ribeiro"}]},{"@type":"WebSite","@id":"https:\/\/www.tgreguol.com.br\/blog\/#website","url":"https:\/\/www.tgreguol.com.br\/blog\/","name":"T. Greguol","description":"Imaginador","potentialAction":[{"@type":"SearchAction","target":{"@type":"EntryPoint","urlTemplate":"https:\/\/www.tgreguol.com.br\/blog\/?s={search_term_string}"},"query-input":{"@type":"PropertyValueSpecification","valueRequired":true,"valueName":"search_term_string"}}],"inLanguage":"pt-BR"}]}},"_links":{"self":[{"href":"https:\/\/www.tgreguol.com.br\/blog\/wp-json\/wp\/v2\/pages\/3350","targetHints":{"allow":["GET"]}}],"collection":[{"href":"https:\/\/www.tgreguol.com.br\/blog\/wp-json\/wp\/v2\/pages"}],"about":[{"href":"https:\/\/www.tgreguol.com.br\/blog\/wp-json\/wp\/v2\/types\/page"}],"author":[{"embeddable":true,"href":"https:\/\/www.tgreguol.com.br\/blog\/wp-json\/wp\/v2\/users\/1"}],"replies":[{"embeddable":true,"href":"https:\/\/www.tgreguol.com.br\/blog\/wp-json\/wp\/v2\/comments?post=3350"}],"version-history":[{"count":4,"href":"https:\/\/www.tgreguol.com.br\/blog\/wp-json\/wp\/v2\/pages\/3350\/revisions"}],"predecessor-version":[{"id":3431,"href":"https:\/\/www.tgreguol.com.br\/blog\/wp-json\/wp\/v2\/pages\/3350\/revisions\/3431"}],"wp:attachment":[{"href":"https:\/\/www.tgreguol.com.br\/blog\/wp-json\/wp\/v2\/media?parent=3350"}],"curies":[{"name":"wp","href":"https:\/\/api.w.org\/{rel}","templated":true}]}}