{"id":3345,"date":"2022-07-22T13:55:40","date_gmt":"2022-07-22T13:55:40","guid":{"rendered":"https:\/\/www.tgreguol.com.br\/blog\/?page_id=3345"},"modified":"2022-07-22T20:42:59","modified_gmt":"2022-07-22T20:42:59","slug":"edgard-scandurra","status":"publish","type":"page","link":"https:\/\/www.tgreguol.com.br\/blog\/edgard-scandurra\/","title":{"rendered":"Edgard Scandurra"},"content":{"rendered":"\n<p>Estou ouvindo o disco do meu amigo T. Greguol. Logo de cara notei o humor muito pessoal presente em suas diversas manifesta\u00e7\u00f5es art\u00edsticas. Expressando uma sinceridade t\u00e3o sincera, que se torna ing\u00eanua. E tem coisa mais subversiva e revolucion\u00e1ria do que ser ing\u00eanuo hoje em dia? N\u00e3o confundir com aliena\u00e7\u00e3o: Greguol sabe bem o que \u00e9 o mundo e tem sensibilidade e profundidade existencial evidentes ao se comunicar atrav\u00e9s da arte. Quando vi suas &#8216;Perguntas do T.&#8217;, suficientes, necess\u00e1rias e que tive o prazer de responder; ou o livro com suas artes em diversas t\u00e9cnicas, algumas delas muito, mas muito legais!; n\u00e3o tinha ideia que ele fazia m\u00fasica tamb\u00e9m. E, com ela, novamente me surpreendo. Ou\u00e7o \u2018A M\u00fasica\u2019, reflito sobre a letra: \u00e9 a playlist da vida e no lugar de algoritmos tem afetividade. Ou\u00e7o umas bateras bem legais, e arranjos de guitarra ora discretos, ora protagonistas, sempre sofisticados. Chega \u2018T\u00ednitus\u2019. \u00c9 rock\u2019n\u2019roll que chama, n\u00e9? \u201c1, 2, 3, 4, 5, 6 eu troco 6 por meia d\u00fazia!\u201d. T. leva a s\u00e9rio as infinitas influ\u00eancias que des\u00e1guam num mar de muita personalidade e extrema sinceridade. A\u00ed ele canta \u2018Eu Tenho Tido Muita Sorte\u2019 e emociona. Realmente \u00e9 uma tremenda sorte estarmos por aqui ainda, n\u00e3o \u00e9 mesmo? A pr\u00f3xima \u00e9 \u2018Mim\u2019. Cara, de onde vem essa harmonia? O efeito vocal dos primeiros trabalhos do Kraftwerk segue surpreendente, e a mistura com um potente i\u00ea-i\u00ea-i\u00ea tem em sua letra a constata\u00e7\u00e3o que diz respeito a todos n\u00f3s: \u201ctem um esqueleto dentro de mim\u201d. \u2018Acaso\u2019 tem ares de trilha de filme giallo do Dario Argento. Acordes com leves disson\u00e2ncias, um passeio no tempo com uma levada de bateria em que vale a pena se ligar, enquanto a letra desmistifica: \u201c\u00e9 tudo acaso\u201d. \u2018S\u00edsifo\u2019 tem um trabalho vocal bem cuidado, percussivo; algo na letra me lembrou o programa Renda B\u00e1sica do Eduardo Suplicy. Ainda tem a batida funk e \u00e9 uma can\u00e7\u00e3o sem banda, que d\u00e1 ao ouvinte um s\u00e1bio respiro. Na sequ\u00eancia ou\u00e7o um solo de piano fin\u00edssimo e uma voz dizendo \u201cnem deuses, nem E.T.s, nem nada que sinta fome\u201d\u2026 Versos, melodia, levada, peso e refr\u00e3o que desafiam a n\u00e3o sairmos cantando por a\u00ed. No fim, T. Greguol assume o que eu j\u00e1 desconfiava h\u00e1 um bom tempo: ele \u00e9 um homem garoto, um menino homem que \u201cn\u00e3o vai tirar dez na sua prova\u201d, porque ele n\u00e3o precisa provar nada pra ningu\u00e9m. Acabou o \u00e1lbum e sabe o que vou fazer? Vou ouvir de novo.<\/p>\n\n\n\n<p><\/p>\n\n\n\n<p><a href=\"https:\/\/pt.wikipedia.org\/wiki\/Edgard_Scandurra\">Edgard Scandurra<\/a><\/p>\n","protected":false},"excerpt":{"rendered":"<p>Estou ouvindo o disco do meu amigo T. Greguol. Logo \u2026<\/p>\n<p class=\"continue-reading-button\"> <a class=\"continue-reading-link\" href=\"https:\/\/www.tgreguol.com.br\/blog\/edgard-scandurra\/\">Leia Mais<i class=\"crycon-right-dir\"><\/i><\/a><\/p>\n","protected":false},"author":1,"featured_media":0,"parent":0,"menu_order":0,"comment_status":"closed","ping_status":"closed","template":"","meta":{"nf_dc_page":"","_exactmetrics_skip_tracking":false,"_exactmetrics_sitenote_active":false,"_exactmetrics_sitenote_note":"","_exactmetrics_sitenote_category":0,"footnotes":""},"class_list":["post-3345","page","type-page","status-publish","hentry"],"yoast_head":"<!-- This site is optimized with the Yoast SEO plugin v27.5 - https:\/\/yoast.com\/product\/yoast-seo-wordpress\/ -->\n<title>Edgard Scandurra - T. Greguol<\/title>\n<meta name=\"robots\" content=\"index, follow, max-snippet:-1, max-image-preview:large, max-video-preview:-1\" \/>\n<link rel=\"canonical\" href=\"https:\/\/www.tgreguol.com.br\/blog\/edgard-scandurra\/\" \/>\n<meta property=\"og:locale\" content=\"pt_BR\" \/>\n<meta property=\"og:type\" content=\"article\" \/>\n<meta property=\"og:title\" content=\"Edgard Scandurra - T. Greguol\" \/>\n<meta property=\"og:description\" content=\"Estou ouvindo o disco do meu amigo T. Greguol. Logo \u2026 Leia Mais\" \/>\n<meta property=\"og:url\" content=\"https:\/\/www.tgreguol.com.br\/blog\/edgard-scandurra\/\" \/>\n<meta property=\"og:site_name\" content=\"T. Greguol\" \/>\n<meta property=\"article:publisher\" content=\"https:\/\/www.facebook.com\/tgreguol\" \/>\n<meta property=\"article:modified_time\" content=\"2022-07-22T20:42:59+00:00\" \/>\n<meta name=\"twitter:card\" content=\"summary_large_image\" \/>\n<meta name=\"twitter:site\" content=\"@katarse\" \/>\n<meta name=\"twitter:label1\" content=\"Est. tempo de leitura\" \/>\n\t<meta name=\"twitter:data1\" content=\"3 minutos\" \/>\n<script type=\"application\/ld+json\" class=\"yoast-schema-graph\">{\"@context\":\"https:\\\/\\\/schema.org\",\"@graph\":[{\"@type\":\"WebPage\",\"@id\":\"https:\\\/\\\/www.tgreguol.com.br\\\/blog\\\/edgard-scandurra\\\/\",\"url\":\"https:\\\/\\\/www.tgreguol.com.br\\\/blog\\\/edgard-scandurra\\\/\",\"name\":\"Edgard Scandurra - T. Greguol\",\"isPartOf\":{\"@id\":\"https:\\\/\\\/www.tgreguol.com.br\\\/blog\\\/#website\"},\"datePublished\":\"2022-07-22T13:55:40+00:00\",\"dateModified\":\"2022-07-22T20:42:59+00:00\",\"breadcrumb\":{\"@id\":\"https:\\\/\\\/www.tgreguol.com.br\\\/blog\\\/edgard-scandurra\\\/#breadcrumb\"},\"inLanguage\":\"pt-BR\",\"potentialAction\":[{\"@type\":\"ReadAction\",\"target\":[\"https:\\\/\\\/www.tgreguol.com.br\\\/blog\\\/edgard-scandurra\\\/\"]}]},{\"@type\":\"BreadcrumbList\",\"@id\":\"https:\\\/\\\/www.tgreguol.com.br\\\/blog\\\/edgard-scandurra\\\/#breadcrumb\",\"itemListElement\":[{\"@type\":\"ListItem\",\"position\":1,\"name\":\"In\u00edcio\",\"item\":\"https:\\\/\\\/www.tgreguol.com.br\\\/blog\\\/\"},{\"@type\":\"ListItem\",\"position\":2,\"name\":\"Edgard Scandurra\"}]},{\"@type\":\"WebSite\",\"@id\":\"https:\\\/\\\/www.tgreguol.com.br\\\/blog\\\/#website\",\"url\":\"https:\\\/\\\/www.tgreguol.com.br\\\/blog\\\/\",\"name\":\"T. Greguol\",\"description\":\"Imaginador\",\"potentialAction\":[{\"@type\":\"SearchAction\",\"target\":{\"@type\":\"EntryPoint\",\"urlTemplate\":\"https:\\\/\\\/www.tgreguol.com.br\\\/blog\\\/?s={search_term_string}\"},\"query-input\":{\"@type\":\"PropertyValueSpecification\",\"valueRequired\":true,\"valueName\":\"search_term_string\"}}],\"inLanguage\":\"pt-BR\"}]}<\/script>\n<!-- \/ Yoast SEO plugin. -->","yoast_head_json":{"title":"Edgard Scandurra - T. Greguol","robots":{"index":"index","follow":"follow","max-snippet":"max-snippet:-1","max-image-preview":"max-image-preview:large","max-video-preview":"max-video-preview:-1"},"canonical":"https:\/\/www.tgreguol.com.br\/blog\/edgard-scandurra\/","og_locale":"pt_BR","og_type":"article","og_title":"Edgard Scandurra - T. Greguol","og_description":"Estou ouvindo o disco do meu amigo T. Greguol. Logo \u2026 Leia Mais","og_url":"https:\/\/www.tgreguol.com.br\/blog\/edgard-scandurra\/","og_site_name":"T. Greguol","article_publisher":"https:\/\/www.facebook.com\/tgreguol","article_modified_time":"2022-07-22T20:42:59+00:00","twitter_card":"summary_large_image","twitter_site":"@katarse","twitter_misc":{"Est. tempo de leitura":"3 minutos"},"schema":{"@context":"https:\/\/schema.org","@graph":[{"@type":"WebPage","@id":"https:\/\/www.tgreguol.com.br\/blog\/edgard-scandurra\/","url":"https:\/\/www.tgreguol.com.br\/blog\/edgard-scandurra\/","name":"Edgard Scandurra - T. Greguol","isPartOf":{"@id":"https:\/\/www.tgreguol.com.br\/blog\/#website"},"datePublished":"2022-07-22T13:55:40+00:00","dateModified":"2022-07-22T20:42:59+00:00","breadcrumb":{"@id":"https:\/\/www.tgreguol.com.br\/blog\/edgard-scandurra\/#breadcrumb"},"inLanguage":"pt-BR","potentialAction":[{"@type":"ReadAction","target":["https:\/\/www.tgreguol.com.br\/blog\/edgard-scandurra\/"]}]},{"@type":"BreadcrumbList","@id":"https:\/\/www.tgreguol.com.br\/blog\/edgard-scandurra\/#breadcrumb","itemListElement":[{"@type":"ListItem","position":1,"name":"In\u00edcio","item":"https:\/\/www.tgreguol.com.br\/blog\/"},{"@type":"ListItem","position":2,"name":"Edgard Scandurra"}]},{"@type":"WebSite","@id":"https:\/\/www.tgreguol.com.br\/blog\/#website","url":"https:\/\/www.tgreguol.com.br\/blog\/","name":"T. Greguol","description":"Imaginador","potentialAction":[{"@type":"SearchAction","target":{"@type":"EntryPoint","urlTemplate":"https:\/\/www.tgreguol.com.br\/blog\/?s={search_term_string}"},"query-input":{"@type":"PropertyValueSpecification","valueRequired":true,"valueName":"search_term_string"}}],"inLanguage":"pt-BR"}]}},"_links":{"self":[{"href":"https:\/\/www.tgreguol.com.br\/blog\/wp-json\/wp\/v2\/pages\/3345","targetHints":{"allow":["GET"]}}],"collection":[{"href":"https:\/\/www.tgreguol.com.br\/blog\/wp-json\/wp\/v2\/pages"}],"about":[{"href":"https:\/\/www.tgreguol.com.br\/blog\/wp-json\/wp\/v2\/types\/page"}],"author":[{"embeddable":true,"href":"https:\/\/www.tgreguol.com.br\/blog\/wp-json\/wp\/v2\/users\/1"}],"replies":[{"embeddable":true,"href":"https:\/\/www.tgreguol.com.br\/blog\/wp-json\/wp\/v2\/comments?post=3345"}],"version-history":[{"count":3,"href":"https:\/\/www.tgreguol.com.br\/blog\/wp-json\/wp\/v2\/pages\/3345\/revisions"}],"predecessor-version":[{"id":3402,"href":"https:\/\/www.tgreguol.com.br\/blog\/wp-json\/wp\/v2\/pages\/3345\/revisions\/3402"}],"wp:attachment":[{"href":"https:\/\/www.tgreguol.com.br\/blog\/wp-json\/wp\/v2\/media?parent=3345"}],"curies":[{"name":"wp","href":"https:\/\/api.w.org\/{rel}","templated":true}]}}