{"id":3337,"date":"2022-07-22T13:46:43","date_gmt":"2022-07-22T13:46:43","guid":{"rendered":"https:\/\/www.tgreguol.com.br\/blog\/?page_id=3337"},"modified":"2026-01-14T19:02:59","modified_gmt":"2026-01-14T19:02:59","slug":"t-e-o-abc","status":"publish","type":"page","link":"https:\/\/www.tgreguol.com.br\/blog\/t-e-o-abc\/","title":{"rendered":"T. e o ABC"},"content":{"rendered":"\n<div class=\"wp-block-media-text alignwide is-stacked-on-mobile\" style=\"grid-template-columns:37% auto\"><figure class=\"wp-block-media-text__media\"><img loading=\"lazy\" decoding=\"async\" width=\"1024\" height=\"1024\" src=\"https:\/\/www.tgreguol.com.br\/blog\/wp-content\/uploads\/2022\/07\/T-e-o-ABC-CAPA-OFICIAL-1024x1024.jpg\" alt=\"\" class=\"wp-image-3339 size-full\" srcset=\"https:\/\/www.tgreguol.com.br\/blog\/wp-content\/uploads\/2022\/07\/T-e-o-ABC-CAPA-OFICIAL-1024x1024.jpg 1024w, https:\/\/www.tgreguol.com.br\/blog\/wp-content\/uploads\/2022\/07\/T-e-o-ABC-CAPA-OFICIAL-300x300.jpg 300w, https:\/\/www.tgreguol.com.br\/blog\/wp-content\/uploads\/2022\/07\/T-e-o-ABC-CAPA-OFICIAL-150x150.jpg 150w, https:\/\/www.tgreguol.com.br\/blog\/wp-content\/uploads\/2022\/07\/T-e-o-ABC-CAPA-OFICIAL-768x768.jpg 768w, https:\/\/www.tgreguol.com.br\/blog\/wp-content\/uploads\/2022\/07\/T-e-o-ABC-CAPA-OFICIAL-1536x1536.jpg 1536w, https:\/\/www.tgreguol.com.br\/blog\/wp-content\/uploads\/2022\/07\/T-e-o-ABC-CAPA-OFICIAL-2048x2048.jpg 2048w\" sizes=\"auto, (max-width: 1024px) 100vw, 1024px\" \/><\/figure><div class=\"wp-block-media-text__content\">\n<p class=\"\"><strong>OU\u00c7A J\u00c1 EM TODAS AS PLATAFORMAS!<\/strong><\/p>\n\n\n\n<p class=\"\"><a href=\"https:\/\/music.amazon.com.br\/albums\/B0B628ZKLV?marketplaceId=A2Q3Y263D00KWC&amp;musicTerritory=BR&amp;ref=dm_sh_5N4qovlwKRYJOIaHmxhAdg5Vu\">Amazon Music<\/a><\/p>\n\n\n\n<p class=\"\"><a href=\"https:\/\/music.apple.com\/us\/album\/t-e-o-abc\/1633557835\">Apple Music<\/a><\/p>\n\n\n\n<p class=\"\"><a href=\"https:\/\/deezer.page.link\/PpYJEifm8dSqBDFU9\">Deezer<\/a><\/p>\n\n\n\n<p class=\"\"><a href=\"https:\/\/open.spotify.com\/album\/0hIgk5ryNsvCMzMT1xyF1f?si=iP8id45hRSGbjNLMz1UzLA\">Spotify<\/a><\/p>\n\n\n\n<p class=\"\"><a href=\"https:\/\/youtube.com\/playlist?list=PLBo_fHJSdrvQosW2oQL233BhDOvrTlGem&amp;si=kTCZauIBmAi-maak\">YouTube<\/a><\/p>\n<\/div><\/div>\n\n\n\n<p class=\"\"><strong>Lan\u00e7amento:<\/strong> 27\/07\/2022<\/p>\n\n\n\n<p class=\"has-text-align-left\">Este \u00e1lbum celebra meus 20 anos de carreira art\u00edstica.<\/p>\n\n\n\n<p class=\"has-text-align-left\">Certo dia recebi um telegrama do <a href=\"https:\/\/pt.wikipedia.org\/wiki\/Haroldo_de_Campos\">Haroldo de Campos<\/a> me parabenizando pelo meu primeiro trabalho art\u00edstico. Isso foi em 2002. O primeiro levou a outros, que viraram v\u00e1rios e desde ent\u00e3o n\u00e3o se passou um dia em que eu n\u00e3o estivesse envolvido em algum projeto de artes visuais, literatura e\/ou m\u00fasica. \u00c9 como entendo as coisas, \u00e9 meu hobby, \u00e9 meu trabalho.<\/p>\n\n\n\n<p class=\"has-text-align-left\">A ordem alfab\u00e9tica \u00e9 a forma mais organizada de ser aleat\u00f3rio e isso resume minha rela\u00e7\u00e3o com a vida: T. e o A, B, C\u2026 ABC pode significar algo b\u00e1sico, inicial: T. e o Beab\u00e1. O abeced\u00e1rio \u00e9 um conjunto de grafemas e, nas minhas can\u00e7\u00f5es, tudo come\u00e7a por eles: T. e as Letras. Se eu sou o T., os demais participantes deste \u00e1lbum s\u00e3o letras tamb\u00e9m. Sou infinitamente grato a todas essas pessoas generosas, queridas e talentosas. E \u00e9 claro que precisavam estar no t\u00edtulo comigo: T. e Seus Amigos. Letras individualmente formando um sentido completo: T, E, O, A, B, C.<\/p>\n\n\n\n<p class=\"has-text-align-left\">E \u00e9 isso. Fiquem atentos. Divirtam-se. Seu amigo, T. Greguol.<\/p>\n\n\n\n<p class=\"\"><\/p>\n\n\n\n<p class=\"\"><strong>RESENHAS<\/strong>:<br><a href=\"https:\/\/www.tgreguol.com.br\/blog\/edgard-scandurra\/\">Edgard Scandurra<\/a> <br><a href=\"https:\/\/www.tgreguol.com.br\/blog\/sidarta-ribeiro\/\" target=\"_blank\" rel=\"noreferrer noopener\">Sidarta Ribeiro<\/a><br><a href=\"https:\/\/www.tgreguol.com.br\/blog\/marcio-campos\/\">M\u00e1rcio Campos<\/a><br><a href=\"https:\/\/www.tgreguol.com.br\/blog\/anderson-borges-costa\/\">Anderson Borges Costa<\/a><br><a href=\"https:\/\/www.tgreguol.com.br\/blog\/lauro-lellis\/\">Lauro Lellis<\/a><br><a href=\"https:\/\/www.tgreguol.com.br\/blog\/ceu-dellia\/\">C\u00e9u D&#8217;Ellia<\/a><\/p>\n\n\n\n<p class=\"\"><\/p>\n\n\n\n<p class=\"\"><strong>LETRAS, COMPOSITORES, INT\u00c9RPRETES<\/strong>:<\/p>\n\n\n\n<ol class=\"wp-block-list\">\n<li class=\"\"><a href=\"https:\/\/www.tgreguol.com.br\/blog\/1-a-musica\/\">A M\u00fasica<\/a><\/li>\n\n\n\n<li class=\"\"><a href=\"https:\/\/www.tgreguol.com.br\/blog\/2-tinitus\/\">T\u00ednitus<\/a><\/li>\n\n\n\n<li class=\"\"><a href=\"https:\/\/www.tgreguol.com.br\/blog\/3-mim\/\">Mim<\/a><\/li>\n\n\n\n<li class=\"\"><a href=\"https:\/\/www.tgreguol.com.br\/blog\/4-acaso\/\">Acaso<\/a><\/li>\n\n\n\n<li class=\"\"><a href=\"https:\/\/www.tgreguol.com.br\/blog\/5-eu-tenho-tido-muita-sorte\/\">Eu Tenho Tido Muita Sorte<\/a><\/li>\n\n\n\n<li class=\"\"><a href=\"https:\/\/www.tgreguol.com.br\/blog\/6-o-que-dizem-os-monstros\/\">O Que Dizem os Monstros?<\/a><\/li>\n\n\n\n<li class=\"\"><a href=\"https:\/\/www.tgreguol.com.br\/blog\/7-sisifo\/\">S\u00edsifo<\/a><\/li>\n\n\n\n<li class=\"\"><a href=\"https:\/\/www.tgreguol.com.br\/blog\/monomito\/\">Monomito<\/a><\/li>\n\n\n\n<li class=\"\"><a href=\"https:\/\/www.tgreguol.com.br\/blog\/nao-tem-nome\/\">N\u00e3o Tem Nome<\/a><\/li>\n\n\n\n<li class=\"\"><a href=\"https:\/\/www.tgreguol.com.br\/blog\/10-postudo\/\">P\u00f3studo<\/a><\/li>\n<\/ol>\n\n\n\n<p class=\"\"><strong><a href=\"https:\/\/www.tgreguol.com.br\/blog\/3361-2\/\">FICHA T\u00c9CNICA<\/a><\/strong><\/p>\n\n\n\n<p class=\"\"><strong><a href=\"https:\/\/www.tgreguol.com.br\/blog\/wp-content\/uploads\/2022\/07\/T.-e-o-ABC-encarte-final-2022-1.pdf\">ENCARTE<\/a><\/strong><\/p>\n","protected":false},"excerpt":{"rendered":"<p>OU\u00c7A J\u00c1 EM TODAS AS PLATAFORMAS! Amazon Music Apple Music \u2026<\/p>\n<p class=\"continue-reading-button\"> <a class=\"continue-reading-link\" href=\"https:\/\/www.tgreguol.com.br\/blog\/t-e-o-abc\/\">Leia Mais<i class=\"crycon-right-dir\"><\/i><\/a><\/p>\n","protected":false},"author":1,"featured_media":0,"parent":0,"menu_order":0,"comment_status":"closed","ping_status":"closed","template":"","meta":{"nf_dc_page":"","_exactmetrics_skip_tracking":false,"_exactmetrics_sitenote_active":false,"_exactmetrics_sitenote_note":"","_exactmetrics_sitenote_category":0,"footnotes":""},"class_list":["post-3337","page","type-page","status-publish","hentry"],"yoast_head":"<!-- This site is optimized with the Yoast SEO plugin v27.5 - https:\/\/yoast.com\/product\/yoast-seo-wordpress\/ -->\n<title>T. e o ABC - T. Greguol<\/title>\n<meta name=\"robots\" content=\"index, follow, max-snippet:-1, max-image-preview:large, max-video-preview:-1\" \/>\n<link rel=\"canonical\" href=\"https:\/\/www.tgreguol.com.br\/blog\/t-e-o-abc\/\" \/>\n<meta property=\"og:locale\" content=\"pt_BR\" \/>\n<meta property=\"og:type\" content=\"article\" \/>\n<meta property=\"og:title\" content=\"T. e o ABC - T. Greguol\" \/>\n<meta property=\"og:description\" content=\"OU\u00c7A J\u00c1 EM TODAS AS PLATAFORMAS! Amazon Music Apple Music \u2026 Leia Mais\" \/>\n<meta property=\"og:url\" content=\"https:\/\/www.tgreguol.com.br\/blog\/t-e-o-abc\/\" \/>\n<meta property=\"og:site_name\" content=\"T. Greguol\" \/>\n<meta property=\"article:publisher\" content=\"https:\/\/www.facebook.com\/tgreguol\" \/>\n<meta property=\"article:modified_time\" content=\"2026-01-14T19:02:59+00:00\" \/>\n<meta property=\"og:image\" content=\"https:\/\/www.tgreguol.com.br\/blog\/wp-content\/uploads\/2022\/07\/T-e-o-ABC-CAPA-OFICIAL-scaled.jpg\" \/>\n\t<meta property=\"og:image:width\" content=\"2560\" \/>\n\t<meta property=\"og:image:height\" content=\"2560\" \/>\n\t<meta property=\"og:image:type\" content=\"image\/jpeg\" \/>\n<meta name=\"twitter:card\" content=\"summary_large_image\" \/>\n<meta name=\"twitter:site\" content=\"@katarse\" \/>\n<meta name=\"twitter:label1\" content=\"Est. tempo de leitura\" \/>\n\t<meta name=\"twitter:data1\" content=\"2 minutos\" \/>\n<script type=\"application\/ld+json\" class=\"yoast-schema-graph\">{\"@context\":\"https:\\\/\\\/schema.org\",\"@graph\":[{\"@type\":\"WebPage\",\"@id\":\"https:\\\/\\\/www.tgreguol.com.br\\\/blog\\\/t-e-o-abc\\\/\",\"url\":\"https:\\\/\\\/www.tgreguol.com.br\\\/blog\\\/t-e-o-abc\\\/\",\"name\":\"T. e o ABC - T. Greguol\",\"isPartOf\":{\"@id\":\"https:\\\/\\\/www.tgreguol.com.br\\\/blog\\\/#website\"},\"primaryImageOfPage\":{\"@id\":\"https:\\\/\\\/www.tgreguol.com.br\\\/blog\\\/t-e-o-abc\\\/#primaryimage\"},\"image\":{\"@id\":\"https:\\\/\\\/www.tgreguol.com.br\\\/blog\\\/t-e-o-abc\\\/#primaryimage\"},\"thumbnailUrl\":\"https:\\\/\\\/www.tgreguol.com.br\\\/blog\\\/wp-content\\\/uploads\\\/2022\\\/07\\\/T-e-o-ABC-CAPA-OFICIAL-1024x1024.jpg\",\"datePublished\":\"2022-07-22T13:46:43+00:00\",\"dateModified\":\"2026-01-14T19:02:59+00:00\",\"breadcrumb\":{\"@id\":\"https:\\\/\\\/www.tgreguol.com.br\\\/blog\\\/t-e-o-abc\\\/#breadcrumb\"},\"inLanguage\":\"pt-BR\",\"potentialAction\":[{\"@type\":\"ReadAction\",\"target\":[\"https:\\\/\\\/www.tgreguol.com.br\\\/blog\\\/t-e-o-abc\\\/\"]}]},{\"@type\":\"ImageObject\",\"inLanguage\":\"pt-BR\",\"@id\":\"https:\\\/\\\/www.tgreguol.com.br\\\/blog\\\/t-e-o-abc\\\/#primaryimage\",\"url\":\"https:\\\/\\\/www.tgreguol.com.br\\\/blog\\\/wp-content\\\/uploads\\\/2022\\\/07\\\/T-e-o-ABC-CAPA-OFICIAL-1024x1024.jpg\",\"contentUrl\":\"https:\\\/\\\/www.tgreguol.com.br\\\/blog\\\/wp-content\\\/uploads\\\/2022\\\/07\\\/T-e-o-ABC-CAPA-OFICIAL-1024x1024.jpg\"},{\"@type\":\"BreadcrumbList\",\"@id\":\"https:\\\/\\\/www.tgreguol.com.br\\\/blog\\\/t-e-o-abc\\\/#breadcrumb\",\"itemListElement\":[{\"@type\":\"ListItem\",\"position\":1,\"name\":\"In\u00edcio\",\"item\":\"https:\\\/\\\/www.tgreguol.com.br\\\/blog\\\/\"},{\"@type\":\"ListItem\",\"position\":2,\"name\":\"T. e o ABC\"}]},{\"@type\":\"WebSite\",\"@id\":\"https:\\\/\\\/www.tgreguol.com.br\\\/blog\\\/#website\",\"url\":\"https:\\\/\\\/www.tgreguol.com.br\\\/blog\\\/\",\"name\":\"T. Greguol\",\"description\":\"Imaginador\",\"potentialAction\":[{\"@type\":\"SearchAction\",\"target\":{\"@type\":\"EntryPoint\",\"urlTemplate\":\"https:\\\/\\\/www.tgreguol.com.br\\\/blog\\\/?s={search_term_string}\"},\"query-input\":{\"@type\":\"PropertyValueSpecification\",\"valueRequired\":true,\"valueName\":\"search_term_string\"}}],\"inLanguage\":\"pt-BR\"}]}<\/script>\n<!-- \/ Yoast SEO plugin. -->","yoast_head_json":{"title":"T. e o ABC - T. Greguol","robots":{"index":"index","follow":"follow","max-snippet":"max-snippet:-1","max-image-preview":"max-image-preview:large","max-video-preview":"max-video-preview:-1"},"canonical":"https:\/\/www.tgreguol.com.br\/blog\/t-e-o-abc\/","og_locale":"pt_BR","og_type":"article","og_title":"T. e o ABC - T. Greguol","og_description":"OU\u00c7A J\u00c1 EM TODAS AS PLATAFORMAS! Amazon Music Apple Music \u2026 Leia Mais","og_url":"https:\/\/www.tgreguol.com.br\/blog\/t-e-o-abc\/","og_site_name":"T. Greguol","article_publisher":"https:\/\/www.facebook.com\/tgreguol","article_modified_time":"2026-01-14T19:02:59+00:00","og_image":[{"width":2560,"height":2560,"url":"https:\/\/www.tgreguol.com.br\/blog\/wp-content\/uploads\/2022\/07\/T-e-o-ABC-CAPA-OFICIAL-scaled.jpg","type":"image\/jpeg"}],"twitter_card":"summary_large_image","twitter_site":"@katarse","twitter_misc":{"Est. tempo de leitura":"2 minutos"},"schema":{"@context":"https:\/\/schema.org","@graph":[{"@type":"WebPage","@id":"https:\/\/www.tgreguol.com.br\/blog\/t-e-o-abc\/","url":"https:\/\/www.tgreguol.com.br\/blog\/t-e-o-abc\/","name":"T. e o ABC - T. Greguol","isPartOf":{"@id":"https:\/\/www.tgreguol.com.br\/blog\/#website"},"primaryImageOfPage":{"@id":"https:\/\/www.tgreguol.com.br\/blog\/t-e-o-abc\/#primaryimage"},"image":{"@id":"https:\/\/www.tgreguol.com.br\/blog\/t-e-o-abc\/#primaryimage"},"thumbnailUrl":"https:\/\/www.tgreguol.com.br\/blog\/wp-content\/uploads\/2022\/07\/T-e-o-ABC-CAPA-OFICIAL-1024x1024.jpg","datePublished":"2022-07-22T13:46:43+00:00","dateModified":"2026-01-14T19:02:59+00:00","breadcrumb":{"@id":"https:\/\/www.tgreguol.com.br\/blog\/t-e-o-abc\/#breadcrumb"},"inLanguage":"pt-BR","potentialAction":[{"@type":"ReadAction","target":["https:\/\/www.tgreguol.com.br\/blog\/t-e-o-abc\/"]}]},{"@type":"ImageObject","inLanguage":"pt-BR","@id":"https:\/\/www.tgreguol.com.br\/blog\/t-e-o-abc\/#primaryimage","url":"https:\/\/www.tgreguol.com.br\/blog\/wp-content\/uploads\/2022\/07\/T-e-o-ABC-CAPA-OFICIAL-1024x1024.jpg","contentUrl":"https:\/\/www.tgreguol.com.br\/blog\/wp-content\/uploads\/2022\/07\/T-e-o-ABC-CAPA-OFICIAL-1024x1024.jpg"},{"@type":"BreadcrumbList","@id":"https:\/\/www.tgreguol.com.br\/blog\/t-e-o-abc\/#breadcrumb","itemListElement":[{"@type":"ListItem","position":1,"name":"In\u00edcio","item":"https:\/\/www.tgreguol.com.br\/blog\/"},{"@type":"ListItem","position":2,"name":"T. e o ABC"}]},{"@type":"WebSite","@id":"https:\/\/www.tgreguol.com.br\/blog\/#website","url":"https:\/\/www.tgreguol.com.br\/blog\/","name":"T. Greguol","description":"Imaginador","potentialAction":[{"@type":"SearchAction","target":{"@type":"EntryPoint","urlTemplate":"https:\/\/www.tgreguol.com.br\/blog\/?s={search_term_string}"},"query-input":{"@type":"PropertyValueSpecification","valueRequired":true,"valueName":"search_term_string"}}],"inLanguage":"pt-BR"}]}},"_links":{"self":[{"href":"https:\/\/www.tgreguol.com.br\/blog\/wp-json\/wp\/v2\/pages\/3337","targetHints":{"allow":["GET"]}}],"collection":[{"href":"https:\/\/www.tgreguol.com.br\/blog\/wp-json\/wp\/v2\/pages"}],"about":[{"href":"https:\/\/www.tgreguol.com.br\/blog\/wp-json\/wp\/v2\/types\/page"}],"author":[{"embeddable":true,"href":"https:\/\/www.tgreguol.com.br\/blog\/wp-json\/wp\/v2\/users\/1"}],"replies":[{"embeddable":true,"href":"https:\/\/www.tgreguol.com.br\/blog\/wp-json\/wp\/v2\/comments?post=3337"}],"version-history":[{"count":34,"href":"https:\/\/www.tgreguol.com.br\/blog\/wp-json\/wp\/v2\/pages\/3337\/revisions"}],"predecessor-version":[{"id":3810,"href":"https:\/\/www.tgreguol.com.br\/blog\/wp-json\/wp\/v2\/pages\/3337\/revisions\/3810"}],"wp:attachment":[{"href":"https:\/\/www.tgreguol.com.br\/blog\/wp-json\/wp\/v2\/media?parent=3337"}],"curies":[{"name":"wp","href":"https:\/\/api.w.org\/{rel}","templated":true}]}}