{"id":3039,"date":"2020-10-17T17:03:54","date_gmt":"2020-10-17T17:03:54","guid":{"rendered":"https:\/\/www.tgreguol.com.br\/blog\/?page_id=3039"},"modified":"2020-11-06T20:47:07","modified_gmt":"2020-11-06T20:47:07","slug":"letras-dancantefilosoficofuriosotosco-katarse","status":"publish","type":"page","link":"https:\/\/www.tgreguol.com.br\/blog\/letras-dancantefilosoficofuriosotosco-katarse\/","title":{"rendered":"Letras: dan\u00e7antefilos\u00f3ficofuriosotosco"},"content":{"rendered":"\n<figure class=\"wp-block-table alignleft is-style-regular\"><table><tbody><tr><td><strong>1. Resumindo<\/strong><br>(T. Greguol &amp; Gon\u00e7alo Greguol)<br><br>Voc\u00ea pareceu gostar tanto de mim<br>E eu descobri que gostava de te ter<br>E adorei quando ouvi que sim<br>Agora \u00e9 inevit\u00e1vel<br><br>Eu prefiro ent\u00e3o usar um exemplo<br>\u201cVoc\u00ea \u00e9 um presente que acabo de ganhar\u201d<br>Sinto que fui muito amplo<br>Agora vou me complicar<br><br>Gostaria de criar uma nova express\u00e3o<br>Que fizesse de uma vez voc\u00ea me entender<br>Mas j\u00e1 existe uma pronta, ent\u00e3o eu vou dizer<br>Agora o que eu sinto<br><br>Eu te acho muito importante<br>At\u00e9 tendo tudo aquilo que reclamo e reclamo<br>Mesmo sendo um chav\u00e3o, \u00e9 interessante<br>Vou ter que dizer que te amo!<br><br><br><strong>2. Cogumelo<\/strong><br>(T. Greguol &amp; F\u00e1bio Bressane)<br><br>Avacalhar todo e qualquer romantismo<br>Vou acabar com a frescura do mundo<br>N\u00e3o quero ser elegante e nem rebelde<br>Eu n\u00e3o quero ser culto e nem profundo<br><br>Mandar \u00e0 merda a poeticidade<br>Espancar os Polianismos dessa vida<br>Vomitar todos os meus pretextos<br>E ver se curo essa minha ferida<br><br>Vou decompor honra, amor e voc\u00ea<br>Ver sumirem as coisas que cultivo<br>E como uma daquelas plantas raras<br>Brotar a dita beleza de estar vivo<br><br><br><strong>3. Super-Her\u00f3i Fora de S\u00e9rie<\/strong><br>(T. Greguol &amp; M\u00e1rio Amore)<br><br>Eu sou eu do meu p\u00e9 ate a cuca<br>Refletindo o estado universal<br>Sou algo num laborat\u00f3rio perdido<br>O meu mundo e do tamanho de um dedal<br><br>Saquei que o problema \u00e9 comigo<br>Sou o cara voando pra me salvar<br>Eu sou o meu pr\u00f3prio arqui-inimigo<br>O meu super-her\u00f3i particular<br><br>Eu pedi ajuda para algu\u00e9m<br>Que pediu ajuda de outro algu\u00e9m<br>Que na duvida chamou por mais algu\u00e9m<br>Que no fim clamou por uma m\u00e3o<br><br>Eu nasci com ajuda de algu\u00e9m<br>Me alimentei com ajuda de algu\u00e9m<br>E desde ent\u00e3o fui precisando de algu\u00e9m<br>Mas no fundo, l\u00e1 no fundo eu sou tamb\u00e9m\u2026<br><br><br><strong>4. Ara\u00e7\u00e1<\/strong><br>(T. Greguol &amp; Guilherme Viana)<br><br>Quando eu morrer<br>Eu sei que eu vou pra l\u00e1<br>\u00c9 uma quest\u00e3o de tempo<br>A maternidade e o Ara\u00e7\u00e1<br><br>Evolu\u00e7\u00e3o tradicional<br>Do verbo ser \/ estar<br>Meu caminho \u00e9 garantido:<br>Maternidade Ara\u00e7\u00e1<br><br>Posso at\u00e9 perder a mem\u00f3ria<br>Agora est\u00e1 tudo pronto, j\u00e1<br>Mas eu vou sempre seguir<br>Da maternidade pro Ara\u00e7\u00e1<br><br>&#8216;Da maternidade ao Ara\u00e7\u00e1&#8217;<br>\u00c9 a regra sem exce\u00e7\u00e3o<br>\u00c9 o caminho a se cursar at\u00e9 onde para meu cora\u00e7\u00e3o<br><br><br><strong>5. Gizmo, Mogwai<\/strong><br>(T. Greguol &amp; Rto)<br><br>Me olhou na vitrine e j\u00e1 quis comprar<br>Infelizmente s\u00f3 viu o que dizia o comercial<br>N\u00e3o viu o meu lado chato, feio, o meu lado pobre<br>Nem o meu lado vazio e nem a crise existencial<br><br><br><strong>6. Gostaria de N\u00e3o Ter Que Chamar Um T\u00e1xi<\/strong><br>(T. Greguol &amp; Louren\u00e7o Netto)<br><br>Quando era pequeno e novo na escola<br>Esperava bastante tempo, pensando l\u00e1 no fundo<br>Se viriam me buscar pra me levar pra casa<br><br>Quando eu fui viajar pela primeira vez sozinho<br>Passei bastante tempo refletindo l\u00e1 no fundo<br>Quando viriam me buscar pra me levar pra casa<br><br>Agora sou adulto e conhe\u00e7o quase tudo<br>E continuo esperando de forma infantil<br>At\u00e9 virem me buscar pra me levar pra casa<br><br><br><strong>7. F\u00eanix<\/strong><br>(T. Greguol)<br><br>O meu \u00f3dio n\u00e3o dura mais do que s\u00f3 quinze minutos<br>Em breve morre, decomp\u00f5e, n\u00e3o sobram nem os mosquitos<br>Nada some, se transforma ent\u00e3o estamos todos quites<br>E logo nasce um novo eu e j\u00e1 estou pronto para recome\u00e7ar<br><br>O meu amor \u00e9 um bicho para l\u00e1 de muito esquisito<br>Perdoa tudo por ser s\u00e1bio ou ser muito esquecido<br>N\u00e3o julga nada e acha at\u00e9 o que eu n\u00e3o gosto bonito<br>E sempre estende a m\u00e3o, sorri para mim e me manda recome\u00e7ar<br><br>O meu tempo n\u00e3o me obedece, ent\u00e3o \u00e0s vezes eu corro<br>Eu pego o bonde, eu perco o timing e at\u00e9 grito socorro<br>Mas s\u00f3 existe uma hora certa e nessa hora eu morro<br>Porque ent\u00e3o \u00e9 o momento de tudo que j\u00e1 foi eu recome\u00e7ar<br><br>A minha imagem refletida \u00e9 um tanto ingrata<br>Se por dentro eu evoluo, por fora eu sou primata<br>Se eu digo pare a\u00ed, ela sempre desacata<br>Mas mesmo assim \u00e9 sempre bom a gente recome\u00e7ar<br><br><br><strong>8. Acorda<\/strong><br>(T. Greguol &amp; Vinicius Realle)<br><br>Cara parado t\u00e1 fazendo nada<br>T\u00e1 tudo pronto, mas ele n\u00e3o t\u00e1<br>Olhos abertos, c\u00e9rebro de molho<br>Orelhas l\u00e1, mas n\u00e3o para escutar<br><br>Pare, pense e some um mais um<br>Se liga, porque j\u00e1 vai acabar<br>Voc\u00ea pode ter tudo de novo<br>Mas antes voc\u00ea tem que acordar<br><br>Acorda, levanta e vai se lavar<br>Acorda, levanta e vai se usar<br>Acorda, levanta e vai se virar<br><br><br><strong>9. Bluesinho Que Era Pra Ser Um Jazz Mas N\u00e3o Foi, Mesmo Porque, Era Pra Voc\u00ea e Acabou N\u00e3o Sendo<br><\/strong>(T. Greguol)<br><br>Voc\u00ea n\u00e3o v\u00ea que eu sou assim meio atrapalhado<br>E que interrompo qualquer di\u00e1logo<br>S\u00f3 pra dizer: me conta mais sobre voc\u00ea<br><br>Voc\u00ea n\u00e3o v\u00ea que eu sou assim meio exagerado<br>Quando falo bastante ou quando fico calado<br>S\u00f3 pra poder brilhar mais pra voc\u00ea<br><br>Voc\u00ea n\u00e3o v\u00ea que sou assim meio tarado<br>Que sou completamente vidrado<br>S\u00f3 por voc\u00ea, por gente assim como voc\u00ea<br><br>P\u00f5e a m\u00e3o no meu peito<br>E sente a taquicardia e sente a disritmia<br>E me diz qual \u00e9 o nome disso.<br><br><br><strong>10. Desabafo<\/strong><br>(T. Greguol &amp; Rto)<br><br>Queria nunca ter lido um livro<br>Nunca ter ouvido uma m\u00fasica<br>Nem nunca ter assistido a um filme<br>Talvez assim essa coceira nem tivesse come\u00e7ado<br><br><br><strong>11. O C\u00e9u<br><\/strong>(T. Greguol &amp; Rto)<br><br>O c\u00e9u, o c\u00e9u \u00e9 meu chap\u00e9u<br>Uma nuvem, ilus\u00e3o<br>E sob esse chap\u00e9u<br>\u00c9 todo mundo meu irm\u00e3o<br><br>O c\u00e9u, o c\u00e9u \u00e9 meu chap\u00e9u<br>Essa bota \u00e9 o meu ch\u00e3o<br>E sob esse chap\u00e9u<br>Est\u00e1 tudo na minha m\u00e3o<br><br>O c\u00e9u, o c\u00e9u \u00e9 meu chap\u00e9u<br>N\u00e3o existe nada em v\u00e3o<br>E sob esse chap\u00e9u<br>Voc\u00ea \u00e9 meu cora\u00e7\u00e3o<br><br>Onde deixo meu chap\u00e9u \u00e9 onde me sinto em casa<br><br><br><strong>12. E Agora?<br><\/strong>(T. Greguol, biu, Juninho Bill)<br><br>Disseram que sou o que penso<br>Penso tanto que nem sei mais<br>Eu leio, ou\u00e7o e assisto a tudo<br>Continuo vazio e querendo mais<br><br>Eu j\u00e1 estive s\u00f3, j\u00e1 estive junto<br>Descobri o que me mant\u00e9m de p\u00e9<br>O que me difere de um defunto<br>Talvez seja o que chamam de f\u00e9<br><br>N\u00e3o h\u00e1 o que diga que n\u00e3o saiba<br>N\u00e3o sou um g\u00eanio, mas por favor<br>Preciso mais do que um &#8216;Oi!&#8217;<br>E menos que compromisso e louvor<br><br>Quando penso em voc\u00ea<br>Lembro de algo que se escondeu<br>E lembro no mesmo instante<br>Que meu maior inimigo sou eu<\/td><\/tr><\/tbody><\/table><\/figure>\n","protected":false},"excerpt":{"rendered":"<p>1. Resumindo(T. Greguol &amp; Gon\u00e7alo Greguol) Voc\u00ea pareceu gostar tanto \u2026<\/p>\n<p class=\"continue-reading-button\"> <a class=\"continue-reading-link\" href=\"https:\/\/www.tgreguol.com.br\/blog\/letras-dancantefilosoficofuriosotosco-katarse\/\">Leia Mais<i class=\"crycon-right-dir\"><\/i><\/a><\/p>\n","protected":false},"author":1,"featured_media":0,"parent":0,"menu_order":0,"comment_status":"closed","ping_status":"closed","template":"","meta":{"nf_dc_page":"","_exactmetrics_skip_tracking":false,"_exactmetrics_sitenote_active":false,"_exactmetrics_sitenote_note":"","_exactmetrics_sitenote_category":0,"footnotes":""},"class_list":["post-3039","page","type-page","status-publish","hentry"],"yoast_head":"<!-- This site is optimized with the Yoast SEO plugin v27.5 - https:\/\/yoast.com\/product\/yoast-seo-wordpress\/ -->\n<title>Letras: dan\u00e7antefilos\u00f3ficofuriosotosco - T. Greguol<\/title>\n<meta name=\"robots\" content=\"index, follow, max-snippet:-1, max-image-preview:large, max-video-preview:-1\" \/>\n<link rel=\"canonical\" href=\"https:\/\/www.tgreguol.com.br\/blog\/letras-dancantefilosoficofuriosotosco-katarse\/\" \/>\n<meta property=\"og:locale\" content=\"pt_BR\" \/>\n<meta property=\"og:type\" content=\"article\" \/>\n<meta property=\"og:title\" content=\"Letras: dan\u00e7antefilos\u00f3ficofuriosotosco - T. Greguol\" \/>\n<meta property=\"og:description\" content=\"1. Resumindo(T. Greguol &amp; Gon\u00e7alo Greguol) Voc\u00ea pareceu gostar tanto \u2026 Leia Mais\" \/>\n<meta property=\"og:url\" content=\"https:\/\/www.tgreguol.com.br\/blog\/letras-dancantefilosoficofuriosotosco-katarse\/\" \/>\n<meta property=\"og:site_name\" content=\"T. Greguol\" \/>\n<meta property=\"article:publisher\" content=\"https:\/\/www.facebook.com\/tgreguol\" \/>\n<meta property=\"article:modified_time\" content=\"2020-11-06T20:47:07+00:00\" \/>\n<meta name=\"twitter:card\" content=\"summary_large_image\" \/>\n<meta name=\"twitter:site\" content=\"@katarse\" \/>\n<meta name=\"twitter:label1\" content=\"Est. tempo de leitura\" \/>\n\t<meta name=\"twitter:data1\" content=\"5 minutos\" \/>\n<script type=\"application\/ld+json\" class=\"yoast-schema-graph\">{\"@context\":\"https:\\\/\\\/schema.org\",\"@graph\":[{\"@type\":\"WebPage\",\"@id\":\"https:\\\/\\\/www.tgreguol.com.br\\\/blog\\\/letras-dancantefilosoficofuriosotosco-katarse\\\/\",\"url\":\"https:\\\/\\\/www.tgreguol.com.br\\\/blog\\\/letras-dancantefilosoficofuriosotosco-katarse\\\/\",\"name\":\"Letras: dan\u00e7antefilos\u00f3ficofuriosotosco - T. Greguol\",\"isPartOf\":{\"@id\":\"https:\\\/\\\/www.tgreguol.com.br\\\/blog\\\/#website\"},\"datePublished\":\"2020-10-17T17:03:54+00:00\",\"dateModified\":\"2020-11-06T20:47:07+00:00\",\"breadcrumb\":{\"@id\":\"https:\\\/\\\/www.tgreguol.com.br\\\/blog\\\/letras-dancantefilosoficofuriosotosco-katarse\\\/#breadcrumb\"},\"inLanguage\":\"pt-BR\",\"potentialAction\":[{\"@type\":\"ReadAction\",\"target\":[\"https:\\\/\\\/www.tgreguol.com.br\\\/blog\\\/letras-dancantefilosoficofuriosotosco-katarse\\\/\"]}]},{\"@type\":\"BreadcrumbList\",\"@id\":\"https:\\\/\\\/www.tgreguol.com.br\\\/blog\\\/letras-dancantefilosoficofuriosotosco-katarse\\\/#breadcrumb\",\"itemListElement\":[{\"@type\":\"ListItem\",\"position\":1,\"name\":\"In\u00edcio\",\"item\":\"https:\\\/\\\/www.tgreguol.com.br\\\/blog\\\/\"},{\"@type\":\"ListItem\",\"position\":2,\"name\":\"Letras: dan\u00e7antefilos\u00f3ficofuriosotosco\"}]},{\"@type\":\"WebSite\",\"@id\":\"https:\\\/\\\/www.tgreguol.com.br\\\/blog\\\/#website\",\"url\":\"https:\\\/\\\/www.tgreguol.com.br\\\/blog\\\/\",\"name\":\"T. Greguol\",\"description\":\"Imaginador\",\"potentialAction\":[{\"@type\":\"SearchAction\",\"target\":{\"@type\":\"EntryPoint\",\"urlTemplate\":\"https:\\\/\\\/www.tgreguol.com.br\\\/blog\\\/?s={search_term_string}\"},\"query-input\":{\"@type\":\"PropertyValueSpecification\",\"valueRequired\":true,\"valueName\":\"search_term_string\"}}],\"inLanguage\":\"pt-BR\"}]}<\/script>\n<!-- \/ Yoast SEO plugin. -->","yoast_head_json":{"title":"Letras: dan\u00e7antefilos\u00f3ficofuriosotosco - T. Greguol","robots":{"index":"index","follow":"follow","max-snippet":"max-snippet:-1","max-image-preview":"max-image-preview:large","max-video-preview":"max-video-preview:-1"},"canonical":"https:\/\/www.tgreguol.com.br\/blog\/letras-dancantefilosoficofuriosotosco-katarse\/","og_locale":"pt_BR","og_type":"article","og_title":"Letras: dan\u00e7antefilos\u00f3ficofuriosotosco - T. Greguol","og_description":"1. Resumindo(T. Greguol &amp; Gon\u00e7alo Greguol) Voc\u00ea pareceu gostar tanto \u2026 Leia Mais","og_url":"https:\/\/www.tgreguol.com.br\/blog\/letras-dancantefilosoficofuriosotosco-katarse\/","og_site_name":"T. Greguol","article_publisher":"https:\/\/www.facebook.com\/tgreguol","article_modified_time":"2020-11-06T20:47:07+00:00","twitter_card":"summary_large_image","twitter_site":"@katarse","twitter_misc":{"Est. tempo de leitura":"5 minutos"},"schema":{"@context":"https:\/\/schema.org","@graph":[{"@type":"WebPage","@id":"https:\/\/www.tgreguol.com.br\/blog\/letras-dancantefilosoficofuriosotosco-katarse\/","url":"https:\/\/www.tgreguol.com.br\/blog\/letras-dancantefilosoficofuriosotosco-katarse\/","name":"Letras: dan\u00e7antefilos\u00f3ficofuriosotosco - T. Greguol","isPartOf":{"@id":"https:\/\/www.tgreguol.com.br\/blog\/#website"},"datePublished":"2020-10-17T17:03:54+00:00","dateModified":"2020-11-06T20:47:07+00:00","breadcrumb":{"@id":"https:\/\/www.tgreguol.com.br\/blog\/letras-dancantefilosoficofuriosotosco-katarse\/#breadcrumb"},"inLanguage":"pt-BR","potentialAction":[{"@type":"ReadAction","target":["https:\/\/www.tgreguol.com.br\/blog\/letras-dancantefilosoficofuriosotosco-katarse\/"]}]},{"@type":"BreadcrumbList","@id":"https:\/\/www.tgreguol.com.br\/blog\/letras-dancantefilosoficofuriosotosco-katarse\/#breadcrumb","itemListElement":[{"@type":"ListItem","position":1,"name":"In\u00edcio","item":"https:\/\/www.tgreguol.com.br\/blog\/"},{"@type":"ListItem","position":2,"name":"Letras: dan\u00e7antefilos\u00f3ficofuriosotosco"}]},{"@type":"WebSite","@id":"https:\/\/www.tgreguol.com.br\/blog\/#website","url":"https:\/\/www.tgreguol.com.br\/blog\/","name":"T. Greguol","description":"Imaginador","potentialAction":[{"@type":"SearchAction","target":{"@type":"EntryPoint","urlTemplate":"https:\/\/www.tgreguol.com.br\/blog\/?s={search_term_string}"},"query-input":{"@type":"PropertyValueSpecification","valueRequired":true,"valueName":"search_term_string"}}],"inLanguage":"pt-BR"}]}},"_links":{"self":[{"href":"https:\/\/www.tgreguol.com.br\/blog\/wp-json\/wp\/v2\/pages\/3039","targetHints":{"allow":["GET"]}}],"collection":[{"href":"https:\/\/www.tgreguol.com.br\/blog\/wp-json\/wp\/v2\/pages"}],"about":[{"href":"https:\/\/www.tgreguol.com.br\/blog\/wp-json\/wp\/v2\/types\/page"}],"author":[{"embeddable":true,"href":"https:\/\/www.tgreguol.com.br\/blog\/wp-json\/wp\/v2\/users\/1"}],"replies":[{"embeddable":true,"href":"https:\/\/www.tgreguol.com.br\/blog\/wp-json\/wp\/v2\/comments?post=3039"}],"version-history":[{"count":10,"href":"https:\/\/www.tgreguol.com.br\/blog\/wp-json\/wp\/v2\/pages\/3039\/revisions"}],"predecessor-version":[{"id":3162,"href":"https:\/\/www.tgreguol.com.br\/blog\/wp-json\/wp\/v2\/pages\/3039\/revisions\/3162"}],"wp:attachment":[{"href":"https:\/\/www.tgreguol.com.br\/blog\/wp-json\/wp\/v2\/media?parent=3039"}],"curies":[{"name":"wp","href":"https:\/\/api.w.org\/{rel}","templated":true}]}}