{"id":2991,"date":"2020-09-27T22:47:57","date_gmt":"2020-09-27T22:47:57","guid":{"rendered":"https:\/\/www.tgreguol.com.br\/blog\/?page_id=2991"},"modified":"2020-11-10T01:31:52","modified_gmt":"2020-11-10T01:31:52","slug":"antes-de-saber-eu-tambem-nao-sabia-2020","status":"publish","type":"page","link":"https:\/\/www.tgreguol.com.br\/blog\/antes-de-saber-eu-tambem-nao-sabia-2020\/","title":{"rendered":"Antes de Saber Eu Tamb\u00e9m N\u00e3o Sabia (2020)"},"content":{"rendered":"\n<div class=\"wp-block-image\"><figure class=\"alignleft size-thumbnail is-resized\"><img decoding=\"async\" src=\"https:\/\/www.tgreguol.com.br\/blog\/wp-content\/uploads\/2020\/09\/capa-do-livro-do-t\u00e9rsio2020-150x150.jpg\" alt=\"\" class=\"wp-image-2996\" width=\"200\" srcset=\"https:\/\/www.tgreguol.com.br\/blog\/wp-content\/uploads\/2020\/09\/capa-do-livro-do-t\u00e9rsio2020-150x150.jpg 150w, https:\/\/www.tgreguol.com.br\/blog\/wp-content\/uploads\/2020\/09\/capa-do-livro-do-t\u00e9rsio2020-300x300.jpg 300w, https:\/\/www.tgreguol.com.br\/blog\/wp-content\/uploads\/2020\/09\/capa-do-livro-do-t\u00e9rsio2020-1024x1024.jpg 1024w, https:\/\/www.tgreguol.com.br\/blog\/wp-content\/uploads\/2020\/09\/capa-do-livro-do-t\u00e9rsio2020-768x768.jpg 768w, https:\/\/www.tgreguol.com.br\/blog\/wp-content\/uploads\/2020\/09\/capa-do-livro-do-t\u00e9rsio2020-1536x1536.jpg 1536w, https:\/\/www.tgreguol.com.br\/blog\/wp-content\/uploads\/2020\/09\/capa-do-livro-do-t\u00e9rsio2020.jpg 1969w\" sizes=\"(max-width: 150px) 100vw, 150px\" \/><\/figure><\/div>\n\n\n\n<p>&#8220;<em>Caro T. Greguol, muito obrigada pelo seu livro. Tenho usufru\u00eddo muito dele. Vejo-o de vez em quando para recuperar o bom humor. Trata-se de um produto visual h\u00edbrido ventilado pelos novos modos de nos expressarmos no mundo da tecnologia (memes) e das redes sociais (mensagens visuais de Instagram e Facebook) aliadas aos conceitos experimentais modernos de pintura. Uma am\u00e1lgama muito bem sucedida. Parab\u00e9ns, muito obrigada, <a href=\"https:\/\/pt.wikipedia.org\/wiki\/Ana_Mae_Barbosa\" target=\"_blank\" rel=\"noreferrer noopener\">Ana Mae Barbosa<\/a>.<\/em>&#8220;<\/p>\n\n\n\n<p>&#8220;Antes de Saber Eu Tamb\u00e9m N\u00e3o Sabia&#8221; \u00e9 meu quarto livro, sendo o primeiro de artes pl\u00e1sticas. Alguns poetas disseram que \u00e9 poesia. Mas por cada obra ser uma charada, pra mim, \u00e9 um livro de mist\u00e9rio tamb\u00e9m.<\/p>\n\n\n\n<p>Inicialmente todas as obras estariam numa exposi\u00e7\u00e3o que aconteceria em 2020. Mas 2020 aconteceu.<\/p>\n\n\n\n<p>No final eu adorei a transforma\u00e7\u00e3o. Pude adicionar mais obras do que seria poss\u00edvel na exposi\u00e7\u00e3o e fotos bonitas e textos de orelha interessantes e pude trabalhar melhor o fato de cada obra ser uma charada.<\/p>\n\n\n\n<p>O livro \u00e9 bil\u00edngue (portugu\u00eas e ingl\u00eas), tem 80 p\u00e1ginas, capa dura e mede 25cm x 25cm (pr\u00f3ximo do tamanho das obras originais).<\/p>\n\n\n\n<p>A orelha foi escrita por um pessoal que sabe o que diz: <a rel=\"noreferrer noopener\" href=\"https:\/\/www.imdb.com\/name\/nm1641305\/\" target=\"_blank\">Ale McHaddo<\/a>, <a rel=\"noreferrer noopener\" href=\"http:\/\/ailhadoceu.com.br\/\" target=\"_blank\">C\u00e9u D&#8217;Ellia<\/a>, <a rel=\"noreferrer noopener\" href=\"http:\/\/www.gutolacaz.com.br\/\" target=\"_blank\">Guto Lacaz<\/a>, <a href=\"https:\/\/www.instagram.com\/mouralael\/\" target=\"_blank\" rel=\"noreferrer noopener\">Lael Moura<\/a>, <a rel=\"noreferrer noopener\" href=\"https:\/\/www.youtube.com\/channel\/UCxIruXzvzmLkaH-a-QGnnKQ\" target=\"_blank\">Vivian Villanova<\/a> e <a rel=\"noreferrer noopener\" href=\"https:\/\/www.waldobravo.com.br\/\" target=\"_blank\">Waldo Bravo<\/a>.<\/p>\n\n\n\n<p>As obras foram lindamente fotografadas por <a rel=\"noreferrer noopener\" href=\"https:\/\/www.instagram.com\/robertaapariciofotografia\/\" target=\"_blank\">Roberta Andrade Aparicio<\/a>, <a rel=\"noreferrer noopener\" href=\"http:\/\/www.rodrigoeba.com.br\/\" target=\"_blank\">Rodrigo EBA!<\/a> e <a href=\"https:\/\/www.instagram.com\/vivianbenford\/\" target=\"_blank\" rel=\"noreferrer noopener\">Vivian Benford<\/a>.<\/p>\n\n\n\n<p>E, claro, todas as obras foram criadas pelo T. Greguol ao longo do per\u00edodo do ano de 2020 e as pe\u00e7as originais est\u00e3o todas \u00e0 venda tamb\u00e9m.<\/p>\n\n\n\n<p class=\"has-text-align-center has-medium-font-size\"><br><a rel=\"noreferrer noopener\" href=\"https:\/\/riemmaeditora.com.br\/produto\/antes-de-saber-eu-tambem-nao-sabia\/?fbclid=IwAR2E2nnFMZLhe_HEy6qC5p6SDLFt2DcBoMxkYiHNc8EfBwONKI-XjqezAWE\" target=\"_blank\"><strong>COMPRE ESSE LIVRO BONIT\u00c3O CLICANDO AQUI!<\/strong><\/a><\/p>\n\n\n\n<p><\/p>\n","protected":false},"excerpt":{"rendered":"<p>&#8220;Caro T. Greguol, muito obrigada pelo seu livro. Tenho usufru\u00eddo \u2026<\/p>\n<p class=\"continue-reading-button\"> <a class=\"continue-reading-link\" href=\"https:\/\/www.tgreguol.com.br\/blog\/antes-de-saber-eu-tambem-nao-sabia-2020\/\">Leia Mais<i class=\"crycon-right-dir\"><\/i><\/a><\/p>\n","protected":false},"author":1,"featured_media":2996,"parent":0,"menu_order":0,"comment_status":"closed","ping_status":"closed","template":"","meta":{"nf_dc_page":"","_exactmetrics_skip_tracking":false,"_exactmetrics_sitenote_active":false,"_exactmetrics_sitenote_note":"","_exactmetrics_sitenote_category":0,"footnotes":""},"class_list":["post-2991","page","type-page","status-publish","has-post-thumbnail","hentry"],"yoast_head":"<!-- This site is optimized with the Yoast SEO plugin v27.5 - https:\/\/yoast.com\/product\/yoast-seo-wordpress\/ -->\n<title>Antes de Saber Eu Tamb\u00e9m N\u00e3o Sabia (2020) - T. Greguol<\/title>\n<meta name=\"robots\" content=\"index, follow, max-snippet:-1, max-image-preview:large, max-video-preview:-1\" \/>\n<link rel=\"canonical\" href=\"https:\/\/www.tgreguol.com.br\/blog\/antes-de-saber-eu-tambem-nao-sabia-2020\/\" \/>\n<meta property=\"og:locale\" content=\"pt_BR\" \/>\n<meta property=\"og:type\" content=\"article\" \/>\n<meta property=\"og:title\" content=\"Antes de Saber Eu Tamb\u00e9m N\u00e3o Sabia (2020) - T. Greguol\" \/>\n<meta property=\"og:description\" content=\"&#8220;Caro T. Greguol, muito obrigada pelo seu livro. Tenho usufru\u00eddo \u2026 Leia Mais\" \/>\n<meta property=\"og:url\" content=\"https:\/\/www.tgreguol.com.br\/blog\/antes-de-saber-eu-tambem-nao-sabia-2020\/\" \/>\n<meta property=\"og:site_name\" content=\"T. Greguol\" \/>\n<meta property=\"article:publisher\" content=\"https:\/\/www.facebook.com\/tgreguol\" \/>\n<meta property=\"article:modified_time\" content=\"2020-11-10T01:31:52+00:00\" \/>\n<meta property=\"og:image\" content=\"https:\/\/www.tgreguol.com.br\/blog\/wp-content\/uploads\/2020\/09\/capa-do-livro-do-t\u00e9rsio2020-1024x1024.jpg\" \/>\n\t<meta property=\"og:image:width\" content=\"1024\" \/>\n\t<meta property=\"og:image:height\" content=\"1024\" \/>\n\t<meta property=\"og:image:type\" content=\"image\/jpeg\" \/>\n<meta name=\"twitter:card\" content=\"summary_large_image\" \/>\n<meta name=\"twitter:site\" content=\"@katarse\" \/>\n<meta name=\"twitter:label1\" content=\"Est. tempo de leitura\" \/>\n\t<meta name=\"twitter:data1\" content=\"1 minuto\" \/>\n<script type=\"application\/ld+json\" class=\"yoast-schema-graph\">{\"@context\":\"https:\\\/\\\/schema.org\",\"@graph\":[{\"@type\":\"WebPage\",\"@id\":\"https:\\\/\\\/www.tgreguol.com.br\\\/blog\\\/antes-de-saber-eu-tambem-nao-sabia-2020\\\/\",\"url\":\"https:\\\/\\\/www.tgreguol.com.br\\\/blog\\\/antes-de-saber-eu-tambem-nao-sabia-2020\\\/\",\"name\":\"Antes de Saber Eu Tamb\u00e9m N\u00e3o Sabia (2020) - T. Greguol\",\"isPartOf\":{\"@id\":\"https:\\\/\\\/www.tgreguol.com.br\\\/blog\\\/#website\"},\"primaryImageOfPage\":{\"@id\":\"https:\\\/\\\/www.tgreguol.com.br\\\/blog\\\/antes-de-saber-eu-tambem-nao-sabia-2020\\\/#primaryimage\"},\"image\":{\"@id\":\"https:\\\/\\\/www.tgreguol.com.br\\\/blog\\\/antes-de-saber-eu-tambem-nao-sabia-2020\\\/#primaryimage\"},\"thumbnailUrl\":\"https:\\\/\\\/www.tgreguol.com.br\\\/blog\\\/wp-content\\\/uploads\\\/2020\\\/09\\\/capa-do-livro-do-t\u00e9rsio2020.jpg\",\"datePublished\":\"2020-09-27T22:47:57+00:00\",\"dateModified\":\"2020-11-10T01:31:52+00:00\",\"breadcrumb\":{\"@id\":\"https:\\\/\\\/www.tgreguol.com.br\\\/blog\\\/antes-de-saber-eu-tambem-nao-sabia-2020\\\/#breadcrumb\"},\"inLanguage\":\"pt-BR\",\"potentialAction\":[{\"@type\":\"ReadAction\",\"target\":[\"https:\\\/\\\/www.tgreguol.com.br\\\/blog\\\/antes-de-saber-eu-tambem-nao-sabia-2020\\\/\"]}]},{\"@type\":\"ImageObject\",\"inLanguage\":\"pt-BR\",\"@id\":\"https:\\\/\\\/www.tgreguol.com.br\\\/blog\\\/antes-de-saber-eu-tambem-nao-sabia-2020\\\/#primaryimage\",\"url\":\"https:\\\/\\\/www.tgreguol.com.br\\\/blog\\\/wp-content\\\/uploads\\\/2020\\\/09\\\/capa-do-livro-do-t\u00e9rsio2020.jpg\",\"contentUrl\":\"https:\\\/\\\/www.tgreguol.com.br\\\/blog\\\/wp-content\\\/uploads\\\/2020\\\/09\\\/capa-do-livro-do-t\u00e9rsio2020.jpg\",\"width\":1969,\"height\":1969,\"caption\":\"2020. Obras figurativas, ideias abstratas. Para entender com a nuca, n\u00e3o com a testa.\"},{\"@type\":\"BreadcrumbList\",\"@id\":\"https:\\\/\\\/www.tgreguol.com.br\\\/blog\\\/antes-de-saber-eu-tambem-nao-sabia-2020\\\/#breadcrumb\",\"itemListElement\":[{\"@type\":\"ListItem\",\"position\":1,\"name\":\"In\u00edcio\",\"item\":\"https:\\\/\\\/www.tgreguol.com.br\\\/blog\\\/\"},{\"@type\":\"ListItem\",\"position\":2,\"name\":\"Antes de Saber Eu Tamb\u00e9m N\u00e3o Sabia (2020)\"}]},{\"@type\":\"WebSite\",\"@id\":\"https:\\\/\\\/www.tgreguol.com.br\\\/blog\\\/#website\",\"url\":\"https:\\\/\\\/www.tgreguol.com.br\\\/blog\\\/\",\"name\":\"T. Greguol\",\"description\":\"Imaginador\",\"potentialAction\":[{\"@type\":\"SearchAction\",\"target\":{\"@type\":\"EntryPoint\",\"urlTemplate\":\"https:\\\/\\\/www.tgreguol.com.br\\\/blog\\\/?s={search_term_string}\"},\"query-input\":{\"@type\":\"PropertyValueSpecification\",\"valueRequired\":true,\"valueName\":\"search_term_string\"}}],\"inLanguage\":\"pt-BR\"}]}<\/script>\n<!-- \/ Yoast SEO plugin. -->","yoast_head_json":{"title":"Antes de Saber Eu Tamb\u00e9m N\u00e3o Sabia (2020) - T. Greguol","robots":{"index":"index","follow":"follow","max-snippet":"max-snippet:-1","max-image-preview":"max-image-preview:large","max-video-preview":"max-video-preview:-1"},"canonical":"https:\/\/www.tgreguol.com.br\/blog\/antes-de-saber-eu-tambem-nao-sabia-2020\/","og_locale":"pt_BR","og_type":"article","og_title":"Antes de Saber Eu Tamb\u00e9m N\u00e3o Sabia (2020) - T. Greguol","og_description":"&#8220;Caro T. Greguol, muito obrigada pelo seu livro. Tenho usufru\u00eddo \u2026 Leia Mais","og_url":"https:\/\/www.tgreguol.com.br\/blog\/antes-de-saber-eu-tambem-nao-sabia-2020\/","og_site_name":"T. Greguol","article_publisher":"https:\/\/www.facebook.com\/tgreguol","article_modified_time":"2020-11-10T01:31:52+00:00","og_image":[{"width":1024,"height":1024,"url":"https:\/\/www.tgreguol.com.br\/blog\/wp-content\/uploads\/2020\/09\/capa-do-livro-do-t\u00e9rsio2020-1024x1024.jpg","type":"image\/jpeg"}],"twitter_card":"summary_large_image","twitter_site":"@katarse","twitter_misc":{"Est. tempo de leitura":"1 minuto"},"schema":{"@context":"https:\/\/schema.org","@graph":[{"@type":"WebPage","@id":"https:\/\/www.tgreguol.com.br\/blog\/antes-de-saber-eu-tambem-nao-sabia-2020\/","url":"https:\/\/www.tgreguol.com.br\/blog\/antes-de-saber-eu-tambem-nao-sabia-2020\/","name":"Antes de Saber Eu Tamb\u00e9m N\u00e3o Sabia (2020) - T. Greguol","isPartOf":{"@id":"https:\/\/www.tgreguol.com.br\/blog\/#website"},"primaryImageOfPage":{"@id":"https:\/\/www.tgreguol.com.br\/blog\/antes-de-saber-eu-tambem-nao-sabia-2020\/#primaryimage"},"image":{"@id":"https:\/\/www.tgreguol.com.br\/blog\/antes-de-saber-eu-tambem-nao-sabia-2020\/#primaryimage"},"thumbnailUrl":"https:\/\/www.tgreguol.com.br\/blog\/wp-content\/uploads\/2020\/09\/capa-do-livro-do-t\u00e9rsio2020.jpg","datePublished":"2020-09-27T22:47:57+00:00","dateModified":"2020-11-10T01:31:52+00:00","breadcrumb":{"@id":"https:\/\/www.tgreguol.com.br\/blog\/antes-de-saber-eu-tambem-nao-sabia-2020\/#breadcrumb"},"inLanguage":"pt-BR","potentialAction":[{"@type":"ReadAction","target":["https:\/\/www.tgreguol.com.br\/blog\/antes-de-saber-eu-tambem-nao-sabia-2020\/"]}]},{"@type":"ImageObject","inLanguage":"pt-BR","@id":"https:\/\/www.tgreguol.com.br\/blog\/antes-de-saber-eu-tambem-nao-sabia-2020\/#primaryimage","url":"https:\/\/www.tgreguol.com.br\/blog\/wp-content\/uploads\/2020\/09\/capa-do-livro-do-t\u00e9rsio2020.jpg","contentUrl":"https:\/\/www.tgreguol.com.br\/blog\/wp-content\/uploads\/2020\/09\/capa-do-livro-do-t\u00e9rsio2020.jpg","width":1969,"height":1969,"caption":"2020. Obras figurativas, ideias abstratas. Para entender com a nuca, n\u00e3o com a testa."},{"@type":"BreadcrumbList","@id":"https:\/\/www.tgreguol.com.br\/blog\/antes-de-saber-eu-tambem-nao-sabia-2020\/#breadcrumb","itemListElement":[{"@type":"ListItem","position":1,"name":"In\u00edcio","item":"https:\/\/www.tgreguol.com.br\/blog\/"},{"@type":"ListItem","position":2,"name":"Antes de Saber Eu Tamb\u00e9m N\u00e3o Sabia (2020)"}]},{"@type":"WebSite","@id":"https:\/\/www.tgreguol.com.br\/blog\/#website","url":"https:\/\/www.tgreguol.com.br\/blog\/","name":"T. Greguol","description":"Imaginador","potentialAction":[{"@type":"SearchAction","target":{"@type":"EntryPoint","urlTemplate":"https:\/\/www.tgreguol.com.br\/blog\/?s={search_term_string}"},"query-input":{"@type":"PropertyValueSpecification","valueRequired":true,"valueName":"search_term_string"}}],"inLanguage":"pt-BR"}]}},"_links":{"self":[{"href":"https:\/\/www.tgreguol.com.br\/blog\/wp-json\/wp\/v2\/pages\/2991","targetHints":{"allow":["GET"]}}],"collection":[{"href":"https:\/\/www.tgreguol.com.br\/blog\/wp-json\/wp\/v2\/pages"}],"about":[{"href":"https:\/\/www.tgreguol.com.br\/blog\/wp-json\/wp\/v2\/types\/page"}],"author":[{"embeddable":true,"href":"https:\/\/www.tgreguol.com.br\/blog\/wp-json\/wp\/v2\/users\/1"}],"replies":[{"embeddable":true,"href":"https:\/\/www.tgreguol.com.br\/blog\/wp-json\/wp\/v2\/comments?post=2991"}],"version-history":[{"count":38,"href":"https:\/\/www.tgreguol.com.br\/blog\/wp-json\/wp\/v2\/pages\/2991\/revisions"}],"predecessor-version":[{"id":3195,"href":"https:\/\/www.tgreguol.com.br\/blog\/wp-json\/wp\/v2\/pages\/2991\/revisions\/3195"}],"wp:featuredmedia":[{"embeddable":true,"href":"https:\/\/www.tgreguol.com.br\/blog\/wp-json\/wp\/v2\/media\/2996"}],"wp:attachment":[{"href":"https:\/\/www.tgreguol.com.br\/blog\/wp-json\/wp\/v2\/media?parent=2991"}],"curies":[{"name":"wp","href":"https:\/\/api.w.org\/{rel}","templated":true}]}}