{"id":2363,"date":"2018-09-05T14:21:34","date_gmt":"2018-09-05T14:21:34","guid":{"rendered":"https:\/\/www.tgreguol.com.br\/blog\/?page_id=2363"},"modified":"2018-09-08T09:49:45","modified_gmt":"2018-09-08T09:49:45","slug":"comequie-letras","status":"publish","type":"page","link":"https:\/\/www.tgreguol.com.br\/blog\/comequie-letras\/","title":{"rendered":"Com\u00e9qui\u00e9 &#8211; LETRAS"},"content":{"rendered":"<p><b>Comunicado:<\/b><\/p>\n<p><span style=\"font-weight: 400;\">(<em>T. Greguol &amp; Rodrigo EBA!<\/em>)<\/span><\/p>\n<p style=\"text-align: center;\"><b>Alienado<\/b><\/p>\n<p style=\"text-align: center;\"><span style=\"font-weight: 400;\">(<em>Letra: T. Greguol \/ M\u00fasica: <a href=\"https:\/\/www.facebook.com\/humanoinvisivel?lst=818420323%3A100001344727155%3A1536400021\" target=\"_blank\" rel=\"noopener\">Louren\u00e7o Netto<\/a><\/em>)<\/span><\/p>\n<p style=\"text-align: center;\"><span style=\"font-weight: 400;\">Minha TV n\u00e3o tem antena<\/span><\/p>\n<p style=\"text-align: center;\"><span style=\"font-weight: 400;\">E o meu r\u00e1dio tamb\u00e9m n\u00e3o<\/span><\/p>\n<p style=\"text-align: center;\"><span style=\"font-weight: 400;\">Eu n\u00e3o leio jornal<\/span><\/p>\n<p style=\"text-align: center;\"><span style=\"font-weight: 400;\">N\u00e3o sei o que se passa nesses meios de comunica\u00e7\u00e3o<\/span><\/p>\n<p style=\"text-align: center;\"><span style=\"font-weight: 400;\">Me sinto mais limpo, sincero e focado dessa forma<\/span><\/p>\n<p style=\"text-align: right;\"><b>Teimosia<\/b><\/p>\n<p style=\"text-align: right;\"><span style=\"font-weight: 400;\">(<em>Rodrigo EBA!<\/em>)<\/span><\/p>\n<p style=\"text-align: right;\"><span style=\"font-weight: 400;\">Voc\u00ea que \u00e9 teimoso, mimado, arrogante, do-contra compulsivo <\/span><\/p>\n<p style=\"text-align: right;\"><span style=\"font-weight: 400;\">e eu que s\u00f3 falo o certo, o concreto, o direto e o decisivo. <\/span><\/p>\n<p style=\"text-align: right;\"><span style=\"font-weight: 400;\">E eu que respeito o direito de cada um de discordar. <\/span><\/p>\n<p style=\"text-align: right;\"><span style=\"font-weight: 400;\">Voc\u00ea que contesta o que eu falo, eu n\u00e3o calo, eu n\u00e3o tenho que escutar<\/span><\/p>\n<p style=\"text-align: right;\"><span style=\"font-weight: 400;\">\u00bfQuer saber minha opini\u00e3o? N\u00e3o concordo com voc\u00ea. <\/span><\/p>\n<p style=\"text-align: right;\"><span style=\"font-weight: 400;\">N\u00e3o falo com gente mais teimosa do que eu. <\/span><\/p>\n<p style=\"text-align: right;\"><span style=\"font-weight: 400;\">\u00bfQuer saber minha opini\u00e3o? S\u00f3 concordo com voc\u00ea <\/span><\/p>\n<p style=\"text-align: right;\"><span style=\"font-weight: 400;\">quando voc\u00ea diz que n\u00f3s nunca concordamos.<\/span><\/p>\n<p style=\"text-align: right;\"><span style=\"font-weight: 400;\">\u00bfC\u00ea acha que \u00e9 f\u00e1cil juntar argumentos e provas pra voc\u00ea? <\/span><\/p>\n<p style=\"text-align: right;\"><span style=\"font-weight: 400;\">\u00bfC\u00ea acha que \u00e9 certo sua intransig\u00eancia de s\u00f3 ver para crer? <\/span><\/p>\n<p style=\"text-align: right;\"><span style=\"font-weight: 400;\">\u00bfVoc\u00ea considera a disputa de ideias maior do que a raz\u00e3o? <\/span><\/p>\n<p style=\"text-align: right;\"><span style=\"font-weight: 400;\">\u00bfVoc\u00ea n\u00e3o desiste e n\u00e3o reconhece que eu ganho a multid\u00e3o? <\/span><\/p>\n<p style=\"text-align: right;\"><span style=\"font-weight: 400;\">Voc\u00ea que \u00e9 teimoso, teimoso, teimoso, teimoso e n\u00e3o pensa como eu. <\/span><\/p>\n<p style=\"text-align: right;\"><span style=\"font-weight: 400;\">Sou eu que pondero e que penso e que uso a raz\u00e3o que Deus me deu!<\/span><\/p>\n<p><b>Praga<\/b><\/p>\n<p><span style=\"font-weight: 400;\">(<em>Letra: T. Greguol \/ M\u00fasica: <a href=\"https:\/\/www.facebook.com\/humanoinvisivel?lst=818420323%3A100001344727155%3A1536400021\" target=\"_blank\" rel=\"noopener\">Louren\u00e7o Netto<\/a><\/em>)<\/span><\/p>\n<p><span style=\"font-weight: 400;\">Eu n\u00e3o fiz tatuagem<\/span><\/p>\n<p><span style=\"font-weight: 400;\">Porque n\u00e3o gosto de nada pra sempre<\/span><\/p>\n<p><span style=\"font-weight: 400;\">Eu furei a orelha e hoje em dia n\u00e3o uso mais brinco<\/span><\/p>\n<p><span style=\"font-weight: 400;\">Ent\u00e3o que diabos \u00e9 isso que me vem todos os dias<\/span><\/p>\n<p><span style=\"font-weight: 400;\">Que n\u00e3o \u00e9 fome, nem sono, nem nada do tipo<\/span><\/p>\n<p><span style=\"font-weight: 400;\">Sai de mim vai embora passa<\/span><\/p>\n<p style=\"text-align: center;\"><b>Assombrado<\/b><\/p>\n<p style=\"text-align: center;\"><span style=\"font-weight: 400;\">(Letra:\u00a0<em>T. Greguol \/ M\u00fasica: Rodrigo EBA!<\/em>)<\/span><\/p>\n<p style=\"text-align: center;\"><span style=\"font-weight: 400;\">Eu vou pra cama me deitar e ouvir os monstros<\/span><\/p>\n<p style=\"text-align: center;\"><span style=\"font-weight: 400;\">Vou me vestir e vejo pegadas<\/span><\/p>\n<p style=\"text-align: center;\"><span style=\"font-weight: 400;\">Eu vou pra cama me deitar e ouvir os monstros<\/span><\/p>\n<p style=\"text-align: center;\"><span style=\"font-weight: 400;\">E no arm\u00e1rio almas penadas<\/span><\/p>\n<p style=\"text-align: center;\"><span style=\"font-weight: 400;\">Nunca v\u00e3o embora e sempre chegam mais<\/span><\/p>\n<p style=\"text-align: center;\"><span style=\"font-weight: 400;\">Se disfar\u00e7am e eu penso ter paz<\/span><\/p>\n<p style=\"text-align: center;\"><span style=\"font-weight: 400;\">Pode ser que isso venha a terminar<\/span><\/p>\n<p style=\"text-align: center;\"><span style=\"font-weight: 400;\">E em algum momento eu possa descansar<\/span><\/p>\n<p style=\"text-align: center;\"><span style=\"font-weight: 400;\">Mas descanso \u00e9 tudo que eu n\u00e3o quero<\/span><\/p>\n<p style=\"text-align: center;\"><span style=\"font-weight: 400;\">E eu me desespero de pensar em n\u00e3o ter ningu\u00e9m para me ninar<\/span><\/p>\n<p style=\"text-align: center;\"><span style=\"font-weight: 400;\">Eu vou pra cama me deitar e ouvir os monstros<\/span><\/p>\n<p style=\"text-align: center;\"><span style=\"font-weight: 400;\">Vou me vestir e vejo pegadas<\/span><\/p>\n<p style=\"text-align: center;\"><span style=\"font-weight: 400;\">Eu vou pra cama me deitar e ouvir os monstros<\/span><\/p>\n<p style=\"text-align: center;\"><span style=\"font-weight: 400;\">E no arm\u00e1rio almas penadas<\/span><\/p>\n<p style=\"text-align: center;\"><span style=\"font-weight: 400;\">Nunca v\u00e3o embora e sempre chegam mais<\/span><\/p>\n<p style=\"text-align: center;\"><span style=\"font-weight: 400;\">Se disfar\u00e7am e eu penso ter alguma paz<\/span><\/p>\n<p style=\"text-align: center;\"><span style=\"font-weight: 400;\">Pode ser que isso venha a terminar<\/span><\/p>\n<p style=\"text-align: center;\"><span style=\"font-weight: 400;\">E em algum momento eu possa descansar<\/span><\/p>\n<p style=\"text-align: center;\"><span style=\"font-weight: 400;\">Mas descanso \u00e9 tudo que eu n\u00e3o quero<\/span><\/p>\n<p style=\"text-align: center;\"><span style=\"font-weight: 400;\">Eu me desespero de pensar em n\u00e3o ter ningu\u00e9m para me ninar<\/span><\/p>\n<p style=\"text-align: center;\"><span style=\"font-weight: 400;\">Pois eu vivo h\u00e1 tempos no meio dessas coisas<\/span><\/p>\n<p style=\"text-align: center;\"><span style=\"font-weight: 400;\">E elas vivem nascendo dentro de mim<\/span><\/p>\n<p style=\"text-align: center;\"><span style=\"font-weight: 400;\">Elas gritam bastante e at\u00e9 chegar meu sono<\/span><\/p>\n<p style=\"text-align: center;\"><span style=\"font-weight: 400;\">E acho que sou eu que n\u00e3o as deixa dormir<\/span><\/p>\n<p style=\"text-align: right;\"><b>Alma<\/b><\/p>\n<p style=\"text-align: right;\"><span style=\"font-weight: 400;\">(<em>Rodrigo EBA!<\/em>)<\/span><\/p>\n<p style=\"text-align: right;\"><span style=\"font-weight: 400;\">N\u00e3o tenho alma pra cantar um soul<\/span><\/p>\n<p style=\"text-align: right;\"><span style=\"font-weight: 400;\">N\u00e3o tenho sangue pra sambar no p\u00e9<\/span><\/p>\n<p style=\"text-align: right;\"><span style=\"font-weight: 400;\">Sou s\u00f3 mais um carinha sem coragem<\/span><\/p>\n<p style=\"text-align: right;\"><span style=\"font-weight: 400;\">Que faz de conta que diz o que quer<\/span><\/p>\n<p style=\"text-align: right;\"><span style=\"font-weight: 400;\">Eu tento parecer um revolucion\u00e1rio<\/span><\/p>\n<p style=\"text-align: right;\"><span style=\"font-weight: 400;\">de mil novecentos e sessenta e quatro<\/span><\/p>\n<p style=\"text-align: right;\"><span style=\"font-weight: 400;\">N\u00e3o ou\u00e7o nada novo pois n\u00e3o quero revolucionar<\/span><\/p>\n<p style=\"text-align: right;\"><span style=\"font-weight: 400;\">Eu sigo a vida inteira procurando espa\u00e7o<\/span><\/p>\n<p style=\"text-align: right;\"><span style=\"font-weight: 400;\">E odeio quando a massa entende o que eu falo<\/span><\/p>\n<p style=\"text-align: right;\"><span style=\"font-weight: 400;\">Odeio o sucesso pois n\u00e3o quero revolucionar<\/span><\/p>\n<p style=\"text-align: right;\"><span style=\"font-weight: 400;\">N\u00e3o improviso pra tocar um blues<\/span><\/p>\n<p style=\"text-align: right;\"><span style=\"font-weight: 400;\">E n\u00e3o dissono pra cantar um jazz<\/span><\/p>\n<p style=\"text-align: right;\"><span style=\"font-weight: 400;\">Sou s\u00f3 mais um tipinho sem coragem<\/span><\/p>\n<p style=\"text-align: right;\"><span style=\"font-weight: 400;\">pra aceitar quem quer ser o que \u00e9<\/span><\/p>\n<p style=\"text-align: right;\"><span style=\"font-weight: 400;\">Pedi pra minha m\u00e3e lavar a camiseta<\/span><\/p>\n<p style=\"text-align: right;\"><span style=\"font-weight: 400;\">que hoje eu tenho show e eu quero me acabar<\/span><\/p>\n<p style=\"text-align: right;\"><span style=\"font-weight: 400;\">Vou me vestir de preto pois n\u00e3o quero revolucionar<\/span><\/p>\n<p style=\"text-align: right;\"><span style=\"font-weight: 400;\">Quem se mexe no meu movimento<\/span><\/p>\n<p style=\"text-align: right;\"><span style=\"font-weight: 400;\">trai o meu movimento <\/span><\/p>\n<p style=\"text-align: right;\"><span style=\"font-weight: 400;\">e eu n\u00e3o quero ficar parado<\/span><\/p>\n<p style=\"text-align: right;\"><span style=\"font-weight: 400;\">achando que o meu movimento<\/span><\/p>\n<p style=\"text-align: right;\"><span style=\"font-weight: 400;\">tem que ficar estagnado<\/span><\/p>\n","protected":false},"excerpt":{"rendered":"<p>Comunicado: (T. Greguol &amp; Rodrigo EBA!) Alienado (Letra: T. Greguol \u2026<\/p>\n<p class=\"continue-reading-button\"> <a class=\"continue-reading-link\" href=\"https:\/\/www.tgreguol.com.br\/blog\/comequie-letras\/\">Leia Mais<i class=\"crycon-right-dir\"><\/i><\/a><\/p>\n","protected":false},"author":1,"featured_media":0,"parent":0,"menu_order":0,"comment_status":"closed","ping_status":"closed","template":"","meta":{"nf_dc_page":"","_exactmetrics_skip_tracking":false,"_exactmetrics_sitenote_active":false,"_exactmetrics_sitenote_note":"","_exactmetrics_sitenote_category":0,"footnotes":""},"class_list":["post-2363","page","type-page","status-publish","hentry"],"yoast_head":"<!-- This site is optimized with the Yoast SEO plugin v27.4 - https:\/\/yoast.com\/product\/yoast-seo-wordpress\/ -->\n<title>Com\u00e9qui\u00e9 - LETRAS - T. Greguol<\/title>\n<meta name=\"robots\" content=\"index, follow, max-snippet:-1, max-image-preview:large, max-video-preview:-1\" \/>\n<link rel=\"canonical\" href=\"https:\/\/www.tgreguol.com.br\/blog\/comequie-letras\/\" \/>\n<meta property=\"og:locale\" content=\"pt_BR\" \/>\n<meta property=\"og:type\" content=\"article\" \/>\n<meta property=\"og:title\" content=\"Com\u00e9qui\u00e9 - LETRAS - T. Greguol\" \/>\n<meta property=\"og:description\" content=\"Comunicado: (T. Greguol &amp; Rodrigo EBA!) Alienado (Letra: T. Greguol \u2026 Leia Mais\" \/>\n<meta property=\"og:url\" content=\"https:\/\/www.tgreguol.com.br\/blog\/comequie-letras\/\" \/>\n<meta property=\"og:site_name\" content=\"T. Greguol\" \/>\n<meta property=\"article:publisher\" content=\"https:\/\/www.facebook.com\/tgreguol\" \/>\n<meta property=\"article:modified_time\" content=\"2018-09-08T09:49:45+00:00\" \/>\n<meta name=\"twitter:card\" content=\"summary_large_image\" \/>\n<meta name=\"twitter:site\" content=\"@katarse\" \/>\n<meta name=\"twitter:label1\" content=\"Est. tempo de leitura\" \/>\n\t<meta name=\"twitter:data1\" content=\"3 minutos\" \/>\n<script type=\"application\/ld+json\" class=\"yoast-schema-graph\">{\"@context\":\"https:\\\/\\\/schema.org\",\"@graph\":[{\"@type\":\"WebPage\",\"@id\":\"https:\\\/\\\/www.tgreguol.com.br\\\/blog\\\/comequie-letras\\\/\",\"url\":\"https:\\\/\\\/www.tgreguol.com.br\\\/blog\\\/comequie-letras\\\/\",\"name\":\"Com\u00e9qui\u00e9 - LETRAS - T. Greguol\",\"isPartOf\":{\"@id\":\"https:\\\/\\\/www.tgreguol.com.br\\\/blog\\\/#website\"},\"datePublished\":\"2018-09-05T14:21:34+00:00\",\"dateModified\":\"2018-09-08T09:49:45+00:00\",\"breadcrumb\":{\"@id\":\"https:\\\/\\\/www.tgreguol.com.br\\\/blog\\\/comequie-letras\\\/#breadcrumb\"},\"inLanguage\":\"pt-BR\",\"potentialAction\":[{\"@type\":\"ReadAction\",\"target\":[\"https:\\\/\\\/www.tgreguol.com.br\\\/blog\\\/comequie-letras\\\/\"]}]},{\"@type\":\"BreadcrumbList\",\"@id\":\"https:\\\/\\\/www.tgreguol.com.br\\\/blog\\\/comequie-letras\\\/#breadcrumb\",\"itemListElement\":[{\"@type\":\"ListItem\",\"position\":1,\"name\":\"In\u00edcio\",\"item\":\"https:\\\/\\\/www.tgreguol.com.br\\\/blog\\\/\"},{\"@type\":\"ListItem\",\"position\":2,\"name\":\"Com\u00e9qui\u00e9 &#8211; LETRAS\"}]},{\"@type\":\"WebSite\",\"@id\":\"https:\\\/\\\/www.tgreguol.com.br\\\/blog\\\/#website\",\"url\":\"https:\\\/\\\/www.tgreguol.com.br\\\/blog\\\/\",\"name\":\"T. Greguol\",\"description\":\"Imaginador\",\"potentialAction\":[{\"@type\":\"SearchAction\",\"target\":{\"@type\":\"EntryPoint\",\"urlTemplate\":\"https:\\\/\\\/www.tgreguol.com.br\\\/blog\\\/?s={search_term_string}\"},\"query-input\":{\"@type\":\"PropertyValueSpecification\",\"valueRequired\":true,\"valueName\":\"search_term_string\"}}],\"inLanguage\":\"pt-BR\"}]}<\/script>\n<!-- \/ Yoast SEO plugin. -->","yoast_head_json":{"title":"Com\u00e9qui\u00e9 - LETRAS - T. Greguol","robots":{"index":"index","follow":"follow","max-snippet":"max-snippet:-1","max-image-preview":"max-image-preview:large","max-video-preview":"max-video-preview:-1"},"canonical":"https:\/\/www.tgreguol.com.br\/blog\/comequie-letras\/","og_locale":"pt_BR","og_type":"article","og_title":"Com\u00e9qui\u00e9 - LETRAS - T. Greguol","og_description":"Comunicado: (T. Greguol &amp; Rodrigo EBA!) Alienado (Letra: T. Greguol \u2026 Leia Mais","og_url":"https:\/\/www.tgreguol.com.br\/blog\/comequie-letras\/","og_site_name":"T. Greguol","article_publisher":"https:\/\/www.facebook.com\/tgreguol","article_modified_time":"2018-09-08T09:49:45+00:00","twitter_card":"summary_large_image","twitter_site":"@katarse","twitter_misc":{"Est. tempo de leitura":"3 minutos"},"schema":{"@context":"https:\/\/schema.org","@graph":[{"@type":"WebPage","@id":"https:\/\/www.tgreguol.com.br\/blog\/comequie-letras\/","url":"https:\/\/www.tgreguol.com.br\/blog\/comequie-letras\/","name":"Com\u00e9qui\u00e9 - LETRAS - T. Greguol","isPartOf":{"@id":"https:\/\/www.tgreguol.com.br\/blog\/#website"},"datePublished":"2018-09-05T14:21:34+00:00","dateModified":"2018-09-08T09:49:45+00:00","breadcrumb":{"@id":"https:\/\/www.tgreguol.com.br\/blog\/comequie-letras\/#breadcrumb"},"inLanguage":"pt-BR","potentialAction":[{"@type":"ReadAction","target":["https:\/\/www.tgreguol.com.br\/blog\/comequie-letras\/"]}]},{"@type":"BreadcrumbList","@id":"https:\/\/www.tgreguol.com.br\/blog\/comequie-letras\/#breadcrumb","itemListElement":[{"@type":"ListItem","position":1,"name":"In\u00edcio","item":"https:\/\/www.tgreguol.com.br\/blog\/"},{"@type":"ListItem","position":2,"name":"Com\u00e9qui\u00e9 &#8211; LETRAS"}]},{"@type":"WebSite","@id":"https:\/\/www.tgreguol.com.br\/blog\/#website","url":"https:\/\/www.tgreguol.com.br\/blog\/","name":"T. Greguol","description":"Imaginador","potentialAction":[{"@type":"SearchAction","target":{"@type":"EntryPoint","urlTemplate":"https:\/\/www.tgreguol.com.br\/blog\/?s={search_term_string}"},"query-input":{"@type":"PropertyValueSpecification","valueRequired":true,"valueName":"search_term_string"}}],"inLanguage":"pt-BR"}]}},"_links":{"self":[{"href":"https:\/\/www.tgreguol.com.br\/blog\/wp-json\/wp\/v2\/pages\/2363","targetHints":{"allow":["GET"]}}],"collection":[{"href":"https:\/\/www.tgreguol.com.br\/blog\/wp-json\/wp\/v2\/pages"}],"about":[{"href":"https:\/\/www.tgreguol.com.br\/blog\/wp-json\/wp\/v2\/types\/page"}],"author":[{"embeddable":true,"href":"https:\/\/www.tgreguol.com.br\/blog\/wp-json\/wp\/v2\/users\/1"}],"replies":[{"embeddable":true,"href":"https:\/\/www.tgreguol.com.br\/blog\/wp-json\/wp\/v2\/comments?post=2363"}],"version-history":[{"count":5,"href":"https:\/\/www.tgreguol.com.br\/blog\/wp-json\/wp\/v2\/pages\/2363\/revisions"}],"predecessor-version":[{"id":2369,"href":"https:\/\/www.tgreguol.com.br\/blog\/wp-json\/wp\/v2\/pages\/2363\/revisions\/2369"}],"wp:attachment":[{"href":"https:\/\/www.tgreguol.com.br\/blog\/wp-json\/wp\/v2\/media?parent=2363"}],"curies":[{"name":"wp","href":"https:\/\/api.w.org\/{rel}","templated":true}]}}