{"id":2309,"date":"2018-08-28T12:52:33","date_gmt":"2018-08-28T12:52:33","guid":{"rendered":"https:\/\/www.tgreguol.com.br\/blog\/?page_id=2309"},"modified":"2026-01-14T18:17:23","modified_gmt":"2026-01-14T18:17:23","slug":"comequie-novo-album-de-rodrigo-eba-t-greguol","status":"publish","type":"page","link":"https:\/\/www.tgreguol.com.br\/blog\/comequie-novo-album-de-rodrigo-eba-t-greguol\/","title":{"rendered":"Com\u00e9qui\u00e9? &#8211; \u00c1lbum de Rodrigo EBA! &#038; T. Greguol"},"content":{"rendered":"<p><strong>Com\u00e9qui\u00e9?:<\/strong><\/p>\n<p>Rodrigo EBA! tem dois \u00e1lbuns solo e um com sua banda <a href=\"http:\/\/www.claustrofonia.com.br\/\" target=\"_blank\" rel=\"noopener noreferrer\">Claustrofonia<\/a>. E j\u00e1 teve composi\u00e7\u00f5es gravadas por <a href=\"https:\/\/www.facebook.com\/vivianbenford\/\" target=\"_blank\" rel=\"noopener noreferrer\">Vivian Benford<\/a> e <a href=\"https:\/\/www.renatospinosa.com.br\/\" target=\"_blank\" rel=\"noopener noreferrer\">Renato Spinosa<\/a>, al\u00e9m de ser um reconhecido e premiado animador (&#8220;<a href=\"https:\/\/www.peixonautaofilme.com\/home\/\" target=\"_blank\" rel=\"noopener noreferrer\">Peixonauta<\/a>&#8220;, &#8220;<a href=\"http:\/\/graffitidanca.com.br\/\" target=\"_blank\" rel=\"noopener noreferrer\">Graffiti Dan\u00e7a<\/a>&#8220;, <a href=\"https:\/\/www.imdb.com\/name\/nm7077854\/\" target=\"_blank\" rel=\"noopener noreferrer\">etc<\/a>).<\/p>\n<p>T. Greguol \u00e9 artista <a href=\"https:\/\/www.tgreguol.com.br\/blog\/artes-plasticas\/\" target=\"_blank\" rel=\"noopener noreferrer\">plastico<\/a> e <a href=\"https:\/\/www.tgreguol.com.br\/blog\/audio-visual\/\" target=\"_blank\" rel=\"noopener noreferrer\">audiovisual<\/a>, <a href=\"https:\/\/www.tgreguol.com.br\/blog\/literatura\/\" target=\"_blank\" rel=\"noopener noreferrer\">escritor<\/a>, <a href=\"https:\/\/www.tgreguol.com.br\/blog\/musica\/\" target=\"_blank\" rel=\"noopener noreferrer\">m\u00fasico<\/a> e integrante da (<em>n\u00e3o mais em atividade<\/em>) banda <a href=\"https:\/\/www.tgreguol.com.br\/blog\/banda-katarse\/\" target=\"_blank\" rel=\"noopener noreferrer\">Katarse<\/a>, que lan\u00e7ou cinco \u00e1lbuns, contando com participa\u00e7\u00f5es de <a href=\"http:\/\/www.andreabujamra.net\/\" target=\"_blank\" rel=\"noopener noreferrer\">Andr\u00e9 Abujamra<\/a> e <a href=\"https:\/\/pt.wikipedia.org\/wiki\/Juninho_Bill\" target=\"_blank\" rel=\"noopener noreferrer\">Juninho Bill<\/a> no \u00faltimo.<\/p>\n<p>EBA! e T. Greguol se uniram por dez dias e criaram um clipe e um \u00e1lbum ao mesmo tempo pop e experimental, feito \u00e0 m\u00e3o, cheio de texturas e criativo.<\/p>\n<p><b>Ou\u00e7a j\u00e1:\u00a0<\/b><a href=\"https:\/\/goo.gl\/xgMTFh\" target=\"_blank\" rel=\"noopener noreferrer\">Deezer<\/a> &#8211;\u00a0<a href=\"https:\/\/goo.gl\/9AyqWs\" target=\"_blank\" rel=\"noopener noreferrer\">Spotify<\/a>\u00a0&#8211;\u00a0<a href=\"https:\/\/goo.gl\/8M2Lmx\" target=\"_blank\" rel=\"noopener noreferrer\">YouTube<\/a><\/p>\n<p><strong>Letras:<\/strong>\u00a0<a href=\"https:\/\/www.tgreguol.com.br\/blog\/comequie-letras\/\" target=\"_blank\" rel=\"noopener noreferrer\">Pra cantar junto enquanto ouve!<\/a><\/p>\n<p><strong>O clipe:<\/strong> A gente fez esse clipe inspirado no &#8220;<a href=\"https:\/\/www.youtube.com\/watch?v=IKQRV4XKZt4\" target=\"_blank\" rel=\"noopener noreferrer\">Un homme de T\u00eate<\/a>s&#8221;, que o genial <a href=\"https:\/\/pt.wikipedia.org\/wiki\/Georges_M%C3%A9li%C3%A8s\" target=\"_blank\" rel=\"noopener noreferrer\">Georges M\u00e9li\u00e8s<\/a> fez em 1898, a partir da nossa vontade de brincar tamb\u00e9m com a m\u00e1gica de efeitos especiais rudimentares e divertidos.<\/p>\n<p><iframe loading=\"lazy\" title=\"Teimosia - T. Greguol &amp; Rodrigo EBA!\" width=\"900\" height=\"675\" src=\"https:\/\/www.youtube.com\/embed\/r7jXF_YG-Pc?feature=oembed\" frameborder=\"0\" allow=\"accelerometer; autoplay; encrypted-media; gyroscope; picture-in-picture\" allowfullscreen><\/iframe><\/p>\n<p><strong>Baixe as fotos em alta resolu\u00e7\u00e3o:<\/strong><\/p>\n<p><a href=\"https:\/\/www.tgreguol.com.br\/blog\/wp-content\/uploads\/2018\/09\/tgreguol_eba_divulg_23.jpg\"><img loading=\"lazy\" decoding=\"async\" class=\"alignnone size-thumbnail wp-image-2399\" src=\"https:\/\/www.tgreguol.com.br\/blog\/wp-content\/uploads\/2018\/09\/tgreguol_eba_divulg_23-150x150.jpg\" alt=\"\" width=\"150\" height=\"150\" \/><\/a> <a href=\"https:\/\/www.tgreguol.com.br\/blog\/wp-content\/uploads\/2018\/09\/tgreguol_eba_divulg_17.jpg\"><img loading=\"lazy\" decoding=\"async\" class=\"alignnone size-thumbnail wp-image-2398\" src=\"https:\/\/www.tgreguol.com.br\/blog\/wp-content\/uploads\/2018\/09\/tgreguol_eba_divulg_17-150x150.jpg\" alt=\"\" width=\"150\" height=\"150\" \/><\/a> <a href=\"https:\/\/www.tgreguol.com.br\/blog\/wp-content\/uploads\/2018\/09\/tgreguol_eba_divulg_16.jpg\"><img loading=\"lazy\" decoding=\"async\" class=\"alignnone size-thumbnail wp-image-2397\" src=\"https:\/\/www.tgreguol.com.br\/blog\/wp-content\/uploads\/2018\/09\/tgreguol_eba_divulg_16-150x150.jpg\" alt=\"\" width=\"150\" height=\"150\" \/><\/a> <a href=\"https:\/\/www.tgreguol.com.br\/blog\/wp-content\/uploads\/2018\/09\/tgreguol_eba_divulg_15.jpg\"><img loading=\"lazy\" decoding=\"async\" class=\"alignnone size-thumbnail wp-image-2396\" src=\"https:\/\/www.tgreguol.com.br\/blog\/wp-content\/uploads\/2018\/09\/tgreguol_eba_divulg_15-150x150.jpg\" alt=\"\" width=\"150\" height=\"150\" \/><\/a> <a href=\"https:\/\/www.tgreguol.com.br\/blog\/wp-content\/uploads\/2018\/09\/tgreguol_eba_divulg_14.jpg\"><img loading=\"lazy\" decoding=\"async\" class=\"alignnone size-thumbnail wp-image-2395\" src=\"https:\/\/www.tgreguol.com.br\/blog\/wp-content\/uploads\/2018\/09\/tgreguol_eba_divulg_14-150x150.jpg\" alt=\"\" width=\"150\" height=\"150\" \/><\/a> <a href=\"https:\/\/www.tgreguol.com.br\/blog\/wp-content\/uploads\/2018\/09\/tgreguol_eba_divulg_12.jpg\"><img loading=\"lazy\" decoding=\"async\" class=\"alignnone size-thumbnail wp-image-2394\" src=\"https:\/\/www.tgreguol.com.br\/blog\/wp-content\/uploads\/2018\/09\/tgreguol_eba_divulg_12-150x150.jpg\" alt=\"\" width=\"150\" height=\"150\" \/><\/a> <a href=\"https:\/\/www.tgreguol.com.br\/blog\/wp-content\/uploads\/2018\/09\/tgreguol_eba_divulg_5.jpg\"><img loading=\"lazy\" decoding=\"async\" class=\"alignnone size-thumbnail wp-image-2393\" src=\"https:\/\/www.tgreguol.com.br\/blog\/wp-content\/uploads\/2018\/09\/tgreguol_eba_divulg_5-150x150.jpg\" alt=\"\" width=\"150\" height=\"150\" \/><\/a> <a href=\"https:\/\/www.tgreguol.com.br\/blog\/wp-content\/uploads\/2018\/09\/tgreguol_eba_divulg_3.jpg\"><img loading=\"lazy\" decoding=\"async\" class=\"alignnone size-thumbnail wp-image-2392\" src=\"https:\/\/www.tgreguol.com.br\/blog\/wp-content\/uploads\/2018\/09\/tgreguol_eba_divulg_3-150x150.jpg\" alt=\"\" width=\"150\" height=\"150\" \/><\/a><\/p>\n","protected":false},"excerpt":{"rendered":"<p>Com\u00e9qui\u00e9?: Rodrigo EBA! tem dois \u00e1lbuns solo e um com \u2026<\/p>\n<p class=\"continue-reading-button\"> <a class=\"continue-reading-link\" href=\"https:\/\/www.tgreguol.com.br\/blog\/comequie-novo-album-de-rodrigo-eba-t-greguol\/\">Leia Mais<i class=\"crycon-right-dir\"><\/i><\/a><\/p>\n","protected":false},"author":1,"featured_media":2386,"parent":0,"menu_order":0,"comment_status":"closed","ping_status":"closed","template":"","meta":{"nf_dc_page":"","_exactmetrics_skip_tracking":false,"_exactmetrics_sitenote_active":false,"_exactmetrics_sitenote_note":"","_exactmetrics_sitenote_category":0,"footnotes":""},"class_list":["post-2309","page","type-page","status-publish","has-post-thumbnail","hentry"],"yoast_head":"<!-- This site is optimized with the Yoast SEO plugin v27.4 - https:\/\/yoast.com\/product\/yoast-seo-wordpress\/ -->\n<title>Com\u00e9qui\u00e9? - \u00c1lbum de Rodrigo EBA! &amp; T. Greguol - T. Greguol<\/title>\n<meta name=\"robots\" content=\"index, follow, max-snippet:-1, max-image-preview:large, max-video-preview:-1\" \/>\n<link rel=\"canonical\" href=\"https:\/\/www.tgreguol.com.br\/blog\/comequie-novo-album-de-rodrigo-eba-t-greguol\/\" \/>\n<meta property=\"og:locale\" content=\"pt_BR\" \/>\n<meta property=\"og:type\" content=\"article\" \/>\n<meta property=\"og:title\" content=\"Com\u00e9qui\u00e9? - Novo \u00e1lbum de Rodrigo EBA! &amp; T. Greguol\" \/>\n<meta property=\"og:description\" content=\"Novo \u00e1lbum de T. Greguol\" \/>\n<meta property=\"og:url\" content=\"https:\/\/www.tgreguol.com.br\/blog\/comequie-novo-album-de-rodrigo-eba-t-greguol\/\" \/>\n<meta property=\"og:site_name\" content=\"T. Greguol\" \/>\n<meta property=\"article:publisher\" content=\"https:\/\/www.facebook.com\/tgreguol\" \/>\n<meta property=\"article:modified_time\" content=\"2026-01-14T18:17:23+00:00\" \/>\n<meta property=\"og:image\" content=\"https:\/\/www.tgreguol.com.br\/blog\/wp-content\/uploads\/2018\/09\/arte-clipe-youtube.jpg\" \/>\n\t<meta property=\"og:image:width\" content=\"1000\" \/>\n\t<meta property=\"og:image:height\" content=\"568\" \/>\n\t<meta property=\"og:image:type\" content=\"image\/jpeg\" \/>\n<meta name=\"twitter:card\" content=\"summary_large_image\" \/>\n<meta name=\"twitter:site\" content=\"@katarse\" \/>\n<meta name=\"twitter:label1\" content=\"Est. tempo de leitura\" \/>\n\t<meta name=\"twitter:data1\" content=\"3 minutos\" \/>\n<script type=\"application\/ld+json\" class=\"yoast-schema-graph\">{\"@context\":\"https:\\\/\\\/schema.org\",\"@graph\":[{\"@type\":\"WebPage\",\"@id\":\"https:\\\/\\\/www.tgreguol.com.br\\\/blog\\\/comequie-novo-album-de-rodrigo-eba-t-greguol\\\/\",\"url\":\"https:\\\/\\\/www.tgreguol.com.br\\\/blog\\\/comequie-novo-album-de-rodrigo-eba-t-greguol\\\/\",\"name\":\"Com\u00e9qui\u00e9? - \u00c1lbum de Rodrigo EBA! & T. Greguol - T. Greguol\",\"isPartOf\":{\"@id\":\"https:\\\/\\\/www.tgreguol.com.br\\\/blog\\\/#website\"},\"primaryImageOfPage\":{\"@id\":\"https:\\\/\\\/www.tgreguol.com.br\\\/blog\\\/comequie-novo-album-de-rodrigo-eba-t-greguol\\\/#primaryimage\"},\"image\":{\"@id\":\"https:\\\/\\\/www.tgreguol.com.br\\\/blog\\\/comequie-novo-album-de-rodrigo-eba-t-greguol\\\/#primaryimage\"},\"thumbnailUrl\":\"https:\\\/\\\/www.tgreguol.com.br\\\/blog\\\/wp-content\\\/uploads\\\/2018\\\/09\\\/arte-clipe-youtube.jpg\",\"datePublished\":\"2018-08-28T12:52:33+00:00\",\"dateModified\":\"2026-01-14T18:17:23+00:00\",\"breadcrumb\":{\"@id\":\"https:\\\/\\\/www.tgreguol.com.br\\\/blog\\\/comequie-novo-album-de-rodrigo-eba-t-greguol\\\/#breadcrumb\"},\"inLanguage\":\"pt-BR\",\"potentialAction\":[{\"@type\":\"ReadAction\",\"target\":[\"https:\\\/\\\/www.tgreguol.com.br\\\/blog\\\/comequie-novo-album-de-rodrigo-eba-t-greguol\\\/\"]}]},{\"@type\":\"ImageObject\",\"inLanguage\":\"pt-BR\",\"@id\":\"https:\\\/\\\/www.tgreguol.com.br\\\/blog\\\/comequie-novo-album-de-rodrigo-eba-t-greguol\\\/#primaryimage\",\"url\":\"https:\\\/\\\/www.tgreguol.com.br\\\/blog\\\/wp-content\\\/uploads\\\/2018\\\/09\\\/arte-clipe-youtube.jpg\",\"contentUrl\":\"https:\\\/\\\/www.tgreguol.com.br\\\/blog\\\/wp-content\\\/uploads\\\/2018\\\/09\\\/arte-clipe-youtube.jpg\",\"width\":1000,\"height\":568},{\"@type\":\"BreadcrumbList\",\"@id\":\"https:\\\/\\\/www.tgreguol.com.br\\\/blog\\\/comequie-novo-album-de-rodrigo-eba-t-greguol\\\/#breadcrumb\",\"itemListElement\":[{\"@type\":\"ListItem\",\"position\":1,\"name\":\"In\u00edcio\",\"item\":\"https:\\\/\\\/www.tgreguol.com.br\\\/blog\\\/\"},{\"@type\":\"ListItem\",\"position\":2,\"name\":\"Com\u00e9qui\u00e9? &#8211; \u00c1lbum de Rodrigo EBA! &#038; T. Greguol\"}]},{\"@type\":\"WebSite\",\"@id\":\"https:\\\/\\\/www.tgreguol.com.br\\\/blog\\\/#website\",\"url\":\"https:\\\/\\\/www.tgreguol.com.br\\\/blog\\\/\",\"name\":\"T. Greguol\",\"description\":\"Imaginador\",\"potentialAction\":[{\"@type\":\"SearchAction\",\"target\":{\"@type\":\"EntryPoint\",\"urlTemplate\":\"https:\\\/\\\/www.tgreguol.com.br\\\/blog\\\/?s={search_term_string}\"},\"query-input\":{\"@type\":\"PropertyValueSpecification\",\"valueRequired\":true,\"valueName\":\"search_term_string\"}}],\"inLanguage\":\"pt-BR\"}]}<\/script>\n<!-- \/ Yoast SEO plugin. -->","yoast_head_json":{"title":"Com\u00e9qui\u00e9? - \u00c1lbum de Rodrigo EBA! & T. Greguol - T. Greguol","robots":{"index":"index","follow":"follow","max-snippet":"max-snippet:-1","max-image-preview":"max-image-preview:large","max-video-preview":"max-video-preview:-1"},"canonical":"https:\/\/www.tgreguol.com.br\/blog\/comequie-novo-album-de-rodrigo-eba-t-greguol\/","og_locale":"pt_BR","og_type":"article","og_title":"Com\u00e9qui\u00e9? - Novo \u00e1lbum de Rodrigo EBA! & T. Greguol","og_description":"Novo \u00e1lbum de T. Greguol","og_url":"https:\/\/www.tgreguol.com.br\/blog\/comequie-novo-album-de-rodrigo-eba-t-greguol\/","og_site_name":"T. Greguol","article_publisher":"https:\/\/www.facebook.com\/tgreguol","article_modified_time":"2026-01-14T18:17:23+00:00","og_image":[{"width":1000,"height":568,"url":"https:\/\/www.tgreguol.com.br\/blog\/wp-content\/uploads\/2018\/09\/arte-clipe-youtube.jpg","type":"image\/jpeg"}],"twitter_card":"summary_large_image","twitter_site":"@katarse","twitter_misc":{"Est. tempo de leitura":"3 minutos"},"schema":{"@context":"https:\/\/schema.org","@graph":[{"@type":"WebPage","@id":"https:\/\/www.tgreguol.com.br\/blog\/comequie-novo-album-de-rodrigo-eba-t-greguol\/","url":"https:\/\/www.tgreguol.com.br\/blog\/comequie-novo-album-de-rodrigo-eba-t-greguol\/","name":"Com\u00e9qui\u00e9? - \u00c1lbum de Rodrigo EBA! & T. Greguol - T. Greguol","isPartOf":{"@id":"https:\/\/www.tgreguol.com.br\/blog\/#website"},"primaryImageOfPage":{"@id":"https:\/\/www.tgreguol.com.br\/blog\/comequie-novo-album-de-rodrigo-eba-t-greguol\/#primaryimage"},"image":{"@id":"https:\/\/www.tgreguol.com.br\/blog\/comequie-novo-album-de-rodrigo-eba-t-greguol\/#primaryimage"},"thumbnailUrl":"https:\/\/www.tgreguol.com.br\/blog\/wp-content\/uploads\/2018\/09\/arte-clipe-youtube.jpg","datePublished":"2018-08-28T12:52:33+00:00","dateModified":"2026-01-14T18:17:23+00:00","breadcrumb":{"@id":"https:\/\/www.tgreguol.com.br\/blog\/comequie-novo-album-de-rodrigo-eba-t-greguol\/#breadcrumb"},"inLanguage":"pt-BR","potentialAction":[{"@type":"ReadAction","target":["https:\/\/www.tgreguol.com.br\/blog\/comequie-novo-album-de-rodrigo-eba-t-greguol\/"]}]},{"@type":"ImageObject","inLanguage":"pt-BR","@id":"https:\/\/www.tgreguol.com.br\/blog\/comequie-novo-album-de-rodrigo-eba-t-greguol\/#primaryimage","url":"https:\/\/www.tgreguol.com.br\/blog\/wp-content\/uploads\/2018\/09\/arte-clipe-youtube.jpg","contentUrl":"https:\/\/www.tgreguol.com.br\/blog\/wp-content\/uploads\/2018\/09\/arte-clipe-youtube.jpg","width":1000,"height":568},{"@type":"BreadcrumbList","@id":"https:\/\/www.tgreguol.com.br\/blog\/comequie-novo-album-de-rodrigo-eba-t-greguol\/#breadcrumb","itemListElement":[{"@type":"ListItem","position":1,"name":"In\u00edcio","item":"https:\/\/www.tgreguol.com.br\/blog\/"},{"@type":"ListItem","position":2,"name":"Com\u00e9qui\u00e9? &#8211; \u00c1lbum de Rodrigo EBA! &#038; T. Greguol"}]},{"@type":"WebSite","@id":"https:\/\/www.tgreguol.com.br\/blog\/#website","url":"https:\/\/www.tgreguol.com.br\/blog\/","name":"T. Greguol","description":"Imaginador","potentialAction":[{"@type":"SearchAction","target":{"@type":"EntryPoint","urlTemplate":"https:\/\/www.tgreguol.com.br\/blog\/?s={search_term_string}"},"query-input":{"@type":"PropertyValueSpecification","valueRequired":true,"valueName":"search_term_string"}}],"inLanguage":"pt-BR"}]}},"_links":{"self":[{"href":"https:\/\/www.tgreguol.com.br\/blog\/wp-json\/wp\/v2\/pages\/2309","targetHints":{"allow":["GET"]}}],"collection":[{"href":"https:\/\/www.tgreguol.com.br\/blog\/wp-json\/wp\/v2\/pages"}],"about":[{"href":"https:\/\/www.tgreguol.com.br\/blog\/wp-json\/wp\/v2\/types\/page"}],"author":[{"embeddable":true,"href":"https:\/\/www.tgreguol.com.br\/blog\/wp-json\/wp\/v2\/users\/1"}],"replies":[{"embeddable":true,"href":"https:\/\/www.tgreguol.com.br\/blog\/wp-json\/wp\/v2\/comments?post=2309"}],"version-history":[{"count":33,"href":"https:\/\/www.tgreguol.com.br\/blog\/wp-json\/wp\/v2\/pages\/2309\/revisions"}],"predecessor-version":[{"id":3808,"href":"https:\/\/www.tgreguol.com.br\/blog\/wp-json\/wp\/v2\/pages\/2309\/revisions\/3808"}],"wp:featuredmedia":[{"embeddable":true,"href":"https:\/\/www.tgreguol.com.br\/blog\/wp-json\/wp\/v2\/media\/2386"}],"wp:attachment":[{"href":"https:\/\/www.tgreguol.com.br\/blog\/wp-json\/wp\/v2\/media?parent=2309"}],"curies":[{"name":"wp","href":"https:\/\/api.w.org\/{rel}","templated":true}]}}