{"id":2301,"date":"2018-08-28T12:07:37","date_gmt":"2018-08-28T12:07:37","guid":{"rendered":"https:\/\/www.tgreguol.com.br\/blog\/?page_id=2301"},"modified":"2018-09-03T19:54:02","modified_gmt":"2018-09-03T19:54:02","slug":"t-greguol-no-zud-cafe","status":"publish","type":"page","link":"https:\/\/www.tgreguol.com.br\/blog\/t-greguol-no-zud-cafe\/","title":{"rendered":"Exposi\u00e7\u00e3o de T. Greguol no ZUD Caf\u00e9"},"content":{"rendered":"<p><strong>Exposi\u00e7\u00e3o de trabalhos de T. Greguol no ZUD Caf\u00e9.<\/strong><\/p>\n<p><strong>Inicio:<\/strong> 18\/09\/2018 (<em>ter\u00e7a-feira<\/em>)<\/p>\n<p><strong>Encerramento:<\/strong> 07\/11\/2018 (<em>quarta-feira<\/em>)<\/p>\n<p><strong>Hor\u00e1rios:<\/strong> ter\u00e7a a s\u00e1bado, das 10h \u00e0s 19h.<\/p>\n<p><a href=\"https:\/\/www.facebook.com\/events\/262173491083374\/\" target=\"_blank\" rel=\"noopener\"><strong>Evento no Facebook<\/strong><\/a><\/p>\n<p><strong>Nesse per\u00edodo o caf\u00e9 abrir\u00e1 em 2 domingos:<\/strong> 30\/09 e 28\/10, das 10h \u00e0s 17h.<\/p>\n<p><span style=\"font-family: 'Droid Sans';\">O ZUD Caf\u00e9 trabalha com caf\u00e9s especiais, comidinhas artesanais, apoiando a arte independente nas suas diferentes formas, em um espa\u00e7o amplo para conversas, reuni\u00f5es e trabalhos, sempre com boa m\u00fasica rolando.<\/span><\/p>\n<p><a href=\"https:\/\/www.facebook.com\/zudcafe\/?fb_dtsg_ag=Adw2eN1pE5KyTCzZVKhHXuL1XAd6JipYqh1spHnoKrjXIQ%3AAdzTuxFbkrGjx1LjtTbWCFXkT4HnHZP7hO57AXR-L4aoqQ\" target=\"_blank\" rel=\"noopener\">ZUD no Facebook<\/a><br \/>\n<a href=\"https:\/\/www.instagram.com\/zudcafe\/\" target=\"_blank\" rel=\"noopener\">ZUD no Instagram<\/a><\/p>\n<p><a href=\"https:\/\/www.facebook.com\/zudcafe\/\"><strong>ZUD Caf\u00e9<\/strong><\/a><strong>:<\/strong> <a href=\"https:\/\/wego.here.com\/directions\/mix\/\/ZUD-Caf%C3%A9,-Rua-Bar%C3%A3o-de-Tatu%C3%AD,-377,-01226-030-S%C3%A3o-Paulo,-Brazil:e-eyJuYW1lIjoiWlVEIENhZlx1MDBlOSIsImFkZHJlc3MiOiJSdWEgQmFyXHUwMGUzbyBkZSBUYXR1XHUwMGVkLCAzNzcsIFNcdTAwZTNvIFBhdWxvIiwibGF0aXR1ZGUiOi0yMy41MzkzMywibG9uZ2l0dWRlIjotNDYuNjU0MjYsInByb3ZpZGVyTmFtZSI6ImZhY2Vib29rIiwicHJvdmlkZXJJZCI6MTkzNzg3ODE3ODQzOTkyfQ==?map=-23.53933,-46.65426,15,normal&amp;fb_locale=pt_BR\">Rua Bar\u00e3o de Tatu\u00ed, 377 &#8211;\u00a0S\u00e3o Paulo<\/a><br \/>\nTelefone: (11) 2769-3369<\/p>\n","protected":false},"excerpt":{"rendered":"<p>Exposi\u00e7\u00e3o de trabalhos de T. Greguol no ZUD Caf\u00e9. Inicio: \u2026<\/p>\n<p class=\"continue-reading-button\"> <a class=\"continue-reading-link\" href=\"https:\/\/www.tgreguol.com.br\/blog\/t-greguol-no-zud-cafe\/\">Leia Mais<i class=\"crycon-right-dir\"><\/i><\/a><\/p>\n","protected":false},"author":1,"featured_media":2307,"parent":0,"menu_order":0,"comment_status":"closed","ping_status":"closed","template":"","meta":{"nf_dc_page":"","_exactmetrics_skip_tracking":false,"_exactmetrics_sitenote_active":false,"_exactmetrics_sitenote_note":"","_exactmetrics_sitenote_category":0,"footnotes":""},"class_list":["post-2301","page","type-page","status-publish","has-post-thumbnail","hentry"],"yoast_head":"<!-- This site is optimized with the Yoast SEO plugin v27.5 - https:\/\/yoast.com\/product\/yoast-seo-wordpress\/ -->\n<title>Exposi\u00e7\u00e3o de T. Greguol no ZUD Caf\u00e9 - T. Greguol<\/title>\n<meta name=\"robots\" content=\"index, follow, max-snippet:-1, max-image-preview:large, max-video-preview:-1\" \/>\n<link rel=\"canonical\" href=\"https:\/\/www.tgreguol.com.br\/blog\/t-greguol-no-zud-cafe\/\" \/>\n<meta property=\"og:locale\" content=\"pt_BR\" \/>\n<meta property=\"og:type\" content=\"article\" \/>\n<meta property=\"og:title\" content=\"Exposi\u00e7\u00e3o de T. Greguol no ZUD Caf\u00e9\" \/>\n<meta property=\"og:description\" content=\"Exposi\u00e7\u00e3o de trabalhos de T. Greguol no ZUD Caf\u00e9. Dia 18 de Setembro de 2018.\" \/>\n<meta property=\"og:url\" content=\"https:\/\/www.tgreguol.com.br\/blog\/t-greguol-no-zud-cafe\/\" \/>\n<meta property=\"og:site_name\" content=\"T. Greguol\" \/>\n<meta property=\"article:publisher\" content=\"https:\/\/www.facebook.com\/tgreguol\" \/>\n<meta property=\"article:modified_time\" content=\"2018-09-03T19:54:02+00:00\" \/>\n<meta property=\"og:image\" content=\"https:\/\/i0.wp.com\/www.tgreguol.com.br\/blog\/wp-content\/uploads\/2018\/08\/zud-flyer.jpg?fit=500%2C283\" \/>\n\t<meta property=\"og:image:width\" content=\"500\" \/>\n\t<meta property=\"og:image:height\" content=\"283\" \/>\n\t<meta property=\"og:image:type\" content=\"image\/jpeg\" \/>\n<meta name=\"twitter:card\" content=\"summary_large_image\" \/>\n<meta name=\"twitter:site\" content=\"@katarse\" \/>\n<script type=\"application\/ld+json\" class=\"yoast-schema-graph\">{\"@context\":\"https:\\\/\\\/schema.org\",\"@graph\":[{\"@type\":\"WebPage\",\"@id\":\"https:\\\/\\\/www.tgreguol.com.br\\\/blog\\\/t-greguol-no-zud-cafe\\\/\",\"url\":\"https:\\\/\\\/www.tgreguol.com.br\\\/blog\\\/t-greguol-no-zud-cafe\\\/\",\"name\":\"Exposi\u00e7\u00e3o de T. Greguol no ZUD Caf\u00e9 - T. Greguol\",\"isPartOf\":{\"@id\":\"https:\\\/\\\/www.tgreguol.com.br\\\/blog\\\/#website\"},\"primaryImageOfPage\":{\"@id\":\"https:\\\/\\\/www.tgreguol.com.br\\\/blog\\\/t-greguol-no-zud-cafe\\\/#primaryimage\"},\"image\":{\"@id\":\"https:\\\/\\\/www.tgreguol.com.br\\\/blog\\\/t-greguol-no-zud-cafe\\\/#primaryimage\"},\"thumbnailUrl\":\"https:\\\/\\\/www.tgreguol.com.br\\\/blog\\\/wp-content\\\/uploads\\\/2018\\\/08\\\/zud-flyer.jpg\",\"datePublished\":\"2018-08-28T12:07:37+00:00\",\"dateModified\":\"2018-09-03T19:54:02+00:00\",\"breadcrumb\":{\"@id\":\"https:\\\/\\\/www.tgreguol.com.br\\\/blog\\\/t-greguol-no-zud-cafe\\\/#breadcrumb\"},\"inLanguage\":\"pt-BR\",\"potentialAction\":[{\"@type\":\"ReadAction\",\"target\":[\"https:\\\/\\\/www.tgreguol.com.br\\\/blog\\\/t-greguol-no-zud-cafe\\\/\"]}]},{\"@type\":\"ImageObject\",\"inLanguage\":\"pt-BR\",\"@id\":\"https:\\\/\\\/www.tgreguol.com.br\\\/blog\\\/t-greguol-no-zud-cafe\\\/#primaryimage\",\"url\":\"https:\\\/\\\/www.tgreguol.com.br\\\/blog\\\/wp-content\\\/uploads\\\/2018\\\/08\\\/zud-flyer.jpg\",\"contentUrl\":\"https:\\\/\\\/www.tgreguol.com.br\\\/blog\\\/wp-content\\\/uploads\\\/2018\\\/08\\\/zud-flyer.jpg\",\"width\":500,\"height\":283},{\"@type\":\"BreadcrumbList\",\"@id\":\"https:\\\/\\\/www.tgreguol.com.br\\\/blog\\\/t-greguol-no-zud-cafe\\\/#breadcrumb\",\"itemListElement\":[{\"@type\":\"ListItem\",\"position\":1,\"name\":\"In\u00edcio\",\"item\":\"https:\\\/\\\/www.tgreguol.com.br\\\/blog\\\/\"},{\"@type\":\"ListItem\",\"position\":2,\"name\":\"Exposi\u00e7\u00e3o de T. Greguol no ZUD Caf\u00e9\"}]},{\"@type\":\"WebSite\",\"@id\":\"https:\\\/\\\/www.tgreguol.com.br\\\/blog\\\/#website\",\"url\":\"https:\\\/\\\/www.tgreguol.com.br\\\/blog\\\/\",\"name\":\"T. Greguol\",\"description\":\"Imaginador\",\"potentialAction\":[{\"@type\":\"SearchAction\",\"target\":{\"@type\":\"EntryPoint\",\"urlTemplate\":\"https:\\\/\\\/www.tgreguol.com.br\\\/blog\\\/?s={search_term_string}\"},\"query-input\":{\"@type\":\"PropertyValueSpecification\",\"valueRequired\":true,\"valueName\":\"search_term_string\"}}],\"inLanguage\":\"pt-BR\"}]}<\/script>\n<!-- \/ Yoast SEO plugin. -->","yoast_head_json":{"title":"Exposi\u00e7\u00e3o de T. Greguol no ZUD Caf\u00e9 - T. Greguol","robots":{"index":"index","follow":"follow","max-snippet":"max-snippet:-1","max-image-preview":"max-image-preview:large","max-video-preview":"max-video-preview:-1"},"canonical":"https:\/\/www.tgreguol.com.br\/blog\/t-greguol-no-zud-cafe\/","og_locale":"pt_BR","og_type":"article","og_title":"Exposi\u00e7\u00e3o de T. Greguol no ZUD Caf\u00e9","og_description":"Exposi\u00e7\u00e3o de trabalhos de T. Greguol no ZUD Caf\u00e9. Dia 18 de Setembro de 2018.","og_url":"https:\/\/www.tgreguol.com.br\/blog\/t-greguol-no-zud-cafe\/","og_site_name":"T. Greguol","article_publisher":"https:\/\/www.facebook.com\/tgreguol","article_modified_time":"2018-09-03T19:54:02+00:00","og_image":[{"width":500,"height":283,"url":"https:\/\/i0.wp.com\/www.tgreguol.com.br\/blog\/wp-content\/uploads\/2018\/08\/zud-flyer.jpg?fit=500%2C283","type":"image\/jpeg"}],"twitter_card":"summary_large_image","twitter_site":"@katarse","schema":{"@context":"https:\/\/schema.org","@graph":[{"@type":"WebPage","@id":"https:\/\/www.tgreguol.com.br\/blog\/t-greguol-no-zud-cafe\/","url":"https:\/\/www.tgreguol.com.br\/blog\/t-greguol-no-zud-cafe\/","name":"Exposi\u00e7\u00e3o de T. Greguol no ZUD Caf\u00e9 - T. Greguol","isPartOf":{"@id":"https:\/\/www.tgreguol.com.br\/blog\/#website"},"primaryImageOfPage":{"@id":"https:\/\/www.tgreguol.com.br\/blog\/t-greguol-no-zud-cafe\/#primaryimage"},"image":{"@id":"https:\/\/www.tgreguol.com.br\/blog\/t-greguol-no-zud-cafe\/#primaryimage"},"thumbnailUrl":"https:\/\/www.tgreguol.com.br\/blog\/wp-content\/uploads\/2018\/08\/zud-flyer.jpg","datePublished":"2018-08-28T12:07:37+00:00","dateModified":"2018-09-03T19:54:02+00:00","breadcrumb":{"@id":"https:\/\/www.tgreguol.com.br\/blog\/t-greguol-no-zud-cafe\/#breadcrumb"},"inLanguage":"pt-BR","potentialAction":[{"@type":"ReadAction","target":["https:\/\/www.tgreguol.com.br\/blog\/t-greguol-no-zud-cafe\/"]}]},{"@type":"ImageObject","inLanguage":"pt-BR","@id":"https:\/\/www.tgreguol.com.br\/blog\/t-greguol-no-zud-cafe\/#primaryimage","url":"https:\/\/www.tgreguol.com.br\/blog\/wp-content\/uploads\/2018\/08\/zud-flyer.jpg","contentUrl":"https:\/\/www.tgreguol.com.br\/blog\/wp-content\/uploads\/2018\/08\/zud-flyer.jpg","width":500,"height":283},{"@type":"BreadcrumbList","@id":"https:\/\/www.tgreguol.com.br\/blog\/t-greguol-no-zud-cafe\/#breadcrumb","itemListElement":[{"@type":"ListItem","position":1,"name":"In\u00edcio","item":"https:\/\/www.tgreguol.com.br\/blog\/"},{"@type":"ListItem","position":2,"name":"Exposi\u00e7\u00e3o de T. Greguol no ZUD Caf\u00e9"}]},{"@type":"WebSite","@id":"https:\/\/www.tgreguol.com.br\/blog\/#website","url":"https:\/\/www.tgreguol.com.br\/blog\/","name":"T. Greguol","description":"Imaginador","potentialAction":[{"@type":"SearchAction","target":{"@type":"EntryPoint","urlTemplate":"https:\/\/www.tgreguol.com.br\/blog\/?s={search_term_string}"},"query-input":{"@type":"PropertyValueSpecification","valueRequired":true,"valueName":"search_term_string"}}],"inLanguage":"pt-BR"}]}},"_links":{"self":[{"href":"https:\/\/www.tgreguol.com.br\/blog\/wp-json\/wp\/v2\/pages\/2301","targetHints":{"allow":["GET"]}}],"collection":[{"href":"https:\/\/www.tgreguol.com.br\/blog\/wp-json\/wp\/v2\/pages"}],"about":[{"href":"https:\/\/www.tgreguol.com.br\/blog\/wp-json\/wp\/v2\/types\/page"}],"author":[{"embeddable":true,"href":"https:\/\/www.tgreguol.com.br\/blog\/wp-json\/wp\/v2\/users\/1"}],"replies":[{"embeddable":true,"href":"https:\/\/www.tgreguol.com.br\/blog\/wp-json\/wp\/v2\/comments?post=2301"}],"version-history":[{"count":7,"href":"https:\/\/www.tgreguol.com.br\/blog\/wp-json\/wp\/v2\/pages\/2301\/revisions"}],"predecessor-version":[{"id":2349,"href":"https:\/\/www.tgreguol.com.br\/blog\/wp-json\/wp\/v2\/pages\/2301\/revisions\/2349"}],"wp:featuredmedia":[{"embeddable":true,"href":"https:\/\/www.tgreguol.com.br\/blog\/wp-json\/wp\/v2\/media\/2307"}],"wp:attachment":[{"href":"https:\/\/www.tgreguol.com.br\/blog\/wp-json\/wp\/v2\/media?parent=2301"}],"curies":[{"name":"wp","href":"https:\/\/api.w.org\/{rel}","templated":true}]}}