{"id":2228,"date":"2018-05-16T12:08:13","date_gmt":"2018-05-16T12:08:13","guid":{"rendered":"https:\/\/www.tgreguol.com.br\/blog\/?page_id=2228"},"modified":"2018-05-16T14:24:50","modified_gmt":"2018-05-16T14:24:50","slug":"fantoches","status":"publish","type":"page","link":"https:\/\/www.tgreguol.com.br\/blog\/fantoches\/","title":{"rendered":"Fantoches"},"content":{"rendered":"<p><strong>CRIA\u00c7\u00c3O DE FANTOCHES<\/strong><\/p>\n<p>Fantoche \u00e9 um boneco animado, resultado da introdu\u00e7\u00e3o de uma das m\u00e3os numa esp\u00e9cie de luva, que tamb\u00e9m \u00e9 a cabe\u00e7a do boneco. A outra m\u00e3o suporta as varetas que movem os bra\u00e7os. Nessa oficina o participante construir\u00e1 seu fantoche desde o rascunho at\u00e9 o produto final.<\/p>\n<p><strong>Dura\u00e7\u00e3o do projeto:<\/strong>\u00a0a combinar.<\/p>\n<p><strong>N\u00famero de participantes:<\/strong>\u00a0a combinar.<\/p>\n<p><strong>Faixa et\u00e1ria:<\/strong> a partir de 8 anos.<\/p>\n<p><strong>Projeto de formatura:<\/strong> cada participante levar\u00e1 para casa seu fantoche.<\/p>\n<p><strong>Local: <\/strong>a decidir.<\/p>\n<p><strong>Material:<\/strong> tecido, pl\u00e1stico duro, cola quente, linha, agulha, espuma e materiais diversos, reutilizados ou novos, para a decora\u00e7\u00e3o do fantoche.<\/p>\n<p><strong>Curso:<\/strong><\/p>\n<ol>\n<li>Breve explica\u00e7\u00e3o e exemplos do que \u00e9 um fantoche.<\/li>\n<li>Imaginar e projetar no papel o fantoche que se deseja criar.<\/li>\n<li>Escolha e organiza\u00e7\u00e3o de materiais.<\/li>\n<li>Confec\u00e7\u00e3o.<\/li>\n<\/ol>\n<p><strong>EXEMPLO DE FANTOCHES A SEREM PRODUZIDOS:<\/strong> <a href=\"https:\/\/goo.gl\/hqe1Di\">https:\/\/goo.gl\/hqe1Di<\/a><\/p>\n<p><strong>L\u00edngua:<\/strong> Portugu\u00eas e Ingl\u00eas<\/p>\n<p><a href=\"https:\/\/www.tgreguol.com.br\/blog\/contato\/\"><em><strong>Contato<\/strong><\/em><\/a><\/p>\n","protected":false},"excerpt":{"rendered":"<p>CRIA\u00c7\u00c3O DE FANTOCHES Fantoche \u00e9 um boneco animado, resultado da \u2026<\/p>\n<p class=\"continue-reading-button\"> <a class=\"continue-reading-link\" href=\"https:\/\/www.tgreguol.com.br\/blog\/fantoches\/\">Leia Mais<i class=\"crycon-right-dir\"><\/i><\/a><\/p>\n","protected":false},"author":1,"featured_media":0,"parent":0,"menu_order":0,"comment_status":"closed","ping_status":"closed","template":"","meta":{"nf_dc_page":"","_exactmetrics_skip_tracking":false,"_exactmetrics_sitenote_active":false,"_exactmetrics_sitenote_note":"","_exactmetrics_sitenote_category":0,"footnotes":""},"class_list":["post-2228","page","type-page","status-publish","hentry"],"yoast_head":"<!-- This site is optimized with the Yoast SEO plugin v27.5 - https:\/\/yoast.com\/product\/yoast-seo-wordpress\/ -->\n<title>Fantoches - T. Greguol<\/title>\n<meta name=\"robots\" content=\"index, follow, max-snippet:-1, max-image-preview:large, max-video-preview:-1\" \/>\n<link rel=\"canonical\" href=\"https:\/\/www.tgreguol.com.br\/blog\/fantoches\/\" \/>\n<meta property=\"og:locale\" content=\"pt_BR\" \/>\n<meta property=\"og:type\" content=\"article\" \/>\n<meta property=\"og:title\" content=\"Fantoches - T. Greguol\" \/>\n<meta property=\"og:description\" content=\"CRIA\u00c7\u00c3O DE FANTOCHES Fantoche \u00e9 um boneco animado, resultado da \u2026 Leia Mais\" \/>\n<meta property=\"og:url\" content=\"https:\/\/www.tgreguol.com.br\/blog\/fantoches\/\" \/>\n<meta property=\"og:site_name\" content=\"T. Greguol\" \/>\n<meta property=\"article:publisher\" content=\"https:\/\/www.facebook.com\/tgreguol\" \/>\n<meta property=\"article:modified_time\" content=\"2018-05-16T14:24:50+00:00\" \/>\n<meta name=\"twitter:card\" content=\"summary_large_image\" \/>\n<meta name=\"twitter:site\" content=\"@katarse\" \/>\n<meta name=\"twitter:label1\" content=\"Est. tempo de leitura\" \/>\n\t<meta name=\"twitter:data1\" content=\"1 minuto\" \/>\n<script type=\"application\/ld+json\" class=\"yoast-schema-graph\">{\"@context\":\"https:\\\/\\\/schema.org\",\"@graph\":[{\"@type\":\"WebPage\",\"@id\":\"https:\\\/\\\/www.tgreguol.com.br\\\/blog\\\/fantoches\\\/\",\"url\":\"https:\\\/\\\/www.tgreguol.com.br\\\/blog\\\/fantoches\\\/\",\"name\":\"Fantoches - T. Greguol\",\"isPartOf\":{\"@id\":\"https:\\\/\\\/www.tgreguol.com.br\\\/blog\\\/#website\"},\"datePublished\":\"2018-05-16T12:08:13+00:00\",\"dateModified\":\"2018-05-16T14:24:50+00:00\",\"breadcrumb\":{\"@id\":\"https:\\\/\\\/www.tgreguol.com.br\\\/blog\\\/fantoches\\\/#breadcrumb\"},\"inLanguage\":\"pt-BR\",\"potentialAction\":[{\"@type\":\"ReadAction\",\"target\":[\"https:\\\/\\\/www.tgreguol.com.br\\\/blog\\\/fantoches\\\/\"]}]},{\"@type\":\"BreadcrumbList\",\"@id\":\"https:\\\/\\\/www.tgreguol.com.br\\\/blog\\\/fantoches\\\/#breadcrumb\",\"itemListElement\":[{\"@type\":\"ListItem\",\"position\":1,\"name\":\"In\u00edcio\",\"item\":\"https:\\\/\\\/www.tgreguol.com.br\\\/blog\\\/\"},{\"@type\":\"ListItem\",\"position\":2,\"name\":\"Fantoches\"}]},{\"@type\":\"WebSite\",\"@id\":\"https:\\\/\\\/www.tgreguol.com.br\\\/blog\\\/#website\",\"url\":\"https:\\\/\\\/www.tgreguol.com.br\\\/blog\\\/\",\"name\":\"T. Greguol\",\"description\":\"Imaginador\",\"potentialAction\":[{\"@type\":\"SearchAction\",\"target\":{\"@type\":\"EntryPoint\",\"urlTemplate\":\"https:\\\/\\\/www.tgreguol.com.br\\\/blog\\\/?s={search_term_string}\"},\"query-input\":{\"@type\":\"PropertyValueSpecification\",\"valueRequired\":true,\"valueName\":\"search_term_string\"}}],\"inLanguage\":\"pt-BR\"}]}<\/script>\n<!-- \/ Yoast SEO plugin. -->","yoast_head_json":{"title":"Fantoches - T. Greguol","robots":{"index":"index","follow":"follow","max-snippet":"max-snippet:-1","max-image-preview":"max-image-preview:large","max-video-preview":"max-video-preview:-1"},"canonical":"https:\/\/www.tgreguol.com.br\/blog\/fantoches\/","og_locale":"pt_BR","og_type":"article","og_title":"Fantoches - T. Greguol","og_description":"CRIA\u00c7\u00c3O DE FANTOCHES Fantoche \u00e9 um boneco animado, resultado da \u2026 Leia Mais","og_url":"https:\/\/www.tgreguol.com.br\/blog\/fantoches\/","og_site_name":"T. Greguol","article_publisher":"https:\/\/www.facebook.com\/tgreguol","article_modified_time":"2018-05-16T14:24:50+00:00","twitter_card":"summary_large_image","twitter_site":"@katarse","twitter_misc":{"Est. tempo de leitura":"1 minuto"},"schema":{"@context":"https:\/\/schema.org","@graph":[{"@type":"WebPage","@id":"https:\/\/www.tgreguol.com.br\/blog\/fantoches\/","url":"https:\/\/www.tgreguol.com.br\/blog\/fantoches\/","name":"Fantoches - T. Greguol","isPartOf":{"@id":"https:\/\/www.tgreguol.com.br\/blog\/#website"},"datePublished":"2018-05-16T12:08:13+00:00","dateModified":"2018-05-16T14:24:50+00:00","breadcrumb":{"@id":"https:\/\/www.tgreguol.com.br\/blog\/fantoches\/#breadcrumb"},"inLanguage":"pt-BR","potentialAction":[{"@type":"ReadAction","target":["https:\/\/www.tgreguol.com.br\/blog\/fantoches\/"]}]},{"@type":"BreadcrumbList","@id":"https:\/\/www.tgreguol.com.br\/blog\/fantoches\/#breadcrumb","itemListElement":[{"@type":"ListItem","position":1,"name":"In\u00edcio","item":"https:\/\/www.tgreguol.com.br\/blog\/"},{"@type":"ListItem","position":2,"name":"Fantoches"}]},{"@type":"WebSite","@id":"https:\/\/www.tgreguol.com.br\/blog\/#website","url":"https:\/\/www.tgreguol.com.br\/blog\/","name":"T. Greguol","description":"Imaginador","potentialAction":[{"@type":"SearchAction","target":{"@type":"EntryPoint","urlTemplate":"https:\/\/www.tgreguol.com.br\/blog\/?s={search_term_string}"},"query-input":{"@type":"PropertyValueSpecification","valueRequired":true,"valueName":"search_term_string"}}],"inLanguage":"pt-BR"}]}},"_links":{"self":[{"href":"https:\/\/www.tgreguol.com.br\/blog\/wp-json\/wp\/v2\/pages\/2228","targetHints":{"allow":["GET"]}}],"collection":[{"href":"https:\/\/www.tgreguol.com.br\/blog\/wp-json\/wp\/v2\/pages"}],"about":[{"href":"https:\/\/www.tgreguol.com.br\/blog\/wp-json\/wp\/v2\/types\/page"}],"author":[{"embeddable":true,"href":"https:\/\/www.tgreguol.com.br\/blog\/wp-json\/wp\/v2\/users\/1"}],"replies":[{"embeddable":true,"href":"https:\/\/www.tgreguol.com.br\/blog\/wp-json\/wp\/v2\/comments?post=2228"}],"version-history":[{"count":2,"href":"https:\/\/www.tgreguol.com.br\/blog\/wp-json\/wp\/v2\/pages\/2228\/revisions"}],"predecessor-version":[{"id":2240,"href":"https:\/\/www.tgreguol.com.br\/blog\/wp-json\/wp\/v2\/pages\/2228\/revisions\/2240"}],"wp:attachment":[{"href":"https:\/\/www.tgreguol.com.br\/blog\/wp-json\/wp\/v2\/media?parent=2228"}],"curies":[{"name":"wp","href":"https:\/\/api.w.org\/{rel}","templated":true}]}}