{"id":2189,"date":"2018-03-28T14:43:55","date_gmt":"2018-03-28T14:43:55","guid":{"rendered":"https:\/\/www.tgreguol.com.br\/blog\/?page_id=2189"},"modified":"2024-07-02T14:15:59","modified_gmt":"2024-07-02T14:15:59","slug":"t-rinhas","status":"publish","type":"page","link":"https:\/\/www.tgreguol.com.br\/blog\/t-rinhas\/","title":{"rendered":"T-Rinhas"},"content":{"rendered":"\n<p>T-Rinhas s\u00e3o micro coment\u00e1rios a respeito de comportamentos, valores, sentimentos, etc, usando c\u00f3digos verbais e n\u00e3o-verbais.<\/p>\n\n\n\n<p><a href=\"https:\/\/www.flickr.com\/photos\/107304083@N07\/albums\/72157689259091860\/with\/41031042382\"><img loading=\"lazy\" decoding=\"async\" width=\"150\" height=\"84\" class=\"wp-image-3603\" style=\"width: 150px;\" src=\"https:\/\/www.tgreguol.com.br\/blog\/wp-content\/uploads\/2024\/07\/26202473967_0b38433bab_o.jpg\" alt=\"\" srcset=\"https:\/\/www.tgreguol.com.br\/blog\/wp-content\/uploads\/2024\/07\/26202473967_0b38433bab_o.jpg 2000w, https:\/\/www.tgreguol.com.br\/blog\/wp-content\/uploads\/2024\/07\/26202473967_0b38433bab_o-300x169.jpg 300w, https:\/\/www.tgreguol.com.br\/blog\/wp-content\/uploads\/2024\/07\/26202473967_0b38433bab_o-1024x576.jpg 1024w, https:\/\/www.tgreguol.com.br\/blog\/wp-content\/uploads\/2024\/07\/26202473967_0b38433bab_o-768x432.jpg 768w, https:\/\/www.tgreguol.com.br\/blog\/wp-content\/uploads\/2024\/07\/26202473967_0b38433bab_o-1536x864.jpg 1536w, https:\/\/www.tgreguol.com.br\/blog\/wp-content\/uploads\/2024\/07\/26202473967_0b38433bab_o-150x84.jpg 150w\" sizes=\"auto, (max-width: 150px) 100vw, 150px\" \/><\/a><\/p>\n","protected":false},"excerpt":{"rendered":"<p>T-Rinhas s\u00e3o micro coment\u00e1rios a respeito de comportamentos, valores, sentimentos, \u2026<\/p>\n<p class=\"continue-reading-button\"> <a class=\"continue-reading-link\" href=\"https:\/\/www.tgreguol.com.br\/blog\/t-rinhas\/\">Leia Mais<i class=\"crycon-right-dir\"><\/i><\/a><\/p>\n","protected":false},"author":1,"featured_media":2191,"parent":0,"menu_order":0,"comment_status":"closed","ping_status":"closed","template":"","meta":{"nf_dc_page":"","_exactmetrics_skip_tracking":false,"_exactmetrics_sitenote_active":false,"_exactmetrics_sitenote_note":"","_exactmetrics_sitenote_category":0,"footnotes":""},"class_list":["post-2189","page","type-page","status-publish","has-post-thumbnail","hentry"],"yoast_head":"<!-- This site is optimized with the Yoast SEO plugin v27.5 - https:\/\/yoast.com\/product\/yoast-seo-wordpress\/ -->\n<title>T-Rinhas - T. Greguol<\/title>\n<meta name=\"robots\" content=\"index, follow, max-snippet:-1, max-image-preview:large, max-video-preview:-1\" \/>\n<link rel=\"canonical\" href=\"https:\/\/www.tgreguol.com.br\/blog\/t-rinhas\/\" \/>\n<meta property=\"og:locale\" content=\"pt_BR\" \/>\n<meta property=\"og:type\" content=\"article\" \/>\n<meta property=\"og:title\" content=\"T-Rinhas de T. Greguol\" \/>\n<meta property=\"og:description\" content=\"T-Rinhas s\u00e3o micro coment\u00e1rios a respeito de comportamentos, valores, sentimentos, \u2026 Leia Mais\" \/>\n<meta property=\"og:url\" content=\"https:\/\/www.tgreguol.com.br\/blog\/t-rinhas\/\" \/>\n<meta property=\"og:site_name\" content=\"T. Greguol\" \/>\n<meta property=\"article:publisher\" content=\"https:\/\/www.facebook.com\/tgreguol\" \/>\n<meta property=\"article:modified_time\" content=\"2024-07-02T14:15:59+00:00\" \/>\n<meta property=\"og:image\" content=\"https:\/\/i0.wp.com\/www.tgreguol.com.br\/blog\/wp-content\/uploads\/2018\/03\/Acordando-Copia.jpg?fit=2000%2C1125\" \/>\n\t<meta property=\"og:image:width\" content=\"2000\" \/>\n\t<meta property=\"og:image:height\" content=\"1125\" \/>\n\t<meta property=\"og:image:type\" content=\"image\/jpeg\" \/>\n<meta name=\"twitter:card\" content=\"summary_large_image\" \/>\n<meta name=\"twitter:site\" content=\"@katarse\" \/>\n<meta name=\"twitter:label1\" content=\"Est. tempo de leitura\" \/>\n\t<meta name=\"twitter:data1\" content=\"1 minuto\" \/>\n<script type=\"application\/ld+json\" class=\"yoast-schema-graph\">{\"@context\":\"https:\\\/\\\/schema.org\",\"@graph\":[{\"@type\":\"WebPage\",\"@id\":\"https:\\\/\\\/www.tgreguol.com.br\\\/blog\\\/t-rinhas\\\/\",\"url\":\"https:\\\/\\\/www.tgreguol.com.br\\\/blog\\\/t-rinhas\\\/\",\"name\":\"T-Rinhas - T. Greguol\",\"isPartOf\":{\"@id\":\"https:\\\/\\\/www.tgreguol.com.br\\\/blog\\\/#website\"},\"primaryImageOfPage\":{\"@id\":\"https:\\\/\\\/www.tgreguol.com.br\\\/blog\\\/t-rinhas\\\/#primaryimage\"},\"image\":{\"@id\":\"https:\\\/\\\/www.tgreguol.com.br\\\/blog\\\/t-rinhas\\\/#primaryimage\"},\"thumbnailUrl\":\"https:\\\/\\\/www.tgreguol.com.br\\\/blog\\\/wp-content\\\/uploads\\\/2018\\\/03\\\/Acordando-Copia.jpg\",\"datePublished\":\"2018-03-28T14:43:55+00:00\",\"dateModified\":\"2024-07-02T14:15:59+00:00\",\"breadcrumb\":{\"@id\":\"https:\\\/\\\/www.tgreguol.com.br\\\/blog\\\/t-rinhas\\\/#breadcrumb\"},\"inLanguage\":\"pt-BR\",\"potentialAction\":[{\"@type\":\"ReadAction\",\"target\":[\"https:\\\/\\\/www.tgreguol.com.br\\\/blog\\\/t-rinhas\\\/\"]}]},{\"@type\":\"ImageObject\",\"inLanguage\":\"pt-BR\",\"@id\":\"https:\\\/\\\/www.tgreguol.com.br\\\/blog\\\/t-rinhas\\\/#primaryimage\",\"url\":\"https:\\\/\\\/www.tgreguol.com.br\\\/blog\\\/wp-content\\\/uploads\\\/2018\\\/03\\\/Acordando-Copia.jpg\",\"contentUrl\":\"https:\\\/\\\/www.tgreguol.com.br\\\/blog\\\/wp-content\\\/uploads\\\/2018\\\/03\\\/Acordando-Copia.jpg\",\"width\":2000,\"height\":1125},{\"@type\":\"BreadcrumbList\",\"@id\":\"https:\\\/\\\/www.tgreguol.com.br\\\/blog\\\/t-rinhas\\\/#breadcrumb\",\"itemListElement\":[{\"@type\":\"ListItem\",\"position\":1,\"name\":\"In\u00edcio\",\"item\":\"https:\\\/\\\/www.tgreguol.com.br\\\/blog\\\/\"},{\"@type\":\"ListItem\",\"position\":2,\"name\":\"T-Rinhas\"}]},{\"@type\":\"WebSite\",\"@id\":\"https:\\\/\\\/www.tgreguol.com.br\\\/blog\\\/#website\",\"url\":\"https:\\\/\\\/www.tgreguol.com.br\\\/blog\\\/\",\"name\":\"T. Greguol\",\"description\":\"Imaginador\",\"potentialAction\":[{\"@type\":\"SearchAction\",\"target\":{\"@type\":\"EntryPoint\",\"urlTemplate\":\"https:\\\/\\\/www.tgreguol.com.br\\\/blog\\\/?s={search_term_string}\"},\"query-input\":{\"@type\":\"PropertyValueSpecification\",\"valueRequired\":true,\"valueName\":\"search_term_string\"}}],\"inLanguage\":\"pt-BR\"}]}<\/script>\n<!-- \/ Yoast SEO plugin. -->","yoast_head_json":{"title":"T-Rinhas - T. Greguol","robots":{"index":"index","follow":"follow","max-snippet":"max-snippet:-1","max-image-preview":"max-image-preview:large","max-video-preview":"max-video-preview:-1"},"canonical":"https:\/\/www.tgreguol.com.br\/blog\/t-rinhas\/","og_locale":"pt_BR","og_type":"article","og_title":"T-Rinhas de T. Greguol","og_description":"T-Rinhas s\u00e3o micro coment\u00e1rios a respeito de comportamentos, valores, sentimentos, \u2026 Leia Mais","og_url":"https:\/\/www.tgreguol.com.br\/blog\/t-rinhas\/","og_site_name":"T. Greguol","article_publisher":"https:\/\/www.facebook.com\/tgreguol","article_modified_time":"2024-07-02T14:15:59+00:00","og_image":[{"width":2000,"height":1125,"url":"https:\/\/i0.wp.com\/www.tgreguol.com.br\/blog\/wp-content\/uploads\/2018\/03\/Acordando-Copia.jpg?fit=2000%2C1125","type":"image\/jpeg"}],"twitter_card":"summary_large_image","twitter_site":"@katarse","twitter_misc":{"Est. tempo de leitura":"1 minuto"},"schema":{"@context":"https:\/\/schema.org","@graph":[{"@type":"WebPage","@id":"https:\/\/www.tgreguol.com.br\/blog\/t-rinhas\/","url":"https:\/\/www.tgreguol.com.br\/blog\/t-rinhas\/","name":"T-Rinhas - T. Greguol","isPartOf":{"@id":"https:\/\/www.tgreguol.com.br\/blog\/#website"},"primaryImageOfPage":{"@id":"https:\/\/www.tgreguol.com.br\/blog\/t-rinhas\/#primaryimage"},"image":{"@id":"https:\/\/www.tgreguol.com.br\/blog\/t-rinhas\/#primaryimage"},"thumbnailUrl":"https:\/\/www.tgreguol.com.br\/blog\/wp-content\/uploads\/2018\/03\/Acordando-Copia.jpg","datePublished":"2018-03-28T14:43:55+00:00","dateModified":"2024-07-02T14:15:59+00:00","breadcrumb":{"@id":"https:\/\/www.tgreguol.com.br\/blog\/t-rinhas\/#breadcrumb"},"inLanguage":"pt-BR","potentialAction":[{"@type":"ReadAction","target":["https:\/\/www.tgreguol.com.br\/blog\/t-rinhas\/"]}]},{"@type":"ImageObject","inLanguage":"pt-BR","@id":"https:\/\/www.tgreguol.com.br\/blog\/t-rinhas\/#primaryimage","url":"https:\/\/www.tgreguol.com.br\/blog\/wp-content\/uploads\/2018\/03\/Acordando-Copia.jpg","contentUrl":"https:\/\/www.tgreguol.com.br\/blog\/wp-content\/uploads\/2018\/03\/Acordando-Copia.jpg","width":2000,"height":1125},{"@type":"BreadcrumbList","@id":"https:\/\/www.tgreguol.com.br\/blog\/t-rinhas\/#breadcrumb","itemListElement":[{"@type":"ListItem","position":1,"name":"In\u00edcio","item":"https:\/\/www.tgreguol.com.br\/blog\/"},{"@type":"ListItem","position":2,"name":"T-Rinhas"}]},{"@type":"WebSite","@id":"https:\/\/www.tgreguol.com.br\/blog\/#website","url":"https:\/\/www.tgreguol.com.br\/blog\/","name":"T. Greguol","description":"Imaginador","potentialAction":[{"@type":"SearchAction","target":{"@type":"EntryPoint","urlTemplate":"https:\/\/www.tgreguol.com.br\/blog\/?s={search_term_string}"},"query-input":{"@type":"PropertyValueSpecification","valueRequired":true,"valueName":"search_term_string"}}],"inLanguage":"pt-BR"}]}},"_links":{"self":[{"href":"https:\/\/www.tgreguol.com.br\/blog\/wp-json\/wp\/v2\/pages\/2189","targetHints":{"allow":["GET"]}}],"collection":[{"href":"https:\/\/www.tgreguol.com.br\/blog\/wp-json\/wp\/v2\/pages"}],"about":[{"href":"https:\/\/www.tgreguol.com.br\/blog\/wp-json\/wp\/v2\/types\/page"}],"author":[{"embeddable":true,"href":"https:\/\/www.tgreguol.com.br\/blog\/wp-json\/wp\/v2\/users\/1"}],"replies":[{"embeddable":true,"href":"https:\/\/www.tgreguol.com.br\/blog\/wp-json\/wp\/v2\/comments?post=2189"}],"version-history":[{"count":4,"href":"https:\/\/www.tgreguol.com.br\/blog\/wp-json\/wp\/v2\/pages\/2189\/revisions"}],"predecessor-version":[{"id":3604,"href":"https:\/\/www.tgreguol.com.br\/blog\/wp-json\/wp\/v2\/pages\/2189\/revisions\/3604"}],"wp:featuredmedia":[{"embeddable":true,"href":"https:\/\/www.tgreguol.com.br\/blog\/wp-json\/wp\/v2\/media\/2191"}],"wp:attachment":[{"href":"https:\/\/www.tgreguol.com.br\/blog\/wp-json\/wp\/v2\/media?parent=2189"}],"curies":[{"name":"wp","href":"https:\/\/api.w.org\/{rel}","templated":true}]}}