{"id":2177,"date":"2018-03-23T14:10:02","date_gmt":"2018-03-23T14:10:02","guid":{"rendered":"https:\/\/www.tgreguol.com.br\/blog\/?page_id=2177"},"modified":"2018-12-07T12:42:04","modified_gmt":"2018-12-07T12:42:04","slug":"no-futuro-isso-ja-e-passado","status":"publish","type":"page","link":"https:\/\/www.tgreguol.com.br\/blog\/no-futuro-isso-ja-e-passado\/","title":{"rendered":"&#8220;No Futuro Isso J\u00e1 \u00e9 Passado&#8221;"},"content":{"rendered":"<p>Exposi\u00e7\u00e3o de T. Greguol que conta com diversos trabalhos in\u00e9ditos.<\/p>\n<p>De 11 de Abril at\u00e9 9 de Maio de 2018 na <a href=\"https:\/\/goo.gl\/Rn2stf\" target=\"_blank\" rel=\"noopener\">Casa da Luz<\/a>.<\/p>\n<p>&#8220;<a href=\"https:\/\/www.facebook.com\/events\/178323096294436\/\" target=\"_blank\" rel=\"noopener\">No futuro isso j\u00e1 \u00e9 passado<\/a>&#8221;<\/p>\n<p>Um momento instant\u00e2neo de pensamentos infinitos. Monstros podem aterrorizar, mas tamb\u00e9m confortar ou dar um toque. Seus espirais, olhos, bocas e dentes afiados nos contam sobre sabedoria, fatalidades ou sobre o tempo. O tempo que n\u00e3o existe mas vai continuar passando, nos guiando, nos enganando e ainda assim nos encantando.<\/p>\n<p>T. Greguol conhece muito bem cada um de seus monstros e \u00e9 o comunicador de suas mensagens. Encontra meios diversos para dizer o que eles dizem: elementos inesperados expressando coisas monstruosamente importantes e elementares pra nossa exist\u00eancia.<\/p>\n<p>Essas criaturas que nos falam sobre o tempo s\u00e3o o pr\u00f3prio tempo: o tempo que nos dispomos a ouvi-las e a cri\u00e1-las. Aqui temos uma amostra do que elas podem nos dizer.<\/p>\n<p>Um momento instant\u00e2neo de pensamentos infinitos.<\/p>\n<p>Que j\u00e1 passou mas que ainda estamos pra ver.<\/p>\n<p style=\"text-align: right;\"><a href=\"http:\/\/www.rodrigoeba.com.br\" target=\"_blank\" rel=\"noopener\">Rodrigo EBA!<\/a>, Abril de 2018<\/p>\n<p>Divulga\u00e7\u00e3o:<br \/>\n&#8211; <a href=\"https:\/\/goo.gl\/k3J2pW\" target=\"_blank\" rel=\"noopener\">Sampa On Line<\/a><\/p>\n<p><iframe loading=\"lazy\" width=\"900\" height=\"506\" src=\"https:\/\/www.youtube.com\/embed\/PXhuaQH5Oiw?feature=oembed\" frameborder=\"0\" allow=\"accelerometer; autoplay; encrypted-media; gyroscope; picture-in-picture\" allowfullscreen><\/iframe><\/p>\n<p>&nbsp;<\/p>\n","protected":false},"excerpt":{"rendered":"<p>Exposi\u00e7\u00e3o de T. Greguol que conta com diversos trabalhos in\u00e9ditos. \u2026<\/p>\n<p class=\"continue-reading-button\"> <a class=\"continue-reading-link\" href=\"https:\/\/www.tgreguol.com.br\/blog\/no-futuro-isso-ja-e-passado\/\">Leia Mais<i class=\"crycon-right-dir\"><\/i><\/a><\/p>\n","protected":false},"author":1,"featured_media":0,"parent":0,"menu_order":0,"comment_status":"closed","ping_status":"closed","template":"","meta":{"nf_dc_page":"","_exactmetrics_skip_tracking":false,"_exactmetrics_sitenote_active":false,"_exactmetrics_sitenote_note":"","_exactmetrics_sitenote_category":0,"footnotes":""},"class_list":["post-2177","page","type-page","status-publish","hentry"],"yoast_head":"<!-- This site is optimized with the Yoast SEO plugin v27.5 - https:\/\/yoast.com\/product\/yoast-seo-wordpress\/ -->\n<title>&quot;No Futuro Isso J\u00e1 \u00e9 Passado&quot; - T. Greguol<\/title>\n<meta name=\"robots\" content=\"index, follow, max-snippet:-1, max-image-preview:large, max-video-preview:-1\" \/>\n<link rel=\"canonical\" href=\"https:\/\/www.tgreguol.com.br\/blog\/no-futuro-isso-ja-e-passado\/\" \/>\n<meta property=\"og:locale\" content=\"pt_BR\" \/>\n<meta property=\"og:type\" content=\"article\" \/>\n<meta property=\"og:title\" content=\"&quot;No Futuro Isso J\u00e1 \u00c9 Passado&quot; na Casa da Luz\" \/>\n<meta property=\"og:description\" content=\"Exposi\u00e7\u00e3o Abril de 2018\" \/>\n<meta property=\"og:url\" content=\"https:\/\/www.tgreguol.com.br\/blog\/no-futuro-isso-ja-e-passado\/\" \/>\n<meta property=\"og:site_name\" content=\"T. Greguol\" \/>\n<meta property=\"article:publisher\" content=\"https:\/\/www.facebook.com\/tgreguol\" \/>\n<meta property=\"article:modified_time\" content=\"2018-12-07T12:42:04+00:00\" \/>\n<meta property=\"og:image\" content=\"https:\/\/i0.wp.com\/www.tgreguol.com.br\/blog\/wp-content\/uploads\/2018\/05\/casa-da-luz-flyer.jpg?fit=1952%2C1388\" \/>\n\t<meta property=\"og:image:width\" content=\"1952\" \/>\n\t<meta property=\"og:image:height\" content=\"1388\" \/>\n\t<meta property=\"og:image:type\" content=\"image\/jpeg\" \/>\n<meta name=\"twitter:card\" content=\"summary_large_image\" \/>\n<meta name=\"twitter:site\" content=\"@katarse\" \/>\n<meta name=\"twitter:label1\" content=\"Est. tempo de leitura\" \/>\n\t<meta name=\"twitter:data1\" content=\"1 minuto\" \/>\n<script type=\"application\/ld+json\" class=\"yoast-schema-graph\">{\"@context\":\"https:\\\/\\\/schema.org\",\"@graph\":[{\"@type\":\"WebPage\",\"@id\":\"https:\\\/\\\/www.tgreguol.com.br\\\/blog\\\/no-futuro-isso-ja-e-passado\\\/\",\"url\":\"https:\\\/\\\/www.tgreguol.com.br\\\/blog\\\/no-futuro-isso-ja-e-passado\\\/\",\"name\":\"\\\"No Futuro Isso J\u00e1 \u00e9 Passado\\\" - T. Greguol\",\"isPartOf\":{\"@id\":\"https:\\\/\\\/www.tgreguol.com.br\\\/blog\\\/#website\"},\"datePublished\":\"2018-03-23T14:10:02+00:00\",\"dateModified\":\"2018-12-07T12:42:04+00:00\",\"breadcrumb\":{\"@id\":\"https:\\\/\\\/www.tgreguol.com.br\\\/blog\\\/no-futuro-isso-ja-e-passado\\\/#breadcrumb\"},\"inLanguage\":\"pt-BR\",\"potentialAction\":[{\"@type\":\"ReadAction\",\"target\":[\"https:\\\/\\\/www.tgreguol.com.br\\\/blog\\\/no-futuro-isso-ja-e-passado\\\/\"]}]},{\"@type\":\"BreadcrumbList\",\"@id\":\"https:\\\/\\\/www.tgreguol.com.br\\\/blog\\\/no-futuro-isso-ja-e-passado\\\/#breadcrumb\",\"itemListElement\":[{\"@type\":\"ListItem\",\"position\":1,\"name\":\"In\u00edcio\",\"item\":\"https:\\\/\\\/www.tgreguol.com.br\\\/blog\\\/\"},{\"@type\":\"ListItem\",\"position\":2,\"name\":\"&#8220;No Futuro Isso J\u00e1 \u00e9 Passado&#8221;\"}]},{\"@type\":\"WebSite\",\"@id\":\"https:\\\/\\\/www.tgreguol.com.br\\\/blog\\\/#website\",\"url\":\"https:\\\/\\\/www.tgreguol.com.br\\\/blog\\\/\",\"name\":\"T. Greguol\",\"description\":\"Imaginador\",\"potentialAction\":[{\"@type\":\"SearchAction\",\"target\":{\"@type\":\"EntryPoint\",\"urlTemplate\":\"https:\\\/\\\/www.tgreguol.com.br\\\/blog\\\/?s={search_term_string}\"},\"query-input\":{\"@type\":\"PropertyValueSpecification\",\"valueRequired\":true,\"valueName\":\"search_term_string\"}}],\"inLanguage\":\"pt-BR\"}]}<\/script>\n<!-- \/ Yoast SEO plugin. -->","yoast_head_json":{"title":"\"No Futuro Isso J\u00e1 \u00e9 Passado\" - T. Greguol","robots":{"index":"index","follow":"follow","max-snippet":"max-snippet:-1","max-image-preview":"max-image-preview:large","max-video-preview":"max-video-preview:-1"},"canonical":"https:\/\/www.tgreguol.com.br\/blog\/no-futuro-isso-ja-e-passado\/","og_locale":"pt_BR","og_type":"article","og_title":"\"No Futuro Isso J\u00e1 \u00c9 Passado\" na Casa da Luz","og_description":"Exposi\u00e7\u00e3o Abril de 2018","og_url":"https:\/\/www.tgreguol.com.br\/blog\/no-futuro-isso-ja-e-passado\/","og_site_name":"T. Greguol","article_publisher":"https:\/\/www.facebook.com\/tgreguol","article_modified_time":"2018-12-07T12:42:04+00:00","og_image":[{"width":1952,"height":1388,"url":"https:\/\/i0.wp.com\/www.tgreguol.com.br\/blog\/wp-content\/uploads\/2018\/05\/casa-da-luz-flyer.jpg?fit=1952%2C1388","type":"image\/jpeg"}],"twitter_card":"summary_large_image","twitter_site":"@katarse","twitter_misc":{"Est. tempo de leitura":"1 minuto"},"schema":{"@context":"https:\/\/schema.org","@graph":[{"@type":"WebPage","@id":"https:\/\/www.tgreguol.com.br\/blog\/no-futuro-isso-ja-e-passado\/","url":"https:\/\/www.tgreguol.com.br\/blog\/no-futuro-isso-ja-e-passado\/","name":"\"No Futuro Isso J\u00e1 \u00e9 Passado\" - T. Greguol","isPartOf":{"@id":"https:\/\/www.tgreguol.com.br\/blog\/#website"},"datePublished":"2018-03-23T14:10:02+00:00","dateModified":"2018-12-07T12:42:04+00:00","breadcrumb":{"@id":"https:\/\/www.tgreguol.com.br\/blog\/no-futuro-isso-ja-e-passado\/#breadcrumb"},"inLanguage":"pt-BR","potentialAction":[{"@type":"ReadAction","target":["https:\/\/www.tgreguol.com.br\/blog\/no-futuro-isso-ja-e-passado\/"]}]},{"@type":"BreadcrumbList","@id":"https:\/\/www.tgreguol.com.br\/blog\/no-futuro-isso-ja-e-passado\/#breadcrumb","itemListElement":[{"@type":"ListItem","position":1,"name":"In\u00edcio","item":"https:\/\/www.tgreguol.com.br\/blog\/"},{"@type":"ListItem","position":2,"name":"&#8220;No Futuro Isso J\u00e1 \u00e9 Passado&#8221;"}]},{"@type":"WebSite","@id":"https:\/\/www.tgreguol.com.br\/blog\/#website","url":"https:\/\/www.tgreguol.com.br\/blog\/","name":"T. Greguol","description":"Imaginador","potentialAction":[{"@type":"SearchAction","target":{"@type":"EntryPoint","urlTemplate":"https:\/\/www.tgreguol.com.br\/blog\/?s={search_term_string}"},"query-input":{"@type":"PropertyValueSpecification","valueRequired":true,"valueName":"search_term_string"}}],"inLanguage":"pt-BR"}]}},"_links":{"self":[{"href":"https:\/\/www.tgreguol.com.br\/blog\/wp-json\/wp\/v2\/pages\/2177","targetHints":{"allow":["GET"]}}],"collection":[{"href":"https:\/\/www.tgreguol.com.br\/blog\/wp-json\/wp\/v2\/pages"}],"about":[{"href":"https:\/\/www.tgreguol.com.br\/blog\/wp-json\/wp\/v2\/types\/page"}],"author":[{"embeddable":true,"href":"https:\/\/www.tgreguol.com.br\/blog\/wp-json\/wp\/v2\/users\/1"}],"replies":[{"embeddable":true,"href":"https:\/\/www.tgreguol.com.br\/blog\/wp-json\/wp\/v2\/comments?post=2177"}],"version-history":[{"count":9,"href":"https:\/\/www.tgreguol.com.br\/blog\/wp-json\/wp\/v2\/pages\/2177\/revisions"}],"predecessor-version":[{"id":2221,"href":"https:\/\/www.tgreguol.com.br\/blog\/wp-json\/wp\/v2\/pages\/2177\/revisions\/2221"}],"wp:attachment":[{"href":"https:\/\/www.tgreguol.com.br\/blog\/wp-json\/wp\/v2\/media?parent=2177"}],"curies":[{"name":"wp","href":"https:\/\/api.w.org\/{rel}","templated":true}]}}