{"id":1922,"date":"2016-07-08T19:23:00","date_gmt":"2016-07-08T19:23:00","guid":{"rendered":"https:\/\/www.tgreguol.com.br\/blog\/?page_id=1922"},"modified":"2016-07-08T19:31:35","modified_gmt":"2016-07-08T19:31:35","slug":"colecao-das-amizades-monstras","status":"publish","type":"page","link":"https:\/\/www.tgreguol.com.br\/blog\/colecao-das-amizades-monstras\/","title":{"rendered":"Cole\u00e7\u00e3o das Amizades Monstras"},"content":{"rendered":"<p>&#8220;Cole\u00e7\u00e3o das Amizades Monstras&#8221; s\u00e3o sete pe\u00e7as medindo em m\u00e9dia 30cm cada.\u00a0Elas s\u00e3o as representa\u00e7\u00f5es tridimensionais dos personagens do livro &#8220;<a href=\"https:\/\/www.tgreguol.com.br\/blog\/literatura\/monstro-e-seus-amigos-monstros-2016-previsto\/\" target=\"_blank\">Monstro e Seus Amigos Monstros<\/a>&#8220;.<\/p>\n<p><a href=\"https:\/\/www.flickr.com\/photos\/107304083@N07\/15416065698\/in\/album-72157648509637798\/\" target=\"_blank\">Alfredo, o porcalh\u00e3o do espa\u00e7o sideral<\/a> &#8211; 2013<\/p>\n<p><a href=\"https:\/\/www.flickr.com\/photos\/107304083@N07\/15416065738\/in\/album-72157648509637798\/\" target=\"_blank\">Boneca-de-pano-de-ectoplasma<\/a> &#8211; 2013<\/p>\n<p><a href=\"https:\/\/www.flickr.com\/photos\/107304083@N07\/15416065888\/in\/album-72157648509637798\/\" target=\"_blank\">Magrella, o vampiro pernilongo do beco \u00famido<\/a> &#8211; 2013<\/p>\n<p><a href=\"https:\/\/www.flickr.com\/photos\/107304083@N07\/15416065988\/in\/album-72157648509637798\/\" target=\"_blank\">Monstro, o ser tri cerebral<\/a> &#8211; 2013<\/p>\n<p><a href=\"https:\/\/www.flickr.com\/photos\/107304083@N07\/15416066018\/in\/album-72157648509637798\/\" target=\"_blank\">Norman tem sangue de calda de morango<\/a> &#8211; 2013<\/p>\n<p><a href=\"https:\/\/www.flickr.com\/photos\/107304083@N07\/15416066178\/in\/album-72157648509637798\/\" target=\"_blank\">Qwert, o galin\u00e1ceo canibal<\/a> &#8211; 2013<\/p>\n<p><a href=\"https:\/\/www.flickr.com\/photos\/107304083@N07\/15416191587\/in\/album-72157648509637798\/\" target=\"_blank\">Sr. Estopa, o anci\u00e3o felpudo do vilarejo<\/a> &#8211; 2013<\/p>\n<p>[slickr-flickr tag=&#8221;amizadesmonstras&#8221;]<\/p>\n<p>Para <a href=\"https:\/\/www.tgreguol.com.br\/blog\/contato\/\" target=\"_blank\">comprar\u00a0essa pe\u00e7a<\/a> ou <a href=\"https:\/\/www.tgreguol.com.br\/blog\/contato\/\" target=\"_blank\">encomendar obras<\/a>, basta clicar <a href=\"https:\/\/www.tgreguol.com.br\/blog\/contato\/\" target=\"_blank\">aqui<\/a>!<\/p>\n<p>&nbsp;<\/p>\n","protected":false},"excerpt":{"rendered":"<p>&#8220;Cole\u00e7\u00e3o das Amizades Monstras&#8221; s\u00e3o sete pe\u00e7as medindo em m\u00e9dia \u2026<\/p>\n<p class=\"continue-reading-button\"> <a class=\"continue-reading-link\" href=\"https:\/\/www.tgreguol.com.br\/blog\/colecao-das-amizades-monstras\/\">Leia Mais<i class=\"crycon-right-dir\"><\/i><\/a><\/p>\n","protected":false},"author":1,"featured_media":0,"parent":0,"menu_order":0,"comment_status":"closed","ping_status":"closed","template":"","meta":{"nf_dc_page":"","_exactmetrics_skip_tracking":false,"_exactmetrics_sitenote_active":false,"_exactmetrics_sitenote_note":"","_exactmetrics_sitenote_category":0,"footnotes":""},"class_list":["post-1922","page","type-page","status-publish","hentry"],"yoast_head":"<!-- This site is optimized with the Yoast SEO plugin v27.5 - https:\/\/yoast.com\/product\/yoast-seo-wordpress\/ -->\n<title>Cole\u00e7\u00e3o das Amizades Monstras - T. Greguol<\/title>\n<meta name=\"robots\" content=\"index, follow, max-snippet:-1, max-image-preview:large, max-video-preview:-1\" \/>\n<link rel=\"canonical\" href=\"https:\/\/www.tgreguol.com.br\/blog\/colecao-das-amizades-monstras\/\" \/>\n<meta property=\"og:locale\" content=\"pt_BR\" \/>\n<meta property=\"og:type\" content=\"article\" \/>\n<meta property=\"og:title\" content=\"Cole\u00e7\u00e3o das Amizades Monstras - T. Greguol\" \/>\n<meta property=\"og:description\" content=\"&#8220;Cole\u00e7\u00e3o das Amizades Monstras&#8221; s\u00e3o sete pe\u00e7as medindo em m\u00e9dia \u2026 Leia Mais\" \/>\n<meta property=\"og:url\" content=\"https:\/\/www.tgreguol.com.br\/blog\/colecao-das-amizades-monstras\/\" \/>\n<meta property=\"og:site_name\" content=\"T. Greguol\" \/>\n<meta property=\"article:publisher\" content=\"https:\/\/www.facebook.com\/tgreguol\" \/>\n<meta property=\"article:modified_time\" content=\"2016-07-08T19:31:35+00:00\" \/>\n<meta name=\"twitter:card\" content=\"summary_large_image\" \/>\n<meta name=\"twitter:site\" content=\"@katarse\" \/>\n<script type=\"application\/ld+json\" class=\"yoast-schema-graph\">{\"@context\":\"https:\\\/\\\/schema.org\",\"@graph\":[{\"@type\":\"WebPage\",\"@id\":\"https:\\\/\\\/www.tgreguol.com.br\\\/blog\\\/colecao-das-amizades-monstras\\\/\",\"url\":\"https:\\\/\\\/www.tgreguol.com.br\\\/blog\\\/colecao-das-amizades-monstras\\\/\",\"name\":\"Cole\u00e7\u00e3o das Amizades Monstras - T. Greguol\",\"isPartOf\":{\"@id\":\"https:\\\/\\\/www.tgreguol.com.br\\\/blog\\\/#website\"},\"datePublished\":\"2016-07-08T19:23:00+00:00\",\"dateModified\":\"2016-07-08T19:31:35+00:00\",\"breadcrumb\":{\"@id\":\"https:\\\/\\\/www.tgreguol.com.br\\\/blog\\\/colecao-das-amizades-monstras\\\/#breadcrumb\"},\"inLanguage\":\"pt-BR\",\"potentialAction\":[{\"@type\":\"ReadAction\",\"target\":[\"https:\\\/\\\/www.tgreguol.com.br\\\/blog\\\/colecao-das-amizades-monstras\\\/\"]}]},{\"@type\":\"BreadcrumbList\",\"@id\":\"https:\\\/\\\/www.tgreguol.com.br\\\/blog\\\/colecao-das-amizades-monstras\\\/#breadcrumb\",\"itemListElement\":[{\"@type\":\"ListItem\",\"position\":1,\"name\":\"In\u00edcio\",\"item\":\"https:\\\/\\\/www.tgreguol.com.br\\\/blog\\\/\"},{\"@type\":\"ListItem\",\"position\":2,\"name\":\"Cole\u00e7\u00e3o das Amizades Monstras\"}]},{\"@type\":\"WebSite\",\"@id\":\"https:\\\/\\\/www.tgreguol.com.br\\\/blog\\\/#website\",\"url\":\"https:\\\/\\\/www.tgreguol.com.br\\\/blog\\\/\",\"name\":\"T. Greguol\",\"description\":\"Imaginador\",\"potentialAction\":[{\"@type\":\"SearchAction\",\"target\":{\"@type\":\"EntryPoint\",\"urlTemplate\":\"https:\\\/\\\/www.tgreguol.com.br\\\/blog\\\/?s={search_term_string}\"},\"query-input\":{\"@type\":\"PropertyValueSpecification\",\"valueRequired\":true,\"valueName\":\"search_term_string\"}}],\"inLanguage\":\"pt-BR\"}]}<\/script>\n<!-- \/ Yoast SEO plugin. -->","yoast_head_json":{"title":"Cole\u00e7\u00e3o das Amizades Monstras - T. Greguol","robots":{"index":"index","follow":"follow","max-snippet":"max-snippet:-1","max-image-preview":"max-image-preview:large","max-video-preview":"max-video-preview:-1"},"canonical":"https:\/\/www.tgreguol.com.br\/blog\/colecao-das-amizades-monstras\/","og_locale":"pt_BR","og_type":"article","og_title":"Cole\u00e7\u00e3o das Amizades Monstras - T. Greguol","og_description":"&#8220;Cole\u00e7\u00e3o das Amizades Monstras&#8221; s\u00e3o sete pe\u00e7as medindo em m\u00e9dia \u2026 Leia Mais","og_url":"https:\/\/www.tgreguol.com.br\/blog\/colecao-das-amizades-monstras\/","og_site_name":"T. Greguol","article_publisher":"https:\/\/www.facebook.com\/tgreguol","article_modified_time":"2016-07-08T19:31:35+00:00","twitter_card":"summary_large_image","twitter_site":"@katarse","schema":{"@context":"https:\/\/schema.org","@graph":[{"@type":"WebPage","@id":"https:\/\/www.tgreguol.com.br\/blog\/colecao-das-amizades-monstras\/","url":"https:\/\/www.tgreguol.com.br\/blog\/colecao-das-amizades-monstras\/","name":"Cole\u00e7\u00e3o das Amizades Monstras - T. Greguol","isPartOf":{"@id":"https:\/\/www.tgreguol.com.br\/blog\/#website"},"datePublished":"2016-07-08T19:23:00+00:00","dateModified":"2016-07-08T19:31:35+00:00","breadcrumb":{"@id":"https:\/\/www.tgreguol.com.br\/blog\/colecao-das-amizades-monstras\/#breadcrumb"},"inLanguage":"pt-BR","potentialAction":[{"@type":"ReadAction","target":["https:\/\/www.tgreguol.com.br\/blog\/colecao-das-amizades-monstras\/"]}]},{"@type":"BreadcrumbList","@id":"https:\/\/www.tgreguol.com.br\/blog\/colecao-das-amizades-monstras\/#breadcrumb","itemListElement":[{"@type":"ListItem","position":1,"name":"In\u00edcio","item":"https:\/\/www.tgreguol.com.br\/blog\/"},{"@type":"ListItem","position":2,"name":"Cole\u00e7\u00e3o das Amizades Monstras"}]},{"@type":"WebSite","@id":"https:\/\/www.tgreguol.com.br\/blog\/#website","url":"https:\/\/www.tgreguol.com.br\/blog\/","name":"T. Greguol","description":"Imaginador","potentialAction":[{"@type":"SearchAction","target":{"@type":"EntryPoint","urlTemplate":"https:\/\/www.tgreguol.com.br\/blog\/?s={search_term_string}"},"query-input":{"@type":"PropertyValueSpecification","valueRequired":true,"valueName":"search_term_string"}}],"inLanguage":"pt-BR"}]}},"_links":{"self":[{"href":"https:\/\/www.tgreguol.com.br\/blog\/wp-json\/wp\/v2\/pages\/1922","targetHints":{"allow":["GET"]}}],"collection":[{"href":"https:\/\/www.tgreguol.com.br\/blog\/wp-json\/wp\/v2\/pages"}],"about":[{"href":"https:\/\/www.tgreguol.com.br\/blog\/wp-json\/wp\/v2\/types\/page"}],"author":[{"embeddable":true,"href":"https:\/\/www.tgreguol.com.br\/blog\/wp-json\/wp\/v2\/users\/1"}],"replies":[{"embeddable":true,"href":"https:\/\/www.tgreguol.com.br\/blog\/wp-json\/wp\/v2\/comments?post=1922"}],"version-history":[{"count":8,"href":"https:\/\/www.tgreguol.com.br\/blog\/wp-json\/wp\/v2\/pages\/1922\/revisions"}],"predecessor-version":[{"id":1930,"href":"https:\/\/www.tgreguol.com.br\/blog\/wp-json\/wp\/v2\/pages\/1922\/revisions\/1930"}],"wp:attachment":[{"href":"https:\/\/www.tgreguol.com.br\/blog\/wp-json\/wp\/v2\/media?parent=1922"}],"curies":[{"name":"wp","href":"https:\/\/api.w.org\/{rel}","templated":true}]}}