{"id":1771,"date":"2016-05-11T19:28:59","date_gmt":"2016-05-11T19:28:59","guid":{"rendered":"https:\/\/www.tgreguol.com.br\/blog\/?page_id=1771"},"modified":"2016-05-11T19:36:06","modified_gmt":"2016-05-11T19:36:06","slug":"1771-2","status":"publish","type":"page","link":"https:\/\/www.tgreguol.com.br\/blog\/1771-2\/","title":{"rendered":"Viver mata (2003) &#8211; Letras"},"content":{"rendered":"<p>01. Introdu\u00e7\u00e3o \u2013 Crazy Smiths (<em>T. Greguol &amp; <a href=\"https:\/\/www.facebook.com\/EduardoLeviBC?fref=ts\" target=\"_blank\">Eduardo Levi<\/a><\/em>)<br \/>\n02. Catedral \u2013 Katarse (<em>T. Greguol &amp; Vinicius Reale<\/em>)<br \/>\n03. Marcando territ\u00f3rio \u2013 Caften (<em>T. Greguol &amp; <a href=\"https:\/\/www.facebook.com\/maximus.karecas?fref=ts\" target=\"_blank\">Max Sim\u00e3o<\/a><\/em>)<br \/>\n04. Nuclear \u2013 Caften (<em>T. Greguol &amp; <a href=\"https:\/\/www.facebook.com\/maximus.karecas?fref=ts\" target=\"_blank\">Max Sim\u00e3o<\/a><\/em>)<br \/>\n05. That\u2019ll do \u2013 Katarse (<em>T. Greguol &amp; <a href=\"https:\/\/www.facebook.com\/gutu.galuppo?fref=ts\" target=\"_blank\">Gutu<\/a><\/em>)<br \/>\n06. Viver mata \u2013 Rto (<em>T. Greguol &amp; <a href=\"https:\/\/www.facebook.com\/renabon?fref=ts\" target=\"_blank\">Rto<\/a><\/em>)<br \/>\n07. Ep\u00edlogo \u2013 Katarse (<em>T. Greguol &amp; <a href=\"https:\/\/www.facebook.com\/antonio.ribeiro.96?fref=ts\" target=\"_blank\">Antonio Ribeiro<\/a><\/em>)<\/p>\n<p>&nbsp;<\/p>\n<p><strong>INTRODU\u00c7\u00c3O<\/strong><\/p>\n<p>Cabe\u00e7a e rabo<br \/>\nDeus e diabo<br \/>\nJusti\u00e7a e dor<br \/>\nPutaria, pudor<\/p>\n<p>Plebeu e nobre<br \/>\nRico e pobre<br \/>\nQuadrado, redondo<br \/>\nTirando e pondo<\/p>\n<p>Pra qu\u00ea?<br \/>\nPor qu\u00ea?<\/p>\n<p style=\"text-align: center;\"><strong>CATEDRAL<\/strong><\/p>\n<p style=\"text-align: center;\">N\u00e3o sei aconselhar ningu\u00e9m<br \/>\nN\u00e3o sei ao certo o que devo fazer<br \/>\nN\u00e3o sei o que vai ser amanh\u00e3<br \/>\nE nem acho que seja bom saber<\/p>\n<p style=\"text-align: center;\">N\u00e3o vou \u00e0 igreja aos domingos<br \/>\nN\u00e3o me ajoelho pra rezar<br \/>\nN\u00e3o sei nem um peda\u00e7o da b\u00edblia<br \/>\nE acho meio estanho me batizar<\/p>\n<p style=\"text-align: center;\">N\u00e3o entendo ao certo pra que sirvo<br \/>\nN\u00e3o sinto nenhuma grande voca\u00e7\u00e3o<br \/>\nMas tenho algo aqui dentro<br \/>\nQue repete sempre a mesma ora\u00e7\u00e3o<\/p>\n<p style=\"text-align: center;\">N\u00e3o existe mediador entre Deus e eu<br \/>\nA catedral est\u00e1 dentro de mim<br \/>\nN\u00e3o importa o que me digam<br \/>\nIsso sempre foi e sempre ser\u00e1 assim<\/p>\n<p style=\"text-align: right;\"><strong>MARCANDO TERRIT\u00d3RIO<\/strong><\/p>\n<p style=\"text-align: right;\">Filhos v\u00eam a se tornar mais adultos<br \/>\nFilhos v\u00eam e filhos sempre v\u00e3o<br \/>\nFilhos v\u00eam para provarem algo<br \/>\nFilhos v\u00eam sem saber pra que s\u00e3o<\/p>\n<p style=\"text-align: right;\">Filhos v\u00eam por manifesta\u00e7\u00e3o do ego<br \/>\nFilhos v\u00eam pra aprender a jogar bola<br \/>\nFilhos v\u00eam por que sempre vieram<br \/>\nFilhos v\u00eam pra irem bem na escola<\/p>\n<p style=\"text-align: right;\">Filhos v\u00eam pra alegrar e salvar os pais<br \/>\nFilhos v\u00eam sem pedir pra nascer<br \/>\nFilhos v\u00eam pra colocar brinquinhos<br \/>\nFilhos v\u00eam sem saber como crescer<\/p>\n<p style=\"text-align: right;\">Filhos v\u00eam quer voc\u00ea queira quer n\u00e3o<br \/>\nE como todos n\u00f3s, n\u00e3o sabem o que h\u00e1<br \/>\nSe gost\u00e1ssemos de crian\u00e7as adotar\u00edamos uma<br \/>\nE n\u00e3o marcar\u00edamos territ\u00f3rio com nosso DNA<\/p>\n<p><strong>NUCLEAR<\/strong><\/p>\n<p>O que \u00e9 f\u00e9 em Deus?<br \/>\nO que \u00e9 f\u00e9 em mim?<br \/>\nO que \u00e9 f\u00e9 em voc\u00ea?<br \/>\nO que \u00e9 f\u00e9 na vida?<\/p>\n<p>Isso tudo \u00e9 amor ao barro<br \/>\nIsso tudo \u00e9 devo\u00e7\u00e3o ao verbo<br \/>\nIsso tudo \u00e9 idolatria<br \/>\nIsso tudo \u00e9 rezar pra espantalho<\/p>\n<p>Posso ser um em um milh\u00e3o<br \/>\nPosso ser um gr\u00e3o de areia<br \/>\nO \u00e1tomo \u00e9 menor que tudo<br \/>\nE voc\u00ea sabe o que ele faz<\/p>\n<p>Deus sou eu<br \/>\nDeus n\u00e3o sou eu<br \/>\nN\u00e3o meu nome<br \/>\nNem meu corpo<br \/>\nMas eu<\/p>\n<p style=\"text-align: center;\"><strong>THAT\u2019LL DO<\/strong><\/p>\n<p style=\"text-align: center;\">Eu tenho uma lista enorme<br \/>\nOnde escrevo minhas d\u00favidas<br \/>\nPretendo responde-las logo<br \/>\nPois n\u00e3o creio em outras vidas<\/p>\n<p style=\"text-align: center;\">Antes me afogar em queijo<br \/>\nDo que me afogar em bosta<br \/>\nEnt\u00e3o o jeito \u00e9 ser feliz<br \/>\nE s\u00f3 fazer o que se gosta<\/p>\n<p style=\"text-align: center;\">Cada um faz o que quiser<br \/>\nO bonito ou a baixaria<br \/>\nLembrando da felicidade alheia<br \/>\nPro alheio n\u00e3o estragar minha alegria<\/p>\n<p style=\"text-align: center;\">Est\u00e1 tudo certo, est\u00e1 tudo bem<br \/>\nMinha meta deve ser o meio<br \/>\nMesmo sem resposta vou espalhar o belo<br \/>\nPorque de feiura eu j\u00e1 estou cheio<\/p>\n<p style=\"text-align: right;\"><strong>VIVER MATA<\/strong><\/p>\n<p style=\"text-align: right;\">Chega at\u00e9 a ser bonito o esfor\u00e7o<br \/>\nA intera\u00e7\u00e3o, linda e a movimenta\u00e7\u00e3o, exata<br \/>\nA vidinha \u00e9 algo muito precioso<br \/>\nSinto isso como sinto que viver mata<\/p>\n<p style=\"text-align: right;\">\u00c9 claro que sim e \u00e9 \u00f3bvio<br \/>\nEstamos todos na mesma fragata<br \/>\nNavegando sem aux\u00edlio da costa<br \/>\nTentando sobreviver, mas viver mata<\/p>\n<p style=\"text-align: right;\">Nasci pra viver por aqui<br \/>\nAssim fez tamb\u00e9m o primata<br \/>\nE aposto que assim como eu<br \/>\nDescobriu em fim que viver mata<\/p>\n<p style=\"text-align: right;\">A conclus\u00e3o \u00e9 feia aos ouvidos<br \/>\nMas na verdade \u00e9 neutra como a gravata<br \/>\nTudo \u00e9 relativo e discut\u00edvel<br \/>\nMas quem vai discordar que viver mata?<\/p>\n<p><strong>EP\u00cdLOGO<\/strong><\/p>\n<p>Pode fazer calor ou um frio do c\u00e3o<br \/>\nPode ser metr\u00f4 ou lota\u00e7\u00e3o<br \/>\nMeu trabalho \u00e9 limpar o ch\u00e3o<br \/>\nE estou longe de ter um milh\u00e3o<\/p>\n<p>A sua lembran\u00e7a me acalma<br \/>\nN\u00e3o tem pra mais ningu\u00e9m<br \/>\nNa verdade nada muda<br \/>\nMas perto de voc\u00ea t\u00e1 tudo bem<\/p>\n<p>Esque\u00e7a todos os seus medos<br \/>\nAmanh\u00e3 um novo dia nascer\u00e1<br \/>\nSempre que voc\u00ea quiser<br \/>\nUm novo dia nascer\u00e1<\/p>\n<p>Pensando nisso \u00e9 que eu vivo<br \/>\nPensando nisso \u00e9 que eu deixo viver<br \/>\nE o que quer que aconte\u00e7a<br \/>\n\u00c9 o que tem que acontecer<\/p>\n","protected":false},"excerpt":{"rendered":"<p>01. Introdu\u00e7\u00e3o \u2013 Crazy Smiths (T. Greguol &amp; Eduardo Levi) \u2026<\/p>\n<p class=\"continue-reading-button\"> <a class=\"continue-reading-link\" href=\"https:\/\/www.tgreguol.com.br\/blog\/1771-2\/\">Leia Mais<i class=\"crycon-right-dir\"><\/i><\/a><\/p>\n","protected":false},"author":1,"featured_media":0,"parent":0,"menu_order":0,"comment_status":"closed","ping_status":"closed","template":"","meta":{"nf_dc_page":"","_exactmetrics_skip_tracking":false,"_exactmetrics_sitenote_active":false,"_exactmetrics_sitenote_note":"","_exactmetrics_sitenote_category":0,"footnotes":""},"class_list":["post-1771","page","type-page","status-publish","hentry"],"yoast_head":"<!-- This site is optimized with the Yoast SEO plugin v27.5 - https:\/\/yoast.com\/product\/yoast-seo-wordpress\/ -->\n<title>Viver mata (2003) - Letras - T. Greguol<\/title>\n<meta name=\"robots\" content=\"index, follow, max-snippet:-1, max-image-preview:large, max-video-preview:-1\" \/>\n<link rel=\"canonical\" href=\"https:\/\/www.tgreguol.com.br\/blog\/1771-2\/\" \/>\n<meta property=\"og:locale\" content=\"pt_BR\" \/>\n<meta property=\"og:type\" content=\"article\" \/>\n<meta property=\"og:title\" content=\"Viver mata (2003) - Letras - T. Greguol\" \/>\n<meta property=\"og:description\" content=\"01. Introdu\u00e7\u00e3o \u2013 Crazy Smiths (T. Greguol &amp; Eduardo Levi) \u2026 Leia Mais\" \/>\n<meta property=\"og:url\" content=\"https:\/\/www.tgreguol.com.br\/blog\/1771-2\/\" \/>\n<meta property=\"og:site_name\" content=\"T. Greguol\" \/>\n<meta property=\"article:publisher\" content=\"https:\/\/www.facebook.com\/tgreguol\" \/>\n<meta property=\"article:modified_time\" content=\"2016-05-11T19:36:06+00:00\" \/>\n<meta name=\"twitter:card\" content=\"summary_large_image\" \/>\n<meta name=\"twitter:site\" content=\"@katarse\" \/>\n<meta name=\"twitter:label1\" content=\"Est. tempo de leitura\" \/>\n\t<meta name=\"twitter:data1\" content=\"4 minutos\" \/>\n<script type=\"application\/ld+json\" class=\"yoast-schema-graph\">{\"@context\":\"https:\\\/\\\/schema.org\",\"@graph\":[{\"@type\":\"WebPage\",\"@id\":\"https:\\\/\\\/www.tgreguol.com.br\\\/blog\\\/1771-2\\\/\",\"url\":\"https:\\\/\\\/www.tgreguol.com.br\\\/blog\\\/1771-2\\\/\",\"name\":\"Viver mata (2003) - Letras - T. Greguol\",\"isPartOf\":{\"@id\":\"https:\\\/\\\/www.tgreguol.com.br\\\/blog\\\/#website\"},\"datePublished\":\"2016-05-11T19:28:59+00:00\",\"dateModified\":\"2016-05-11T19:36:06+00:00\",\"breadcrumb\":{\"@id\":\"https:\\\/\\\/www.tgreguol.com.br\\\/blog\\\/1771-2\\\/#breadcrumb\"},\"inLanguage\":\"pt-BR\",\"potentialAction\":[{\"@type\":\"ReadAction\",\"target\":[\"https:\\\/\\\/www.tgreguol.com.br\\\/blog\\\/1771-2\\\/\"]}]},{\"@type\":\"BreadcrumbList\",\"@id\":\"https:\\\/\\\/www.tgreguol.com.br\\\/blog\\\/1771-2\\\/#breadcrumb\",\"itemListElement\":[{\"@type\":\"ListItem\",\"position\":1,\"name\":\"In\u00edcio\",\"item\":\"https:\\\/\\\/www.tgreguol.com.br\\\/blog\\\/\"},{\"@type\":\"ListItem\",\"position\":2,\"name\":\"Viver mata (2003) &#8211; Letras\"}]},{\"@type\":\"WebSite\",\"@id\":\"https:\\\/\\\/www.tgreguol.com.br\\\/blog\\\/#website\",\"url\":\"https:\\\/\\\/www.tgreguol.com.br\\\/blog\\\/\",\"name\":\"T. Greguol\",\"description\":\"Imaginador\",\"potentialAction\":[{\"@type\":\"SearchAction\",\"target\":{\"@type\":\"EntryPoint\",\"urlTemplate\":\"https:\\\/\\\/www.tgreguol.com.br\\\/blog\\\/?s={search_term_string}\"},\"query-input\":{\"@type\":\"PropertyValueSpecification\",\"valueRequired\":true,\"valueName\":\"search_term_string\"}}],\"inLanguage\":\"pt-BR\"}]}<\/script>\n<!-- \/ Yoast SEO plugin. -->","yoast_head_json":{"title":"Viver mata (2003) - Letras - T. Greguol","robots":{"index":"index","follow":"follow","max-snippet":"max-snippet:-1","max-image-preview":"max-image-preview:large","max-video-preview":"max-video-preview:-1"},"canonical":"https:\/\/www.tgreguol.com.br\/blog\/1771-2\/","og_locale":"pt_BR","og_type":"article","og_title":"Viver mata (2003) - Letras - T. Greguol","og_description":"01. Introdu\u00e7\u00e3o \u2013 Crazy Smiths (T. Greguol &amp; Eduardo Levi) \u2026 Leia Mais","og_url":"https:\/\/www.tgreguol.com.br\/blog\/1771-2\/","og_site_name":"T. Greguol","article_publisher":"https:\/\/www.facebook.com\/tgreguol","article_modified_time":"2016-05-11T19:36:06+00:00","twitter_card":"summary_large_image","twitter_site":"@katarse","twitter_misc":{"Est. tempo de leitura":"4 minutos"},"schema":{"@context":"https:\/\/schema.org","@graph":[{"@type":"WebPage","@id":"https:\/\/www.tgreguol.com.br\/blog\/1771-2\/","url":"https:\/\/www.tgreguol.com.br\/blog\/1771-2\/","name":"Viver mata (2003) - Letras - T. Greguol","isPartOf":{"@id":"https:\/\/www.tgreguol.com.br\/blog\/#website"},"datePublished":"2016-05-11T19:28:59+00:00","dateModified":"2016-05-11T19:36:06+00:00","breadcrumb":{"@id":"https:\/\/www.tgreguol.com.br\/blog\/1771-2\/#breadcrumb"},"inLanguage":"pt-BR","potentialAction":[{"@type":"ReadAction","target":["https:\/\/www.tgreguol.com.br\/blog\/1771-2\/"]}]},{"@type":"BreadcrumbList","@id":"https:\/\/www.tgreguol.com.br\/blog\/1771-2\/#breadcrumb","itemListElement":[{"@type":"ListItem","position":1,"name":"In\u00edcio","item":"https:\/\/www.tgreguol.com.br\/blog\/"},{"@type":"ListItem","position":2,"name":"Viver mata (2003) &#8211; Letras"}]},{"@type":"WebSite","@id":"https:\/\/www.tgreguol.com.br\/blog\/#website","url":"https:\/\/www.tgreguol.com.br\/blog\/","name":"T. Greguol","description":"Imaginador","potentialAction":[{"@type":"SearchAction","target":{"@type":"EntryPoint","urlTemplate":"https:\/\/www.tgreguol.com.br\/blog\/?s={search_term_string}"},"query-input":{"@type":"PropertyValueSpecification","valueRequired":true,"valueName":"search_term_string"}}],"inLanguage":"pt-BR"}]}},"_links":{"self":[{"href":"https:\/\/www.tgreguol.com.br\/blog\/wp-json\/wp\/v2\/pages\/1771","targetHints":{"allow":["GET"]}}],"collection":[{"href":"https:\/\/www.tgreguol.com.br\/blog\/wp-json\/wp\/v2\/pages"}],"about":[{"href":"https:\/\/www.tgreguol.com.br\/blog\/wp-json\/wp\/v2\/types\/page"}],"author":[{"embeddable":true,"href":"https:\/\/www.tgreguol.com.br\/blog\/wp-json\/wp\/v2\/users\/1"}],"replies":[{"embeddable":true,"href":"https:\/\/www.tgreguol.com.br\/blog\/wp-json\/wp\/v2\/comments?post=1771"}],"version-history":[{"count":5,"href":"https:\/\/www.tgreguol.com.br\/blog\/wp-json\/wp\/v2\/pages\/1771\/revisions"}],"predecessor-version":[{"id":1778,"href":"https:\/\/www.tgreguol.com.br\/blog\/wp-json\/wp\/v2\/pages\/1771\/revisions\/1778"}],"wp:attachment":[{"href":"https:\/\/www.tgreguol.com.br\/blog\/wp-json\/wp\/v2\/media?parent=1771"}],"curies":[{"name":"wp","href":"https:\/\/api.w.org\/{rel}","templated":true}]}}