{"id":1765,"date":"2016-05-11T19:04:38","date_gmt":"2016-05-11T19:04:38","guid":{"rendered":"https:\/\/www.tgreguol.com.br\/blog\/?page_id=1765"},"modified":"2016-05-11T19:33:14","modified_gmt":"2016-05-11T19:33:14","slug":"catarse-2002-letras","status":"publish","type":"page","link":"https:\/\/www.tgreguol.com.br\/blog\/catarse-2002-letras\/","title":{"rendered":"Catarse (2002) &#8211; Letras"},"content":{"rendered":"<p>01. Balar\u00e3ma \u2013 <a href=\"https:\/\/www.facebook.com\/mait.greguol?fref=ts\" target=\"_blank\">Mait Greguol<\/a> (<em>T. Greguol<\/em>)<br \/>\n02. Cogumelo \u2013 <a href=\"https:\/\/www.facebook.com\/fabio.bressane?fref=ts\" target=\"_blank\">F\u00e1bio Bressane<\/a> (<em>T. Greguol &amp; F\u00e1bio Bressane<\/em>)<br \/>\n03. Hoje \u2013 <a href=\"https:\/\/www.facebook.com\/renabon?fref=ts\" target=\"_blank\">Rto<\/a> (<em>T. Greguol &amp; Rto<\/em>)<br \/>\n04. N\u00f3s \u2013 Shamballa (<em>T. Greguol &amp; Vinicius Reale<\/em>)<br \/>\n05. Pol\u00edgono \u2013 Danilo Greguol (<em>T. Greguol<\/em>)<br \/>\n06. Qualquer um \u2013 <a href=\"https:\/\/www.facebook.com\/profile.php?id=100009232544864&amp;fref=ts\" target=\"_blank\">Rodrigo Greguol<\/a> (<em>T. Greguol<\/em>)<br \/>\n07. Resumindo \u2013 Gon\u00e7alo Greguol (<em>T. Greguol &amp; Gon\u00e7alo Greguol<\/em>)<br \/>\n08. Trofismo tr\u00f3fico \u2013 T. Greguol (<em>T. Greguol<\/em>)<\/p>\n<p>&nbsp;<\/p>\n<p><strong>BALAR\u00c2MA<\/strong><\/p>\n<p>Embriagado, b\u00eabado, chutado<br \/>\nPor a\u00ed, como o ar<br \/>\nDane-se se sou falado<br \/>\nO que eu quero \u00e9 estar<\/p>\n<p>Livrar-me de tudo que conhe\u00e7o<br \/>\nEu quero ser o que sou<br \/>\nQuero estar como no come\u00e7o<br \/>\nE transformar o que restou<\/p>\n<p>Quem \u00e9 muito controlado<br \/>\nTem \u00falcera e range o dente<br \/>\nQuem nunca transa<br \/>\nFilosofa e fica doente<\/p>\n<p>Relaxado sem fumar<br \/>\nSou chapado de ber\u00e7o<br \/>\nSer b\u00eabado sem mamar<br \/>\nA paz \u00e9 o que mere\u00e7o<\/p>\n<p style=\"text-align: center;\"><strong>COGUMELO<\/strong><\/p>\n<p style=\"text-align: center;\">Avacalhar todo e qualquer romantismo<br \/>\nVou acabar com a frescura do mundo<br \/>\nN\u00e3o quero ser elegante e nem rebelde<br \/>\nEu n\u00e3o quero ser culto e nem profundo<\/p>\n<p style=\"text-align: center;\">Mandar \u00e0 merda a poeticidade<br \/>\nEspancar os Polianismos da vida<br \/>\nVomitar todos os meus pretextos<br \/>\nE ver se curo essa minha ferida<\/p>\n<p style=\"text-align: center;\">Vou decompor honra, amor e voc\u00ea<br \/>\nVer sumirem as coisas que cultivo<br \/>\nE como uma daquelas plantas raras<br \/>\nBrotar a dita beleza de estar vivo<\/p>\n<p style=\"text-align: right;\"><strong>HOJE<\/strong><\/p>\n<p style=\"text-align: right;\">Hoje eu t\u00f4 feliz, feliz, feliz<br \/>\nN\u00e3o sei o que fazer, onde ir, nem por qu\u00ea<br \/>\nN\u00e3o quero comer, nem dormir, ver tv<br \/>\nHoje eu t\u00f4 feliz, o que voc\u00ea me diz?<\/p>\n<p style=\"text-align: right;\">J\u00e1 estou gostando das coisas assim<br \/>\nO mesmo caminho, a mesma hist\u00f3ria, o mesmo papo<br \/>\nNada atrapalhando, me enchendo o saco<br \/>\nAssim j\u00e1 estou vendo futuro pra mim<\/p>\n<p style=\"text-align: right;\">Hoje eu t\u00f4 feliz: estou de f\u00e9rias de mim<\/p>\n<p style=\"text-align: left;\"><strong>N\u00d3S<\/strong><\/p>\n<p>A gente nasce t\u00e3o aberto<br \/>\nE a gente nasce com calma<br \/>\nA gente fica medroso<br \/>\nQuando tem afli\u00e7\u00e3o na alma<\/p>\n<p>A gente cresce t\u00e3o cagado<br \/>\nE a gente cresce com medo<br \/>\nA gente fica idoso<br \/>\nQuando ainda \u00e9 bem cedo<\/p>\n<p>A gente parece t\u00e3o sozinho<br \/>\nE a gente parece deserto<br \/>\nA gente acha gostoso<br \/>\nQuando tem algu\u00e9m por perto<\/p>\n<p>Eu n\u00e3o sou perfeito<br \/>\nEu n\u00e3o sou incapaz<br \/>\nEu s\u00f3 quero ser feliz<br \/>\nEu s\u00f3 quero ter paz<\/p>\n<p>Se t\u00e1 todo mundo na mesma<br \/>\nDa cabe\u00e7a ao dedo do p\u00e9<br \/>\nEu quero mesmo \u00e9 voc\u00ea<br \/>\nPorque \u00e9 assim que a gente \u00e9!<\/p>\n<p style=\"text-align: center;\"><strong>POL\u00cdGONO<\/strong><\/p>\n<p style=\"text-align: center;\">Tudo tem seu qu\u00ea de dado<br \/>\nTudo tem mais de um valor<br \/>\nTudo tem bem mais que um lado<br \/>\nTudo tem justi\u00e7a e tem dor<\/p>\n<p style=\"text-align: center;\">S\u00f3 h\u00e1 a vida com a morte<br \/>\nS\u00f3 h\u00e1 o azar com a sorte<br \/>\nS\u00f3 h\u00e1 o fraco com o forte<br \/>\nS\u00f3 h\u00e1 o galope com o trote<\/p>\n<p style=\"text-align: center;\">N\u00e3o tem a comum sem a rara<br \/>\nN\u00e3o tem a coroa sem a cara<br \/>\nN\u00e3o tem a perfei\u00e7\u00e3o sem a tara<br \/>\nN\u00e3o tem o vai sem o p\u00e1ra<\/p>\n<p style=\"text-align: center;\">Felicidade n\u00e3o \u00e9 t\u00e3o colorida<br \/>\nTristeza n\u00e3o \u00e9 t\u00e3o dolorida<br \/>\nPra uns Ele \u00e9 bom, pra outros, \u00e9 mau<br \/>\nAt\u00e9 Deus tem mais de um visual<\/p>\n<p style=\"text-align: right;\"><strong>QUALQUER UM<\/strong><\/p>\n<p style=\"text-align: right;\">Eu sempre tento ser bem sincero<br \/>\nE tem coisa que \u00e9 dif\u00edcil de explicar<br \/>\nMas sendo um sentimento universal<br \/>\nFica bem mais f\u00e1cil de falar<\/p>\n<p style=\"text-align: right;\">Ich liebe dich \u00e9 o b\u00e1sico do alem\u00e3o<br \/>\nJe t\u2019aime \u00e9 simplesmente perfeito<br \/>\nI love you \u00e9 pra todo mundo entender<br \/>\nQue eu te amo de qualquer jeito<\/p>\n<p style=\"text-align: right;\">Nunca soube o que eu queria at\u00e9 voc\u00ea<br \/>\nParece ser o que sempre esperei<br \/>\nNunca realmente tive uma meta at\u00e9 n\u00f3s<br \/>\nParece que agora finalmente achei<\/p>\n<p style=\"text-align: right;\">Tem coisa que \u00e9 sempre igual<br \/>\nQualquer um num lugar qualquer<br \/>\nOs desejos do mundo s\u00e3o muitos<br \/>\nMas tem coisa que qualquer um quer<\/p>\n<p><strong>RESUMINDO<\/strong><\/p>\n<p>Voc\u00ea pareceu gostar tanto de mim<br \/>\nE eu descobri que gostava de te ter<br \/>\nE adorei quando ouvi que sim<br \/>\nAgora \u00e9 inevit\u00e1vel<\/p>\n<p>Eu prefiro ent\u00e3o usar um exemplo<br \/>\n\u201cVoc\u00ea \u00e9 um presente que acabo de ganhar\u201d<br \/>\nSinto que fui muito amplo<br \/>\nAgora vou me complicar<\/p>\n<p>Gostaria de criar uma nova express\u00e3o<br \/>\nQue fizesse de uma vez voc\u00ea me entender<br \/>\nMas j\u00e1 existe uma pronta, ent\u00e3o eu vou dizer<br \/>\nAgora o que eu sinto<\/p>\n<p>Eu te acho muito importante<br \/>\nAt\u00e9 tendo tudo aquilo que reclamo e reclamo<br \/>\nMesmo sendo um chav\u00e3o, \u00e9 interessante<br \/>\nVou ter que dizer que te amo!<\/p>\n<p style=\"text-align: center;\"><strong>TROFISMO\/TR\u00d3FICO<\/strong><\/p>\n<p style=\"text-align: center;\">&#8230;morta \u00e9 a comida que vai pro<br \/>\nest\u00f4mago que pelo<br \/>\n\u00e2nus libera a<br \/>\nmerda que suja sua<br \/>\nbunda que seu<br \/>\nmacho aperta porque quer<br \/>\ntrepar enfiando o<br \/>\ncaralho na sua<br \/>\nboceta lugares de<br \/>\nmijo que \u00e9 uma<br \/>\nsecre\u00e7\u00e3o assim como a<br \/>\nporra sem a qual n\u00e3o haveria<br \/>\nbeb\u00eas com aquele fio de<br \/>\ncuspo que voc\u00ea trocou ao beijar a<br \/>\nbocarra lugar em que se<br \/>\ndestro\u00e7a comida<br \/>\nmorta&#8230;<\/p>\n","protected":false},"excerpt":{"rendered":"<p>01. Balar\u00e3ma \u2013 Mait Greguol (T. Greguol) 02. Cogumelo \u2013 \u2026<\/p>\n<p class=\"continue-reading-button\"> <a class=\"continue-reading-link\" href=\"https:\/\/www.tgreguol.com.br\/blog\/catarse-2002-letras\/\">Leia Mais<i class=\"crycon-right-dir\"><\/i><\/a><\/p>\n","protected":false},"author":1,"featured_media":0,"parent":0,"menu_order":0,"comment_status":"closed","ping_status":"closed","template":"","meta":{"nf_dc_page":"","_exactmetrics_skip_tracking":false,"_exactmetrics_sitenote_active":false,"_exactmetrics_sitenote_note":"","_exactmetrics_sitenote_category":0,"footnotes":""},"class_list":["post-1765","page","type-page","status-publish","hentry"],"yoast_head":"<!-- This site is optimized with the Yoast SEO plugin v27.5 - https:\/\/yoast.com\/product\/yoast-seo-wordpress\/ -->\n<title>Catarse (2002) - Letras - T. Greguol<\/title>\n<meta name=\"robots\" content=\"index, follow, max-snippet:-1, max-image-preview:large, max-video-preview:-1\" \/>\n<link rel=\"canonical\" href=\"https:\/\/www.tgreguol.com.br\/blog\/catarse-2002-letras\/\" \/>\n<meta property=\"og:locale\" content=\"pt_BR\" \/>\n<meta property=\"og:type\" content=\"article\" \/>\n<meta property=\"og:title\" content=\"Catarse (2002) - Letras - T. Greguol\" \/>\n<meta property=\"og:description\" content=\"01. Balar\u00e3ma \u2013 Mait Greguol (T. Greguol) 02. Cogumelo \u2013 \u2026 Leia Mais\" \/>\n<meta property=\"og:url\" content=\"https:\/\/www.tgreguol.com.br\/blog\/catarse-2002-letras\/\" \/>\n<meta property=\"og:site_name\" content=\"T. Greguol\" \/>\n<meta property=\"article:publisher\" content=\"https:\/\/www.facebook.com\/tgreguol\" \/>\n<meta property=\"article:modified_time\" content=\"2016-05-11T19:33:14+00:00\" \/>\n<meta name=\"twitter:card\" content=\"summary_large_image\" \/>\n<meta name=\"twitter:site\" content=\"@katarse\" \/>\n<meta name=\"twitter:label1\" content=\"Est. tempo de leitura\" \/>\n\t<meta name=\"twitter:data1\" content=\"4 minutos\" \/>\n<script type=\"application\/ld+json\" class=\"yoast-schema-graph\">{\"@context\":\"https:\\\/\\\/schema.org\",\"@graph\":[{\"@type\":\"WebPage\",\"@id\":\"https:\\\/\\\/www.tgreguol.com.br\\\/blog\\\/catarse-2002-letras\\\/\",\"url\":\"https:\\\/\\\/www.tgreguol.com.br\\\/blog\\\/catarse-2002-letras\\\/\",\"name\":\"Catarse (2002) - Letras - T. Greguol\",\"isPartOf\":{\"@id\":\"https:\\\/\\\/www.tgreguol.com.br\\\/blog\\\/#website\"},\"datePublished\":\"2016-05-11T19:04:38+00:00\",\"dateModified\":\"2016-05-11T19:33:14+00:00\",\"breadcrumb\":{\"@id\":\"https:\\\/\\\/www.tgreguol.com.br\\\/blog\\\/catarse-2002-letras\\\/#breadcrumb\"},\"inLanguage\":\"pt-BR\",\"potentialAction\":[{\"@type\":\"ReadAction\",\"target\":[\"https:\\\/\\\/www.tgreguol.com.br\\\/blog\\\/catarse-2002-letras\\\/\"]}]},{\"@type\":\"BreadcrumbList\",\"@id\":\"https:\\\/\\\/www.tgreguol.com.br\\\/blog\\\/catarse-2002-letras\\\/#breadcrumb\",\"itemListElement\":[{\"@type\":\"ListItem\",\"position\":1,\"name\":\"In\u00edcio\",\"item\":\"https:\\\/\\\/www.tgreguol.com.br\\\/blog\\\/\"},{\"@type\":\"ListItem\",\"position\":2,\"name\":\"Catarse (2002) &#8211; Letras\"}]},{\"@type\":\"WebSite\",\"@id\":\"https:\\\/\\\/www.tgreguol.com.br\\\/blog\\\/#website\",\"url\":\"https:\\\/\\\/www.tgreguol.com.br\\\/blog\\\/\",\"name\":\"T. Greguol\",\"description\":\"Imaginador\",\"potentialAction\":[{\"@type\":\"SearchAction\",\"target\":{\"@type\":\"EntryPoint\",\"urlTemplate\":\"https:\\\/\\\/www.tgreguol.com.br\\\/blog\\\/?s={search_term_string}\"},\"query-input\":{\"@type\":\"PropertyValueSpecification\",\"valueRequired\":true,\"valueName\":\"search_term_string\"}}],\"inLanguage\":\"pt-BR\"}]}<\/script>\n<!-- \/ Yoast SEO plugin. -->","yoast_head_json":{"title":"Catarse (2002) - Letras - T. Greguol","robots":{"index":"index","follow":"follow","max-snippet":"max-snippet:-1","max-image-preview":"max-image-preview:large","max-video-preview":"max-video-preview:-1"},"canonical":"https:\/\/www.tgreguol.com.br\/blog\/catarse-2002-letras\/","og_locale":"pt_BR","og_type":"article","og_title":"Catarse (2002) - Letras - T. Greguol","og_description":"01. Balar\u00e3ma \u2013 Mait Greguol (T. Greguol) 02. Cogumelo \u2013 \u2026 Leia Mais","og_url":"https:\/\/www.tgreguol.com.br\/blog\/catarse-2002-letras\/","og_site_name":"T. Greguol","article_publisher":"https:\/\/www.facebook.com\/tgreguol","article_modified_time":"2016-05-11T19:33:14+00:00","twitter_card":"summary_large_image","twitter_site":"@katarse","twitter_misc":{"Est. tempo de leitura":"4 minutos"},"schema":{"@context":"https:\/\/schema.org","@graph":[{"@type":"WebPage","@id":"https:\/\/www.tgreguol.com.br\/blog\/catarse-2002-letras\/","url":"https:\/\/www.tgreguol.com.br\/blog\/catarse-2002-letras\/","name":"Catarse (2002) - Letras - T. Greguol","isPartOf":{"@id":"https:\/\/www.tgreguol.com.br\/blog\/#website"},"datePublished":"2016-05-11T19:04:38+00:00","dateModified":"2016-05-11T19:33:14+00:00","breadcrumb":{"@id":"https:\/\/www.tgreguol.com.br\/blog\/catarse-2002-letras\/#breadcrumb"},"inLanguage":"pt-BR","potentialAction":[{"@type":"ReadAction","target":["https:\/\/www.tgreguol.com.br\/blog\/catarse-2002-letras\/"]}]},{"@type":"BreadcrumbList","@id":"https:\/\/www.tgreguol.com.br\/blog\/catarse-2002-letras\/#breadcrumb","itemListElement":[{"@type":"ListItem","position":1,"name":"In\u00edcio","item":"https:\/\/www.tgreguol.com.br\/blog\/"},{"@type":"ListItem","position":2,"name":"Catarse (2002) &#8211; Letras"}]},{"@type":"WebSite","@id":"https:\/\/www.tgreguol.com.br\/blog\/#website","url":"https:\/\/www.tgreguol.com.br\/blog\/","name":"T. Greguol","description":"Imaginador","potentialAction":[{"@type":"SearchAction","target":{"@type":"EntryPoint","urlTemplate":"https:\/\/www.tgreguol.com.br\/blog\/?s={search_term_string}"},"query-input":{"@type":"PropertyValueSpecification","valueRequired":true,"valueName":"search_term_string"}}],"inLanguage":"pt-BR"}]}},"_links":{"self":[{"href":"https:\/\/www.tgreguol.com.br\/blog\/wp-json\/wp\/v2\/pages\/1765","targetHints":{"allow":["GET"]}}],"collection":[{"href":"https:\/\/www.tgreguol.com.br\/blog\/wp-json\/wp\/v2\/pages"}],"about":[{"href":"https:\/\/www.tgreguol.com.br\/blog\/wp-json\/wp\/v2\/types\/page"}],"author":[{"embeddable":true,"href":"https:\/\/www.tgreguol.com.br\/blog\/wp-json\/wp\/v2\/users\/1"}],"replies":[{"embeddable":true,"href":"https:\/\/www.tgreguol.com.br\/blog\/wp-json\/wp\/v2\/comments?post=1765"}],"version-history":[{"count":5,"href":"https:\/\/www.tgreguol.com.br\/blog\/wp-json\/wp\/v2\/pages\/1765\/revisions"}],"predecessor-version":[{"id":1775,"href":"https:\/\/www.tgreguol.com.br\/blog\/wp-json\/wp\/v2\/pages\/1765\/revisions\/1775"}],"wp:attachment":[{"href":"https:\/\/www.tgreguol.com.br\/blog\/wp-json\/wp\/v2\/media?parent=1765"}],"curies":[{"name":"wp","href":"https:\/\/api.w.org\/{rel}","templated":true}]}}