{"id":1617,"date":"2016-04-04T22:43:01","date_gmt":"2016-04-04T22:43:01","guid":{"rendered":"https:\/\/www.tgreguol.com.br\/blog\/?page_id=1617"},"modified":"2023-11-26T21:00:14","modified_gmt":"2023-11-26T21:00:14","slug":"perguntas-do-t","status":"publish","type":"page","link":"https:\/\/www.tgreguol.com.br\/blog\/perguntas-do-t\/","title":{"rendered":"Perguntas do T."},"content":{"rendered":"<p><a href=\"https:\/\/www.youtube.com\/playlist?list=PLBo_fHJSdrvT3vAv33YV5Ad8qgK4pZwpR\" target=\"_blank\" rel=\"noopener noreferrer\">ASSISTA<\/a>, <a href=\"https:\/\/www.youtube.com\/channel\/UCLNHK6EkjCCS_NB_Q2jc2DA\" target=\"_blank\" rel=\"noopener noreferrer\">INSCREVA-SE<\/a>, <a href=\"https:\/\/www.tgreguol.com.br\/blog\/contatot\/\" target=\"_blank\" rel=\"noopener noreferrer\">ESPALHE<\/a>, <a href=\"https:\/\/www.tgreguol.com.br\/blog\/\" target=\"_blank\" rel=\"noopener noreferrer\">DIVIRTA-SE<\/a>!<\/p>\n<p><iframe loading=\"lazy\" title=\"PERGUNTAS DO T.\" width=\"900\" height=\"506\" src=\"https:\/\/www.youtube.com\/embed\/videoseries?list=PLBo_fHJSdrvT3vAv33YV5Ad8qgK4pZwpR\" frameborder=\"0\" allow=\"accelerometer; autoplay; clipboard-write; encrypted-media; gyroscope; picture-in-picture; web-share\" allowfullscreen><\/iframe><\/p>\n<p>\u201cPerguntas do T.\u201d \u00e9 o projeto audiovisual cont\u00ednuo que o artista T. Greguol vem produzindo desde 2016.<\/p>\n<p>Consiste de pequenos epis\u00f3dios de no m\u00e1ximo dois minutos de dura\u00e7\u00e3o, com uma estrutura fixa, onde o artista faz as mesmas cinco perguntas para diversas pessoas de diferentes classes sociais, cren\u00e7as, culturas, etnias, g\u00eaneros, idades e profiss\u00f5es.<\/p>\n<p>O projeto conta 219 pessoas que responderam \u00e0s seguintes perguntas, na mesma ordem e sem intromiss\u00e3o do \u201centrevistador\u201d:<br \/>\n1.\u00a0Qual o seu nome?<br \/>\n2.\u00a0O que voc\u00ea faz?<br \/>\n3.\u00a0Quem \u00e9 voc\u00ea?<br \/>\n4. (Pergunta surpresa sorteada na hora pelo pr\u00f3prio \u201centrevistado\u201d).<br \/>\n5.\u00a0Qual \u00e9 a coisa mais importante de todas para voc\u00ea?<\/p>\n<p>Ao perguntar as mesmas coisas para uma grande amostra de pessoas, pretende-se de forma cient\u00edfica\/art\u00edstica, vislumbrar caracter\u00edsticas importantes sobre a pessoa que responde. E, em longo prazo, sobre a pessoa que pergunta.O fato de ser um projeto audiovisual contribui para esse estudo. As express\u00f5es faciais, os olhares, a linguagem corporal e as palavras escolhidas, unidas \u00e0s respostas em si &#8211; sinceras ou n\u00e3o -, produzem um retrato completo.<\/p>\n<p>O \u201cPerguntas do T.\u201d Pode ser experimentado de diferentes formas&#8230;<\/p>\n<p>POR EPIS\u00d3DIO: ao assisti-los separadamente, o espectador formar\u00e1 uma ideia sobre aqueles dois indiv\u00edduos na tela.<\/p>\n<p>COMO S\u00c9RIE: ao assistir v\u00e1rios epis\u00f3dios, o espectador come\u00e7a a formar um panorama geral onde se observam diferen\u00e7as, peculiaridades e tamb\u00e9m o que perpassa todos eles.<\/p>\n<p>C\u00c1PSULA DO TEMPO: o \u201cPerguntas do T.\u201d vem sendo feito desde 2016, e j\u00e1 \u00e9 poss\u00edvel olhar para os epis\u00f3dios mais antigos e notar um outro tempo: a tecnologia, as apar\u00eancias, a intera\u00e7\u00e3o, as respostas que, sem explica\u00e7\u00e3o, se repetem num per\u00edodo e depois s\u00e3o completamente esquecidas noutros em que houvesse conhecimento entre os entrevistados. \u00c9 poss\u00edvel enxergar ondas.<\/p>\n<p>REFLEX\u00c3O: as perguntas s\u00e3o feitas aos indiv\u00edduos, mas os espectadores invariavelmente acabam se perguntando as mesmas coisas. \u00c9 poss\u00edvel que as perguntas sigam ecoando nas mentes, por serem reflexivas, pitorescas,exc\u00eantricas&#8230;<\/p>\n<p>ENTRETENIMENTO: os epis\u00f3dios s\u00e3o t\u00e3o curtos que \u00e9 poss\u00edvel assistir a v\u00e1rios de uma vez. N\u00e3o h\u00e1 uma ordem que os conecte; logo n\u00e3o h\u00e1 necessidade de \u201cpegar do come\u00e7o\u201d. S\u00e3o tantos epis\u00f3dios que seria preciso pelo menos cinco horas ininterruptas para conseguir assistir a todos, fazendo assim que a obra \u201crenda\u201d, possibilitando \u00e0queles que gostarem da experi\u00eancia, que voltem e assistam mais. O projeto visa a variedade, apresentando vozes an\u00f4nimas bem como vozes p\u00fablicas.<\/p>\n<p>S\u00e3o usados alguns crit\u00e9rios para a escolha dos convidados: a intui\u00e7\u00e3o do artista, a igualdade de g\u00eaneros, a variedade cultural e, claro, a vontade de participar.<\/p>\n<p>A ideia \u00e9 chegar a 365 epis\u00f3dios, ordenados em ordem alfab\u00e9tica, como um livro dividido em verbetes, que s\u00e3o os indiv\u00edduos.<\/p>\n<p>www.tgreguol.com.br<\/p>\n","protected":false},"excerpt":{"rendered":"<p>ASSISTA, INSCREVA-SE, ESPALHE, DIVIRTA-SE! \u201cPerguntas do T.\u201d \u00e9 o projeto \u2026<\/p>\n<p class=\"continue-reading-button\"> <a class=\"continue-reading-link\" href=\"https:\/\/www.tgreguol.com.br\/blog\/perguntas-do-t\/\">Leia Mais<i class=\"crycon-right-dir\"><\/i><\/a><\/p>\n","protected":false},"author":1,"featured_media":0,"parent":0,"menu_order":0,"comment_status":"closed","ping_status":"closed","template":"","meta":{"nf_dc_page":"","_exactmetrics_skip_tracking":false,"_exactmetrics_sitenote_active":false,"_exactmetrics_sitenote_note":"","_exactmetrics_sitenote_category":0,"footnotes":""},"class_list":["post-1617","page","type-page","status-publish","hentry"],"yoast_head":"<!-- This site is optimized with the Yoast SEO plugin v27.5 - https:\/\/yoast.com\/product\/yoast-seo-wordpress\/ -->\n<title>Perguntas do T. - T. Greguol<\/title>\n<meta name=\"robots\" content=\"index, follow, max-snippet:-1, max-image-preview:large, max-video-preview:-1\" \/>\n<link rel=\"canonical\" href=\"https:\/\/www.tgreguol.com.br\/blog\/perguntas-do-t\/\" \/>\n<meta property=\"og:locale\" content=\"pt_BR\" \/>\n<meta property=\"og:type\" content=\"article\" \/>\n<meta property=\"og:title\" content=\"PERGUNTAS DO T.\" \/>\n<meta property=\"og:description\" content=\"Programa de entrevistas &#039;pataf\u00edsicas para o YouTube. Dura\u00e7\u00e3o m\u00e1xima de 2 minutos.\" \/>\n<meta property=\"og:url\" content=\"https:\/\/www.tgreguol.com.br\/blog\/perguntas-do-t\/\" \/>\n<meta property=\"og:site_name\" content=\"T. Greguol\" \/>\n<meta property=\"article:publisher\" content=\"https:\/\/www.facebook.com\/tgreguol\" \/>\n<meta property=\"article:modified_time\" content=\"2023-11-26T21:00:14+00:00\" \/>\n<meta property=\"og:image\" content=\"https:\/\/i0.wp.com\/www.tgreguol.com.br\/blog\/wp-content\/uploads\/2016\/09\/logo.jpg?fit=1920%2C1080\" \/>\n\t<meta property=\"og:image:width\" content=\"1920\" \/>\n\t<meta property=\"og:image:height\" content=\"1080\" \/>\n\t<meta property=\"og:image:type\" content=\"image\/jpeg\" \/>\n<meta name=\"twitter:card\" content=\"summary_large_image\" \/>\n<meta name=\"twitter:site\" content=\"@katarse\" \/>\n<meta name=\"twitter:label1\" content=\"Est. tempo de leitura\" \/>\n\t<meta name=\"twitter:data1\" content=\"3 minutos\" \/>\n<script type=\"application\/ld+json\" class=\"yoast-schema-graph\">{\"@context\":\"https:\\\/\\\/schema.org\",\"@graph\":[{\"@type\":\"WebPage\",\"@id\":\"https:\\\/\\\/www.tgreguol.com.br\\\/blog\\\/perguntas-do-t\\\/\",\"url\":\"https:\\\/\\\/www.tgreguol.com.br\\\/blog\\\/perguntas-do-t\\\/\",\"name\":\"Perguntas do T. - T. Greguol\",\"isPartOf\":{\"@id\":\"https:\\\/\\\/www.tgreguol.com.br\\\/blog\\\/#website\"},\"datePublished\":\"2016-04-04T22:43:01+00:00\",\"dateModified\":\"2023-11-26T21:00:14+00:00\",\"breadcrumb\":{\"@id\":\"https:\\\/\\\/www.tgreguol.com.br\\\/blog\\\/perguntas-do-t\\\/#breadcrumb\"},\"inLanguage\":\"pt-BR\",\"potentialAction\":[{\"@type\":\"ReadAction\",\"target\":[\"https:\\\/\\\/www.tgreguol.com.br\\\/blog\\\/perguntas-do-t\\\/\"]}]},{\"@type\":\"BreadcrumbList\",\"@id\":\"https:\\\/\\\/www.tgreguol.com.br\\\/blog\\\/perguntas-do-t\\\/#breadcrumb\",\"itemListElement\":[{\"@type\":\"ListItem\",\"position\":1,\"name\":\"In\u00edcio\",\"item\":\"https:\\\/\\\/www.tgreguol.com.br\\\/blog\\\/\"},{\"@type\":\"ListItem\",\"position\":2,\"name\":\"Perguntas do T.\"}]},{\"@type\":\"WebSite\",\"@id\":\"https:\\\/\\\/www.tgreguol.com.br\\\/blog\\\/#website\",\"url\":\"https:\\\/\\\/www.tgreguol.com.br\\\/blog\\\/\",\"name\":\"T. Greguol\",\"description\":\"Imaginador\",\"potentialAction\":[{\"@type\":\"SearchAction\",\"target\":{\"@type\":\"EntryPoint\",\"urlTemplate\":\"https:\\\/\\\/www.tgreguol.com.br\\\/blog\\\/?s={search_term_string}\"},\"query-input\":{\"@type\":\"PropertyValueSpecification\",\"valueRequired\":true,\"valueName\":\"search_term_string\"}}],\"inLanguage\":\"pt-BR\"}]}<\/script>\n<!-- \/ Yoast SEO plugin. -->","yoast_head_json":{"title":"Perguntas do T. - T. Greguol","robots":{"index":"index","follow":"follow","max-snippet":"max-snippet:-1","max-image-preview":"max-image-preview:large","max-video-preview":"max-video-preview:-1"},"canonical":"https:\/\/www.tgreguol.com.br\/blog\/perguntas-do-t\/","og_locale":"pt_BR","og_type":"article","og_title":"PERGUNTAS DO T.","og_description":"Programa de entrevistas 'pataf\u00edsicas para o YouTube. Dura\u00e7\u00e3o m\u00e1xima de 2 minutos.","og_url":"https:\/\/www.tgreguol.com.br\/blog\/perguntas-do-t\/","og_site_name":"T. Greguol","article_publisher":"https:\/\/www.facebook.com\/tgreguol","article_modified_time":"2023-11-26T21:00:14+00:00","og_image":[{"width":1920,"height":1080,"url":"https:\/\/i0.wp.com\/www.tgreguol.com.br\/blog\/wp-content\/uploads\/2016\/09\/logo.jpg?fit=1920%2C1080","type":"image\/jpeg"}],"twitter_card":"summary_large_image","twitter_site":"@katarse","twitter_misc":{"Est. tempo de leitura":"3 minutos"},"schema":{"@context":"https:\/\/schema.org","@graph":[{"@type":"WebPage","@id":"https:\/\/www.tgreguol.com.br\/blog\/perguntas-do-t\/","url":"https:\/\/www.tgreguol.com.br\/blog\/perguntas-do-t\/","name":"Perguntas do T. - T. Greguol","isPartOf":{"@id":"https:\/\/www.tgreguol.com.br\/blog\/#website"},"datePublished":"2016-04-04T22:43:01+00:00","dateModified":"2023-11-26T21:00:14+00:00","breadcrumb":{"@id":"https:\/\/www.tgreguol.com.br\/blog\/perguntas-do-t\/#breadcrumb"},"inLanguage":"pt-BR","potentialAction":[{"@type":"ReadAction","target":["https:\/\/www.tgreguol.com.br\/blog\/perguntas-do-t\/"]}]},{"@type":"BreadcrumbList","@id":"https:\/\/www.tgreguol.com.br\/blog\/perguntas-do-t\/#breadcrumb","itemListElement":[{"@type":"ListItem","position":1,"name":"In\u00edcio","item":"https:\/\/www.tgreguol.com.br\/blog\/"},{"@type":"ListItem","position":2,"name":"Perguntas do T."}]},{"@type":"WebSite","@id":"https:\/\/www.tgreguol.com.br\/blog\/#website","url":"https:\/\/www.tgreguol.com.br\/blog\/","name":"T. Greguol","description":"Imaginador","potentialAction":[{"@type":"SearchAction","target":{"@type":"EntryPoint","urlTemplate":"https:\/\/www.tgreguol.com.br\/blog\/?s={search_term_string}"},"query-input":{"@type":"PropertyValueSpecification","valueRequired":true,"valueName":"search_term_string"}}],"inLanguage":"pt-BR"}]}},"_links":{"self":[{"href":"https:\/\/www.tgreguol.com.br\/blog\/wp-json\/wp\/v2\/pages\/1617","targetHints":{"allow":["GET"]}}],"collection":[{"href":"https:\/\/www.tgreguol.com.br\/blog\/wp-json\/wp\/v2\/pages"}],"about":[{"href":"https:\/\/www.tgreguol.com.br\/blog\/wp-json\/wp\/v2\/types\/page"}],"author":[{"embeddable":true,"href":"https:\/\/www.tgreguol.com.br\/blog\/wp-json\/wp\/v2\/users\/1"}],"replies":[{"embeddable":true,"href":"https:\/\/www.tgreguol.com.br\/blog\/wp-json\/wp\/v2\/comments?post=1617"}],"version-history":[{"count":41,"href":"https:\/\/www.tgreguol.com.br\/blog\/wp-json\/wp\/v2\/pages\/1617\/revisions"}],"predecessor-version":[{"id":3539,"href":"https:\/\/www.tgreguol.com.br\/blog\/wp-json\/wp\/v2\/pages\/1617\/revisions\/3539"}],"wp:attachment":[{"href":"https:\/\/www.tgreguol.com.br\/blog\/wp-json\/wp\/v2\/media?parent=1617"}],"curies":[{"name":"wp","href":"https:\/\/api.w.org\/{rel}","templated":true}]}}