{"id":1328,"date":"2016-01-29T22:42:40","date_gmt":"2016-01-29T22:42:40","guid":{"rendered":"https:\/\/www.tgreguol.com.br\/blog\/?page_id=1328"},"modified":"2016-02-15T17:07:31","modified_gmt":"2016-02-15T17:07:31","slug":"cabana","status":"publish","type":"page","link":"https:\/\/www.tgreguol.com.br\/blog\/cabana\/","title":{"rendered":"Cabana"},"content":{"rendered":"<p style=\"text-align: justify;\">No meio do mundo, rodeada por nada. Escurid\u00e3o tremenda. Nada se sabe. Dentro da cabana vivem tr\u00eas aberra\u00e7\u00f5es.<br \/>\nA verdade relativa. Muitos pesos, muitas medidas. O mais velho, aleijado e m\u00edope, tinha a idade sobre as costas, a testa franzida, os ombros ca\u00eddos. Vestido de branco, impec\u00e1vel, fala correta, corrigindo os outros, implicante, adora a ordem e os discursos. A verdade n\u00e3o importa.<br \/>\nDescontrolado, escandaloso. Sempre de vermelho&#8230; Nariz vermelho. Um vulc\u00e3o \u00e0s vezes, uma calmaria em outras.<br \/>\nApesar de sentir dores terr\u00edveis \u00e9 um escravo do mais velho e s\u00f3 apanha do segundo. Entre os tr\u00eas, o mais soci\u00e1vel, o que mant\u00e9m os tr\u00eas juntos desde o ber\u00e7o. Forte, faminto e lento.<br \/>\nTrig\u00eameos.<br \/>\nSempre prejudicando um ao outro. Brigam o dia inteiro, mas n\u00e3o vivem sem o outro. Dizem que a probabilidade de isso acontecer \u00e9 a mesma que a de um jogador de golfe acertar a bolinha num buraco na lua ou a de uma fita cassete sair da f\u00e1brica, com a 9a Sinfonia de Beethoven gravada.<br \/>\nA cabana \u00e9 grande, vazia, mal iluminada, suja. A n\u00e3o ser pela sala onde est\u00e3o todos os pertences e os tr\u00eas irm\u00e3os. Nesse local, existem tantas coisas&#8230;<br \/>\nO trio tem sempre uma resposta para tudo. Eles t\u00eam a solu\u00e7\u00e3o para o amor incondicional, a exist\u00eancia de Deus, a fome no mundo, a meta da humanidade, a paz universal, a pergunta shakespeareana e at\u00e9 para quem veio primeiro.<br \/>\nEles discordam tanto que, mesmo olhando, atrav\u00e9s de uma mesma janela, poderia sair discuss\u00e3o sobre o que viam. Mesmo que pela janela s\u00f3 se pudesse ver uma \u00fanica e solit\u00e1ria \u00e1rvore. Eles est\u00e3o sempre brigando. Brigando feio. Eles est\u00e3o sempre brigando. Brigando feio.<\/p>\n","protected":false},"excerpt":{"rendered":"<p>No meio do mundo, rodeada por nada. Escurid\u00e3o tremenda. Nada \u2026<\/p>\n<p class=\"continue-reading-button\"> <a class=\"continue-reading-link\" href=\"https:\/\/www.tgreguol.com.br\/blog\/cabana\/\">Leia Mais<i class=\"crycon-right-dir\"><\/i><\/a><\/p>\n","protected":false},"author":1,"featured_media":0,"parent":0,"menu_order":0,"comment_status":"closed","ping_status":"closed","template":"","meta":{"nf_dc_page":"","_exactmetrics_skip_tracking":false,"_exactmetrics_sitenote_active":false,"_exactmetrics_sitenote_note":"","_exactmetrics_sitenote_category":0,"footnotes":""},"class_list":["post-1328","page","type-page","status-publish","hentry"],"yoast_head":"<!-- This site is optimized with the Yoast SEO plugin v27.5 - https:\/\/yoast.com\/product\/yoast-seo-wordpress\/ -->\n<title>Cabana - T. Greguol<\/title>\n<meta name=\"robots\" content=\"index, follow, max-snippet:-1, max-image-preview:large, max-video-preview:-1\" \/>\n<link rel=\"canonical\" href=\"https:\/\/www.tgreguol.com.br\/blog\/cabana\/\" \/>\n<meta property=\"og:locale\" content=\"pt_BR\" \/>\n<meta property=\"og:type\" content=\"article\" \/>\n<meta property=\"og:title\" content=\"Cabana - T. Greguol\" \/>\n<meta property=\"og:description\" content=\"No meio do mundo, rodeada por nada. Escurid\u00e3o tremenda. Nada \u2026 Leia Mais\" \/>\n<meta property=\"og:url\" content=\"https:\/\/www.tgreguol.com.br\/blog\/cabana\/\" \/>\n<meta property=\"og:site_name\" content=\"T. Greguol\" \/>\n<meta property=\"article:publisher\" content=\"https:\/\/www.facebook.com\/tgreguol\" \/>\n<meta property=\"article:modified_time\" content=\"2016-02-15T17:07:31+00:00\" \/>\n<meta name=\"twitter:card\" content=\"summary_large_image\" \/>\n<meta name=\"twitter:site\" content=\"@katarse\" \/>\n<meta name=\"twitter:label1\" content=\"Est. tempo de leitura\" \/>\n\t<meta name=\"twitter:data1\" content=\"2 minutos\" \/>\n<script type=\"application\/ld+json\" class=\"yoast-schema-graph\">{\"@context\":\"https:\\\/\\\/schema.org\",\"@graph\":[{\"@type\":\"WebPage\",\"@id\":\"https:\\\/\\\/www.tgreguol.com.br\\\/blog\\\/cabana\\\/\",\"url\":\"https:\\\/\\\/www.tgreguol.com.br\\\/blog\\\/cabana\\\/\",\"name\":\"Cabana - T. Greguol\",\"isPartOf\":{\"@id\":\"https:\\\/\\\/www.tgreguol.com.br\\\/blog\\\/#website\"},\"datePublished\":\"2016-01-29T22:42:40+00:00\",\"dateModified\":\"2016-02-15T17:07:31+00:00\",\"breadcrumb\":{\"@id\":\"https:\\\/\\\/www.tgreguol.com.br\\\/blog\\\/cabana\\\/#breadcrumb\"},\"inLanguage\":\"pt-BR\",\"potentialAction\":[{\"@type\":\"ReadAction\",\"target\":[\"https:\\\/\\\/www.tgreguol.com.br\\\/blog\\\/cabana\\\/\"]}]},{\"@type\":\"BreadcrumbList\",\"@id\":\"https:\\\/\\\/www.tgreguol.com.br\\\/blog\\\/cabana\\\/#breadcrumb\",\"itemListElement\":[{\"@type\":\"ListItem\",\"position\":1,\"name\":\"In\u00edcio\",\"item\":\"https:\\\/\\\/www.tgreguol.com.br\\\/blog\\\/\"},{\"@type\":\"ListItem\",\"position\":2,\"name\":\"Cabana\"}]},{\"@type\":\"WebSite\",\"@id\":\"https:\\\/\\\/www.tgreguol.com.br\\\/blog\\\/#website\",\"url\":\"https:\\\/\\\/www.tgreguol.com.br\\\/blog\\\/\",\"name\":\"T. Greguol\",\"description\":\"Imaginador\",\"potentialAction\":[{\"@type\":\"SearchAction\",\"target\":{\"@type\":\"EntryPoint\",\"urlTemplate\":\"https:\\\/\\\/www.tgreguol.com.br\\\/blog\\\/?s={search_term_string}\"},\"query-input\":{\"@type\":\"PropertyValueSpecification\",\"valueRequired\":true,\"valueName\":\"search_term_string\"}}],\"inLanguage\":\"pt-BR\"}]}<\/script>\n<!-- \/ Yoast SEO plugin. -->","yoast_head_json":{"title":"Cabana - T. Greguol","robots":{"index":"index","follow":"follow","max-snippet":"max-snippet:-1","max-image-preview":"max-image-preview:large","max-video-preview":"max-video-preview:-1"},"canonical":"https:\/\/www.tgreguol.com.br\/blog\/cabana\/","og_locale":"pt_BR","og_type":"article","og_title":"Cabana - T. Greguol","og_description":"No meio do mundo, rodeada por nada. Escurid\u00e3o tremenda. Nada \u2026 Leia Mais","og_url":"https:\/\/www.tgreguol.com.br\/blog\/cabana\/","og_site_name":"T. Greguol","article_publisher":"https:\/\/www.facebook.com\/tgreguol","article_modified_time":"2016-02-15T17:07:31+00:00","twitter_card":"summary_large_image","twitter_site":"@katarse","twitter_misc":{"Est. tempo de leitura":"2 minutos"},"schema":{"@context":"https:\/\/schema.org","@graph":[{"@type":"WebPage","@id":"https:\/\/www.tgreguol.com.br\/blog\/cabana\/","url":"https:\/\/www.tgreguol.com.br\/blog\/cabana\/","name":"Cabana - T. Greguol","isPartOf":{"@id":"https:\/\/www.tgreguol.com.br\/blog\/#website"},"datePublished":"2016-01-29T22:42:40+00:00","dateModified":"2016-02-15T17:07:31+00:00","breadcrumb":{"@id":"https:\/\/www.tgreguol.com.br\/blog\/cabana\/#breadcrumb"},"inLanguage":"pt-BR","potentialAction":[{"@type":"ReadAction","target":["https:\/\/www.tgreguol.com.br\/blog\/cabana\/"]}]},{"@type":"BreadcrumbList","@id":"https:\/\/www.tgreguol.com.br\/blog\/cabana\/#breadcrumb","itemListElement":[{"@type":"ListItem","position":1,"name":"In\u00edcio","item":"https:\/\/www.tgreguol.com.br\/blog\/"},{"@type":"ListItem","position":2,"name":"Cabana"}]},{"@type":"WebSite","@id":"https:\/\/www.tgreguol.com.br\/blog\/#website","url":"https:\/\/www.tgreguol.com.br\/blog\/","name":"T. Greguol","description":"Imaginador","potentialAction":[{"@type":"SearchAction","target":{"@type":"EntryPoint","urlTemplate":"https:\/\/www.tgreguol.com.br\/blog\/?s={search_term_string}"},"query-input":{"@type":"PropertyValueSpecification","valueRequired":true,"valueName":"search_term_string"}}],"inLanguage":"pt-BR"}]}},"_links":{"self":[{"href":"https:\/\/www.tgreguol.com.br\/blog\/wp-json\/wp\/v2\/pages\/1328","targetHints":{"allow":["GET"]}}],"collection":[{"href":"https:\/\/www.tgreguol.com.br\/blog\/wp-json\/wp\/v2\/pages"}],"about":[{"href":"https:\/\/www.tgreguol.com.br\/blog\/wp-json\/wp\/v2\/types\/page"}],"author":[{"embeddable":true,"href":"https:\/\/www.tgreguol.com.br\/blog\/wp-json\/wp\/v2\/users\/1"}],"replies":[{"embeddable":true,"href":"https:\/\/www.tgreguol.com.br\/blog\/wp-json\/wp\/v2\/comments?post=1328"}],"version-history":[{"count":3,"href":"https:\/\/www.tgreguol.com.br\/blog\/wp-json\/wp\/v2\/pages\/1328\/revisions"}],"predecessor-version":[{"id":1361,"href":"https:\/\/www.tgreguol.com.br\/blog\/wp-json\/wp\/v2\/pages\/1328\/revisions\/1361"}],"wp:attachment":[{"href":"https:\/\/www.tgreguol.com.br\/blog\/wp-json\/wp\/v2\/media?parent=1328"}],"curies":[{"name":"wp","href":"https:\/\/api.w.org\/{rel}","templated":true}]}}