{"id":1325,"date":"2016-01-29T22:41:32","date_gmt":"2016-01-29T22:41:32","guid":{"rendered":"https:\/\/www.tgreguol.com.br\/blog\/?page_id=1325"},"modified":"2016-02-15T16:53:41","modified_gmt":"2016-02-15T16:53:41","slug":"anna-otto","status":"publish","type":"page","link":"https:\/\/www.tgreguol.com.br\/blog\/anna-otto\/","title":{"rendered":"Anna &#038; Otto"},"content":{"rendered":"<p style=\"text-align: justify;\">Dormir, acordar&#8230; Realidade, sonho&#8230; \u00c9 tudo muito vago, o tempo n\u00e3o significa nada &#8211; os momentos bons, os ruins. Nada faz muito sentido para mim. Ou para ele. Se fosse ele escrevendo, ao inv\u00e9s de \u2018ele\u2019, voc\u00eas leriam \u2018eu\u2019 e ao inv\u00e9s de \u2018eu\u2019, leriam \u2018ela\u2019. N\u00e3o se preocupem. Eu explico.<br \/>\nMeu nome \u00e9 Anna Bonfim. Sempre fui uma estudiosa das artes, sempre preferi os livros, o teatro, o cinema, a m\u00fasica. Saud\u00e1vel, mas com cuidados requeridos.<br \/>\nEle, Otto Faustino, sempre preferiu o errado. Nunca se fixou a nada, a ningu\u00e9m ou a lugar nenhum; nunca teve nenhum cuidado, entregue a tudo.<br \/>\nO meu problema com ele vem do fato de sermos a mesma coisa.<br \/>\nN\u00e3o pensem que o que se segue \u00e9 mais uma hist\u00f3ria de Jekyll\u00a0e Hyde. O caso que aqui apresento \u00e9 semelhante, por\u00e9m de muito maior gravidade. Eu garanto.<br \/>\nNo caso da hist\u00f3ria, o m\u00e9dico criou uma po\u00e7\u00e3o que transformava seu corpo, \u00edndole e maneira de ver o mundo. Com o tempo, a po\u00e7\u00e3o deixou de ser necess\u00e1ria e o lado monstro aparecia quando queria. Algo parecido com mais uma d\u00fazia de personagens. As personalidades escondidas existiam em momentos diferentes, como um Super Homem ao avesso.<br \/>\nEra f\u00e1cil acabar com o mal: eliminando um dos dois, ambos desapareceriam. Os fatos relatados nas hist\u00f3rias eram como um castigo ou um pr\u00eamio, como uma moral a ser aprendida. \u201cNunca tente ser o que voc\u00ea n\u00e3o \u00e9\u201d ou coisa que o valha. No meu caso, n\u00e3o.<br \/>\nSomos a mesma pessoa e vivemos ao mesmo tempo. S\u00f3 h\u00e1 uma divis\u00f3ria entre Anna e Otto: ele \u00e9 eu quando durmo, e eu sou ele quando ele dorme. N\u00e3o habitamos a mesma realidade. Somos contempor\u00e2neos, mas vivemos em realidades paralelas. N\u00e3o fizemos nada para que isso acontecesse.<br \/>\nAt\u00e9 cinco anos atr\u00e1s o mundo era um e tudo era como \u00e9 para todos n\u00f3s. Por essa data, quando ia dormir, ao inv\u00e9s de dormir, acordava Otto Faustino. Era como se ele tivesse sonhado que era eu.<br \/>\nToda vez que ele sonha que sou eu, na verdade sou eu mesma. E toda vez que eu sonho ser ele, sou ele mesmo.<br \/>\nQuando ele acorda tenho certeza de que Anna Bonfim \u00e9 um sonho idiota.<br \/>\nAt\u00e9 cinco anos atr\u00e1s o mundo era um e todos os fatos ocorriam normalmente, como acontecem para todos n\u00f3s. Por essa data, quando ia dormir, ao inv\u00e9s de dormir, acordava Anna Bonfim.<br \/>\nO meu mundo, de cinco anos pra c\u00e1, \u00e9 totalmente diferente do mundo dele.<br \/>\nImposs\u00edvel dizer qual \u00e9 o real; dependendo da pessoa que sou, esse \u00e9 o mundo real, e tanto eu quanto ele n\u00e3o estamos dispostos a abrir m\u00e3o da realidade, e nem que tiv\u00e9ssemos essa inten\u00e7\u00e3o, nunca conseguir\u00edamos. Como se muda um mundo inteiro? Como se apaga um passado, sendo que ele n\u00e3o \u00e9 um passado &#8211; \u00e9 a realidade cobrando voc\u00ea?<br \/>\nJ\u00e1 tentei ficar acordada, mas minha sa\u00fade come\u00e7ou a despencar.<br \/>\nJ\u00e1 pensamos em cometer suic\u00eddio. Mas como seria se morresse&#8230; Ser\u00edamos quem para sempre?<br \/>\nGosto da minha vida e ele gosta da dele. J\u00e1 tentei ir a sua casa, mas ela n\u00e3o existe em minha realidade, e posso garantir que o local onde vivo n\u00e3o existe na realidade dele.<br \/>\nAgora j\u00e1 tomei dois tipos de rem\u00e9dios para ficar acordada &#8211; minha sa\u00fade est\u00e1 piorando. Mas preciso me cuidar, pois se morrer corro perigo de ser um assassino para sempre.<br \/>\nMais cedo ou mais tarde ele vai acordar e partir para sua vida podre. J\u00e1 cheguei a desejar a morte de Otto, mas como desejar a morte de algu\u00e9m t\u00e3o pr\u00f3ximo, de algu\u00e9m que \u00e9 voc\u00ea?<br \/>\nMinha \u00faltima esperan\u00e7a \u00e9 que ele mude ou que eu mude. Mas quem \u00e9 que muda nesse mundo?<\/p>\n","protected":false},"excerpt":{"rendered":"<p>Dormir, acordar&#8230; Realidade, sonho&#8230; \u00c9 tudo muito vago, o tempo \u2026<\/p>\n<p class=\"continue-reading-button\"> <a class=\"continue-reading-link\" href=\"https:\/\/www.tgreguol.com.br\/blog\/anna-otto\/\">Leia Mais<i class=\"crycon-right-dir\"><\/i><\/a><\/p>\n","protected":false},"author":1,"featured_media":0,"parent":0,"menu_order":0,"comment_status":"closed","ping_status":"closed","template":"","meta":{"nf_dc_page":"","_exactmetrics_skip_tracking":false,"_exactmetrics_sitenote_active":false,"_exactmetrics_sitenote_note":"","_exactmetrics_sitenote_category":0,"footnotes":""},"class_list":["post-1325","page","type-page","status-publish","hentry"],"yoast_head":"<!-- This site is optimized with the Yoast SEO plugin v27.5 - https:\/\/yoast.com\/product\/yoast-seo-wordpress\/ -->\n<title>Anna &amp; Otto - T. Greguol<\/title>\n<meta name=\"robots\" content=\"index, follow, max-snippet:-1, max-image-preview:large, max-video-preview:-1\" \/>\n<link rel=\"canonical\" href=\"https:\/\/www.tgreguol.com.br\/blog\/anna-otto\/\" \/>\n<meta property=\"og:locale\" content=\"pt_BR\" \/>\n<meta property=\"og:type\" content=\"article\" \/>\n<meta property=\"og:title\" content=\"Anna &amp; Otto - T. Greguol\" \/>\n<meta property=\"og:description\" content=\"Dormir, acordar&#8230; Realidade, sonho&#8230; \u00c9 tudo muito vago, o tempo \u2026 Leia Mais\" \/>\n<meta property=\"og:url\" content=\"https:\/\/www.tgreguol.com.br\/blog\/anna-otto\/\" \/>\n<meta property=\"og:site_name\" content=\"T. Greguol\" \/>\n<meta property=\"article:publisher\" content=\"https:\/\/www.facebook.com\/tgreguol\" \/>\n<meta property=\"article:modified_time\" content=\"2016-02-15T16:53:41+00:00\" \/>\n<meta name=\"twitter:card\" content=\"summary_large_image\" \/>\n<meta name=\"twitter:site\" content=\"@katarse\" \/>\n<meta name=\"twitter:label1\" content=\"Est. tempo de leitura\" \/>\n\t<meta name=\"twitter:data1\" content=\"3 minutos\" \/>\n<script type=\"application\/ld+json\" class=\"yoast-schema-graph\">{\"@context\":\"https:\\\/\\\/schema.org\",\"@graph\":[{\"@type\":\"WebPage\",\"@id\":\"https:\\\/\\\/www.tgreguol.com.br\\\/blog\\\/anna-otto\\\/\",\"url\":\"https:\\\/\\\/www.tgreguol.com.br\\\/blog\\\/anna-otto\\\/\",\"name\":\"Anna & Otto - T. Greguol\",\"isPartOf\":{\"@id\":\"https:\\\/\\\/www.tgreguol.com.br\\\/blog\\\/#website\"},\"datePublished\":\"2016-01-29T22:41:32+00:00\",\"dateModified\":\"2016-02-15T16:53:41+00:00\",\"breadcrumb\":{\"@id\":\"https:\\\/\\\/www.tgreguol.com.br\\\/blog\\\/anna-otto\\\/#breadcrumb\"},\"inLanguage\":\"pt-BR\",\"potentialAction\":[{\"@type\":\"ReadAction\",\"target\":[\"https:\\\/\\\/www.tgreguol.com.br\\\/blog\\\/anna-otto\\\/\"]}]},{\"@type\":\"BreadcrumbList\",\"@id\":\"https:\\\/\\\/www.tgreguol.com.br\\\/blog\\\/anna-otto\\\/#breadcrumb\",\"itemListElement\":[{\"@type\":\"ListItem\",\"position\":1,\"name\":\"In\u00edcio\",\"item\":\"https:\\\/\\\/www.tgreguol.com.br\\\/blog\\\/\"},{\"@type\":\"ListItem\",\"position\":2,\"name\":\"Anna &#038; Otto\"}]},{\"@type\":\"WebSite\",\"@id\":\"https:\\\/\\\/www.tgreguol.com.br\\\/blog\\\/#website\",\"url\":\"https:\\\/\\\/www.tgreguol.com.br\\\/blog\\\/\",\"name\":\"T. Greguol\",\"description\":\"Imaginador\",\"potentialAction\":[{\"@type\":\"SearchAction\",\"target\":{\"@type\":\"EntryPoint\",\"urlTemplate\":\"https:\\\/\\\/www.tgreguol.com.br\\\/blog\\\/?s={search_term_string}\"},\"query-input\":{\"@type\":\"PropertyValueSpecification\",\"valueRequired\":true,\"valueName\":\"search_term_string\"}}],\"inLanguage\":\"pt-BR\"}]}<\/script>\n<!-- \/ Yoast SEO plugin. -->","yoast_head_json":{"title":"Anna & Otto - T. Greguol","robots":{"index":"index","follow":"follow","max-snippet":"max-snippet:-1","max-image-preview":"max-image-preview:large","max-video-preview":"max-video-preview:-1"},"canonical":"https:\/\/www.tgreguol.com.br\/blog\/anna-otto\/","og_locale":"pt_BR","og_type":"article","og_title":"Anna & Otto - T. Greguol","og_description":"Dormir, acordar&#8230; Realidade, sonho&#8230; \u00c9 tudo muito vago, o tempo \u2026 Leia Mais","og_url":"https:\/\/www.tgreguol.com.br\/blog\/anna-otto\/","og_site_name":"T. Greguol","article_publisher":"https:\/\/www.facebook.com\/tgreguol","article_modified_time":"2016-02-15T16:53:41+00:00","twitter_card":"summary_large_image","twitter_site":"@katarse","twitter_misc":{"Est. tempo de leitura":"3 minutos"},"schema":{"@context":"https:\/\/schema.org","@graph":[{"@type":"WebPage","@id":"https:\/\/www.tgreguol.com.br\/blog\/anna-otto\/","url":"https:\/\/www.tgreguol.com.br\/blog\/anna-otto\/","name":"Anna & Otto - T. Greguol","isPartOf":{"@id":"https:\/\/www.tgreguol.com.br\/blog\/#website"},"datePublished":"2016-01-29T22:41:32+00:00","dateModified":"2016-02-15T16:53:41+00:00","breadcrumb":{"@id":"https:\/\/www.tgreguol.com.br\/blog\/anna-otto\/#breadcrumb"},"inLanguage":"pt-BR","potentialAction":[{"@type":"ReadAction","target":["https:\/\/www.tgreguol.com.br\/blog\/anna-otto\/"]}]},{"@type":"BreadcrumbList","@id":"https:\/\/www.tgreguol.com.br\/blog\/anna-otto\/#breadcrumb","itemListElement":[{"@type":"ListItem","position":1,"name":"In\u00edcio","item":"https:\/\/www.tgreguol.com.br\/blog\/"},{"@type":"ListItem","position":2,"name":"Anna &#038; Otto"}]},{"@type":"WebSite","@id":"https:\/\/www.tgreguol.com.br\/blog\/#website","url":"https:\/\/www.tgreguol.com.br\/blog\/","name":"T. Greguol","description":"Imaginador","potentialAction":[{"@type":"SearchAction","target":{"@type":"EntryPoint","urlTemplate":"https:\/\/www.tgreguol.com.br\/blog\/?s={search_term_string}"},"query-input":{"@type":"PropertyValueSpecification","valueRequired":true,"valueName":"search_term_string"}}],"inLanguage":"pt-BR"}]}},"_links":{"self":[{"href":"https:\/\/www.tgreguol.com.br\/blog\/wp-json\/wp\/v2\/pages\/1325","targetHints":{"allow":["GET"]}}],"collection":[{"href":"https:\/\/www.tgreguol.com.br\/blog\/wp-json\/wp\/v2\/pages"}],"about":[{"href":"https:\/\/www.tgreguol.com.br\/blog\/wp-json\/wp\/v2\/types\/page"}],"author":[{"embeddable":true,"href":"https:\/\/www.tgreguol.com.br\/blog\/wp-json\/wp\/v2\/users\/1"}],"replies":[{"embeddable":true,"href":"https:\/\/www.tgreguol.com.br\/blog\/wp-json\/wp\/v2\/comments?post=1325"}],"version-history":[{"count":3,"href":"https:\/\/www.tgreguol.com.br\/blog\/wp-json\/wp\/v2\/pages\/1325\/revisions"}],"predecessor-version":[{"id":1356,"href":"https:\/\/www.tgreguol.com.br\/blog\/wp-json\/wp\/v2\/pages\/1325\/revisions\/1356"}],"wp:attachment":[{"href":"https:\/\/www.tgreguol.com.br\/blog\/wp-json\/wp\/v2\/media?parent=1325"}],"curies":[{"name":"wp","href":"https:\/\/api.w.org\/{rel}","templated":true}]}}