{"id":1316,"date":"2016-01-29T22:36:04","date_gmt":"2016-01-29T22:36:04","guid":{"rendered":"https:\/\/www.tgreguol.com.br\/blog\/?page_id=1316"},"modified":"2016-02-15T20:00:16","modified_gmt":"2016-02-15T20:00:16","slug":"philip-k-dick","status":"publish","type":"page","link":"https:\/\/www.tgreguol.com.br\/blog\/philip-k-dick\/","title":{"rendered":"Philip K. Dick"},"content":{"rendered":"<p style=\"text-align: justify;\">E como numa hist\u00f3ria de Philip K. Dick, ele jogou o envelope sobre a mesa dizendo-me que tudo que eu conhecia e sabia era papo furado e que, na verdade, eu era um brinquedo. Um brinquedo quebrado, para ser mais exato. Perguntei o que significava tudo aquilo e, girando um palito na boca, ele me explicou que me seguiu por semanas e me observou como havia pedido, e que a conclus\u00e3o era \u00f3bvia: eu era um brinquedo. Um brinquedo quebrado, para ser mais exato. Pedi uma bebida para mim, ele tomou sua pr\u00f3pria. Explicou-me que minhas fun\u00e7\u00f5es n\u00e3o estavam em ordem, e ele n\u00e3o se referia ao meu intestino. Disse que, como um programa \u2018trial\u2019, eu funcionava direito at\u00e9 certo ponto, mas na hora de salvar&#8230; Nada feito. E repetiu, procurando por melhores imagens: \u00e9 como&#8230; Um brinquedo&#8230; Um brinquedo quebrado, para ser mais exato. Essa frase come\u00e7ava a me irritar, assim como aquele chap\u00e9u que ele usava. Mas continuei ouvindo \u2013 afinal, eu o tinha pagado para fazer esse servi\u00e7o. Ele me mostrou fotos que provavam que, assim como um controle velho de videogame, eu funcionava bem at\u00e9 que um ou dois comandos encrencados estragassem tudo a qualquer momento. Afinal, eu era um brinquedo. Um brinquedo quebrado, para ser mais exato. Meu Deus do c\u00e9u, eu odeio essa imagem! Detesto essa met\u00e1fora! Mas ele era intransigente e, finalmente, (ap\u00f3s fungar aquele narig\u00e3o) de dentro do envelope pardo tirou a foto do meu problema. Meu problema tinha cabelos curtinhos, castanhos e lisos, usava roupas que quase n\u00e3o combinavam, salvo pelo fato de que elas combinavam, e era t\u00e3o ela mesma que me deu azia. E finalmente entendi que eu era um brinquedo. Um brinquedo quebrado, para ser mais exato. Saco&#8230;<\/p>\n","protected":false},"excerpt":{"rendered":"<p>E como numa hist\u00f3ria de Philip K. Dick, ele jogou \u2026<\/p>\n<p class=\"continue-reading-button\"> <a class=\"continue-reading-link\" href=\"https:\/\/www.tgreguol.com.br\/blog\/philip-k-dick\/\">Leia Mais<i class=\"crycon-right-dir\"><\/i><\/a><\/p>\n","protected":false},"author":1,"featured_media":0,"parent":0,"menu_order":0,"comment_status":"closed","ping_status":"closed","template":"","meta":{"nf_dc_page":"","_exactmetrics_skip_tracking":false,"_exactmetrics_sitenote_active":false,"_exactmetrics_sitenote_note":"","_exactmetrics_sitenote_category":0,"footnotes":""},"class_list":["post-1316","page","type-page","status-publish","hentry"],"yoast_head":"<!-- This site is optimized with the Yoast SEO plugin v27.5 - https:\/\/yoast.com\/product\/yoast-seo-wordpress\/ -->\n<title>Philip K. Dick - T. Greguol<\/title>\n<meta name=\"robots\" content=\"index, follow, max-snippet:-1, max-image-preview:large, max-video-preview:-1\" \/>\n<link rel=\"canonical\" href=\"https:\/\/www.tgreguol.com.br\/blog\/philip-k-dick\/\" \/>\n<meta property=\"og:locale\" content=\"pt_BR\" \/>\n<meta property=\"og:type\" content=\"article\" \/>\n<meta property=\"og:title\" content=\"Philip K. Dick - T. Greguol\" \/>\n<meta property=\"og:description\" content=\"E como numa hist\u00f3ria de Philip K. Dick, ele jogou \u2026 Leia Mais\" \/>\n<meta property=\"og:url\" content=\"https:\/\/www.tgreguol.com.br\/blog\/philip-k-dick\/\" \/>\n<meta property=\"og:site_name\" content=\"T. Greguol\" \/>\n<meta property=\"article:publisher\" content=\"https:\/\/www.facebook.com\/tgreguol\" \/>\n<meta property=\"article:modified_time\" content=\"2016-02-15T20:00:16+00:00\" \/>\n<meta name=\"twitter:card\" content=\"summary_large_image\" \/>\n<meta name=\"twitter:site\" content=\"@katarse\" \/>\n<meta name=\"twitter:label1\" content=\"Est. tempo de leitura\" \/>\n\t<meta name=\"twitter:data1\" content=\"2 minutos\" \/>\n<script type=\"application\/ld+json\" class=\"yoast-schema-graph\">{\"@context\":\"https:\\\/\\\/schema.org\",\"@graph\":[{\"@type\":\"WebPage\",\"@id\":\"https:\\\/\\\/www.tgreguol.com.br\\\/blog\\\/philip-k-dick\\\/\",\"url\":\"https:\\\/\\\/www.tgreguol.com.br\\\/blog\\\/philip-k-dick\\\/\",\"name\":\"Philip K. Dick - T. Greguol\",\"isPartOf\":{\"@id\":\"https:\\\/\\\/www.tgreguol.com.br\\\/blog\\\/#website\"},\"datePublished\":\"2016-01-29T22:36:04+00:00\",\"dateModified\":\"2016-02-15T20:00:16+00:00\",\"breadcrumb\":{\"@id\":\"https:\\\/\\\/www.tgreguol.com.br\\\/blog\\\/philip-k-dick\\\/#breadcrumb\"},\"inLanguage\":\"pt-BR\",\"potentialAction\":[{\"@type\":\"ReadAction\",\"target\":[\"https:\\\/\\\/www.tgreguol.com.br\\\/blog\\\/philip-k-dick\\\/\"]}]},{\"@type\":\"BreadcrumbList\",\"@id\":\"https:\\\/\\\/www.tgreguol.com.br\\\/blog\\\/philip-k-dick\\\/#breadcrumb\",\"itemListElement\":[{\"@type\":\"ListItem\",\"position\":1,\"name\":\"In\u00edcio\",\"item\":\"https:\\\/\\\/www.tgreguol.com.br\\\/blog\\\/\"},{\"@type\":\"ListItem\",\"position\":2,\"name\":\"Philip K. Dick\"}]},{\"@type\":\"WebSite\",\"@id\":\"https:\\\/\\\/www.tgreguol.com.br\\\/blog\\\/#website\",\"url\":\"https:\\\/\\\/www.tgreguol.com.br\\\/blog\\\/\",\"name\":\"T. Greguol\",\"description\":\"Imaginador\",\"potentialAction\":[{\"@type\":\"SearchAction\",\"target\":{\"@type\":\"EntryPoint\",\"urlTemplate\":\"https:\\\/\\\/www.tgreguol.com.br\\\/blog\\\/?s={search_term_string}\"},\"query-input\":{\"@type\":\"PropertyValueSpecification\",\"valueRequired\":true,\"valueName\":\"search_term_string\"}}],\"inLanguage\":\"pt-BR\"}]}<\/script>\n<!-- \/ Yoast SEO plugin. -->","yoast_head_json":{"title":"Philip K. Dick - T. Greguol","robots":{"index":"index","follow":"follow","max-snippet":"max-snippet:-1","max-image-preview":"max-image-preview:large","max-video-preview":"max-video-preview:-1"},"canonical":"https:\/\/www.tgreguol.com.br\/blog\/philip-k-dick\/","og_locale":"pt_BR","og_type":"article","og_title":"Philip K. Dick - T. Greguol","og_description":"E como numa hist\u00f3ria de Philip K. Dick, ele jogou \u2026 Leia Mais","og_url":"https:\/\/www.tgreguol.com.br\/blog\/philip-k-dick\/","og_site_name":"T. Greguol","article_publisher":"https:\/\/www.facebook.com\/tgreguol","article_modified_time":"2016-02-15T20:00:16+00:00","twitter_card":"summary_large_image","twitter_site":"@katarse","twitter_misc":{"Est. tempo de leitura":"2 minutos"},"schema":{"@context":"https:\/\/schema.org","@graph":[{"@type":"WebPage","@id":"https:\/\/www.tgreguol.com.br\/blog\/philip-k-dick\/","url":"https:\/\/www.tgreguol.com.br\/blog\/philip-k-dick\/","name":"Philip K. Dick - T. Greguol","isPartOf":{"@id":"https:\/\/www.tgreguol.com.br\/blog\/#website"},"datePublished":"2016-01-29T22:36:04+00:00","dateModified":"2016-02-15T20:00:16+00:00","breadcrumb":{"@id":"https:\/\/www.tgreguol.com.br\/blog\/philip-k-dick\/#breadcrumb"},"inLanguage":"pt-BR","potentialAction":[{"@type":"ReadAction","target":["https:\/\/www.tgreguol.com.br\/blog\/philip-k-dick\/"]}]},{"@type":"BreadcrumbList","@id":"https:\/\/www.tgreguol.com.br\/blog\/philip-k-dick\/#breadcrumb","itemListElement":[{"@type":"ListItem","position":1,"name":"In\u00edcio","item":"https:\/\/www.tgreguol.com.br\/blog\/"},{"@type":"ListItem","position":2,"name":"Philip K. Dick"}]},{"@type":"WebSite","@id":"https:\/\/www.tgreguol.com.br\/blog\/#website","url":"https:\/\/www.tgreguol.com.br\/blog\/","name":"T. Greguol","description":"Imaginador","potentialAction":[{"@type":"SearchAction","target":{"@type":"EntryPoint","urlTemplate":"https:\/\/www.tgreguol.com.br\/blog\/?s={search_term_string}"},"query-input":{"@type":"PropertyValueSpecification","valueRequired":true,"valueName":"search_term_string"}}],"inLanguage":"pt-BR"}]}},"_links":{"self":[{"href":"https:\/\/www.tgreguol.com.br\/blog\/wp-json\/wp\/v2\/pages\/1316","targetHints":{"allow":["GET"]}}],"collection":[{"href":"https:\/\/www.tgreguol.com.br\/blog\/wp-json\/wp\/v2\/pages"}],"about":[{"href":"https:\/\/www.tgreguol.com.br\/blog\/wp-json\/wp\/v2\/types\/page"}],"author":[{"embeddable":true,"href":"https:\/\/www.tgreguol.com.br\/blog\/wp-json\/wp\/v2\/users\/1"}],"replies":[{"embeddable":true,"href":"https:\/\/www.tgreguol.com.br\/blog\/wp-json\/wp\/v2\/comments?post=1316"}],"version-history":[{"count":4,"href":"https:\/\/www.tgreguol.com.br\/blog\/wp-json\/wp\/v2\/pages\/1316\/revisions"}],"predecessor-version":[{"id":1424,"href":"https:\/\/www.tgreguol.com.br\/blog\/wp-json\/wp\/v2\/pages\/1316\/revisions\/1424"}],"wp:attachment":[{"href":"https:\/\/www.tgreguol.com.br\/blog\/wp-json\/wp\/v2\/media?parent=1316"}],"curies":[{"name":"wp","href":"https:\/\/api.w.org\/{rel}","templated":true}]}}