{"id":1309,"date":"2016-01-29T22:32:35","date_gmt":"2016-01-29T22:32:35","guid":{"rendered":"https:\/\/www.tgreguol.com.br\/blog\/?page_id=1309"},"modified":"2016-02-15T19:54:19","modified_gmt":"2016-02-15T19:54:19","slug":"perfeito","status":"publish","type":"page","link":"https:\/\/www.tgreguol.com.br\/blog\/perfeito\/","title":{"rendered":"Perfeito"},"content":{"rendered":"<p style=\"text-align: justify;\">E ap\u00f3s tanto sofrer, tanto inc\u00f4modo, tanto desconforto consigo mesmo, nosso her\u00f3i finalmente teve a revela\u00e7\u00e3o. N\u00e3o, meus amigos, n\u00e3o o tomem por um desvairado, n\u00e3o o vejam como um fraco, nem como um covarde. Ele tentou. Nosso her\u00f3i tentou tudo. Rem\u00e9dios, conversas, terapias&#8230; Mas nada lhe trazia conforto, nada lhe era um ombro amigo. N\u00e3o havia sentido nas religi\u00f5es, a sociedade n\u00e3o valia a pena, beber estragaria seu f\u00edgado e, sobre todas as certezas, ele tinha uma: aquilo n\u00e3o podia continuar assim! Quando se tem muita informa\u00e7\u00e3o, o que devemos fazer? Nosso querido mocinho usou a cabe\u00e7a, o cora\u00e7\u00e3o e o corpo para colocar em pr\u00e1tica. Qual era seu maior desejo? Quais seriam as atitudes que deveria tomar para voltar a ser feliz, para dormir \u00e0 noite, para andar por a\u00ed sem medo de ser feliz? O protagonista desta narrativa somou tudo que aprendera na vida, adicionou tudo que aprendera da vida e dividiu por dois. Tirou a m\u00e9dia. Levantou da cama agitado, ansioso, quase falando em voz alta para n\u00e3o esquecer seu plano. Plano que demorou a vir mesmo com tanto esfor\u00e7o mental, emocional e f\u00edsico. Plano que parece ter vindo s\u00f3 quando ele desistiu. Sentou-se \u00e0 mesa, pegou seu bloco de notas e come\u00e7ou a fazer uma lista. Ele poderia fazer no computador essa lista, mas estava desligado; a ideia poderia sumir de sua cabe\u00e7a e ele n\u00e3o queria isso de forma alguma. E sua lista era grande, sua lista come\u00e7ava na pr\u00e9-adolesc\u00eancia e vinha, vinha, vinha at\u00e9 chegar aos dias de hoje. E chegava em grande estilo, com letra bonita, nome e sobrenome, alguns at\u00e9 com observa\u00e7\u00f5es de como e quando. Era como um grande roteiro de viagem &#8211; tudo ligadinho, um esbo\u00e7o da viagem de fam\u00edlia, um rascunho de uma m\u00fasica, os rabiscos iniciais de uma obra prima que superaria a Mona Lisa fosse ela uma pintura. Poucas vezes ele voltou para o topo da gloriosa lista para rasurar um dos itens. Poucas vezes, bem poucas vezes mesmo. Ao terminar estava euf\u00f3rico, mas cansado. Voltou \u00e0 primeira p\u00e1gina e a nomeou \u201cLista de afazeres para o ano novo\u201d. Os dias foram se passando e nosso her\u00f3i parecia ter finalmente achado a chave da felicidade, a solu\u00e7\u00e3o dos seus problemas, o sentido da vida, seu talento nato. As pessoas come\u00e7aram a sumir. Algumas deixavam namoradas para tr\u00e1s, outras deixavam namorados. Alguns deixavam casos, irm\u00e3os, pais, professores, alunos, pacientes, clientes, c\u00e3es, gatos, periquitos, filmes sem devolver para a locadora&#8230; Todos deixavam algo para tr\u00e1s. Menos nosso querido protagonista. Ele n\u00e3o deixava nada para tr\u00e1s. Ele sabia como fazer, pois fora feito para aquilo. E \u00e0 medida em que o tempo foi passando foi ficando melhor nisso e foi ficando mais feliz e mais leve e, com isso, mais saud\u00e1vel e mais bonito e mais cheio de esperan\u00e7a de um mundo melhor, onde viver seria um prazer e n\u00e3o um fardo. Muitas vezes , quando via num filme ou lia no jornal ou quando ouvia algu\u00e9m conversando num bar que n\u00e3o havia crime perfeito, ele apenas sorria como quando uma crian\u00e7a diz que vai pedir presente para o Papai Noel ou quando um crente diz para se ter f\u00e9 em Deus perto de um ateu convicto e seguro de si. \u00c9 claro que existe o crime perfeito, t\u00e3o perfeito que nem crime \u00e9 e por isso \u00e9 t\u00e3o perfeito. \u00c9 simples, basta deixar rolar, \u00e9 s\u00f3 agir com naturalidade, \u00e9 s\u00f3 ser ele mesmo. Um homem e sua miss\u00e3o: ser feliz.<\/p>\n","protected":false},"excerpt":{"rendered":"<p>E ap\u00f3s tanto sofrer, tanto inc\u00f4modo, tanto desconforto consigo mesmo, \u2026<\/p>\n<p class=\"continue-reading-button\"> <a class=\"continue-reading-link\" href=\"https:\/\/www.tgreguol.com.br\/blog\/perfeito\/\">Leia Mais<i class=\"crycon-right-dir\"><\/i><\/a><\/p>\n","protected":false},"author":1,"featured_media":0,"parent":0,"menu_order":0,"comment_status":"closed","ping_status":"closed","template":"","meta":{"nf_dc_page":"","_exactmetrics_skip_tracking":false,"_exactmetrics_sitenote_active":false,"_exactmetrics_sitenote_note":"","_exactmetrics_sitenote_category":0,"footnotes":""},"class_list":["post-1309","page","type-page","status-publish","hentry"],"yoast_head":"<!-- This site is optimized with the Yoast SEO plugin v27.5 - https:\/\/yoast.com\/product\/yoast-seo-wordpress\/ -->\n<title>Perfeito - T. Greguol<\/title>\n<meta name=\"robots\" content=\"index, follow, max-snippet:-1, max-image-preview:large, max-video-preview:-1\" \/>\n<link rel=\"canonical\" href=\"https:\/\/www.tgreguol.com.br\/blog\/perfeito\/\" \/>\n<meta property=\"og:locale\" content=\"pt_BR\" \/>\n<meta property=\"og:type\" content=\"article\" \/>\n<meta property=\"og:title\" content=\"Perfeito - T. Greguol\" \/>\n<meta property=\"og:description\" content=\"E ap\u00f3s tanto sofrer, tanto inc\u00f4modo, tanto desconforto consigo mesmo, \u2026 Leia Mais\" \/>\n<meta property=\"og:url\" content=\"https:\/\/www.tgreguol.com.br\/blog\/perfeito\/\" \/>\n<meta property=\"og:site_name\" content=\"T. Greguol\" \/>\n<meta property=\"article:publisher\" content=\"https:\/\/www.facebook.com\/tgreguol\" \/>\n<meta property=\"article:modified_time\" content=\"2016-02-15T19:54:19+00:00\" \/>\n<meta name=\"twitter:card\" content=\"summary_large_image\" \/>\n<meta name=\"twitter:site\" content=\"@katarse\" \/>\n<meta name=\"twitter:label1\" content=\"Est. tempo de leitura\" \/>\n\t<meta name=\"twitter:data1\" content=\"3 minutos\" \/>\n<script type=\"application\/ld+json\" class=\"yoast-schema-graph\">{\"@context\":\"https:\\\/\\\/schema.org\",\"@graph\":[{\"@type\":\"WebPage\",\"@id\":\"https:\\\/\\\/www.tgreguol.com.br\\\/blog\\\/perfeito\\\/\",\"url\":\"https:\\\/\\\/www.tgreguol.com.br\\\/blog\\\/perfeito\\\/\",\"name\":\"Perfeito - T. Greguol\",\"isPartOf\":{\"@id\":\"https:\\\/\\\/www.tgreguol.com.br\\\/blog\\\/#website\"},\"datePublished\":\"2016-01-29T22:32:35+00:00\",\"dateModified\":\"2016-02-15T19:54:19+00:00\",\"breadcrumb\":{\"@id\":\"https:\\\/\\\/www.tgreguol.com.br\\\/blog\\\/perfeito\\\/#breadcrumb\"},\"inLanguage\":\"pt-BR\",\"potentialAction\":[{\"@type\":\"ReadAction\",\"target\":[\"https:\\\/\\\/www.tgreguol.com.br\\\/blog\\\/perfeito\\\/\"]}]},{\"@type\":\"BreadcrumbList\",\"@id\":\"https:\\\/\\\/www.tgreguol.com.br\\\/blog\\\/perfeito\\\/#breadcrumb\",\"itemListElement\":[{\"@type\":\"ListItem\",\"position\":1,\"name\":\"In\u00edcio\",\"item\":\"https:\\\/\\\/www.tgreguol.com.br\\\/blog\\\/\"},{\"@type\":\"ListItem\",\"position\":2,\"name\":\"Perfeito\"}]},{\"@type\":\"WebSite\",\"@id\":\"https:\\\/\\\/www.tgreguol.com.br\\\/blog\\\/#website\",\"url\":\"https:\\\/\\\/www.tgreguol.com.br\\\/blog\\\/\",\"name\":\"T. Greguol\",\"description\":\"Imaginador\",\"potentialAction\":[{\"@type\":\"SearchAction\",\"target\":{\"@type\":\"EntryPoint\",\"urlTemplate\":\"https:\\\/\\\/www.tgreguol.com.br\\\/blog\\\/?s={search_term_string}\"},\"query-input\":{\"@type\":\"PropertyValueSpecification\",\"valueRequired\":true,\"valueName\":\"search_term_string\"}}],\"inLanguage\":\"pt-BR\"}]}<\/script>\n<!-- \/ Yoast SEO plugin. -->","yoast_head_json":{"title":"Perfeito - T. Greguol","robots":{"index":"index","follow":"follow","max-snippet":"max-snippet:-1","max-image-preview":"max-image-preview:large","max-video-preview":"max-video-preview:-1"},"canonical":"https:\/\/www.tgreguol.com.br\/blog\/perfeito\/","og_locale":"pt_BR","og_type":"article","og_title":"Perfeito - T. Greguol","og_description":"E ap\u00f3s tanto sofrer, tanto inc\u00f4modo, tanto desconforto consigo mesmo, \u2026 Leia Mais","og_url":"https:\/\/www.tgreguol.com.br\/blog\/perfeito\/","og_site_name":"T. Greguol","article_publisher":"https:\/\/www.facebook.com\/tgreguol","article_modified_time":"2016-02-15T19:54:19+00:00","twitter_card":"summary_large_image","twitter_site":"@katarse","twitter_misc":{"Est. tempo de leitura":"3 minutos"},"schema":{"@context":"https:\/\/schema.org","@graph":[{"@type":"WebPage","@id":"https:\/\/www.tgreguol.com.br\/blog\/perfeito\/","url":"https:\/\/www.tgreguol.com.br\/blog\/perfeito\/","name":"Perfeito - T. Greguol","isPartOf":{"@id":"https:\/\/www.tgreguol.com.br\/blog\/#website"},"datePublished":"2016-01-29T22:32:35+00:00","dateModified":"2016-02-15T19:54:19+00:00","breadcrumb":{"@id":"https:\/\/www.tgreguol.com.br\/blog\/perfeito\/#breadcrumb"},"inLanguage":"pt-BR","potentialAction":[{"@type":"ReadAction","target":["https:\/\/www.tgreguol.com.br\/blog\/perfeito\/"]}]},{"@type":"BreadcrumbList","@id":"https:\/\/www.tgreguol.com.br\/blog\/perfeito\/#breadcrumb","itemListElement":[{"@type":"ListItem","position":1,"name":"In\u00edcio","item":"https:\/\/www.tgreguol.com.br\/blog\/"},{"@type":"ListItem","position":2,"name":"Perfeito"}]},{"@type":"WebSite","@id":"https:\/\/www.tgreguol.com.br\/blog\/#website","url":"https:\/\/www.tgreguol.com.br\/blog\/","name":"T. Greguol","description":"Imaginador","potentialAction":[{"@type":"SearchAction","target":{"@type":"EntryPoint","urlTemplate":"https:\/\/www.tgreguol.com.br\/blog\/?s={search_term_string}"},"query-input":{"@type":"PropertyValueSpecification","valueRequired":true,"valueName":"search_term_string"}}],"inLanguage":"pt-BR"}]}},"_links":{"self":[{"href":"https:\/\/www.tgreguol.com.br\/blog\/wp-json\/wp\/v2\/pages\/1309","targetHints":{"allow":["GET"]}}],"collection":[{"href":"https:\/\/www.tgreguol.com.br\/blog\/wp-json\/wp\/v2\/pages"}],"about":[{"href":"https:\/\/www.tgreguol.com.br\/blog\/wp-json\/wp\/v2\/types\/page"}],"author":[{"embeddable":true,"href":"https:\/\/www.tgreguol.com.br\/blog\/wp-json\/wp\/v2\/users\/1"}],"replies":[{"embeddable":true,"href":"https:\/\/www.tgreguol.com.br\/blog\/wp-json\/wp\/v2\/comments?post=1309"}],"version-history":[{"count":4,"href":"https:\/\/www.tgreguol.com.br\/blog\/wp-json\/wp\/v2\/pages\/1309\/revisions"}],"predecessor-version":[{"id":1418,"href":"https:\/\/www.tgreguol.com.br\/blog\/wp-json\/wp\/v2\/pages\/1309\/revisions\/1418"}],"wp:attachment":[{"href":"https:\/\/www.tgreguol.com.br\/blog\/wp-json\/wp\/v2\/media?parent=1309"}],"curies":[{"name":"wp","href":"https:\/\/api.w.org\/{rel}","templated":true}]}}