{"id":1306,"date":"2016-01-29T22:31:39","date_gmt":"2016-01-29T22:31:39","guid":{"rendered":"https:\/\/www.tgreguol.com.br\/blog\/?page_id=1306"},"modified":"2016-02-15T17:21:03","modified_gmt":"2016-02-15T17:21:03","slug":"como-conheci-minha-amiga-mirna","status":"publish","type":"page","link":"https:\/\/www.tgreguol.com.br\/blog\/como-conheci-minha-amiga-mirna\/","title":{"rendered":"Como Conheci Minha Amiga Mirna"},"content":{"rendered":"<p style=\"text-align: justify;\">\u00c9 uma longa hist\u00f3ria. Certa vez, caminhando pelos jardins que sempre caem para cima, deparei-me com um ex\u00e9rcito infinito de Mirnas. Todas usavam roupas com um n\u00famero primo pintado na frente. Ent\u00e3o fui conversando com todas. O problema \u00e9 que o poder dela de ser v\u00e1rias dura pouco. Uma ou duas perguntas e o clone some. Quando finalmente cheguei \u00e0 original, ela me disse que estava multiplicada, pois tinha que ir ao banco (e voc\u00ea sabe como s\u00e3o as filas nessa \u00e9poca do ano). De l\u00e1 para c\u00e1 nos tornamos bons amigos e ela at\u00e9 ilustrou uma das m\u00fasicas do meu segundo \u00e1lbum. Est\u00e1 no encarte, confira. Manda um beijo para ela e um para voc\u00ea.<\/p>\n","protected":false},"excerpt":{"rendered":"<p>\u00c9 uma longa hist\u00f3ria. Certa vez, caminhando pelos jardins que \u2026<\/p>\n<p class=\"continue-reading-button\"> <a class=\"continue-reading-link\" href=\"https:\/\/www.tgreguol.com.br\/blog\/como-conheci-minha-amiga-mirna\/\">Leia Mais<i class=\"crycon-right-dir\"><\/i><\/a><\/p>\n","protected":false},"author":1,"featured_media":0,"parent":0,"menu_order":0,"comment_status":"closed","ping_status":"closed","template":"","meta":{"nf_dc_page":"","_exactmetrics_skip_tracking":false,"_exactmetrics_sitenote_active":false,"_exactmetrics_sitenote_note":"","_exactmetrics_sitenote_category":0,"footnotes":""},"class_list":["post-1306","page","type-page","status-publish","hentry"],"yoast_head":"<!-- This site is optimized with the Yoast SEO plugin v27.5 - https:\/\/yoast.com\/product\/yoast-seo-wordpress\/ -->\n<title>Como Conheci Minha Amiga Mirna - T. Greguol<\/title>\n<meta name=\"robots\" content=\"index, follow, max-snippet:-1, max-image-preview:large, max-video-preview:-1\" \/>\n<link rel=\"canonical\" href=\"https:\/\/www.tgreguol.com.br\/blog\/como-conheci-minha-amiga-mirna\/\" \/>\n<meta property=\"og:locale\" content=\"pt_BR\" \/>\n<meta property=\"og:type\" content=\"article\" \/>\n<meta property=\"og:title\" content=\"Como Conheci Minha Amiga Mirna - T. Greguol\" \/>\n<meta property=\"og:description\" content=\"\u00c9 uma longa hist\u00f3ria. Certa vez, caminhando pelos jardins que \u2026 Leia Mais\" \/>\n<meta property=\"og:url\" content=\"https:\/\/www.tgreguol.com.br\/blog\/como-conheci-minha-amiga-mirna\/\" \/>\n<meta property=\"og:site_name\" content=\"T. Greguol\" \/>\n<meta property=\"article:publisher\" content=\"https:\/\/www.facebook.com\/tgreguol\" \/>\n<meta property=\"article:modified_time\" content=\"2016-02-15T17:21:03+00:00\" \/>\n<meta name=\"twitter:card\" content=\"summary_large_image\" \/>\n<meta name=\"twitter:site\" content=\"@katarse\" \/>\n<meta name=\"twitter:label1\" content=\"Est. tempo de leitura\" \/>\n\t<meta name=\"twitter:data1\" content=\"1 minuto\" \/>\n<script type=\"application\/ld+json\" class=\"yoast-schema-graph\">{\"@context\":\"https:\\\/\\\/schema.org\",\"@graph\":[{\"@type\":\"WebPage\",\"@id\":\"https:\\\/\\\/www.tgreguol.com.br\\\/blog\\\/como-conheci-minha-amiga-mirna\\\/\",\"url\":\"https:\\\/\\\/www.tgreguol.com.br\\\/blog\\\/como-conheci-minha-amiga-mirna\\\/\",\"name\":\"Como Conheci Minha Amiga Mirna - T. Greguol\",\"isPartOf\":{\"@id\":\"https:\\\/\\\/www.tgreguol.com.br\\\/blog\\\/#website\"},\"datePublished\":\"2016-01-29T22:31:39+00:00\",\"dateModified\":\"2016-02-15T17:21:03+00:00\",\"breadcrumb\":{\"@id\":\"https:\\\/\\\/www.tgreguol.com.br\\\/blog\\\/como-conheci-minha-amiga-mirna\\\/#breadcrumb\"},\"inLanguage\":\"pt-BR\",\"potentialAction\":[{\"@type\":\"ReadAction\",\"target\":[\"https:\\\/\\\/www.tgreguol.com.br\\\/blog\\\/como-conheci-minha-amiga-mirna\\\/\"]}]},{\"@type\":\"BreadcrumbList\",\"@id\":\"https:\\\/\\\/www.tgreguol.com.br\\\/blog\\\/como-conheci-minha-amiga-mirna\\\/#breadcrumb\",\"itemListElement\":[{\"@type\":\"ListItem\",\"position\":1,\"name\":\"In\u00edcio\",\"item\":\"https:\\\/\\\/www.tgreguol.com.br\\\/blog\\\/\"},{\"@type\":\"ListItem\",\"position\":2,\"name\":\"Como Conheci Minha Amiga Mirna\"}]},{\"@type\":\"WebSite\",\"@id\":\"https:\\\/\\\/www.tgreguol.com.br\\\/blog\\\/#website\",\"url\":\"https:\\\/\\\/www.tgreguol.com.br\\\/blog\\\/\",\"name\":\"T. Greguol\",\"description\":\"Imaginador\",\"potentialAction\":[{\"@type\":\"SearchAction\",\"target\":{\"@type\":\"EntryPoint\",\"urlTemplate\":\"https:\\\/\\\/www.tgreguol.com.br\\\/blog\\\/?s={search_term_string}\"},\"query-input\":{\"@type\":\"PropertyValueSpecification\",\"valueRequired\":true,\"valueName\":\"search_term_string\"}}],\"inLanguage\":\"pt-BR\"}]}<\/script>\n<!-- \/ Yoast SEO plugin. -->","yoast_head_json":{"title":"Como Conheci Minha Amiga Mirna - T. Greguol","robots":{"index":"index","follow":"follow","max-snippet":"max-snippet:-1","max-image-preview":"max-image-preview:large","max-video-preview":"max-video-preview:-1"},"canonical":"https:\/\/www.tgreguol.com.br\/blog\/como-conheci-minha-amiga-mirna\/","og_locale":"pt_BR","og_type":"article","og_title":"Como Conheci Minha Amiga Mirna - T. Greguol","og_description":"\u00c9 uma longa hist\u00f3ria. Certa vez, caminhando pelos jardins que \u2026 Leia Mais","og_url":"https:\/\/www.tgreguol.com.br\/blog\/como-conheci-minha-amiga-mirna\/","og_site_name":"T. Greguol","article_publisher":"https:\/\/www.facebook.com\/tgreguol","article_modified_time":"2016-02-15T17:21:03+00:00","twitter_card":"summary_large_image","twitter_site":"@katarse","twitter_misc":{"Est. tempo de leitura":"1 minuto"},"schema":{"@context":"https:\/\/schema.org","@graph":[{"@type":"WebPage","@id":"https:\/\/www.tgreguol.com.br\/blog\/como-conheci-minha-amiga-mirna\/","url":"https:\/\/www.tgreguol.com.br\/blog\/como-conheci-minha-amiga-mirna\/","name":"Como Conheci Minha Amiga Mirna - T. Greguol","isPartOf":{"@id":"https:\/\/www.tgreguol.com.br\/blog\/#website"},"datePublished":"2016-01-29T22:31:39+00:00","dateModified":"2016-02-15T17:21:03+00:00","breadcrumb":{"@id":"https:\/\/www.tgreguol.com.br\/blog\/como-conheci-minha-amiga-mirna\/#breadcrumb"},"inLanguage":"pt-BR","potentialAction":[{"@type":"ReadAction","target":["https:\/\/www.tgreguol.com.br\/blog\/como-conheci-minha-amiga-mirna\/"]}]},{"@type":"BreadcrumbList","@id":"https:\/\/www.tgreguol.com.br\/blog\/como-conheci-minha-amiga-mirna\/#breadcrumb","itemListElement":[{"@type":"ListItem","position":1,"name":"In\u00edcio","item":"https:\/\/www.tgreguol.com.br\/blog\/"},{"@type":"ListItem","position":2,"name":"Como Conheci Minha Amiga Mirna"}]},{"@type":"WebSite","@id":"https:\/\/www.tgreguol.com.br\/blog\/#website","url":"https:\/\/www.tgreguol.com.br\/blog\/","name":"T. Greguol","description":"Imaginador","potentialAction":[{"@type":"SearchAction","target":{"@type":"EntryPoint","urlTemplate":"https:\/\/www.tgreguol.com.br\/blog\/?s={search_term_string}"},"query-input":{"@type":"PropertyValueSpecification","valueRequired":true,"valueName":"search_term_string"}}],"inLanguage":"pt-BR"}]}},"_links":{"self":[{"href":"https:\/\/www.tgreguol.com.br\/blog\/wp-json\/wp\/v2\/pages\/1306","targetHints":{"allow":["GET"]}}],"collection":[{"href":"https:\/\/www.tgreguol.com.br\/blog\/wp-json\/wp\/v2\/pages"}],"about":[{"href":"https:\/\/www.tgreguol.com.br\/blog\/wp-json\/wp\/v2\/types\/page"}],"author":[{"embeddable":true,"href":"https:\/\/www.tgreguol.com.br\/blog\/wp-json\/wp\/v2\/users\/1"}],"replies":[{"embeddable":true,"href":"https:\/\/www.tgreguol.com.br\/blog\/wp-json\/wp\/v2\/comments?post=1306"}],"version-history":[{"count":3,"href":"https:\/\/www.tgreguol.com.br\/blog\/wp-json\/wp\/v2\/pages\/1306\/revisions"}],"predecessor-version":[{"id":1372,"href":"https:\/\/www.tgreguol.com.br\/blog\/wp-json\/wp\/v2\/pages\/1306\/revisions\/1372"}],"wp:attachment":[{"href":"https:\/\/www.tgreguol.com.br\/blog\/wp-json\/wp\/v2\/media?parent=1306"}],"curies":[{"name":"wp","href":"https:\/\/api.w.org\/{rel}","templated":true}]}}