{"id":1303,"date":"2016-01-29T22:26:40","date_gmt":"2016-01-29T22:26:40","guid":{"rendered":"https:\/\/www.tgreguol.com.br\/blog\/?page_id=1303"},"modified":"2016-02-15T18:13:44","modified_gmt":"2016-02-15T18:13:44","slug":"conversa","status":"publish","type":"page","link":"https:\/\/www.tgreguol.com.br\/blog\/conversa\/","title":{"rendered":"Conversa"},"content":{"rendered":"<p style=\"text-align: justify;\">Para todos os lados havia branco. Igual a um deserto de sal, mas lembrava mais o THX 1138. Batia um ventinho e se tivesse um c\u00e9u ali, seria azul. Azul feito uma colagem tosca no Paint.<br \/>\nEstava sentado numa cadeira de madeira velha e barata, mas algo me dizia que na loja ela custaria uma pequena fortuna.<br \/>\nDentro da minha cabe\u00e7a eu refletia sobre a carta de Nick Cave \u00e0 MTV pedindo para nunca mais indic\u00e1-lo a pr\u00eamio algum. Nessa carta ele dizia mais ou menos que sempre fora da opini\u00e3o de que sua arte era \u00fanica e individual, e existia para al\u00e9m dos reinos habitados por aqueles que queriam reduzir as coisas a simples medi\u00e7\u00f5es. Eu adorava quando ele dizia \u201cN\u00e3o estou em competi\u00e7\u00e3o com ningu\u00e9m\u201d e \u201cMeu relacionamento com minha \u2018musa\u2019 \u00e9 delicado, e sinto que \u00e9 meu dever proteg\u00ea-la de influ\u00eancias que podem ofender sua natureza fr\u00e1gil\u201d. Era uma carta extremamente educada, e eu concordava com tudo e concordava e concordava.<br \/>\nOutra cadeira do meu lado (de diferente formato). Ele era esbelto, alto \u2013 de uma estatura invej\u00e1vel \u2013 e tinha a reputa\u00e7\u00e3o de ser muito bonito num certo \u00e2ngulo e sob certa luz. Sentou-se e cruzou as pernas.<br \/>\n&#8211; Est\u00e1 tudo bem comigo. Tenho aquilo de que preciso e do que n\u00e3o tenho n\u00e3o preciso ou estou a caminho de conseguir. Mas tem essa coisinha que me incomoda.<br \/>\nUm cisco entrou no meu olho, mas fiz sinal para ele prosseguir.<br \/>\n&#8211; Sabe&#8230; Eu n\u00e3o luto pela donzela amada.<br \/>\nEncarei-o piscando com um olho s\u00f3&#8230; De onde teria vindo o cisco?<br \/>\n&#8211; Sabe&#8230; Lutar por algu\u00e9m me parece estranho&#8230; Se a pessoa quisesse, estaria comigo&#8230; E tem outra: mesmo que quisesse&#8230; Como diabos eu faria isso?<br \/>\nAcho que este lugar \u00e9 mesmo um deserto\u00a0&#8211;\u00a0n\u00e3o de sal, mas deve ser um gr\u00e3o de areia.<br \/>\n&#8211; N\u00e3o me vejo como um cavaleiro que luta pela donzela&#8230; Sou um homem de neg\u00f3cios.<br \/>\nDizendo isso, levantamo-nos e fomos procurar uma barraquinha de \u00e1gua de coco. Parecia que est\u00e1vamos nos desidratando ali.<\/p>\n","protected":false},"excerpt":{"rendered":"<p>Para todos os lados havia branco. Igual a um deserto \u2026<\/p>\n<p class=\"continue-reading-button\"> <a class=\"continue-reading-link\" href=\"https:\/\/www.tgreguol.com.br\/blog\/conversa\/\">Leia Mais<i class=\"crycon-right-dir\"><\/i><\/a><\/p>\n","protected":false},"author":1,"featured_media":0,"parent":0,"menu_order":0,"comment_status":"closed","ping_status":"closed","template":"","meta":{"nf_dc_page":"","_exactmetrics_skip_tracking":false,"_exactmetrics_sitenote_active":false,"_exactmetrics_sitenote_note":"","_exactmetrics_sitenote_category":0,"footnotes":""},"class_list":["post-1303","page","type-page","status-publish","hentry"],"yoast_head":"<!-- This site is optimized with the Yoast SEO plugin v27.5 - https:\/\/yoast.com\/product\/yoast-seo-wordpress\/ -->\n<title>Conversa - T. Greguol<\/title>\n<meta name=\"robots\" content=\"index, follow, max-snippet:-1, max-image-preview:large, max-video-preview:-1\" \/>\n<link rel=\"canonical\" href=\"https:\/\/www.tgreguol.com.br\/blog\/conversa\/\" \/>\n<meta property=\"og:locale\" content=\"pt_BR\" \/>\n<meta property=\"og:type\" content=\"article\" \/>\n<meta property=\"og:title\" content=\"Conversa - T. Greguol\" \/>\n<meta property=\"og:description\" content=\"Para todos os lados havia branco. Igual a um deserto \u2026 Leia Mais\" \/>\n<meta property=\"og:url\" content=\"https:\/\/www.tgreguol.com.br\/blog\/conversa\/\" \/>\n<meta property=\"og:site_name\" content=\"T. Greguol\" \/>\n<meta property=\"article:publisher\" content=\"https:\/\/www.facebook.com\/tgreguol\" \/>\n<meta property=\"article:modified_time\" content=\"2016-02-15T18:13:44+00:00\" \/>\n<meta name=\"twitter:card\" content=\"summary_large_image\" \/>\n<meta name=\"twitter:site\" content=\"@katarse\" \/>\n<meta name=\"twitter:label1\" content=\"Est. tempo de leitura\" \/>\n\t<meta name=\"twitter:data1\" content=\"2 minutos\" \/>\n<script type=\"application\/ld+json\" class=\"yoast-schema-graph\">{\"@context\":\"https:\\\/\\\/schema.org\",\"@graph\":[{\"@type\":\"WebPage\",\"@id\":\"https:\\\/\\\/www.tgreguol.com.br\\\/blog\\\/conversa\\\/\",\"url\":\"https:\\\/\\\/www.tgreguol.com.br\\\/blog\\\/conversa\\\/\",\"name\":\"Conversa - T. Greguol\",\"isPartOf\":{\"@id\":\"https:\\\/\\\/www.tgreguol.com.br\\\/blog\\\/#website\"},\"datePublished\":\"2016-01-29T22:26:40+00:00\",\"dateModified\":\"2016-02-15T18:13:44+00:00\",\"breadcrumb\":{\"@id\":\"https:\\\/\\\/www.tgreguol.com.br\\\/blog\\\/conversa\\\/#breadcrumb\"},\"inLanguage\":\"pt-BR\",\"potentialAction\":[{\"@type\":\"ReadAction\",\"target\":[\"https:\\\/\\\/www.tgreguol.com.br\\\/blog\\\/conversa\\\/\"]}]},{\"@type\":\"BreadcrumbList\",\"@id\":\"https:\\\/\\\/www.tgreguol.com.br\\\/blog\\\/conversa\\\/#breadcrumb\",\"itemListElement\":[{\"@type\":\"ListItem\",\"position\":1,\"name\":\"In\u00edcio\",\"item\":\"https:\\\/\\\/www.tgreguol.com.br\\\/blog\\\/\"},{\"@type\":\"ListItem\",\"position\":2,\"name\":\"Conversa\"}]},{\"@type\":\"WebSite\",\"@id\":\"https:\\\/\\\/www.tgreguol.com.br\\\/blog\\\/#website\",\"url\":\"https:\\\/\\\/www.tgreguol.com.br\\\/blog\\\/\",\"name\":\"T. Greguol\",\"description\":\"Imaginador\",\"potentialAction\":[{\"@type\":\"SearchAction\",\"target\":{\"@type\":\"EntryPoint\",\"urlTemplate\":\"https:\\\/\\\/www.tgreguol.com.br\\\/blog\\\/?s={search_term_string}\"},\"query-input\":{\"@type\":\"PropertyValueSpecification\",\"valueRequired\":true,\"valueName\":\"search_term_string\"}}],\"inLanguage\":\"pt-BR\"}]}<\/script>\n<!-- \/ Yoast SEO plugin. -->","yoast_head_json":{"title":"Conversa - T. Greguol","robots":{"index":"index","follow":"follow","max-snippet":"max-snippet:-1","max-image-preview":"max-image-preview:large","max-video-preview":"max-video-preview:-1"},"canonical":"https:\/\/www.tgreguol.com.br\/blog\/conversa\/","og_locale":"pt_BR","og_type":"article","og_title":"Conversa - T. Greguol","og_description":"Para todos os lados havia branco. Igual a um deserto \u2026 Leia Mais","og_url":"https:\/\/www.tgreguol.com.br\/blog\/conversa\/","og_site_name":"T. Greguol","article_publisher":"https:\/\/www.facebook.com\/tgreguol","article_modified_time":"2016-02-15T18:13:44+00:00","twitter_card":"summary_large_image","twitter_site":"@katarse","twitter_misc":{"Est. tempo de leitura":"2 minutos"},"schema":{"@context":"https:\/\/schema.org","@graph":[{"@type":"WebPage","@id":"https:\/\/www.tgreguol.com.br\/blog\/conversa\/","url":"https:\/\/www.tgreguol.com.br\/blog\/conversa\/","name":"Conversa - T. Greguol","isPartOf":{"@id":"https:\/\/www.tgreguol.com.br\/blog\/#website"},"datePublished":"2016-01-29T22:26:40+00:00","dateModified":"2016-02-15T18:13:44+00:00","breadcrumb":{"@id":"https:\/\/www.tgreguol.com.br\/blog\/conversa\/#breadcrumb"},"inLanguage":"pt-BR","potentialAction":[{"@type":"ReadAction","target":["https:\/\/www.tgreguol.com.br\/blog\/conversa\/"]}]},{"@type":"BreadcrumbList","@id":"https:\/\/www.tgreguol.com.br\/blog\/conversa\/#breadcrumb","itemListElement":[{"@type":"ListItem","position":1,"name":"In\u00edcio","item":"https:\/\/www.tgreguol.com.br\/blog\/"},{"@type":"ListItem","position":2,"name":"Conversa"}]},{"@type":"WebSite","@id":"https:\/\/www.tgreguol.com.br\/blog\/#website","url":"https:\/\/www.tgreguol.com.br\/blog\/","name":"T. Greguol","description":"Imaginador","potentialAction":[{"@type":"SearchAction","target":{"@type":"EntryPoint","urlTemplate":"https:\/\/www.tgreguol.com.br\/blog\/?s={search_term_string}"},"query-input":{"@type":"PropertyValueSpecification","valueRequired":true,"valueName":"search_term_string"}}],"inLanguage":"pt-BR"}]}},"_links":{"self":[{"href":"https:\/\/www.tgreguol.com.br\/blog\/wp-json\/wp\/v2\/pages\/1303","targetHints":{"allow":["GET"]}}],"collection":[{"href":"https:\/\/www.tgreguol.com.br\/blog\/wp-json\/wp\/v2\/pages"}],"about":[{"href":"https:\/\/www.tgreguol.com.br\/blog\/wp-json\/wp\/v2\/types\/page"}],"author":[{"embeddable":true,"href":"https:\/\/www.tgreguol.com.br\/blog\/wp-json\/wp\/v2\/users\/1"}],"replies":[{"embeddable":true,"href":"https:\/\/www.tgreguol.com.br\/blog\/wp-json\/wp\/v2\/comments?post=1303"}],"version-history":[{"count":4,"href":"https:\/\/www.tgreguol.com.br\/blog\/wp-json\/wp\/v2\/pages\/1303\/revisions"}],"predecessor-version":[{"id":1391,"href":"https:\/\/www.tgreguol.com.br\/blog\/wp-json\/wp\/v2\/pages\/1303\/revisions\/1391"}],"wp:attachment":[{"href":"https:\/\/www.tgreguol.com.br\/blog\/wp-json\/wp\/v2\/media?parent=1303"}],"curies":[{"name":"wp","href":"https:\/\/api.w.org\/{rel}","templated":true}]}}