{"id":1291,"date":"2016-01-29T22:19:12","date_gmt":"2016-01-29T22:19:12","guid":{"rendered":"https:\/\/www.tgreguol.com.br\/blog\/?page_id=1291"},"modified":"2016-02-15T17:50:23","modified_gmt":"2016-02-15T17:50:23","slug":"gravata","status":"publish","type":"page","link":"https:\/\/www.tgreguol.com.br\/blog\/gravata\/","title":{"rendered":"Gravata"},"content":{"rendered":"<p style=\"text-align: justify;\">\u00c9 isso que acontece. \u00c9 isso que acontece quando um casamento chega ao fim. \u00c9 isso que acontece com uma fam\u00edlia despeda\u00e7ada. Tudo come\u00e7ou bem &#8211; eu fazia faculdade, ela tamb\u00e9m. Conhecemos-nos, nos apaixonamos e, por fim, nos casamos. No come\u00e7o passamos um pouco de dificuldade, mas tudo se acertou depois. Era sempre assim. Um pouco de dificuldade no princ\u00edpio para depois tudo se acertar. Na minha vida isso sempre aconteceu. Minha m\u00e3e biol\u00f3gica era p\u00e9ssima e me batia muito quando era pequeno. Minha vida era um inferno. At\u00e9 que um dia nosso vizinho descobriu e contou tudo \u00e0 pol\u00edcia. Fui adotado e minha m\u00e3e foi para a cadeia, ou pelo menos foi o que me contaram a vida toda. Nunca conheci meu pai. Na medida do poss\u00edvel aconteceu o melhor. Era sempre assim, ou quase sempre. O mesmo aconteceu quando minha esposa e eu resolvemos que a fam\u00edlia iria crescer. Ela n\u00e3o engravidava de forma alguma, tentamos muitas e muitas vezes. Fizemos testes e mais testes, fizemos tudo. E mais uma vez no final deu tudo certo. Nosso filho nasceu pesando 3200g, saud\u00e1vel, e tudo parecia muito bem. Com o tempo ele foi crescendo e ficando um menin\u00e3o lindo. Minha esposa e eu est\u00e1vamos orgulhosos. A not\u00edcia chegou numa sexta-feira. Ap\u00f3s ele reclamar de dores de cabe\u00e7a, levamos o menino para fazer alguns exames e esper\u00e1vamos o resultado ansiosamente. Ele chegou. C\u00e2ncer dentro daquela cabecinha inocente. C\u00e2ncer. C\u00e2ncer que n\u00e3o d\u00e1 pra curar. Perde-se muito tempo e energia tendo esperan\u00e7a para n\u00e3o conseguir. Esse era um caso sem esperan\u00e7a, podia-se ler isso nos olhos dos m\u00e9dicos. Ele n\u00e3o tinha chance. Nosso pequeno filho, o filho que esperei a vida toda para poder educar, para poder dar o que n\u00e3o tive por completo. Minha esposa come\u00e7ou a se entristecer a tal ponto que adoeceu. Veja a minha situa\u00e7\u00e3o: eu, um pai esfor\u00e7ado, que passou por todas as dificuldades que um ser humano poderia passar; meu filho com c\u00e2ncer no c\u00e9rebro e nenhuma esperan\u00e7a de cura e\u00a0minha mulher entrando em depress\u00e3o. Tudo na vida tem um limite. \u00c9 dif\u00edcil come\u00e7ar tudo de novo sempre. No final d\u00e1 certo. Mas come\u00e7ar tudo de novo me parece dif\u00edcil demais. N\u00e3o quero e n\u00e3o ag\u00fcento mais come\u00e7ar do zero. Foi muito dif\u00edcil chegar at\u00e9 aqui. E depois ainda temos todos os problemas psicol\u00f3gicos. Os meus problemas e traumas eu conhe\u00e7o bem, mas assim que essa crian\u00e7a morresse, esse peda\u00e7o nosso morresse, teria que lidar com os meus problemas e com os problemas dela. Minha querida, por\u00e9m fr\u00e1gil, esposa. N\u00e3o sei se conseguiria recome\u00e7ar com todo esse peso. Eu sou peso demais pra mim mesmo. E eles n\u00e3o me permitiriam um novo come\u00e7o. Mas agora est\u00e1 tudo se acertando. S\u00e3o 7h30 da manh\u00e3, j\u00e1 tomei caf\u00e9 da manh\u00e3, minha esposa n\u00e3o vive mais aqui e o menino j\u00e1 foi se encontrar com nosso criador. Acabo de despedir-me deles. Ainda me doem as costas, ainda n\u00e3o consigo tirar a terra das unhas, as ferramentas ainda est\u00e3o de molho para sa\u00edrem as manchas. Tudo passa, tudo se resolve, menos nossas dificuldades mais s\u00e9rias. E uma delas \u00e9 uma fam\u00edlia despeda\u00e7ada e um n\u00f3 de gravata que nunca aprendi a fazer sozinho. Mas tudo come\u00e7a dif\u00edcil e no final&#8230; No final eu acerto.<\/p>\n","protected":false},"excerpt":{"rendered":"<p>\u00c9 isso que acontece. \u00c9 isso que acontece quando um \u2026<\/p>\n<p class=\"continue-reading-button\"> <a class=\"continue-reading-link\" href=\"https:\/\/www.tgreguol.com.br\/blog\/gravata\/\">Leia Mais<i class=\"crycon-right-dir\"><\/i><\/a><\/p>\n","protected":false},"author":1,"featured_media":0,"parent":0,"menu_order":0,"comment_status":"closed","ping_status":"closed","template":"","meta":{"nf_dc_page":"","_exactmetrics_skip_tracking":false,"_exactmetrics_sitenote_active":false,"_exactmetrics_sitenote_note":"","_exactmetrics_sitenote_category":0,"footnotes":""},"class_list":["post-1291","page","type-page","status-publish","hentry"],"yoast_head":"<!-- This site is optimized with the Yoast SEO plugin v27.5 - https:\/\/yoast.com\/product\/yoast-seo-wordpress\/ -->\n<title>Gravata - T. Greguol<\/title>\n<meta name=\"robots\" content=\"index, follow, max-snippet:-1, max-image-preview:large, max-video-preview:-1\" \/>\n<link rel=\"canonical\" href=\"https:\/\/www.tgreguol.com.br\/blog\/gravata\/\" \/>\n<meta property=\"og:locale\" content=\"pt_BR\" \/>\n<meta property=\"og:type\" content=\"article\" \/>\n<meta property=\"og:title\" content=\"Gravata - T. Greguol\" \/>\n<meta property=\"og:description\" content=\"\u00c9 isso que acontece. \u00c9 isso que acontece quando um \u2026 Leia Mais\" \/>\n<meta property=\"og:url\" content=\"https:\/\/www.tgreguol.com.br\/blog\/gravata\/\" \/>\n<meta property=\"og:site_name\" content=\"T. Greguol\" \/>\n<meta property=\"article:publisher\" content=\"https:\/\/www.facebook.com\/tgreguol\" \/>\n<meta property=\"article:modified_time\" content=\"2016-02-15T17:50:23+00:00\" \/>\n<meta name=\"twitter:card\" content=\"summary_large_image\" \/>\n<meta name=\"twitter:site\" content=\"@katarse\" \/>\n<meta name=\"twitter:label1\" content=\"Est. tempo de leitura\" \/>\n\t<meta name=\"twitter:data1\" content=\"3 minutos\" \/>\n<script type=\"application\/ld+json\" class=\"yoast-schema-graph\">{\"@context\":\"https:\\\/\\\/schema.org\",\"@graph\":[{\"@type\":\"WebPage\",\"@id\":\"https:\\\/\\\/www.tgreguol.com.br\\\/blog\\\/gravata\\\/\",\"url\":\"https:\\\/\\\/www.tgreguol.com.br\\\/blog\\\/gravata\\\/\",\"name\":\"Gravata - T. Greguol\",\"isPartOf\":{\"@id\":\"https:\\\/\\\/www.tgreguol.com.br\\\/blog\\\/#website\"},\"datePublished\":\"2016-01-29T22:19:12+00:00\",\"dateModified\":\"2016-02-15T17:50:23+00:00\",\"breadcrumb\":{\"@id\":\"https:\\\/\\\/www.tgreguol.com.br\\\/blog\\\/gravata\\\/#breadcrumb\"},\"inLanguage\":\"pt-BR\",\"potentialAction\":[{\"@type\":\"ReadAction\",\"target\":[\"https:\\\/\\\/www.tgreguol.com.br\\\/blog\\\/gravata\\\/\"]}]},{\"@type\":\"BreadcrumbList\",\"@id\":\"https:\\\/\\\/www.tgreguol.com.br\\\/blog\\\/gravata\\\/#breadcrumb\",\"itemListElement\":[{\"@type\":\"ListItem\",\"position\":1,\"name\":\"In\u00edcio\",\"item\":\"https:\\\/\\\/www.tgreguol.com.br\\\/blog\\\/\"},{\"@type\":\"ListItem\",\"position\":2,\"name\":\"Gravata\"}]},{\"@type\":\"WebSite\",\"@id\":\"https:\\\/\\\/www.tgreguol.com.br\\\/blog\\\/#website\",\"url\":\"https:\\\/\\\/www.tgreguol.com.br\\\/blog\\\/\",\"name\":\"T. Greguol\",\"description\":\"Imaginador\",\"potentialAction\":[{\"@type\":\"SearchAction\",\"target\":{\"@type\":\"EntryPoint\",\"urlTemplate\":\"https:\\\/\\\/www.tgreguol.com.br\\\/blog\\\/?s={search_term_string}\"},\"query-input\":{\"@type\":\"PropertyValueSpecification\",\"valueRequired\":true,\"valueName\":\"search_term_string\"}}],\"inLanguage\":\"pt-BR\"}]}<\/script>\n<!-- \/ Yoast SEO plugin. -->","yoast_head_json":{"title":"Gravata - T. Greguol","robots":{"index":"index","follow":"follow","max-snippet":"max-snippet:-1","max-image-preview":"max-image-preview:large","max-video-preview":"max-video-preview:-1"},"canonical":"https:\/\/www.tgreguol.com.br\/blog\/gravata\/","og_locale":"pt_BR","og_type":"article","og_title":"Gravata - T. Greguol","og_description":"\u00c9 isso que acontece. \u00c9 isso que acontece quando um \u2026 Leia Mais","og_url":"https:\/\/www.tgreguol.com.br\/blog\/gravata\/","og_site_name":"T. Greguol","article_publisher":"https:\/\/www.facebook.com\/tgreguol","article_modified_time":"2016-02-15T17:50:23+00:00","twitter_card":"summary_large_image","twitter_site":"@katarse","twitter_misc":{"Est. tempo de leitura":"3 minutos"},"schema":{"@context":"https:\/\/schema.org","@graph":[{"@type":"WebPage","@id":"https:\/\/www.tgreguol.com.br\/blog\/gravata\/","url":"https:\/\/www.tgreguol.com.br\/blog\/gravata\/","name":"Gravata - T. Greguol","isPartOf":{"@id":"https:\/\/www.tgreguol.com.br\/blog\/#website"},"datePublished":"2016-01-29T22:19:12+00:00","dateModified":"2016-02-15T17:50:23+00:00","breadcrumb":{"@id":"https:\/\/www.tgreguol.com.br\/blog\/gravata\/#breadcrumb"},"inLanguage":"pt-BR","potentialAction":[{"@type":"ReadAction","target":["https:\/\/www.tgreguol.com.br\/blog\/gravata\/"]}]},{"@type":"BreadcrumbList","@id":"https:\/\/www.tgreguol.com.br\/blog\/gravata\/#breadcrumb","itemListElement":[{"@type":"ListItem","position":1,"name":"In\u00edcio","item":"https:\/\/www.tgreguol.com.br\/blog\/"},{"@type":"ListItem","position":2,"name":"Gravata"}]},{"@type":"WebSite","@id":"https:\/\/www.tgreguol.com.br\/blog\/#website","url":"https:\/\/www.tgreguol.com.br\/blog\/","name":"T. Greguol","description":"Imaginador","potentialAction":[{"@type":"SearchAction","target":{"@type":"EntryPoint","urlTemplate":"https:\/\/www.tgreguol.com.br\/blog\/?s={search_term_string}"},"query-input":{"@type":"PropertyValueSpecification","valueRequired":true,"valueName":"search_term_string"}}],"inLanguage":"pt-BR"}]}},"_links":{"self":[{"href":"https:\/\/www.tgreguol.com.br\/blog\/wp-json\/wp\/v2\/pages\/1291","targetHints":{"allow":["GET"]}}],"collection":[{"href":"https:\/\/www.tgreguol.com.br\/blog\/wp-json\/wp\/v2\/pages"}],"about":[{"href":"https:\/\/www.tgreguol.com.br\/blog\/wp-json\/wp\/v2\/types\/page"}],"author":[{"embeddable":true,"href":"https:\/\/www.tgreguol.com.br\/blog\/wp-json\/wp\/v2\/users\/1"}],"replies":[{"embeddable":true,"href":"https:\/\/www.tgreguol.com.br\/blog\/wp-json\/wp\/v2\/comments?post=1291"}],"version-history":[{"count":3,"href":"https:\/\/www.tgreguol.com.br\/blog\/wp-json\/wp\/v2\/pages\/1291\/revisions"}],"predecessor-version":[{"id":1384,"href":"https:\/\/www.tgreguol.com.br\/blog\/wp-json\/wp\/v2\/pages\/1291\/revisions\/1384"}],"wp:attachment":[{"href":"https:\/\/www.tgreguol.com.br\/blog\/wp-json\/wp\/v2\/media?parent=1291"}],"curies":[{"name":"wp","href":"https:\/\/api.w.org\/{rel}","templated":true}]}}